{"id":6474,"date":"2025-05-14T10:04:39","date_gmt":"2025-05-14T08:04:39","guid":{"rendered":"https:\/\/www.chasseurducentrevaldeloire.fr\/fdc45\/?page_id=6474"},"modified":"2025-05-14T10:08:37","modified_gmt":"2025-05-14T08:08:37","slug":"formation-decennale-securite","status":"publish","type":"page","link":"https:\/\/www.save.chasseurducentrevaldeloire.fr\/fdc45\/formation-decennale-securite\/","title":{"rendered":"D\u00e9cennale S\u00e9curit\u00e9"},"content":{"rendered":"<p>L\u2019article L424-15 du Code de l\u2019environnement d\u00e9finit les r\u00e8gles garantissant la s\u00e9curit\u00e9 des chasseurs et des tiers dans le d\u00e9roulement de toute action de chasse ou de destruction d\u2019animaux d\u2019esp\u00e8ces non domestiques, particuli\u00e8rement lorsqu\u2019il est recouru au tir \u00e0 balles. Cet article pr\u00e9voit notamment une remise \u00e0 niveau d\u00e9cennale obligatoire portant sur les r\u00e8gles \u00e9l\u00e9mentaires de s\u00e9curit\u00e9 pour les chasseurs.<\/p>\n<p>&nbsp;<\/p>\n<p>Cette formation n\u2019est pas un examen et est identique pour toute la France. Tout chasseur doit suivre cette formation avant octobre 2030. Apr\u00e8s cette date, les chasseurs qui ne l\u2019auront pas suivi ne pourront plus valider leur permis. Nous vous recommandons de ne pas attendre le dernier moment. Une fois r\u00e9alis\u00e9, le suivi de cette formation sera indiqu\u00e9 sur votre titre de validation.<\/p>\n<p>&nbsp;<\/p>\n<p>La F\u00e9d\u00e9ration des Chasseurs du Loiret a fait le choix d\u2019une formation en pr\u00e9sentiel, d\u00e9localis\u00e9e sur 7 sites \u00e0 travers le Loiret.<\/p>\n<p>&nbsp;<\/p>\n<p><strong>Contact\u00a0: <\/strong>Isabelle CHATRY\u00a0: 02 38 69 76 29<\/p>\n","protected":false},"excerpt":{"rendered":"<p>L\u2019article L424-15 du Code de l\u2019environnement d\u00e9finit les r\u00e8gles garantissant la s\u00e9curit\u00e9 des chasseurs et des tiers dans le d\u00e9roulement de toute action de chasse ou de destruction d\u2019animaux d\u2019esp\u00e8ces non domestiques, particuli\u00e8rement lorsqu\u2019il est recouru au tir \u00e0 balles. Cet article pr\u00e9voit notamment une&#8230;<\/p>\n","protected":false},"author":6,"featured_media":0,"parent":0,"menu_order":0,"comment_status":"closed","ping_status":"closed","template":"","meta":{"_acf_changed":false,"inline_featured_image":false,"_exactmetrics_skip_tracking":false,"_exactmetrics_sitenote_active":false,"_exactmetrics_sitenote_note":"","_exactmetrics_sitenote_category":0,"footnotes":""},"class_list":["post-6474","page","type-page","status-publish","hentry"],"acf":[],"publishpress_future_action":{"enabled":false,"date":"2026-04-18 12:16:39","action":"change-status","newStatus":"draft","terms":[],"taxonomy":"","extraData":[]},"publishpress_future_workflow_manual_trigger":{"enabledWorkflows":[]},"_links":{"self":[{"href":"https:\/\/www.save.chasseurducentrevaldeloire.fr\/fdc45\/wp-json\/wp\/v2\/pages\/6474","targetHints":{"allow":["GET"]}}],"collection":[{"href":"https:\/\/www.save.chasseurducentrevaldeloire.fr\/fdc45\/wp-json\/wp\/v2\/pages"}],"about":[{"href":"https:\/\/www.save.chasseurducentrevaldeloire.fr\/fdc45\/wp-json\/wp\/v2\/types\/page"}],"author":[{"embeddable":true,"href":"https:\/\/www.save.chasseurducentrevaldeloire.fr\/fdc45\/wp-json\/wp\/v2\/users\/6"}],"replies":[{"embeddable":true,"href":"https:\/\/www.save.chasseurducentrevaldeloire.fr\/fdc45\/wp-json\/wp\/v2\/comments?post=6474"}],"version-history":[{"count":2,"href":"https:\/\/www.save.chasseurducentrevaldeloire.fr\/fdc45\/wp-json\/wp\/v2\/pages\/6474\/revisions"}],"predecessor-version":[{"id":6477,"href":"https:\/\/www.save.chasseurducentrevaldeloire.fr\/fdc45\/wp-json\/wp\/v2\/pages\/6474\/revisions\/6477"}],"wp:attachment":[{"href":"https:\/\/www.save.chasseurducentrevaldeloire.fr\/fdc45\/wp-json\/wp\/v2\/media?parent=6474"}],"curies":[{"name":"wp","href":"https:\/\/api.w.org\/{rel}","templated":true}]}}