{"id":5695,"date":"2023-02-03T11:00:05","date_gmt":"2023-02-03T10:00:05","guid":{"rendered":"https:\/\/www.chasseurducentrevaldeloire.fr\/fdc45\/?page_id=5695"},"modified":"2023-02-03T11:00:05","modified_gmt":"2023-02-03T10:00:05","slug":"natura-2000","status":"publish","type":"page","link":"https:\/\/www.save.chasseurducentrevaldeloire.fr\/fdc45\/natura-2000\/","title":{"rendered":"Natura 2000"},"content":{"rendered":"<p><img loading=\"lazy\" decoding=\"async\" class=\"aligncenter wp-image-5696 size-full\" src=\"https:\/\/www.chasseurducentrevaldeloire.fr\/fdc45\/wp-content\/uploads\/sites\/9\/2023\/02\/Natura-2000.png\" alt=\"\" width=\"210\" height=\"123\" \/><\/p>\n<p>&nbsp;<\/p>\n<p style=\"text-align: center\"><strong><span id=\"page3R_mcid5\" class=\"markedContent\"><span dir=\"ltr\" role=\"presentation\">Le Domaine de La Motte et Natura 2000 Sologne<\/span><\/span><span id=\"page3R_mcid6\" class=\"markedContent\"><\/span><span id=\"page3R_mcid7\" class=\"markedContent\"><\/span><\/strong><span id=\"page3R_mcid8\" class=\"markedContent\"><\/span><\/p>\n<p style=\"text-align: left\"><span id=\"page3R_mcid8\" class=\"markedContent\"><br role=\"presentation\" \/><span dir=\"ltr\" role=\"presentation\">La FDC45 encadre la gestion durable des esp\u00e8ces chassables et des espaces qu\u2019elles occupent<\/span><span dir=\"ltr\" role=\"presentation\">au travers notamment d\u2019un sch\u00e9ma d\u00e9partemental. Elle conseille ainsi plus de 17 000 chasseurs<\/span> <br role=\"presentation\" \/><span dir=\"ltr\" role=\"presentation\">sur leurs pratiques et sur la gestion de<\/span> <span dir=\"ltr\" role=\"presentation\">leur patrimoine naturel. C\u2019est tout naturellement qu\u2019elle a <\/span><span dir=\"ltr\" role=\"presentation\">souhait\u00e9 s\u2019engager dans la d\u00e9marche Natura 2000 sur sa propri\u00e9t\u00e9, le domaine de la Motte \u00e0<\/span><br role=\"presentation\" \/><span dir=\"ltr\" role=\"presentation\">M\u00e9nestreau<\/span><span dir=\"ltr\" role=\"presentation\">&#8211;<\/span><span dir=\"ltr\" role=\"presentation\">en<\/span><span dir=\"ltr\" role=\"presentation\">&#8211;<\/span><span dir=\"ltr\" role=\"presentation\">Villette.<\/span><\/span><span id=\"page3R_mcid9\" class=\"markedContent\"><\/span><span id=\"page3R_mcid10\" class=\"markedContent\"><\/span><span id=\"page3R_mcid11\" class=\"markedContent\"><\/span><\/p>\n<p style=\"text-align: left\"><span id=\"page3R_mcid11\" class=\"markedContent\"><br role=\"presentation\" \/><strong><em><span dir=\"ltr\" role=\"presentation\">Pourquoi travailler avec Natura 2000 Sologne ?<\/span><\/em><\/strong><\/span><\/p>\n<p style=\"text-align: left\"><span id=\"page3R_mcid12\" class=\"markedContent\"><\/span><span id=\"page3R_mcid13\" class=\"markedContent\"><\/span><span id=\"page3R_mcid13\" class=\"markedContent\"><span dir=\"ltr\" role=\"presentation\">De nombreuses actions d\u2019am\u00e9nagement et de restaurati<\/span><span dir=\"ltr\" role=\"presentation\">on des habitats mises en \u0153uvre par la<\/span> <span dir=\"ltr\" role=\"presentation\">FDC45 sur son domaine et conseill\u00e9es \u00e0 plus large \u00e9chelle \u00e0 tous ses adh\u00e9rents sont similaires et<\/span><br role=\"presentation\" \/><span dir=\"ltr\" role=\"presentation\">en total ad\u00e9quation avec celles pr\u00e9co<\/span><span dir=\"ltr\" role=\"presentation\">nis\u00e9es dans le cadre de Natura 2000. Ainsi la FDC45 a<\/span> <span dir=\"ltr\" role=\"presentation\">souhait\u00e9 \u00ab tes<\/span><span dir=\"ltr\" role=\"presentation\">ter \u00bb sur son<\/span> <span dir=\"ltr\" role=\"presentation\">territoire une d\u00e9marche qui pour<\/span><span dir=\"ltr\" role=\"presentation\">rait, si elle r\u00e9pond positivement \u00e0 ses<\/span><br role=\"presentation\" \/><span dir=\"ltr\" role=\"presentation\">attentes, \u00eatre reproduite sur les territoires priv\u00e9s de ses adh\u00e9rents.<\/span><\/span><span id=\"page3R_mcid14\" class=\"markedContent\"><\/span><span id=\"page3R_mcid15\" class=\"markedContent\"><\/span><span id=\"page3R_mcid16\" class=\"markedContent\"><\/span><\/p>\n<p style=\"text-align: left\"><span id=\"page3R_mcid16\" class=\"markedContent\"><br role=\"presentation\" \/><em><strong><span dir=\"ltr\" role=\"presentation\">Les milieux d\u2019int\u00e9r\u00eat europ\u00e9en pr\u00e9sents sur le domaine de la FDC45<\/span><\/strong><\/em><\/span><span id=\"page3R_mcid17\" class=\"markedContent\"><\/span><span id=\"page3R_mcid18\" class=\"markedContent\"> <\/span><\/p>\n<p style=\"text-align: left\"><span id=\"page3R_mcid18\" class=\"markedContent\"><span dir=\"ltr\" role=\"presentation\">Gr\u00e2ce \u00e0 une expertise floristique, il est res<\/span><span dir=\"ltr\" role=\"presentation\">sorti que deux m<\/span><span dir=\"ltr\" role=\"presentation\">ilieux reconnus d\u2019int\u00e9<\/span><span dir=\"ltr\" role=\"presentation\">r\u00eat europ\u00e9en<\/span> <span dir=\"ltr\" role=\"presentation\">sont<\/span> <span dir=\"ltr\" role=\"presentation\">pr\u00e9sents sur le site<\/span> <span dir=\"ltr\" role=\"presentation\">: des bordures d\u2019\u00e9tangs et des landes \u00e0 bruy\u00e8res, de plus en plus limit\u00e9es par<\/span><br role=\"presentation\" \/><span dir=\"ltr\" role=\"presentation\">de la v\u00e9g\u00e9ta<\/span><span dir=\"ltr\" role=\"presentation\">tion envahissante (saules, bouleaux<\/span><span dir=\"ltr\" role=\"presentation\">&#8230;<\/span><span dir=\"ltr\" role=\"presentation\">)<\/span><span dir=\"ltr\" role=\"presentation\">.<\/span><\/span><span id=\"page3R_mcid19\" class=\"markedContent\"><\/span><span id=\"page3R_mcid20\" class=\"markedContent\"><\/span><span id=\"page3R_mcid21\" class=\"markedContent\"><\/span><\/p>\n<p style=\"text-align: center\"><strong><span id=\"page3R_mcid21\" class=\"markedContent\"><br role=\"presentation\" \/><span dir=\"ltr\" role=\"presentation\">3<\/span><\/span><span id=\"page3R_mcid22\" class=\"markedContent\"> <span dir=\"ltr\" role=\"presentation\">habitats<\/span><\/span><span id=\"page3R_mcid23\" class=\"markedContent\"><span dir=\"ltr\" role=\"presentation\">, 3 enjeux, 3 actions diff\u00e9rentes<\/span><\/span><span id=\"page3R_mcid24\" class=\"markedContent\"><\/span><span id=\"page3R_mcid25\" class=\"markedContent\"> <span dir=\"ltr\" role=\"presentation\">entre 2019 et 2022<\/span><\/span><\/strong><\/p>\n<p>&nbsp;<\/p>\n<p style=\"text-align: center\"><span id=\"page3R_mcid29\" class=\"markedContent\"><span dir=\"ltr\" role=\"presentation\">L\u2019Etang du Patouillat<\/span> <span dir=\"ltr\" role=\"presentation\">&#8211;<\/span> <span dir=\"ltr\" role=\"presentation\">Restauration et entretien des rives et berges d&rsquo;\u00e9tangs<\/span><\/span><span id=\"page3R_mcid30\" class=\"markedContent\"><\/span><span id=\"page3R_mcid31\" class=\"markedContent\"><\/span><\/p>\n<p><span id=\"page3R_mcid31\" class=\"markedContent\"><br role=\"presentation\" \/><span style=\"color: #333399\"><em><span dir=\"ltr\" role=\"presentation\">Habitat restaur\u00e9<\/span> <span dir=\"ltr\" role=\"presentation\">: Eau stagna<\/span><span dir=\"ltr\" role=\"presentation\">nte, oligotrophe \u00e0 m\u00e9sotrophe avec v\u00e9g\u00e9tation du Littorelletea<\/span> <span dir=\"ltr\" role=\"presentation\">uniflorae et\/ou du Isoeto<\/span><span dir=\"ltr\" role=\"presentation\">&#8211;<\/span><span dir=\"ltr\" role=\"presentation\">Nanojuncetea<\/span><\/em><\/span><\/span><\/p>\n<p><span style=\"color: #333399\"><em><span id=\"page3R_mcid32\" class=\"markedContent\"><\/span><span id=\"page3R_mcid32\" class=\"markedContent\"><span dir=\"ltr\" role=\"presentation\">Surface restaur\u00e9e<\/span> <span dir=\"ltr\" role=\"presentation\">:<\/span> <span dir=\"ltr\" role=\"presentation\">5800 m\u00b2<\/span><\/span><\/em><\/span><span id=\"page3R_mcid33\" class=\"markedContent\"><\/span><span id=\"page3R_mcid34\" class=\"markedContent\"><\/span><\/p>\n<p><span id=\"page3R_mcid34\" class=\"markedContent\"><br role=\"presentation\" \/><span dir=\"ltr\" role=\"presentation\">Les travaux<\/span> <span dir=\"ltr\" role=\"presentation\">effectu\u00e9s<\/span> <span dir=\"ltr\" role=\"presentation\">visent \u00e0 permettre la restauration de rives en configurations ouvertes ou<\/span> <span dir=\"ltr\" role=\"presentation\">semi<\/span><span dir=\"ltr\" role=\"presentation\">&#8211;<\/span><span dir=\"ltr\" role=\"presentation\">ouvertes.<\/span> <span dir=\"ltr\" role=\"presentation\">L\u2019objectif n\u2019est pas<\/span> <span dir=\"ltr\" role=\"presentation\">de supprimer toute v\u00e9g\u00e9tation ligneuse mais d\u2019assurer le retour<\/span><br role=\"presentation\" \/><span dir=\"ltr\" role=\"presentation\">d\u2019une bonne luminosit\u00e9 sur et en p\u00e9riph\u00e9rie du plan<\/span> <span dir=\"ltr\" role=\"presentation\">d\u2019eau afin de maintenir des conditions<\/span> <span dir=\"ltr\" role=\"presentation\">favorables aux esp\u00e8ces et habitats pr\u00e9sents.<\/span><\/span><span id=\"page3R_mcid35\" class=\"markedContent\"><\/span><\/p>\n<p><span id=\"page3R_mcid35\" class=\"markedContent\"><br role=\"presentation\" \/><span dir=\"ltr\" role=\"presentation\">Tenant compte<\/span> <span dir=\"ltr\" role=\"presentation\">qu&rsquo;un \u00e9tang doit comp<\/span><span dir=\"ltr\" role=\"presentation\">orter sur ses rives une alternance de parties<\/span> <span dir=\"ltr\" role=\"presentation\">\u00e9clair\u00e9es et<\/span> <span dir=\"ltr\" role=\"presentation\">de parties plus ombrag\u00e9es<\/span><span dir=\"ltr\" role=\"presentation\">,<\/span> <span dir=\"ltr\" role=\"presentation\">c<\/span><span dir=\"ltr\" role=\"presentation\">ette diversit\u00e9 de l&rsquo;occupation du sol associ\u00e9e aux diff\u00e9rentes<\/span><br role=\"presentation\" \/><span dir=\"ltr\" role=\"presentation\">caract\u00e9ristiques<\/span> <span dir=\"ltr\" role=\"presentation\">du fond et de ses abords contribue \u00e0 sa diversification<\/span> <span dir=\"ltr\" role=\"presentation\">biologique.<\/span><\/span><\/p>\n<p><img loading=\"lazy\" decoding=\"async\" class=\"aligncenter wp-image-5697 size-full\" src=\"https:\/\/www.chasseurducentrevaldeloire.fr\/fdc45\/wp-content\/uploads\/sites\/9\/2023\/02\/ImgEtg.png\" alt=\"\" width=\"843\" height=\"295\" srcset=\"https:\/\/www.save.chasseurducentrevaldeloire.fr\/fdc45\/wp-content\/uploads\/sites\/9\/2023\/02\/ImgEtg.png 843w, https:\/\/www.save.chasseurducentrevaldeloire.fr\/fdc45\/wp-content\/uploads\/sites\/9\/2023\/02\/ImgEtg-300x105.png 300w, https:\/\/www.save.chasseurducentrevaldeloire.fr\/fdc45\/wp-content\/uploads\/sites\/9\/2023\/02\/ImgEtg-768x269.png 768w\" sizes=\"auto, (max-width: 843px) 100vw, 843px\" \/><\/p>\n<p>&nbsp;<\/p>\n<p>&nbsp;<\/p>\n<p><span id=\"page48R_mcid0\" class=\"markedContent\"><\/span><span id=\"page48R_mcid1\" class=\"markedContent\"><span dir=\"ltr\" role=\"presentation\">L\u2019Etang des Valloti\u00e8res<\/span> <span dir=\"ltr\" role=\"presentation\">&#8211;<\/span> <span dir=\"ltr\" role=\"presentation\">Lutte contre les v\u00e9g\u00e9taux aquatiques envahissants ou prolif\u00e9rants<\/span><\/span><span id=\"page48R_mcid2\" class=\"markedContent\"><\/span><span id=\"page48R_mcid3\" class=\"markedContent\"><\/span><\/p>\n<p><span id=\"page48R_mcid3\" class=\"markedContent\"><br role=\"presentation\" \/><em><span style=\"color: #333399\"><span dir=\"ltr\" role=\"presentation\">Habitat restaur\u00e9<\/span> <span dir=\"ltr\" role=\"presentation\">: Eau stagnante, oligotrophe \u00e0 m\u00e9sotrophe avec v\u00e9g\u00e9tation du Littorelletea<\/span> <span dir=\"ltr\" role=\"presentation\">uniflorae et\/ou du Iso\u00ebto<\/span><span dir=\"ltr\" role=\"presentation\">&#8211;<\/span><span dir=\"ltr\" role=\"presentation\">Nanojuncetea<\/span><\/span><\/em><\/span><span id=\"page48R_mcid4\" class=\"markedContent\" style=\"color: #333399\"><\/span><\/p>\n<p><em><span id=\"page48R_mcid4\" class=\"markedContent\" style=\"color: #333399\"><span dir=\"ltr\" role=\"presentation\">Surface<\/span> <span dir=\"ltr\" role=\"presentation\">restaur\u00e9e<\/span> <span dir=\"ltr\" role=\"presentation\">:<\/span> <span dir=\"ltr\" role=\"presentation\">4000 m\u00b2<\/span><\/span><\/em><span id=\"page48R_mcid5\" class=\"markedContent\"><\/span><span id=\"page48R_mcid6\" class=\"markedContent\"><\/span><\/p>\n<p><span id=\"page48R_mcid6\" class=\"markedContent\"><br role=\"presentation\" \/><span dir=\"ltr\" role=\"presentation\">La colonisation des nappes d<\/span><span dir=\"ltr\" role=\"presentation\">\u2019<\/span><span dir=\"ltr\" role=\"presentation\">eau par une ou plusieurs esp\u00e8ces v\u00e9g\u00e9tales<\/span> <span dir=\"ltr\" role=\"presentation\">ind\u00e9sirables<\/span> <span dir=\"ltr\" role=\"presentation\">peut<\/span> <span dir=\"ltr\" role=\"presentation\">amener une modification des caract\u00e9ristiques du milieu et menacer de supplanter certains<\/span><br role=\"presentation\" \/><span dir=\"ltr\" role=\"presentation\">habitats ou habitats d&rsquo;esp\u00e8ces d<\/span><span dir=\"ltr\" role=\"presentation\">\u2019<\/span><span dir=\"ltr\" role=\"presentation\">int\u00e9r\u00eat<\/span> <span dir=\"ltr\" role=\"presentation\">communautaire (concurrence des esp\u00e8ces v\u00e9g\u00e9tales<\/span> <span dir=\"ltr\" role=\"presentation\">envahissantes, tapis flottant faisant obstacle \u00e0 la p\u00e9n\u00e9tration de la lumi\u00e8re, production de<\/span><br role=\"presentation\" \/><span dir=\"ltr\" role=\"presentation\">biomasse<\/span> <span dir=\"ltr\" role=\"presentation\">importante<\/span> <span dir=\"ltr\" role=\"presentation\">qui<\/span> <span dir=\"ltr\" role=\"presentation\">en<\/span> <span dir=\"ltr\" role=\"presentation\">pourrissant<\/span> <span dir=\"ltr\" role=\"presentation\">augmente<\/span> <span dir=\"ltr\" role=\"presentation\">la<\/span> <span dir=\"ltr\" role=\"presentation\">turbidit\u00e9,<\/span> <span dir=\"ltr\" role=\"presentation\">accumulation<\/span> <span dir=\"ltr\" role=\"presentation\">de<\/span> <span dir=\"ltr\" role=\"presentation\">mati\u00e8re<\/span> <span dir=\"ltr\" role=\"presentation\">organique dans le fond&#8230;).<\/span><\/span><span id=\"page48R_mcid7\" class=\"markedContent\"><br role=\"presentation\" \/><span dir=\"ltr\" role=\"presentation\">L\u2019<\/span><span dir=\"ltr\" role=\"presentation\">intervention consiste en la suppression de la v\u00e9g\u00e9tation herbac\u00e9e envahissante.<\/span><\/span><\/p>\n<p><strong><img loading=\"lazy\" decoding=\"async\" class=\"aligncenter wp-image-5698 size-full\" src=\"https:\/\/www.chasseurducentrevaldeloire.fr\/fdc45\/wp-content\/uploads\/sites\/9\/2023\/02\/ImgEtg2.png\" alt=\"\" width=\"795\" height=\"285\" srcset=\"https:\/\/www.save.chasseurducentrevaldeloire.fr\/fdc45\/wp-content\/uploads\/sites\/9\/2023\/02\/ImgEtg2.png 795w, https:\/\/www.save.chasseurducentrevaldeloire.fr\/fdc45\/wp-content\/uploads\/sites\/9\/2023\/02\/ImgEtg2-300x108.png 300w, https:\/\/www.save.chasseurducentrevaldeloire.fr\/fdc45\/wp-content\/uploads\/sites\/9\/2023\/02\/ImgEtg2-768x275.png 768w\" sizes=\"auto, (max-width: 795px) 100vw, 795px\" \/><\/strong><\/p>\n<p>&nbsp;<\/p>\n<p style=\"text-align: center\"><strong><span id=\"page48R_mcid23\" class=\"markedContent\"><span dir=\"ltr\" role=\"presentation\">Les Landes<\/span> <span dir=\"ltr\" role=\"presentation\">&#8211;<\/span> <span dir=\"ltr\" role=\"presentation\">Travaux de restauration des milieux ouverts ou humides moyennement \u00e0 fortement <\/span><span dir=\"ltr\" role=\"presentation\">embroussaill\u00e9s<\/span><\/span><\/strong><\/p>\n<p><em><span id=\"page48R_mcid0\" class=\"markedContent\" style=\"color: #333399\"><span id=\"page48R_mcid25\" class=\"markedContent\"><span dir=\"ltr\" role=\"presentation\">Habitat restaur\u00e9<\/span> <span dir=\"ltr\" role=\"presentation\">: Land<\/span><span dir=\"ltr\" role=\"presentation\">e<\/span> <span dir=\"ltr\" role=\"presentation\">s\u00e8che europ\u00e9enne<\/span><\/span><span id=\"page48R_mcid26\" class=\"markedContent\"><\/span><\/span><\/em><\/p>\n<p><span id=\"page48R_mcid0\" class=\"markedContent\"><em><span id=\"page48R_mcid26\" class=\"markedContent\" style=\"color: #333399\"><span dir=\"ltr\" role=\"presentation\">Surface restaur\u00e9e<\/span> <span dir=\"ltr\" role=\"presentation\">:<\/span> <span dir=\"ltr\" role=\"presentation\">4000 m\u00b2<\/span><\/span><\/em><span id=\"page48R_mcid27\" class=\"markedContent\"><\/span><span id=\"page48R_mcid28\" class=\"markedContent\"><\/span><\/span><\/p>\n<p><span id=\"page48R_mcid0\" class=\"markedContent\"><span id=\"page48R_mcid28\" class=\"markedContent\"><br role=\"presentation\" \/><span dir=\"ltr\" role=\"presentation\">Cette action vise l\u2019ouverture de surfaces abandonn\u00e9es par l\u2019agriculture et moyennement \u00e0<\/span> <span dir=\"ltr\" role=\"presentation\">fortement embroussaill\u00e9es, et<\/span> <span dir=\"ltr\" role=\"presentation\">celles des zones humides et landes envahies par les ligneux.<\/span><\/span><span id=\"page48R_mcid29\" class=\"markedContent\"><br role=\"presentation\" \/><span dir=\"ltr\" role=\"presentation\">De<\/span> <span dir=\"ltr\" role=\"presentation\">mani\u00e8re g\u00e9n\u00e9rale, l<\/span><span dir=\"ltr\" role=\"presentation\">es milieux en d\u00e9prise agricole concernent des formations v\u00e9g\u00e9tales<\/span> <span dir=\"ltr\" role=\"presentation\">basses dont l\u2019entretien et la gestion traditionnelle<\/span> <span dir=\"ltr\" role=\"presentation\">consistaient en une fauche (r\u00e9colte de liti\u00e8re)<\/span><br role=\"presentation\" \/><span dir=\"ltr\" role=\"presentation\">ou un p\u00e2turage occasionnel (souvent les ann\u00e9es difficiles). Ces actio<\/span><span dir=\"ltr\" role=\"presentation\">ns<\/span> <span dir=\"ltr\" role=\"presentation\">humaines limitaient le<\/span> <span dir=\"ltr\" role=\"presentation\">d\u00e9veloppement des strates ligneuses qui aujourd\u2019hui progressent \u00e0 partir des lisi\u00e8res ou par<\/span><br role=\"presentation\" \/><span dir=\"ltr\" role=\"presentation\">taches.<\/span><\/span><\/span><\/p>\n<p><span id=\"page48R_mcid0\" class=\"markedContent\"><span id=\"page48R_mcid30\" class=\"markedContent\"><\/span><\/span><span id=\"page48R_mcid0\" class=\"markedContent\"><span id=\"page48R_mcid30\" class=\"markedContent\"><span dir=\"ltr\" role=\"presentation\">Sur le domaine de La motte, l<\/span><span dir=\"ltr\" role=\"presentation\">es interventions les plus simples<\/span> <span dir=\"ltr\" role=\"presentation\">ont<\/span> <span dir=\"ltr\" role=\"presentation\">consist<\/span><span dir=\"ltr\" role=\"presentation\">\u00e9<\/span> <span dir=\"ltr\" role=\"presentation\">en la coupe et<\/span> <span dir=\"ltr\" role=\"presentation\">l\u2019arrachage de quelques sujets ou bouq<\/span><span dir=\"ltr\" role=\"presentation\">uets de ligneux.<\/span> <span dir=\"ltr\" role=\"presentation\">Certains<\/span> <span dir=\"ltr\" role=\"presentation\">travaux plus<\/span> <span dir=\"ltr\" role=\"presentation\">lourds<\/span> <span dir=\"ltr\" role=\"presentation\">ont<\/span> <span dir=\"ltr\" role=\"presentation\">combin<\/span><span dir=\"ltr\" role=\"presentation\">\u00e9<\/span><br role=\"presentation\" \/><span dir=\"ltr\" role=\"presentation\">des fauches ou des broyages de taches ligneuses devenues<\/span> <span dir=\"ltr\" role=\"presentation\">plus<\/span> <span dir=\"ltr\" role=\"presentation\">denses, accompagn\u00e9s de<\/span> <span dir=\"ltr\" role=\"presentation\">l\u2019abattage ou de<\/span> <span dir=\"ltr\" role=\"presentation\">la d\u00e9vitalisation de bouquets ou d\u2019individus arborescents.<\/span><\/span><span id=\"page48R_mcid31\" class=\"markedContent\"><\/span><\/span><\/p>\n<p><span id=\"page48R_mcid0\" class=\"markedContent\"><span id=\"page48R_mcid31\" class=\"markedContent\"><span dir=\"ltr\" role=\"presentation\">Une<\/span> <span dir=\"ltr\" role=\"presentation\">\u00e9vacuation<\/span> <span dir=\"ltr\" role=\"presentation\">n\u00e9cessaire<\/span> <span dir=\"ltr\" role=\"presentation\">de la mati\u00e8re v\u00e9g\u00e9tale<\/span> <span dir=\"ltr\" role=\"presentation\">a \u00e9galement \u00e9t\u00e9 effectu\u00e9e.<\/span><\/span><\/span><span id=\"page48R_mcid1\" class=\"markedContent\"><\/span><\/p>\n<p><img loading=\"lazy\" decoding=\"async\" class=\"aligncenter wp-image-5699 size-full\" src=\"https:\/\/www.chasseurducentrevaldeloire.fr\/fdc45\/wp-content\/uploads\/sites\/9\/2023\/02\/ImgEtg3.png\" alt=\"\" width=\"759\" height=\"282\" srcset=\"https:\/\/www.save.chasseurducentrevaldeloire.fr\/fdc45\/wp-content\/uploads\/sites\/9\/2023\/02\/ImgEtg3.png 759w, https:\/\/www.save.chasseurducentrevaldeloire.fr\/fdc45\/wp-content\/uploads\/sites\/9\/2023\/02\/ImgEtg3-300x111.png 300w\" sizes=\"auto, (max-width: 759px) 100vw, 759px\" \/><\/p>\n<p>&nbsp;<\/p>\n<p><img loading=\"lazy\" decoding=\"async\" class=\"aligncenter wp-image-5700 size-full\" src=\"https:\/\/www.chasseurducentrevaldeloire.fr\/fdc45\/wp-content\/uploads\/sites\/9\/2023\/02\/Nat200.png\" alt=\"\" width=\"876\" height=\"381\" srcset=\"https:\/\/www.save.chasseurducentrevaldeloire.fr\/fdc45\/wp-content\/uploads\/sites\/9\/2023\/02\/Nat200.png 876w, https:\/\/www.save.chasseurducentrevaldeloire.fr\/fdc45\/wp-content\/uploads\/sites\/9\/2023\/02\/Nat200-300x130.png 300w, https:\/\/www.save.chasseurducentrevaldeloire.fr\/fdc45\/wp-content\/uploads\/sites\/9\/2023\/02\/Nat200-768x334.png 768w\" sizes=\"auto, (max-width: 876px) 100vw, 876px\" \/><\/p>\n<p>&nbsp;<\/p>\n<p><em><strong><span id=\"page54R_mcid26\" class=\"markedContent\"><span dir=\"ltr\" role=\"presentation\">Les interventions li\u00e9es \u00e0 la chasse sont<\/span> <span dir=\"ltr\" role=\"presentation\">b\u00e9n\u00e9fiques \u00e0 la bio<\/span><span dir=\"ltr\" role=\"presentation\">diversit\u00e9<\/span><span dir=\"ltr\" role=\"presentation\">.<\/span> <span dir=\"ltr\" role=\"presentation\">Pour les \u00e9tangs, les objectifs<\/span> <span dir=\"ltr\" role=\"presentation\">sont tourn\u00e9s vers une gestion raisonn\u00e9e qui s\u2019appuie sur l\u2019ouverture des milieux pour favoriser une<\/span> <span dir=\"ltr\" role=\"presentation\">diversit\u00e9 v\u00e9g\u00e9tale favorable \u00e0 toute la faune. Pour les zones de bruy\u00e8res, des zones d\u00e9gag\u00e9es<\/span> <span dir=\"ltr\" role=\"presentation\">peuvent optimiser la s\u00e9curit\u00e9<\/span> <span dir=\"ltr\" role=\"presentation\">tout en favo<\/span><span dir=\"ltr\" role=\"presentation\">risant la biodiversit\u00e9. De plus ces espaces servent de <\/span><span dir=\"ltr\" role=\"presentation\">zones de nourrissage pour le grand gibier<\/span><span dir=\"ltr\" role=\"presentation\">.<\/span><\/span><\/strong><\/em><\/p>\n<p>&nbsp;<\/p>\n<p>T\u00e9l\u00e9charger la <span style=\"color: #e45410\"><strong><a style=\"color: #e45410\" href=\"https:\/\/www.chasseurducentrevaldeloire.fr\/fdc45\/wp-content\/uploads\/sites\/9\/2023\/02\/La-FDC45-et-N2000.pdf\" target=\"_blank\" rel=\"noopener\">version PDF<\/a><\/strong><\/span><\/p>\n<p>&nbsp;<\/p>\n","protected":false},"excerpt":{"rendered":"<p>&nbsp; Le Domaine de La Motte et Natura 2000 Sologne La FDC45 encadre la gestion durable des esp\u00e8ces chassables et des espaces qu\u2019elles occupentau travers notamment d\u2019un sch\u00e9ma d\u00e9partemental. Elle conseille ainsi plus de 17 000 chasseurs sur leurs pratiques et sur la gestion de&#8230;<\/p>\n","protected":false},"author":6,"featured_media":0,"parent":0,"menu_order":0,"comment_status":"closed","ping_status":"closed","template":"","meta":{"_acf_changed":false,"inline_featured_image":false,"_exactmetrics_skip_tracking":false,"_exactmetrics_sitenote_active":false,"_exactmetrics_sitenote_note":"","_exactmetrics_sitenote_category":0,"footnotes":""},"class_list":["post-5695","page","type-page","status-publish","hentry"],"acf":[],"publishpress_future_action":{"enabled":false,"date":"2026-04-18 12:17:32","action":"change-status","newStatus":"draft","terms":[],"taxonomy":"","extraData":[]},"publishpress_future_workflow_manual_trigger":{"enabledWorkflows":[]},"_links":{"self":[{"href":"https:\/\/www.save.chasseurducentrevaldeloire.fr\/fdc45\/wp-json\/wp\/v2\/pages\/5695","targetHints":{"allow":["GET"]}}],"collection":[{"href":"https:\/\/www.save.chasseurducentrevaldeloire.fr\/fdc45\/wp-json\/wp\/v2\/pages"}],"about":[{"href":"https:\/\/www.save.chasseurducentrevaldeloire.fr\/fdc45\/wp-json\/wp\/v2\/types\/page"}],"author":[{"embeddable":true,"href":"https:\/\/www.save.chasseurducentrevaldeloire.fr\/fdc45\/wp-json\/wp\/v2\/users\/6"}],"replies":[{"embeddable":true,"href":"https:\/\/www.save.chasseurducentrevaldeloire.fr\/fdc45\/wp-json\/wp\/v2\/comments?post=5695"}],"version-history":[{"count":1,"href":"https:\/\/www.save.chasseurducentrevaldeloire.fr\/fdc45\/wp-json\/wp\/v2\/pages\/5695\/revisions"}],"predecessor-version":[{"id":5702,"href":"https:\/\/www.save.chasseurducentrevaldeloire.fr\/fdc45\/wp-json\/wp\/v2\/pages\/5695\/revisions\/5702"}],"wp:attachment":[{"href":"https:\/\/www.save.chasseurducentrevaldeloire.fr\/fdc45\/wp-json\/wp\/v2\/media?parent=5695"}],"curies":[{"name":"wp","href":"https:\/\/api.w.org\/{rel}","templated":true}]}}