{"id":3384,"date":"2018-09-14T13:48:40","date_gmt":"2018-09-14T11:48:40","guid":{"rendered":"http:\/\/www.chasseurducentrevaldeloire.fr\/fdc45\/?page_id=3384"},"modified":"2024-06-25T15:23:54","modified_gmt":"2024-06-25T13:23:54","slug":"equipages-de-venerie-sous-terre","status":"publish","type":"page","link":"https:\/\/www.save.chasseurducentrevaldeloire.fr\/fdc45\/equipages-de-venerie-sous-terre\/","title":{"rendered":"\u00c9quipages de v\u00e9nerie sous terre"},"content":{"rendered":"<p>[vc_row][vc_column][vc_empty_space][\/vc_column][\/vc_row][vc_row][\/vc_row][vc_row][vc_column][vc_column_text]<\/p>\n<table width=\"983\">\n<tbody>\n<tr>\n<td width=\"250\">Nom \u00e9quipage<\/td>\n<td width=\"127\">Nom Maitre d&rsquo;\u00e9quipage<\/td>\n<td width=\"83\">Pr\u00e9nom<\/td>\n<td width=\"253\">Adresse1<\/td>\n<td width=\"83\">cp<\/td>\n<td width=\"187\">ville<\/td>\n<\/tr>\n<tr>\n<td width=\"250\">EQUIPAGE GRATTE QUI PEUT<\/td>\n<td>LASNE<\/td>\n<td>Michel<\/td>\n<td>6 Chemin des Borses<\/td>\n<td>45360<\/td>\n<td>CERNOY-EN-BERRY<\/td>\n<\/tr>\n<tr>\n<td width=\"250\">RALLYE DES COTEAUX<\/td>\n<td>DESBOIS<\/td>\n<td>Alain<\/td>\n<td>50, Rue de Bellevue<\/td>\n<td>45460<\/td>\n<td>LES BORDES<\/td>\n<\/tr>\n<tr>\n<td width=\"250\">RALLYE DES RONCES<\/td>\n<td>BRUCY<\/td>\n<td>Damien<\/td>\n<td>2, La Vigne aux Pr\u00eatres<\/td>\n<td>45270<\/td>\n<td>MOULON<\/td>\n<\/tr>\n<tr>\n<td width=\"250\">EQUIPAGE TIENS BON GOUPIL<\/td>\n<td>JEANNET<\/td>\n<td>Jean-Pierre<\/td>\n<td>La Noue \u2013 Route de St Florent le Jeune<\/td>\n<td>18410<\/td>\n<td>ARGENT-SUR-SAULDRE<\/td>\n<\/tr>\n<tr>\n<td width=\"250\">EQUIPAGE CHOPE LA VILAINE BETE<\/td>\n<td>POISSON<\/td>\n<td>Alexandrine<\/td>\n<td>La petite boue \u2013 49 route de la boue<\/td>\n<td>45460<\/td>\n<td>BOUZY LA FORET<\/td>\n<\/tr>\n<tr>\n<td width=\"250\">EQUIPAGE LES GEGUIS<\/td>\n<td>de BELLESCIZE<\/td>\n<td>Fr\u00e9d\u00e9rique<\/td>\n<td>La Mivoie<\/td>\n<td>45290<\/td>\n<td>NOGENT-SUR-VERNISSON<\/td>\n<\/tr>\n<tr>\n<td width=\"250\">EQUIPAGE DU LIMOSIN<\/td>\n<td>PERRONNET<\/td>\n<td>Francis<\/td>\n<td>9 ter Rue de Caquereau<\/td>\n<td>45300<\/td>\n<td>PITHIVIERS<\/td>\n<\/tr>\n<tr>\n<td width=\"250\">EQUIPAGE DU LOING<\/td>\n<td>CEGIELSKI<\/td>\n<td>Nicolas<\/td>\n<td>1130 route de Girolles<\/td>\n<td>45210<\/td>\n<td>NARGIS<\/td>\n<\/tr>\n<tr>\n<td width=\"250\">EQUIPAGE DES BONS AMIS<\/td>\n<td>LEGRAND<\/td>\n<td>Robin<\/td>\n<td>36 rue de Pierrefitte<\/td>\n<td>45630<\/td>\n<td>BEAULIEU-SUR-LOIRE<\/td>\n<\/tr>\n<tr>\n<td width=\"250\">RALLYE MACERIEN<\/td>\n<td>DELPECH<\/td>\n<td>Denis<\/td>\n<td>493, Rue Roland<\/td>\n<td>45370<\/td>\n<td>MEZIERES-LEZ-CLERY<\/td>\n<\/tr>\n<tr>\n<td width=\"250\">RALLYE DES BRANDES<\/td>\n<td>DERLAND<\/td>\n<td>Gr\u00e9gory<\/td>\n<td>Ferme de Bajin<\/td>\n<td>45450<\/td>\n<td>DONNERY<\/td>\n<\/tr>\n<tr>\n<td width=\"250\">Rallye des Meuniers<\/td>\n<td>CORMERAIS<\/td>\n<td>Laurent<\/td>\n<td>Les Robins-Route de Blancafort<\/td>\n<td>45360<\/td>\n<td>CERNOY-EN-BERRY<\/td>\n<\/tr>\n<tr>\n<td width=\"250\">Rallye Val Sologne<\/td>\n<td>GODARD<\/td>\n<td>Flavien<\/td>\n<td>La Caille<\/td>\n<td>45510<\/td>\n<td>Tigy<\/td>\n<\/tr>\n<tr>\n<td width=\"250\">Rallye de la Ronce<\/td>\n<td><\/td>\n<td>Dominique<\/td>\n<td>La Ronce<\/td>\n<td>45600<\/td>\n<td>Lion en Sullias<\/td>\n<\/tr>\n<tr>\n<td width=\"250\">Equipage du Bois de Teillay<\/td>\n<td>BROSSARD<\/td>\n<td>Nicolas<\/td>\n<td>Le Petit Bois<\/td>\n<td>45160<\/td>\n<td>Ardon<\/td>\n<\/tr>\n<tr>\n<td width=\"250\">Equipage Tourt\u2019relle<\/td>\n<td>ESNAULT<\/td>\n<td>Quentin<\/td>\n<td>L\u2019ermitage-route de Chilly<\/td>\n<td>45240<\/td>\n<td>Marcilly en Villette<\/td>\n<\/tr>\n<\/tbody>\n<\/table>\n<p>[\/vc_column_text][\/vc_column][\/vc_row]<\/p>\n","protected":false},"excerpt":{"rendered":"<p>[vc_row][vc_column][vc_empty_space][\/vc_column][\/vc_row][vc_row][\/vc_row][vc_row][vc_column][vc_column_text] Nom \u00e9quipage Nom Maitre d&rsquo;\u00e9quipage Pr\u00e9nom Adresse1 cp ville EQUIPAGE GRATTE QUI PEUT LASNE Michel 6 Chemin des Borses 45360 CERNOY-EN-BERRY RALLYE DES COTEAUX DESBOIS Alain 50, Rue de Bellevue 45460 LES BORDES RALLYE DES RONCES BRUCY Damien 2, La Vigne aux Pr\u00eatres 45270&#8230;<\/p>\n","protected":false},"author":6,"featured_media":0,"parent":0,"menu_order":0,"comment_status":"closed","ping_status":"closed","template":"","meta":{"_acf_changed":false,"inline_featured_image":false,"_exactmetrics_skip_tracking":false,"_exactmetrics_sitenote_active":false,"_exactmetrics_sitenote_note":"","_exactmetrics_sitenote_category":0,"footnotes":""},"class_list":["post-3384","page","type-page","status-publish","hentry"],"acf":[],"publishpress_future_action":{"enabled":false,"date":"2026-04-18 12:24:36","action":"change-status","newStatus":"draft","terms":[],"taxonomy":"","extraData":[]},"publishpress_future_workflow_manual_trigger":{"enabledWorkflows":[]},"_links":{"self":[{"href":"https:\/\/www.save.chasseurducentrevaldeloire.fr\/fdc45\/wp-json\/wp\/v2\/pages\/3384","targetHints":{"allow":["GET"]}}],"collection":[{"href":"https:\/\/www.save.chasseurducentrevaldeloire.fr\/fdc45\/wp-json\/wp\/v2\/pages"}],"about":[{"href":"https:\/\/www.save.chasseurducentrevaldeloire.fr\/fdc45\/wp-json\/wp\/v2\/types\/page"}],"author":[{"embeddable":true,"href":"https:\/\/www.save.chasseurducentrevaldeloire.fr\/fdc45\/wp-json\/wp\/v2\/users\/6"}],"replies":[{"embeddable":true,"href":"https:\/\/www.save.chasseurducentrevaldeloire.fr\/fdc45\/wp-json\/wp\/v2\/comments?post=3384"}],"version-history":[{"count":16,"href":"https:\/\/www.save.chasseurducentrevaldeloire.fr\/fdc45\/wp-json\/wp\/v2\/pages\/3384\/revisions"}],"predecessor-version":[{"id":6140,"href":"https:\/\/www.save.chasseurducentrevaldeloire.fr\/fdc45\/wp-json\/wp\/v2\/pages\/3384\/revisions\/6140"}],"wp:attachment":[{"href":"https:\/\/www.save.chasseurducentrevaldeloire.fr\/fdc45\/wp-json\/wp\/v2\/media?parent=3384"}],"curies":[{"name":"wp","href":"https:\/\/api.w.org\/{rel}","templated":true}]}}