{"id":3376,"date":"2018-09-04T15:45:45","date_gmt":"2018-09-04T13:45:45","guid":{"rendered":"http:\/\/www.chasseurducentrevaldeloire.fr\/fdc45\/?page_id=3376"},"modified":"2025-07-17T15:44:45","modified_gmt":"2025-07-17T13:44:45","slug":"espace-adherents","status":"publish","type":"page","link":"https:\/\/www.save.chasseurducentrevaldeloire.fr\/fdc45\/espace-adherents\/","title":{"rendered":"Espace adh\u00e9rents"},"content":{"rendered":"<p>[vc_row][vc_column][\/vc_column][\/vc_row][vc_row][vc_column]<div class=\"qodef-accordion-holder clearfix qodef-toggle qodef-boxed \">\n\t<h4 class=\"clearfix qodef-title-holder\" >\n\t<span class=\"qodef-accordion-mark qodef-left-mark\">\n\t\t<span class=\"qodef-accordion-mark-icon\">\n\t\t\t<span class=\"icon_plus\"><\/span>\n\t\t\t<span class=\"icon_minus-06\"><\/span>\n\t\t<\/span>\n\t<\/span>\n\t<span class=\"qodef-tab-title\">\n\t\t<span class=\"qodef-tab-title-inner\">\n\t\t\tCOTISATIONS et FACTURES\t\t<\/span>\n\t<\/span>\n<\/h4>\n<div class=\"qodef-accordion-content\">\n\t<div class=\"qodef-accordion-content-inner\">\n\t\t[vc_column_text]<\/p>\n<h3>&#8211; <span style=\"color: #e45410\"><a style=\"color: #e45410\" href=\"http:\/\/web.chasseurs45.com\/factures\/\" target=\"_blank\" rel=\"noopener noreferrer\">R\u00e9glement des plans de chasse et cotisations<\/a><\/span><\/h3>\n<p>[\/vc_column_text]\t<\/div>\n<\/div>\n<h4 class=\"clearfix qodef-title-holder\" >\n\t<span class=\"qodef-accordion-mark qodef-left-mark\">\n\t\t<span class=\"qodef-accordion-mark-icon\">\n\t\t\t<span class=\"icon_plus\"><\/span>\n\t\t\t<span class=\"icon_minus-06\"><\/span>\n\t\t<\/span>\n\t<\/span>\n\t<span class=\"qodef-tab-title\">\n\t\t<span class=\"qodef-tab-title-inner\">\n\t\t\tSANGLIER - D\u00e9claration des pr\u00e9l\u00e8vements\t\t<\/span>\n\t<\/span>\n<\/h4>\n<div class=\"qodef-accordion-content\">\n\t<div class=\"qodef-accordion-content-inner\">\n\t\t[vc_column_text]<\/p>\n<h3>&#8211; L<b>es d\u00e9clarations de pr\u00e9l\u00e8vements sanglier sont accessibles par <\/b><a href=\"http:\/\/web.chasseurs45.com\/actions\/\" target=\"_blank\" rel=\"noopener noreferrer\"><span style=\"color: #e45410\">http:\/\/web.chasseurs45.com\/actions\/<\/span><\/a><\/h3>\n<p>[\/vc_column_text]\t<\/div>\n<\/div>\n<h4 class=\"clearfix qodef-title-holder\" >\n\t<span class=\"qodef-accordion-mark qodef-left-mark\">\n\t\t<span class=\"qodef-accordion-mark-icon\">\n\t\t\t<span class=\"icon_plus\"><\/span>\n\t\t\t<span class=\"icon_minus-06\"><\/span>\n\t\t<\/span>\n\t<\/span>\n\t<span class=\"qodef-tab-title\">\n\t\t<span class=\"qodef-tab-title-inner\">\n\t\t\tPLAN DE CHASSE\t\t<\/span>\n\t<\/span>\n<\/h4>\n<div class=\"qodef-accordion-content\">\n\t<div class=\"qodef-accordion-content-inner\">\n\t\t[vc_column_text]<\/p>\n<h3>&#8211; <a href=\"http:\/\/web.chasseurs45.com\/bracelets\/\" target=\"_blank\" rel=\"noopener noreferrer\"><span style=\"color: #e45410\">Saisie des pr\u00e9l\u00e8vements plans de chasse (saison en cours)<\/span><\/a><\/h3>\n<h3>&#8211; <span style=\"color: #333333\"><span style=\"color: #e45410\"><a style=\"color: #e45410\" href=\"http:\/\/web.chasseurs45.com\/pc\/\" target=\"_blank\" rel=\"noopener\"><b>Saisie des bilans 2024\/2025<\/b><\/a><\/span><br \/>\n<\/span><\/h3>\n<h3><\/h3>\n<h3><\/h3>\n<p>[\/vc_column_text]\t<\/div>\n<\/div>\n<h4 class=\"clearfix qodef-title-holder\" >\n\t<span class=\"qodef-accordion-mark qodef-left-mark\">\n\t\t<span class=\"qodef-accordion-mark-icon\">\n\t\t\t<span class=\"icon_plus\"><\/span>\n\t\t\t<span class=\"icon_minus-06\"><\/span>\n\t\t<\/span>\n\t<\/span>\n\t<span class=\"qodef-tab-title\">\n\t\t<span class=\"qodef-tab-title-inner\">\n\t\t\tPERMIS DE CHASSER\t\t<\/span>\n\t<\/span>\n<\/h4>\n<div class=\"qodef-accordion-content\">\n\t<div class=\"qodef-accordion-content-inner\">\n\t\t[vc_column_text]<\/p>\n<h3>&#8211; <a href=\"https:\/\/validationpermischasser.chasseurdefrance.com\/?federation=FDC_45\" target=\"_blank\" rel=\"noopener noreferrer\"><span style=\"color: #e45410\">Validation du Permis de chasser<\/span><\/a><\/h3>\n<p>[\/vc_column_text]\t<\/div>\n<\/div>\n<h4 class=\"clearfix qodef-title-holder\" >\n\t<span class=\"qodef-accordion-mark qodef-left-mark\">\n\t\t<span class=\"qodef-accordion-mark-icon\">\n\t\t\t<span class=\"icon_plus\"><\/span>\n\t\t\t<span class=\"icon_minus-06\"><\/span>\n\t\t<\/span>\n\t<\/span>\n\t<span class=\"qodef-tab-title\">\n\t\t<span class=\"qodef-tab-title-inner\">\n\t\t\tD\u00c9GATS DE GIBIER\t\t<\/span>\n\t<\/span>\n<\/h4>\n<div class=\"qodef-accordion-content\">\n\t<div class=\"qodef-accordion-content-inner\">\n\t\t[vc_column_text]<\/p>\n<h3>&#8211; <a href=\"http:\/\/www.chasseurducentrevaldeloire.fr\/fdc45\/wp-content\/uploads\/sites\/9\/2018\/11\/DegatGibierNoticeTeledeclarationt.pdf\" target=\"_blank\" rel=\"noopener noreferrer\"><span style=\"color: #e45410\">Notice de t\u00e9l\u00e9-d\u00e9claration<\/span><\/a><\/h3>\n<h3>&#8211; <a href=\"http:\/\/web.chasseurs45.com\/degats\/\" target=\"_blank\" rel=\"noopener noreferrer\"><span style=\"color: #e45410\">Saisie de la d\u00e9claration de d\u00e9g\u00e2ts : http:\/\/web.chasseurs45.com\/degats\/<\/span><\/a><\/h3>\n<h3>&#8211;<span style=\"color: #e45410\"> <a style=\"color: #e45410\" href=\"http:\/\/www.chasseurducentrevaldeloire.fr\/fdc45\/wp-content\/uploads\/sites\/9\/2018\/11\/nouvelleprocedureindemnisation.pdf\" target=\"_blank\" rel=\"noopener noreferrer\">Notice sur la nouvelle proc\u00e9dure d&rsquo;indemnisation<\/a><\/span><\/h3>\n<p>[\/vc_column_text]\t<\/div>\n<\/div>\n<h4 class=\"clearfix qodef-title-holder\" >\n\t<span class=\"qodef-accordion-mark qodef-left-mark\">\n\t\t<span class=\"qodef-accordion-mark-icon\">\n\t\t\t<span class=\"icon_plus\"><\/span>\n\t\t\t<span class=\"icon_minus-06\"><\/span>\n\t\t<\/span>\n\t<\/span>\n\t<span class=\"qodef-tab-title\">\n\t\t<span class=\"qodef-tab-title-inner\">\n\t\t\tBilans des tableaux de chasse \u00e0 tir 2024-2025\t\t<\/span>\n\t<\/span>\n<\/h4>\n<div class=\"qodef-accordion-content\">\n\t<div class=\"qodef-accordion-content-inner\">\n\t\t[vc_column_text]<\/p>\n<h3>&#8211; Les enqu\u00eates sont accessibles par <a href=\"http:\/\/web.chasseurs45.com\/enquete\/\" target=\"_blank\" rel=\"noopener noreferrer\"><span style=\"color: #e45410\">http:\/\/web.chasseurs45.com\/enquete\/<\/span><\/a><\/h3>\n<h3><\/h3>\n<h3><\/h3>\n<p>[\/vc_column_text]\t<\/div>\n<\/div>\n<\/div>[\/vc_column][\/vc_row]<\/p>\n","protected":false},"excerpt":{"rendered":"<p>[vc_row][vc_column][\/vc_column][\/vc_row][vc_row][vc_column][\/vc_column][\/vc_row]<\/p>\n","protected":false},"author":6,"featured_media":0,"parent":0,"menu_order":0,"comment_status":"closed","ping_status":"closed","template":"","meta":{"_acf_changed":false,"inline_featured_image":false,"_exactmetrics_skip_tracking":false,"_exactmetrics_sitenote_active":false,"_exactmetrics_sitenote_note":"","_exactmetrics_sitenote_category":0,"footnotes":""},"class_list":["post-3376","page","type-page","status-publish","hentry"],"acf":[],"publishpress_future_action":{"enabled":false,"date":"2026-04-15 03:05:40","action":"change-status","newStatus":"draft","terms":[],"taxonomy":"","extraData":[]},"publishpress_future_workflow_manual_trigger":{"enabledWorkflows":[]},"_links":{"self":[{"href":"https:\/\/www.save.chasseurducentrevaldeloire.fr\/fdc45\/wp-json\/wp\/v2\/pages\/3376","targetHints":{"allow":["GET"]}}],"collection":[{"href":"https:\/\/www.save.chasseurducentrevaldeloire.fr\/fdc45\/wp-json\/wp\/v2\/pages"}],"about":[{"href":"https:\/\/www.save.chasseurducentrevaldeloire.fr\/fdc45\/wp-json\/wp\/v2\/types\/page"}],"author":[{"embeddable":true,"href":"https:\/\/www.save.chasseurducentrevaldeloire.fr\/fdc45\/wp-json\/wp\/v2\/users\/6"}],"replies":[{"embeddable":true,"href":"https:\/\/www.save.chasseurducentrevaldeloire.fr\/fdc45\/wp-json\/wp\/v2\/comments?post=3376"}],"version-history":[{"count":34,"href":"https:\/\/www.save.chasseurducentrevaldeloire.fr\/fdc45\/wp-json\/wp\/v2\/pages\/3376\/revisions"}],"predecessor-version":[{"id":6578,"href":"https:\/\/www.save.chasseurducentrevaldeloire.fr\/fdc45\/wp-json\/wp\/v2\/pages\/3376\/revisions\/6578"}],"wp:attachment":[{"href":"https:\/\/www.save.chasseurducentrevaldeloire.fr\/fdc45\/wp-json\/wp\/v2\/media?parent=3376"}],"curies":[{"name":"wp","href":"https:\/\/api.w.org\/{rel}","templated":true}]}}