{"id":3259,"date":"2018-07-05T16:21:31","date_gmt":"2018-07-05T14:21:31","guid":{"rendered":"http:\/\/www.chasseurducentrevaldeloire.fr\/fdc45\/?page_id=3259"},"modified":"2022-06-21T14:23:34","modified_gmt":"2022-06-21T12:23:34","slug":"petit-gibier","status":"publish","type":"page","link":"https:\/\/www.save.chasseurducentrevaldeloire.fr\/fdc45\/petit-gibier\/","title":{"rendered":"Petit gibier"},"content":{"rendered":"<p>[vc_row][vc_column]<div class=\"qodef-accordion-holder clearfix qodef-toggle qodef-boxed \">\n\t<h4 class=\"clearfix qodef-title-holder\" >\n\t<span class=\"qodef-accordion-mark qodef-left-mark\">\n\t\t<span class=\"qodef-accordion-mark-icon\">\n\t\t\t<span class=\"icon_plus\"><\/span>\n\t\t\t<span class=\"icon_minus-06\"><\/span>\n\t\t<\/span>\n\t<\/span>\n\t<span class=\"qodef-tab-title\">\n\t\t<span class=\"qodef-tab-title-inner\">\n\t\t\tLIEVRE\t\t<\/span>\n\t<\/span>\n<\/h4>\n<div class=\"qodef-accordion-content\">\n\t<div class=\"qodef-accordion-content-inner\">\n\t\t[vc_single_image image=\u00a0\u00bb4568&Prime; img_size=\u00a0\u00bbfull\u00a0\u00bb alignment=\u00a0\u00bbcenter\u00a0\u00bb onclick=\u00a0\u00bbimg_link_large\u00a0\u00bb img_link_target=\u00a0\u00bb_blank\u00a0\u00bb]\t<\/div>\n<\/div>\n<h4 class=\"clearfix qodef-title-holder\" >\n\t<span class=\"qodef-accordion-mark qodef-left-mark\">\n\t\t<span class=\"qodef-accordion-mark-icon\">\n\t\t\t<span class=\"icon_plus\"><\/span>\n\t\t\t<span class=\"icon_minus-06\"><\/span>\n\t\t<\/span>\n\t<\/span>\n\t<span class=\"qodef-tab-title\">\n\t\t<span class=\"qodef-tab-title-inner\">\n\t\t\tPERDRIX GRISE\t\t<\/span>\n\t<\/span>\n<\/h4>\n<div class=\"qodef-accordion-content\">\n\t<div class=\"qodef-accordion-content-inner\">\n\t\t[vc_column_text]Le suivi des populations de perdrix passe par la connaissance de trois donn\u00e9es principales\u00a0:<\/p>\n<p>&#8211;\u00a0\u00a0\u00a0\u00a0\u00a0\u00a0\u00a0\u00a0\u00a0 Les effectifs de reproducteurs (densit\u00e9 de printemps en nombre de couples de Perdrix grise aux 100 ha de SAU\u00a0Surface Agricole Utile). Des \u00ab battues \u00e0 blanc sur secteurs \u00e9chantillons \u00bb sont effectu\u00e9es de d\u00e9but mars \u00e0 mi avril\u00a0sur pr\u00e8s de 200 communes du d\u00e9partement.<br \/>\n&#8211;\u00a0\u00a0\u00a0\u00a0\u00a0\u00a0\u00a0\u00a0\u00a0 La r\u00e9ussite de la reproduction (Indice de reproduction en nombre de jeunes par poule de Perdrix grise). Des \u00ab\u00a0\u00e9chantillonnages de compagnies\u00a0\u00bb consistant \u00e0 observer la structure (\u00e2ges et sexe des oiseaux) et la taille des compagnies sont effectu\u00e9s en ao\u00fbt.<br \/>\n&#8211;\u00a0\u00a0\u00a0\u00a0\u00a0\u00a0\u00a0\u00a0\u00a0 Les pertes et disparitions : cela comprend bien s\u00fbr un suivi des pr\u00e9l\u00e8vements faits par la chasse mais \u00e9galement une estimation par des \u00e9tudes ponctuelles des pertes hivernales et estivales.<\/p>\n<p>&nbsp;<\/p>\n<p><img loading=\"lazy\" decoding=\"async\" class=\"wp-image-4570 aligncenter\" src=\"https:\/\/www.chasseurducentrevaldeloire.fr\/fdc45\/wp-content\/uploads\/sites\/9\/2020\/08\/Graph-Perdrix-300x175.jpg\" alt=\"\" width=\"595\" height=\"347\" srcset=\"https:\/\/www.save.chasseurducentrevaldeloire.fr\/fdc45\/wp-content\/uploads\/sites\/9\/2020\/08\/Graph-Perdrix-300x175.jpg 300w, https:\/\/www.save.chasseurducentrevaldeloire.fr\/fdc45\/wp-content\/uploads\/sites\/9\/2020\/08\/Graph-Perdrix-1024x596.jpg 1024w, https:\/\/www.save.chasseurducentrevaldeloire.fr\/fdc45\/wp-content\/uploads\/sites\/9\/2020\/08\/Graph-Perdrix-768x447.jpg 768w, https:\/\/www.save.chasseurducentrevaldeloire.fr\/fdc45\/wp-content\/uploads\/sites\/9\/2020\/08\/Graph-Perdrix.jpg 1150w\" sizes=\"auto, (max-width: 595px) 100vw, 595px\" \/>[\/vc_column_text][vc_empty_space]\t<\/div>\n<\/div>\n<h4 class=\"clearfix qodef-title-holder\" >\n\t<span class=\"qodef-accordion-mark qodef-left-mark\">\n\t\t<span class=\"qodef-accordion-mark-icon\">\n\t\t\t<span class=\"icon_plus\"><\/span>\n\t\t\t<span class=\"icon_minus-06\"><\/span>\n\t\t<\/span>\n\t<\/span>\n\t<span class=\"qodef-tab-title\">\n\t\t<span class=\"qodef-tab-title-inner\">\n\t\t\tFAISAN COMMUN\t\t<\/span>\n\t<\/span>\n<\/h4>\n<div class=\"qodef-accordion-content\">\n\t<div class=\"qodef-accordion-content-inner\">\n\t\t[vc_column_text]La FDC45 a initi\u00e9 en 2007 une importante op\u00e9ration de repeuplement sur le GIC de la Cl\u00e9ry, impliquant le l\u00e2cher d\u2019oiseaux de souche sauvage sur 3 ans, associ\u00e9 au non tir de l\u2019esp\u00e8ce et \u00e0 l\u2019am\u00e9nagement accru des territoires. Une seconde op\u00e9ration de m\u00eame type a \u00e9t\u00e9 lanc\u00e9e en 2010 sur le GIC du Nan et de la Laye et une troisi\u00e8me en 2012 sur le GIC de Bellebat.[\/vc_column_text][vc_empty_space][vc_column_text]Sur ces zones, les populations de Faisan font l\u2019objet d\u2019un suivi en deux temps :<\/p>\n<p>&#8211;\u00a0\u00a0\u00a0\u00a0\u00a0\u00a0\u00a0\u00a0\u00a0 Recensement des coqs chanteurs au printemps<br \/>\n&#8211;\u00a0\u00a0\u00a0\u00a0\u00a0\u00a0\u00a0\u00a0\u00a0 Echantillonnage des compagnies\u00a0d\u00e9but ao\u00fbt<\/p>\n<p>[\/vc_column_text][vc_empty_space][vc_column_text]<img loading=\"lazy\" decoding=\"async\" class=\"wp-image-4572 aligncenter\" src=\"https:\/\/www.chasseurducentrevaldeloire.fr\/fdc45\/wp-content\/uploads\/sites\/9\/2020\/08\/Faisan-Bellebat-300x167.jpg\" alt=\"\" width=\"537\" height=\"299\" srcset=\"https:\/\/www.save.chasseurducentrevaldeloire.fr\/fdc45\/wp-content\/uploads\/sites\/9\/2020\/08\/Faisan-Bellebat-300x167.jpg 300w, https:\/\/www.save.chasseurducentrevaldeloire.fr\/fdc45\/wp-content\/uploads\/sites\/9\/2020\/08\/Faisan-Bellebat-768x428.jpg 768w, https:\/\/www.save.chasseurducentrevaldeloire.fr\/fdc45\/wp-content\/uploads\/sites\/9\/2020\/08\/Faisan-Bellebat.jpg 1011w\" sizes=\"auto, (max-width: 537px) 100vw, 537px\" \/><img loading=\"lazy\" decoding=\"async\" class=\"wp-image-4573 aligncenter\" src=\"https:\/\/www.chasseurducentrevaldeloire.fr\/fdc45\/wp-content\/uploads\/sites\/9\/2020\/08\/Faisan-NanetLaye-300x165.jpg\" alt=\"\" width=\"557\" height=\"306\" srcset=\"https:\/\/www.save.chasseurducentrevaldeloire.fr\/fdc45\/wp-content\/uploads\/sites\/9\/2020\/08\/Faisan-NanetLaye-300x165.jpg 300w, https:\/\/www.save.chasseurducentrevaldeloire.fr\/fdc45\/wp-content\/uploads\/sites\/9\/2020\/08\/Faisan-NanetLaye-768x422.jpg 768w, https:\/\/www.save.chasseurducentrevaldeloire.fr\/fdc45\/wp-content\/uploads\/sites\/9\/2020\/08\/Faisan-NanetLaye.jpg 1017w\" sizes=\"auto, (max-width: 557px) 100vw, 557px\" \/><img loading=\"lazy\" decoding=\"async\" class=\" wp-image-4574 aligncenter\" src=\"https:\/\/www.chasseurducentrevaldeloire.fr\/fdc45\/wp-content\/uploads\/sites\/9\/2020\/08\/FaisanClery-300x166.jpg\" alt=\"\" width=\"552\" height=\"305\" srcset=\"https:\/\/www.save.chasseurducentrevaldeloire.fr\/fdc45\/wp-content\/uploads\/sites\/9\/2020\/08\/FaisanClery-300x166.jpg 300w, https:\/\/www.save.chasseurducentrevaldeloire.fr\/fdc45\/wp-content\/uploads\/sites\/9\/2020\/08\/FaisanClery-768x425.jpg 768w, https:\/\/www.save.chasseurducentrevaldeloire.fr\/fdc45\/wp-content\/uploads\/sites\/9\/2020\/08\/FaisanClery.jpg 1008w\" sizes=\"auto, (max-width: 552px) 100vw, 552px\" \/>[\/vc_column_text][vc_empty_space][vc_single_image image=\u00a0\u00bb3507&Prime; img_size=\u00a0\u00bbfull\u00a0\u00bb alignment=\u00a0\u00bbcenter\u00a0\u00bb onclick=\u00a0\u00bbimg_link_large\u00a0\u00bb img_link_target=\u00a0\u00bb_blank\u00a0\u00bb]\t<\/div>\n<\/div>\n<h4 class=\"clearfix qodef-title-holder\" >\n\t<span class=\"qodef-accordion-mark qodef-left-mark\">\n\t\t<span class=\"qodef-accordion-mark-icon\">\n\t\t\t<span class=\"icon_plus\"><\/span>\n\t\t\t<span class=\"icon_minus-06\"><\/span>\n\t\t<\/span>\n\t<\/span>\n\t<span class=\"qodef-tab-title\">\n\t\t<span class=\"qodef-tab-title-inner\">\n\t\t\tLes r\u00e9seaux de suivi de la faune sauvage\t\t<\/span>\n\t<\/span>\n<\/h4>\n<div class=\"qodef-accordion-content\">\n\t<div class=\"qodef-accordion-content-inner\">\n\t\t[vc_column_text]Ce r\u00e9seau a pour objectif le suivi des populations de B\u00e9casse des bois. Il est compos\u00e9 de 350 observateurs, professionnels de l\u2019ONCFS et des F\u00e9d\u00e9rations d\u00e9partementales des chasseurs ainsi que des b\u00e9n\u00e9voles d\u2019Associations de chasseurs sp\u00e9cialis\u00e9s. Ce suivi concerne les effectifs nicheurs par le recensement des m\u00e2les \u00e0 la croule et les effectifs hivernant \u00e0 partir de d\u00e9nombrements li\u00e9s \u00e0 des op\u00e9rations de baguage. L\u2019analyse des informations r\u00e9colt\u00e9es permet d\u2019estimer les taux de survie et de mieux cerner l\u2019origine g\u00e9ographique des oiseaux hivernant dans notre pays. Un syst\u00e8me de vigilance en p\u00e9riode de vague de froid est \u00e9galement en place sur cette esp\u00e8ce. Correspondant FDC45\u00a0: Sylvain DEVILLARD[\/vc_column_text][vc_tta_section tab_id=\u00a0\u00bb1530802012342-941c1b56-848a\u00a0\u00bb title=\u00a0\u00bbPERDRIX &#8211; FAISANS\u00a0\u00bb][vc_row_inner][vc_column_inner width=\u00a0\u00bb1\/4&Prime;][vc_single_image image=\u00a0\u00bb3269&Prime;][\/vc_column_inner][vc_column_inner width=\u00a0\u00bb3\/4&Prime;][vc_column_text]L\u2019objectif principal de ce r\u00e9seau est de fournir aux gestionnaires de ces esp\u00e8ces un environnement technique optimal par\u00a0:<br \/>\n&#8211;\u00a0la mise au point d\u2019outils de suivi fiables,<br \/>\n&#8211;\u00a0l\u2019analyse approfondie des donn\u00e9es recueillies pour la gestion des populations (comptage des reproducteurs, \u00e9chantillonnage de compagnies, relev\u00e9 de tableaux de chasse), permettant l\u2019\u00e9tude de la dynamique des populations et de ses variations spatio-temporelles,<br \/>\n&#8211;\u00a0le suivi et l\u2019analyse de l\u2019\u00e9volution des populations et de leurs habitats Ces suivis, compl\u00e9t\u00e9s par des enqu\u00eates p\u00e9riodiques, fournissent un \u00e9tat patrimonial des esp\u00e8ces concern\u00e9es. Correspondants FDC45\u00a0: Lionel VIGOUROUX et Etienne JACHEET (pour le faisan)[\/vc_column_text][vc_empty_space][\/vc_column_inner][\/vc_row_inner][vc_column_text][\/vc_column_text][\/vc_tta_section][vc_tta_section tab_id=\u00a0\u00bb1530802165967-101b8957-44aa\u00a0\u00bb title=\u00a0\u00bbOISEAU D\u2019EAU &#8211; ZONES HUMIDES\u00a0\u00bb][vc_row_inner][vc_column_inner width=\u00a0\u00bb1\/4&Prime;][vc_single_image image=\u00a0\u00bb3270&Prime;][\/vc_column_inner][vc_column_inner width=\u00a0\u00bb3\/4&Prime;][vc_column_text]Ce r\u00e9seau, particuli\u00e8rement actif sur les esp\u00e8ces d\u2019Anatid\u00e9s, est men\u00e9e depuis 1987 en p\u00e9riode d\u2019hivernage. Sur un \u00e9chantillon de 90 entit\u00e9s humides, 3 comptages mensuels sont r\u00e9alis\u00e9s autour du 15 des mois de d\u00e9cembre \u00e0 f\u00e9vrier. L\u2019objectif est de d\u00e9terminer les tendances d\u2019\u00e9volution des effectifs hivernants des principales esp\u00e8ces et d\u2019estimer la taille de leurs populations pr\u00e9sentes en France \u00e0 cette \u00e9poque. Correspondant FDC45\u00a0: Sylvain DEVILLARD[\/vc_column_text][vc_empty_space][\/vc_column_inner][\/vc_row_inner][\/vc_tta_section][vc_tta_section tab_id=\u00a0\u00bb1530802279334-32adbc51-59fd\u00a0\u00bb title=\u00a0\u00bbONGULES SAUVAGES\u00a0\u00bb][vc_row_inner][vc_column_inner width=\u00a0\u00bb1\/4&Prime;][vc_single_image image=\u00a0\u00bb3271&Prime;][\/vc_column_inner][vc_column_inner width=\u00a0\u00bb3\/4&Prime;][vc_column_text]Ce r\u00e9seau concerne principalement le suivi de la situation nationale des ongul\u00e9s de plaine et de montagne (cerf, chevreuil, sanglier, chamois-isard, mouflon) par l\u2019analyse des tableaux de chasse d\u00e9partementaux annuels, la r\u00e9partition des esp\u00e8ces marginales (sika, daim), les plans de chasse communaux chevreuil et sanglier, l\u2019inventaire zoog\u00e9ographique cerf, les modalit\u00e9s de gestion des ongul\u00e9s par la chasse. A travers diverses enqu\u00eates et l\u2019analyse des donn\u00e9es d\u00e9partementales, ce r\u00e9seau est devenu un v\u00e9ritable outil de travail. Il fait le point sur l\u2019\u00e9volution des populations de cervid\u00e9s et sanglier au niveau d\u00e9partemental puis national. L\u2019analyse cartographique des donn\u00e9es nationales permet \u00e9galement un suivi des zones de colonisation des esp\u00e8ces et un suivi de leur aire de r\u00e9partition. Correspondant FDC45\u00a0: Etienne JOUBERT[\/vc_column_text][vc_empty_space][\/vc_column_inner][\/vc_row_inner][\/vc_tta_section][vc_tta_section tab_id=\u00a0\u00bb1530802380046-bff87075-4daf\u00a0\u00bb title=\u00a0\u00bbBECASSE\u00a0\u00bb][vc_row_inner][vc_column_inner width=\u00a0\u00bb1\/4&Prime;][vc_single_image image=\u00a0\u00bb3272&Prime;][\/vc_column_inner][vc_column_inner width=\u00a0\u00bb3\/4&Prime;][vc_empty_space][\/vc_column_inner][\/vc_row_inner][\/vc_tta_section][vc_tta_section tab_id=\u00a0\u00bb1530802442421-433b894c-49c0&Prime; title=\u00a0\u00bbOISEAUX DE PASSAGE\u00a0\u00bb][vc_row_inner][vc_column_inner width=\u00a0\u00bb1\/4&Prime;][vc_single_image image=\u00a0\u00bb3273&Prime;][\/vc_column_inner][vc_column_inner width=\u00a0\u00bb3\/4&Prime;][vc_column_text]Cr\u00e9\u00e9 en 1993, apr\u00e8s une ann\u00e9e de test du protocole, ce r\u00e9seau assure par la m\u00e9thode des points d\u2019\u00e9coute le suivi annuel des populations nicheuses des Grives, du Merle noir, des Pigeons et des Tourterelles ainsi que de l\u2019Alouette des champs et la Caille des bl\u00e9s. Les donn\u00e9es descriptives de l\u2019habitat relev\u00e9es sur les points d\u2019\u00e9coute permettent d\u2019\u00e9tudier la relation des tendances de r\u00e9partition des esp\u00e8ces avec les caract\u00e9ristiques du milieu. Correspondant FDC45\u00a0: Sylvain DEVILLARD[\/vc_column_text][vc_empty_space][\/vc_column_inner][\/vc_row_inner][\/vc_tta_section][vc_tta_section tab_id=\u00a0\u00bb1530802516304-937e809c-aed9&Prime; title=\u00a0\u00bbSAGIR\u00a0\u00bb][vc_row_inner][vc_column_inner width=\u00a0\u00bb1\/4&Prime;][vc_single_image image=\u00a0\u00bb3274&Prime;][\/vc_column_inner][vc_column_inner width=\u00a0\u00bb3\/4&Prime;][vc_column_text]Cr\u00e9\u00e9 en 1986 le r\u00e9seau SAGIR est le syst\u00e8me de surveillance sanitaire de la faune sauvage nationale. Son premier objectif est la mise en \u00e9vidence des principales causes de mortalit\u00e9 de la faune (\u00e9pizooties, intoxications,&#8230;) afin de proposer des mesures pour les \u00e9liminer ou en r\u00e9duire l\u2019impact. Il d\u00e9bouche sur une meilleure connaissance de la pathologie de la faune sauvage et de son impact sur les populations. Correspondant FDC45\u00a0: Luc VERAN[\/vc_column_text][vc_empty_space][\/vc_column_inner][\/vc_row_inner][\/vc_tta_section][vc_tta_section tab_id=\u00a0\u00bb1530802583508-f6000556-84b4&Prime; title=\u00a0\u00bbR\u00e9seau Li\u00e8vre\u00a0\u00bb][vc_row_inner][vc_column_inner width=\u00a0\u00bb1\/4&Prime;][vc_single_image image=\u00a0\u00bb3276&Prime;][\/vc_column_inner][vc_column_inner width=\u00a0\u00bb3\/4&Prime;][vc_column_text]Annonc\u00e9 lors du Colloque national \u00e0 Troyes en 2013, ce nouveau r\u00e9seau a vu le jour en 2015. Il s&rsquo;appuie sur la Charte des r\u00e9seaux ONCFS \/ FNC \/ FDC et compl\u00e8te les r\u00e9seaux existants en mati\u00e8re de faune de plaine : perdrix grise \/ faisan et perdrix rouge.<\/p>\n<p>Nos objectifs sont les suivants :<\/p>\n<p>&#8211; jouer un r\u00f4le de \u00ab\u00a0veille\u00a0\u00bb sur l&rsquo;\u00e9volution g\u00e9n\u00e9rale des populations de li\u00e8vre.<\/p>\n<p>&#8211; am\u00e9liorer les connaissances en \u00e9tudiant l&rsquo;effet de diff\u00e9rents facteurs sur la dynamique des populations gr\u00e2ce \u00e0 des donn\u00e9es recueillies de la m\u00eame fa\u00e7on dans de nombreux territoires.<\/p>\n<p>&#8211; favoriser les \u00e9changes entre gestionnaires et mieux diffuser les connaissances et exp\u00e9riences<\/p>\n<p>acquises sur la biologie et la gestion du li\u00e8vre.<\/p>\n<p>Compos\u00e9 pour le moment de 18 territoires r\u00e9partis dans une diversit\u00e9 de r\u00e9gions et d&rsquo;habitats de notre<\/p>\n<p>pays, il a vocation \u00e0 s&rsquo;\u00e9largir progressivement.<\/p>\n<p><a href=\"http:\/\/www.chasseurducentrevaldeloire.fr\/fdc45\/wp-content\/uploads\/sites\/9\/2018\/07\/LettreReseauLievre2015-1.pdf\" target=\"_blank\" rel=\"noopener noreferrer\"><span style=\"color: #e45410\"><strong>La lettre du r\u00e9seau li\u00e8vre<\/strong><\/span><\/a><\/p>\n<p>[\/vc_column_text][\/vc_column_inner][\/vc_row_inner][\/vc_tta_section]\t<\/div>\n<\/div>\n<\/div>[\/vc_column][\/vc_row][vc_row][vc_column width=\u00a0\u00bb1\/4&Prime;][\/vc_column][vc_column width=\u00a0\u00bb3\/4&Prime;][\/vc_column][\/vc_row][vc_row][\/vc_row]<\/p>\n","protected":false},"excerpt":{"rendered":"<p>[vc_row][vc_column][\/vc_column][\/vc_row][vc_row][vc_column width=\u00a0\u00bb1\/4&Prime;][\/vc_column][vc_column width=\u00a0\u00bb3\/4&Prime;][\/vc_column][\/vc_row][vc_row][\/vc_row]<\/p>\n","protected":false},"author":6,"featured_media":0,"parent":0,"menu_order":0,"comment_status":"closed","ping_status":"closed","template":"","meta":{"_acf_changed":false,"inline_featured_image":false,"_exactmetrics_skip_tracking":false,"_exactmetrics_sitenote_active":false,"_exactmetrics_sitenote_note":"","_exactmetrics_sitenote_category":0,"footnotes":""},"class_list":["post-3259","page","type-page","status-publish","hentry"],"acf":[],"publishpress_future_action":{"enabled":false,"date":"2026-04-18 12:24:38","action":"change-status","newStatus":"draft","terms":[],"taxonomy":"","extraData":[]},"publishpress_future_workflow_manual_trigger":{"enabledWorkflows":[]},"_links":{"self":[{"href":"https:\/\/www.save.chasseurducentrevaldeloire.fr\/fdc45\/wp-json\/wp\/v2\/pages\/3259","targetHints":{"allow":["GET"]}}],"collection":[{"href":"https:\/\/www.save.chasseurducentrevaldeloire.fr\/fdc45\/wp-json\/wp\/v2\/pages"}],"about":[{"href":"https:\/\/www.save.chasseurducentrevaldeloire.fr\/fdc45\/wp-json\/wp\/v2\/types\/page"}],"author":[{"embeddable":true,"href":"https:\/\/www.save.chasseurducentrevaldeloire.fr\/fdc45\/wp-json\/wp\/v2\/users\/6"}],"replies":[{"embeddable":true,"href":"https:\/\/www.save.chasseurducentrevaldeloire.fr\/fdc45\/wp-json\/wp\/v2\/comments?post=3259"}],"version-history":[{"count":41,"href":"https:\/\/www.save.chasseurducentrevaldeloire.fr\/fdc45\/wp-json\/wp\/v2\/pages\/3259\/revisions"}],"predecessor-version":[{"id":5460,"href":"https:\/\/www.save.chasseurducentrevaldeloire.fr\/fdc45\/wp-json\/wp\/v2\/pages\/3259\/revisions\/5460"}],"wp:attachment":[{"href":"https:\/\/www.save.chasseurducentrevaldeloire.fr\/fdc45\/wp-json\/wp\/v2\/media?parent=3259"}],"curies":[{"name":"wp","href":"https:\/\/api.w.org\/{rel}","templated":true}]}}