{"id":3228,"date":"2018-07-05T10:29:26","date_gmt":"2018-07-05T08:29:26","guid":{"rendered":"http:\/\/www.chasseurducentrevaldeloire.fr\/fdc45\/?page_id=3228"},"modified":"2025-06-26T16:46:30","modified_gmt":"2025-06-26T14:46:30","slug":"especes-predatrices-et-depredatrices","status":"publish","type":"page","link":"https:\/\/www.save.chasseurducentrevaldeloire.fr\/fdc45\/especes-predatrices-et-depredatrices\/","title":{"rendered":"Esp\u00e8ces pr\u00e9datrices et d\u00e9pr\u00e9datrices"},"content":{"rendered":"<p>[vc_row][vc_column][vc_column_text]<\/p>\n<p>[\/vc_column_text][vc_empty_space][\/vc_column][\/vc_row][vc_row][vc_column][vc_column_text]\u2022\u00a0<strong><span style=\"color: #e45410\"><a style=\"color: #e45410\" href=\"http:\/\/www.chasseurducentrevaldeloire.fr\/fdc45\/wp-content\/uploads\/sites\/9\/2018\/07\/joe_interdiction-assommoir.pdf\" target=\"_blank\" rel=\"noopener noreferrer\">Arr\u00eat\u00e9 du 29 juin 2011 modifiant l\u2019arr\u00eat\u00e9 du 29 janvier 2007<\/a><\/span><\/strong> fixant les dispositions relatives au pi\u00e9geage des esp\u00e8ces susceptibles d\u2019occasionner des d\u00e9g\u00e2ts (interdisant l\u2019utilisation de pi\u00e8ge \u00e0 assommoir)<\/p>\n<p>&nbsp;<\/p>\n<p>\u2022\u00a0<a href=\"http:\/\/www.chasseurducentrevaldeloire.fr\/fdc45\/wp-content\/uploads\/sites\/9\/2018\/07\/DECLARATIONPIEGAGE.pdf\" target=\"_blank\" rel=\"noopener noreferrer\"><span style=\"color: #e45410\"><strong>D\u00e9claration annuelle de pi\u00e9geage<\/strong><\/span><\/a><\/p>\n<p>&nbsp;<\/p>\n<p>\u2022 <a href=\"https:\/\/www.chasseurducentrevaldeloire.fr\/fdc45\/wp-content\/uploads\/sites\/9\/2020\/08\/ar-arr\u00eat\u00e9-groupe-1-consolid\u00e9-au-26-OCT-2017.pdf\" target=\"_blank\" rel=\"noopener noreferrer\"><strong><span style=\"color: #e45410\">Groupe 1<\/span><\/strong><\/a> &#8211; Arr\u00eat\u00e9 du 2 septembre 2016 relatif au contr\u00f4le par la chasse des populations de certaines esp\u00e8ces non indig\u00e8nes et fixant, en application de l\u2019article R. 427-6 du code de l\u2019environnement, la liste, les p\u00e9riodes et les modalit\u00e9s de destruction des esp\u00e8ces non indig\u00e8nes d\u2019esp\u00e8ces susceptibles d\u2019occasionner des d\u00e9g\u00e2ts sur l\u2019ensemble du territoire m\u00e9tropolitain<\/p>\n<p>&nbsp;<\/p>\n<p>\u2022 <a href=\"https:\/\/www.chasseurducentrevaldeloire.fr\/fdc45\/wp-content\/uploads\/sites\/9\/2023\/08\/Arrete-ESOD_3-AOUT-2023.pdf\" target=\"_blank\" rel=\"noopener noreferrer\"><strong><span style=\"color: #e45410\">Groupe 2<\/span><\/strong><\/a> &#8211; Arr\u00eat\u00e9 du 3 ao\u00fbt 2023 pris pour l\u2019application de l\u2019article R. 427-6 du code de l\u2019environnement et fixant la liste, les p\u00e9riodes et les modalit\u00e9s de destruction des esp\u00e8ces d\u2019esp\u00e8ces susceptibles d\u2019occasionner des d\u00e9g\u00e2ts<\/p>\n<ul>\n<li><strong>Renard<\/strong> : ensemble du d\u00e9partement.<\/li>\n<li><strong>Fouine <\/strong>: ensemble du d\u00e9partement.<\/li>\n<li><strong>Corbeau freux<\/strong> : ensemble du d\u00e9partement.<\/li>\n<li><strong>Corneille noire<\/strong> : ensemble du d\u00e9partement.<\/li>\n<li><strong>Pie bavarde<\/strong> : ensemble du d\u00e9partement.<\/li>\n<li><strong>\u00c9tourneau sansonnet<\/strong> : ensemble du d\u00e9partement.<\/li>\n<\/ul>\n<p>&nbsp;<\/p>\n<p>\u2022 <span style=\"color: #e45410\"><strong><a style=\"color: #e45410\" href=\"https:\/\/www.chasseurducentrevaldeloire.fr\/fdc45\/wp-content\/uploads\/sites\/9\/2025\/06\/AP-ESOD-Groupe3-2025-2026.pdf\" target=\"_blank\" rel=\"noopener\">Groupe 3<\/a><\/strong><\/span> &#8211; Arr\u00eat\u00e9 pr\u00e9fectoral fixant la liste des esp\u00e8ces susceptibles d\u2019occasionner des d\u00e9g\u00e2ts pour la campagne 2025-2026[\/vc_column_text][vc_empty_space][\/vc_column][\/vc_row][vc_row][vc_column][vc_column_text]Les autorisations de tirs d\u2019esp\u00e8ces susceptibles d\u2019occasionner des d\u00e9g\u00e2ts sont enti\u00e8rement d\u00e9mat\u00e9rialis\u00e9es. Il est n\u00e9cessaire de formuler votre demande sur le site d\u00e9marches simplifi\u00e9es. <b><\/b><\/p>\n<p>&nbsp;<\/p>\n<p>&nbsp;<\/p>\n<p>Dans le cadre de la simplification administrative, toutes les p\u00e9riodes de destructions \u00e0 tirs ont \u00e9t\u00e9 regroup\u00e9es dans un seul formulaires de demande d\u2019autorisation, qui couvre une p\u00e9riode allant du 1er mars au 21 septembre 2025 :<\/p>\n<p>&nbsp;<\/p>\n<p>&nbsp;<\/p>\n<p>Le lien pour pouvoir faire votre demande en ligne est disponible ci-dessous :<br \/>\n<a title=\"https:\/\/www.demarches-simplifiees.fr\/commencer\/demande-esod-2022-2023\" href=\"https:\/\/www.demarches-simplifiees.fr\/commencer\/demande-d-autorisation-tirs-esod2025-loiret\" target=\"_blank\" rel=\"noopener noreferrer\" data-auth=\"NotApplicable\" data-linkindex=\"0\"><strong><span style=\"color: #c45410\">https:\/\/www.demarches-simplifiees.fr\/commencer\/demande-d-autorisation-tirs-esod2025-loiret<\/span><\/strong><\/a><\/p>\n<p>&nbsp;<\/p>\n<p>&nbsp;<\/p>\n<p>Nous vous rappelons que ces demandes particuli\u00e8res font l\u2019objet d\u2019un suivi attentif de nos services, aussi les bilans de tir sont \u00e0 rendre <b>obligatoirement pour chaque demande fa\u00eete et valid\u00e9e, une fois la p\u00e9riode d\u2019action expir\u00e9e.<\/b><\/p>\n<p>&nbsp;<\/p>\n<p><b><br \/>\n<\/b>afin de pouvoir faire de nouvelles demandes pour 2025, assurez-vous d\u2019avoir bien d\u00e9clar\u00e9 vos bilans en ligne pour les autorisations re\u00e7u au titre de la saison 2023-2024 et de l\u2019\u00e9t\u00e9 2024.<\/p>\n<p>&nbsp;<\/p>\n<p>&nbsp;<\/p>\n<p>Les liens sont disponible ci-dessous :<\/p>\n<p><span style=\"color: #c45410\"><strong><a style=\"color: #c45410\" title=\"https:\/\/www.demarches-simplifiees.fr\/commencer\/bilan-de-destruction-par-tir-esod-ete-2024\" href=\"https:\/\/www.demarches-simplifiees.fr\/commencer\/bilan-de-destruction-par-tir-esod-ete-2024\" target=\"_blank\" rel=\"noopener noreferrer\" data-auth=\"NotApplicable\" data-linkindex=\"1\">https:\/\/www.demarches-simplifiees.fr\/commencer\/bilan-de-destruction-par-tir-esod-ete-2024<\/a><\/strong><\/span><br \/>\n<a title=\"https:\/\/www.demarches-simplifiees.fr\/commencer\/bilan-de-tir-esod-loiret-2023-2024\" href=\"https:\/\/www.demarches-simplifiees.fr\/commencer\/bilan-de-tir-esod-loiret-2023-2024\" target=\"_blank\" rel=\"noopener noreferrer\" data-auth=\"NotApplicable\" data-linkindex=\"2\"><strong><span style=\"color: #c45410\">https:\/\/www.demarches-simplifiees.fr\/commencer\/bilan-de-tir-esod-loiret-2023-2024<\/span><\/strong><\/a>[\/vc_column_text][\/vc_column][\/vc_row]<\/p>\n","protected":false},"excerpt":{"rendered":"<p>[vc_row][vc_column][vc_column_text] [\/vc_column_text][vc_empty_space][\/vc_column][\/vc_row][vc_row][vc_column][vc_column_text]\u2022\u00a0Arr\u00eat\u00e9 du 29 juin 2011 modifiant l\u2019arr\u00eat\u00e9 du 29 janvier 2007 fixant les dispositions relatives au pi\u00e9geage des esp\u00e8ces susceptibles d\u2019occasionner des d\u00e9g\u00e2ts (interdisant l\u2019utilisation de pi\u00e8ge \u00e0 assommoir) &nbsp; \u2022\u00a0D\u00e9claration annuelle de pi\u00e9geage &nbsp; \u2022 Groupe 1 &#8211; Arr\u00eat\u00e9 du 2 septembre 2016&#8230;<\/p>\n","protected":false},"author":6,"featured_media":0,"parent":0,"menu_order":0,"comment_status":"closed","ping_status":"closed","template":"","meta":{"_acf_changed":false,"inline_featured_image":false,"_exactmetrics_skip_tracking":false,"_exactmetrics_sitenote_active":false,"_exactmetrics_sitenote_note":"","_exactmetrics_sitenote_category":0,"footnotes":""},"class_list":["post-3228","page","type-page","status-publish","hentry"],"acf":[],"publishpress_future_action":{"enabled":false,"date":"2026-04-15 03:01:35","action":"change-status","newStatus":"draft","terms":[],"taxonomy":"","extraData":[]},"publishpress_future_workflow_manual_trigger":{"enabledWorkflows":[]},"_links":{"self":[{"href":"https:\/\/www.save.chasseurducentrevaldeloire.fr\/fdc45\/wp-json\/wp\/v2\/pages\/3228","targetHints":{"allow":["GET"]}}],"collection":[{"href":"https:\/\/www.save.chasseurducentrevaldeloire.fr\/fdc45\/wp-json\/wp\/v2\/pages"}],"about":[{"href":"https:\/\/www.save.chasseurducentrevaldeloire.fr\/fdc45\/wp-json\/wp\/v2\/types\/page"}],"author":[{"embeddable":true,"href":"https:\/\/www.save.chasseurducentrevaldeloire.fr\/fdc45\/wp-json\/wp\/v2\/users\/6"}],"replies":[{"embeddable":true,"href":"https:\/\/www.save.chasseurducentrevaldeloire.fr\/fdc45\/wp-json\/wp\/v2\/comments?post=3228"}],"version-history":[{"count":29,"href":"https:\/\/www.save.chasseurducentrevaldeloire.fr\/fdc45\/wp-json\/wp\/v2\/pages\/3228\/revisions"}],"predecessor-version":[{"id":6568,"href":"https:\/\/www.save.chasseurducentrevaldeloire.fr\/fdc45\/wp-json\/wp\/v2\/pages\/3228\/revisions\/6568"}],"wp:attachment":[{"href":"https:\/\/www.save.chasseurducentrevaldeloire.fr\/fdc45\/wp-json\/wp\/v2\/media?parent=3228"}],"curies":[{"name":"wp","href":"https:\/\/api.w.org\/{rel}","templated":true}]}}