{"id":3218,"date":"2018-07-04T10:58:16","date_gmt":"2018-07-04T08:58:16","guid":{"rendered":"http:\/\/www.chasseurducentrevaldeloire.fr\/fdc45\/?page_id=3218"},"modified":"2022-06-21T14:18:48","modified_gmt":"2022-06-21T12:18:48","slug":"migrateurs","status":"publish","type":"page","link":"https:\/\/www.save.chasseurducentrevaldeloire.fr\/fdc45\/migrateurs\/","title":{"rendered":"Migrateurs"},"content":{"rendered":"<p>[vc_row][vc_column][vc_column_text]Dans le Loiret, la FDC45 s&rsquo;appuie principalement sur l\u2019investissement de deux associations d\u00e9partementales pour la gestion des esp\u00e8ces migratrices et le gibier d\u2019eau : le GIC Loire, regroupant les chasseurs des bords de Loire et l&rsquo;ACOML (Association des Chasseurs d\u2019Oiseaux Migrateurs du Loiret).[\/vc_column_text][vc_empty_space][vc_column_text]Le suivi des esp\u00e8ces majoritairement migratrices ne pouvant se restreindre \u00e0 une \u00e9chelle d\u00e9partementale, la FDC45 int\u00e8gre ses suivis dans des d\u00e9marches nationales des r\u00e9seaux ONCFS \/ FNC \/ FDC en participant aux comptages et autres op\u00e9rations notamment de baguage.[\/vc_column_text][vc_empty_space][vc_column_text]Dans le cadre du r\u00e9seau \u00ab\u00a0Oiseaux d\u2019eau \u2013 Zone humide\u00a0\u00bb, la FDC45, second\u00e9 par des b\u00e9n\u00e9voles, r\u00e9alise des comptages hivernaux sur six plans d&rsquo;eau d&rsquo;\u00e9chantillonnage, ainsi que sur le site F\u00e9d\u00e9ral de La Motte.[\/vc_column_text][vc_empty_space][vc_column_text]Les r\u00e9sultats obtenus permettent principalement d\u2019obtenir des tendances d\u2019\u00e9volution des effectifs nationaux (parfois r\u00e9gionaux) des populations en hivernage.[\/vc_column_text][vc_empty_space][vc_column_text]Le domaine de La Motte est un site d&rsquo;\u00e9tude et d&rsquo;exp\u00e9rimentation des am\u00e9nagements de zones humides favorables aux Anatid\u00e9s et \u00e0 la biodiversit\u00e9 en g\u00e9n\u00e9ral. Les am\u00e9nagements r\u00e9alis\u00e9s sur les \u00e9tangs visent \u00e0 am\u00e9liorer leur capacit\u00e9 d&rsquo;accueil et leur qualit\u00e9. Forte de cette exp\u00e9rience, la FDC45 se tient \u00e0 la disposition de ses adh\u00e9rents pour dispenser des conseils d&rsquo;am\u00e9nagement du territoire aux gestionnaires int\u00e9ress\u00e9s.[\/vc_column_text][vc_empty_space][vc_column_text]Les comptages au vol sont r\u00e9alis\u00e9s par plusieurs d\u00e9partements de la r\u00e9gion Centre dans le cadre d\u2019un partenariat avec le GIFS (<span style=\"color: #e45410\"><strong><a style=\"color: #e45410\" href=\"http:\/\/www.gifs-france.com\" target=\"_blank\" rel=\"noopener\">www.gifs-france.com<\/a><\/strong><\/span>)[\/vc_column_text][vc_empty_space][vc_text_separator title=\u00a0\u00bbB\u00e9casse des bois\u00a0\u00bb color=\u00a0\u00bbcustom\u00a0\u00bb accent_color=\u00a0\u00bb#e45410&Prime;][vc_empty_space][vc_column_text]La FDC45 participe au r\u00e9seau national de suivi des populations de B\u00e9casse des bois \u00e0 travers deux principales actions\u00a0:<br \/>\n&#8211; \u00a0le baguage<br \/>\n&#8211; \u00a0les comptages \u00ab\u00a0croule\u00a0\u00bb<br \/>\nPour chasser la B\u00e9casse des bois, un carnet de pr\u00e9l\u00e8vement est obligatoire sur l\u2019ensemble du territoire national depuis la saison 2011-2012.[\/vc_column_text][vc_empty_space][vc_text_separator title=\u00a0\u00bbPigeon ramier\u00a0\u00bb color=\u00a0\u00bbcustom\u00a0\u00bb accent_color=\u00a0\u00bb#e45410&Prime;][vc_empty_space][vc_column_text]Depuis 2007, la FDC45 r\u00e9alise un suivi des populations de Pigeon ramier en p\u00e9riode de migration par comptage au vol (d\u00e9cembre et janvier) en avion. L\u2019\u00e9volution du nombre d\u2019oiseaux vu d\u2019une ann\u00e9e sur l\u2019autre permet un suivi de la migration\u00a0: p\u00e9riode, densit\u00e9 d\u2019oiseaux, couloir migratoire\u2026[\/vc_column_text][vc_empty_space][vc_column_text]Pour la troisi\u00e8me ann\u00e9e cons\u00e9cutive, les FDC du Loiret, du Loir-et-Cher et du Cher vont r\u00e9aliser \u00e0 deux reprises au cours de l\u2019hiver un d\u00e9nombrement par avion des pigeons en hivernage sur les zones foresti\u00e8res de la r\u00e9gion.[\/vc_column_text][vc_empty_space][vc_single_image image=\u00a0\u00bb3221&Prime; img_size=\u00a0\u00bbfull\u00a0\u00bb alignment=\u00a0\u00bbcenter\u00a0\u00bb][\/vc_column][\/vc_row]<\/p>\n","protected":false},"excerpt":{"rendered":"<p>[vc_row][vc_column][vc_column_text]Dans le Loiret, la FDC45 s&rsquo;appuie principalement sur l\u2019investissement de deux associations d\u00e9partementales pour la gestion des esp\u00e8ces migratrices et le gibier d\u2019eau : le GIC Loire, regroupant les chasseurs des bords de Loire et l&rsquo;ACOML (Association des Chasseurs d\u2019Oiseaux Migrateurs du Loiret).[\/vc_column_text][vc_empty_space][vc_column_text]Le suivi des&#8230;<\/p>\n","protected":false},"author":6,"featured_media":0,"parent":0,"menu_order":0,"comment_status":"closed","ping_status":"closed","template":"","meta":{"_acf_changed":false,"inline_featured_image":false,"_exactmetrics_skip_tracking":false,"_exactmetrics_sitenote_active":false,"_exactmetrics_sitenote_note":"","_exactmetrics_sitenote_category":0,"footnotes":""},"class_list":["post-3218","page","type-page","status-publish","hentry"],"acf":[],"publishpress_future_action":{"enabled":false,"date":"2026-04-18 12:24:38","action":"change-status","newStatus":"draft","terms":[],"taxonomy":"","extraData":[]},"publishpress_future_workflow_manual_trigger":{"enabledWorkflows":[]},"_links":{"self":[{"href":"https:\/\/www.save.chasseurducentrevaldeloire.fr\/fdc45\/wp-json\/wp\/v2\/pages\/3218","targetHints":{"allow":["GET"]}}],"collection":[{"href":"https:\/\/www.save.chasseurducentrevaldeloire.fr\/fdc45\/wp-json\/wp\/v2\/pages"}],"about":[{"href":"https:\/\/www.save.chasseurducentrevaldeloire.fr\/fdc45\/wp-json\/wp\/v2\/types\/page"}],"author":[{"embeddable":true,"href":"https:\/\/www.save.chasseurducentrevaldeloire.fr\/fdc45\/wp-json\/wp\/v2\/users\/6"}],"replies":[{"embeddable":true,"href":"https:\/\/www.save.chasseurducentrevaldeloire.fr\/fdc45\/wp-json\/wp\/v2\/comments?post=3218"}],"version-history":[{"count":4,"href":"https:\/\/www.save.chasseurducentrevaldeloire.fr\/fdc45\/wp-json\/wp\/v2\/pages\/3218\/revisions"}],"predecessor-version":[{"id":5457,"href":"https:\/\/www.save.chasseurducentrevaldeloire.fr\/fdc45\/wp-json\/wp\/v2\/pages\/3218\/revisions\/5457"}],"wp:attachment":[{"href":"https:\/\/www.save.chasseurducentrevaldeloire.fr\/fdc45\/wp-json\/wp\/v2\/media?parent=3218"}],"curies":[{"name":"wp","href":"https:\/\/api.w.org\/{rel}","templated":true}]}}