{"id":3206,"date":"2018-07-03T14:00:55","date_gmt":"2018-07-03T12:00:55","guid":{"rendered":"http:\/\/www.chasseurducentrevaldeloire.fr\/fdc45\/?page_id=3206"},"modified":"2024-06-25T16:02:28","modified_gmt":"2024-06-25T14:02:28","slug":"securite-2","status":"publish","type":"page","link":"https:\/\/www.save.chasseurducentrevaldeloire.fr\/fdc45\/securite-2\/","title":{"rendered":"S\u00e9curit\u00e9"},"content":{"rendered":"<p>[vc_row][vc_column][vc_column_text]<\/p>\n<p style=\"text-align: center\"><strong>CONSIGNES DE S\u00c9CURIT\u00c9 ET D\u2019ORGANISATION EN BATTUE PETIT OU GRAND GIBIERS<\/strong><\/p>\n<p>[\/vc_column_text][vc_empty_space][vc_column_text]La chasse est un loisir, nous devons la pratiquer en toute s\u00e9curit\u00e9. En cas de doute, s\u2019abstenir de tirer est la premi\u00e8re r\u00e8gle de prudence.<\/p>\n<p>1. \u00catre porteur de son permis de chasser accompagn\u00e9<br \/>\nde son attestation d\u2019assurance valable pour la saison en cours.<\/p>\n<p>2. Pour tout d\u00e9placement en v\u00e9hicule, d\u00e9charger puis d\u00e9monter les armes ou les mettre dans une housse.<\/p>\n<p>3. Pour le grand gibier, avoir de pr\u00e9f\u00e9rence une arme \u00e0 canon ray\u00e9 (pour les armes \u00e0 canon lisse, seuls les calibres 12, 16 et 20 sont recommand\u00e9s).<\/p>\n<p>4. D\u00e9conseiller les armes semi-automatiques.<\/p>\n<p>5. Qu\u2019elle soit charg\u00e9e ou non, ne jamais diriger son arme vers une personne. Toutes les manipulations doivent se faire dans une direction non dangereuse et dans une zone de s\u00e9curit\u00e9.<\/p>\n<p>6. En arrivant \u00e0 son poste, rep\u00e9rer ses voisins et se signaler \u00e0 eux.<\/p>\n<p>7. Mat\u00e9rialiser ses deux angles de s\u00e9curit\u00e9 de 30\u00b0 (voir sch\u00e9ma).<\/p>\n<p>8. \u00catre obligatoirement porteur d\u2019une trompe ou pibole afin d\u2019initialiser ou de r\u00e9p\u00e9ter les sonneries.<\/p>\n<p>9. Ne charger son arme qu\u2019au signal de d\u00e9but de battue.<\/p>\n<p>10. Ne jamais se d\u00e9placer au cours de la battue.<\/p>\n<p>11. Au poste, ne jamais diriger ses canons vers ses voisins ou vers la traque (canons vers le sol).<\/p>\n<p>12. Il ne faut pas \u00e9pauler ou viser dans la traque et balayer la ligne des chasseurs post\u00e9s. Il faut \u00e9pauler seulement \u00e0 la sortie de l\u2019angle de 30\u00b0.<\/p>\n<p>13. Le tir dans la traque est vivement d\u00e9conseill\u00e9. De plus, dans le Loiret, le tir des grands cervid\u00e9s est interdit dans la traque (cf. SDGC).<\/p>\n<p>14. Pour le tir \u00e0 plomb aucun tir \u00e0 hauteur d\u2019homme. Pour le tir \u00e0 la carabine, toujours fichant.<\/p>\n<p>15. Ne jamais tirer assis ou \u00e0 genoux.<\/p>\n<p>16. Identifier toujours l\u2019animal avant de tirer.<\/p>\n<p>17. \u00c0 balle, ne pas tirer trop loin (40 \u00e0 50 m\u00e8tres maximum pour une arme \u00e0 canon ray\u00e9, 20 \u00e0 25 m\u00e8tres pour une arme \u00e0 canon lisse).<\/p>\n<p>18. Ne jamais tirer les animaux rentrant dans la battue.<\/p>\n<p>19. D\u00e9charger son arme d\u00e8s le signal de fin de battue et s\u2019assurer que ses voisins ont entendu le signal avant de se d\u00e9placer.<\/p>\n<p>20. Toujours v\u00e9rifier ses tirs.<\/p>\n<p>21. Mat\u00e9rialiser tous les indices de blessures de l\u2019animal tir\u00e9 (sang, poils, morceaux d\u2019os) sans y toucher, puis organiser une recherche (chien de sang).<\/p>\n<p>22. Ne jamais d\u00e9placer un animal soumis \u00e0 un dispositif de marquage (plan de chasse ou plan de gestion sanglier) m\u00eame de quelques m\u00e8tres sans avoir appos\u00e9 celui-ci sur l\u2019animal.<\/p>\n<p>23. Accompagnateurs et rabatteurs doivent respecter les consignes du Pr\u00e9sident de chasse.<\/p>\n<p>24. En cas de manquement au r\u00e8glement, le Pr\u00e9sident de chasse prendra les sanctions n\u00e9cessaires.<\/p>\n<p>25. EN CAS D\u2019ACCIDENT, COMPOSER LE 112 \u00c0 PARTIR DE VOTRE T\u00c9L\u00c9PHONE PORTABLE.[\/vc_column_text][vc_empty_space][\/vc_column][\/vc_row][vc_row][vc_column][vc_column_text]T\u00e9l\u00e9charger la <strong><a href=\"http:\/\/www.chasseurducentrevaldeloire.fr\/fdc45\/wp-content\/uploads\/sites\/9\/2018\/07\/plaquetteSECU.pdf\" target=\"_blank\" rel=\"noopener\"><span style=\"color: #e45410\">plaquette<\/span> <\/a><\/strong>[\/vc_column_text][\/vc_column][\/vc_row]<\/p>\n","protected":false},"excerpt":{"rendered":"<p>[vc_row][vc_column][vc_column_text] CONSIGNES DE S\u00c9CURIT\u00c9 ET D\u2019ORGANISATION EN BATTUE PETIT OU GRAND GIBIERS [\/vc_column_text][vc_empty_space][vc_column_text]La chasse est un loisir, nous devons la pratiquer en toute s\u00e9curit\u00e9. En cas de doute, s\u2019abstenir de tirer est la premi\u00e8re r\u00e8gle de prudence. 1. \u00catre porteur de son permis de chasser&#8230;<\/p>\n","protected":false},"author":6,"featured_media":0,"parent":0,"menu_order":0,"comment_status":"closed","ping_status":"closed","template":"","meta":{"_acf_changed":false,"inline_featured_image":false,"_exactmetrics_skip_tracking":false,"_exactmetrics_sitenote_active":false,"_exactmetrics_sitenote_note":"","_exactmetrics_sitenote_category":0,"footnotes":""},"class_list":["post-3206","page","type-page","status-publish","hentry"],"acf":[],"publishpress_future_action":{"enabled":false,"date":"2026-04-18 12:24:36","action":"change-status","newStatus":"draft","terms":[],"taxonomy":"","extraData":[]},"publishpress_future_workflow_manual_trigger":{"enabledWorkflows":[]},"_links":{"self":[{"href":"https:\/\/www.save.chasseurducentrevaldeloire.fr\/fdc45\/wp-json\/wp\/v2\/pages\/3206","targetHints":{"allow":["GET"]}}],"collection":[{"href":"https:\/\/www.save.chasseurducentrevaldeloire.fr\/fdc45\/wp-json\/wp\/v2\/pages"}],"about":[{"href":"https:\/\/www.save.chasseurducentrevaldeloire.fr\/fdc45\/wp-json\/wp\/v2\/types\/page"}],"author":[{"embeddable":true,"href":"https:\/\/www.save.chasseurducentrevaldeloire.fr\/fdc45\/wp-json\/wp\/v2\/users\/6"}],"replies":[{"embeddable":true,"href":"https:\/\/www.save.chasseurducentrevaldeloire.fr\/fdc45\/wp-json\/wp\/v2\/comments?post=3206"}],"version-history":[{"count":3,"href":"https:\/\/www.save.chasseurducentrevaldeloire.fr\/fdc45\/wp-json\/wp\/v2\/pages\/3206\/revisions"}],"predecessor-version":[{"id":6148,"href":"https:\/\/www.save.chasseurducentrevaldeloire.fr\/fdc45\/wp-json\/wp\/v2\/pages\/3206\/revisions\/6148"}],"wp:attachment":[{"href":"https:\/\/www.save.chasseurducentrevaldeloire.fr\/fdc45\/wp-json\/wp\/v2\/media?parent=3206"}],"curies":[{"name":"wp","href":"https:\/\/api.w.org\/{rel}","templated":true}]}}