{"id":3198,"date":"2018-06-20T09:48:32","date_gmt":"2018-06-20T07:48:32","guid":{"rendered":"http:\/\/www.chasseurducentrevaldeloire.fr\/fdc45\/?page_id=3198"},"modified":"2022-06-20T10:31:22","modified_gmt":"2022-06-20T08:31:22","slug":"actualites","status":"publish","type":"page","link":"https:\/\/www.save.chasseurducentrevaldeloire.fr\/fdc45\/actualites\/","title":{"rendered":"Actualit\u00e9s"},"content":{"rendered":"<p><code class=\"news-full-width\">\t<div class=\"wpnawfree-plugin news-clearfix \" id=\"wpnw-news-1\">\r\n\r\n\t\t\r\n\t\t\t<div id=\"post-6649\" class=\"news type-news wpnaw-blog-class has-date news-col-list wpnaw-first wpnaw-last\">\r\n\t\t\t\t<div class=\"news-inner-wrap-view news-clearfix \">\r\n\r\n\t\t\t\t\t\t\t\t\t\t<div class=\"news-thumb\">\r\n\t\t\t\t\t\t\t\t\t\t\t\t\t<div class=\"grid-news-thumb\">\r\n\t\t\t\t\t\t\t\t<a href=\"https:\/\/www.save.chasseurducentrevaldeloire.fr\/fdc45\/news\/influenza-aviaire-hautement-pathogene-chez-les-grues-cendrees\/\"><img loading=\"lazy\" decoding=\"async\" width=\"768\" height=\"348\" src=\"https:\/\/www.save.chasseurducentrevaldeloire.fr\/fdc45\/wp-content\/uploads\/sites\/9\/2025\/10\/autresoiseaux2019_dgestim_fnc_7_-e1761751924987-768x348.jpg\" class=\"attachment-medium_large size-medium_large wp-post-image\" alt=\"\" srcset=\"https:\/\/www.save.chasseurducentrevaldeloire.fr\/fdc45\/wp-content\/uploads\/sites\/9\/2025\/10\/autresoiseaux2019_dgestim_fnc_7_-e1761751924987-768x348.jpg 768w, https:\/\/www.save.chasseurducentrevaldeloire.fr\/fdc45\/wp-content\/uploads\/sites\/9\/2025\/10\/autresoiseaux2019_dgestim_fnc_7_-e1761751924987-300x136.jpg 300w, https:\/\/www.save.chasseurducentrevaldeloire.fr\/fdc45\/wp-content\/uploads\/sites\/9\/2025\/10\/autresoiseaux2019_dgestim_fnc_7_-e1761751924987.jpg 1000w\" sizes=\"auto, (max-width: 768px) 100vw, 768px\" \/><\/a>\r\n\t\t\t\t\t\t\t<\/div>\r\n\t\t\t\t\t\t\t\t\t\t\t<\/div>\r\n\t\t\t\t\t\r\n\t\t\t\t\t<div class=\"news-content\">\r\n\t\t\t\t\t\t\r\n\t\t\t\t\t\t<div class=\"post-content-text\">\r\n\t\t\t\t\t\t\t<h3 class=\"news-title\"><a href=\"https:\/\/www.save.chasseurducentrevaldeloire.fr\/fdc45\/news\/influenza-aviaire-hautement-pathogene-chez-les-grues-cendrees\/\" rel=\"bookmark\">INFLUENZA AVIAIRE HAUTEMENT PATHOG\u00c8NE CHEZ LES GRUES CENDR\u00c9ES<\/a><\/h3>\t\t\t\t\t\t\t\t<div class=\"news-content-excerpt\">\r\n\t\t\t\t\t\t\t\t\t\t\t\t\t\t\t\t\t\t\t<div class=\"news-short-content\">\r\n\t\t\t\t\t\t\t\t\t\t\tT\u00e9l\u00e9charger : - le communiqu\u00e9 -...\t\t\t\t\t\t\t\t\t\t<\/div>\r\n\t\t\t\t\t\t\t\t\t\t<a href=\"https:\/\/www.save.chasseurducentrevaldeloire.fr\/fdc45\/news\/influenza-aviaire-hautement-pathogene-chez-les-grues-cendrees\/\" class=\"news-more-link\">En savoir plus<\/a>\r\n\t\t\t\t\t\t\t\t\t\t\t\t\t\t\t\t\t<\/div><!-- .entry-content -->\r\n\t\t\t\t\t\t\t\t\t\t\t\t\t<\/div>\r\n\t\t\t\t\t<\/div>\r\n\t\t\t\t<\/div><!-- #post-## -->\r\n\t\t\t<\/div><!-- #post-## -->\r\n\t\t\t\t\t<div class=\"news_pagination wpnw-prev-next\">\r\n\t\t\t\t<a class=\"next page-numbers\" href=\"https:\/\/www.save.chasseurducentrevaldeloire.fr\/fdc45\/wp-json\/wp\/v2\/pages\/3198\/page\/2\/#wpnw-news-1\">Suivante &raquo;<\/a>\t\t\t<\/div>\r\n\t\t\t<\/div>\r\n\r\n\t<\/code><br \/>\n\t<div class=\"wpnawfree-plugin news-clearfix \" id=\"wpnw-news-2\">\r\n\r\n\t\t\r\n\t\t\t<div id=\"post-6657\" class=\"news type-news wpnaw-blog-class has-date news-col-3 wpnaw-first\">\r\n\t\t\t\t<div class=\"news-inner-wrap-view news-clearfix \">\r\n\r\n\t\t\t\t\t\t\t\t\t\t<div class=\"news-thumb\">\r\n\t\t\t\t\t\t\t\t\t\t\t\t\t<div class=\"grid-news-thumb\">\r\n\t\t\t\t\t\t\t\t<a href=\"https:\/\/www.save.chasseurducentrevaldeloire.fr\/fdc45\/news\/cartographie-alerte-degats-de-grand-gibier-aux-cultures-a-rendement-agricole-octobre-2025\/\"><img loading=\"lazy\" decoding=\"async\" width=\"768\" height=\"543\" src=\"https:\/\/www.save.chasseurducentrevaldeloire.fr\/fdc45\/wp-content\/uploads\/sites\/9\/2025\/11\/Alerte-degats-Oct-2025-768x543.jpg\" class=\"attachment-medium_large size-medium_large wp-post-image\" alt=\"\" srcset=\"https:\/\/www.save.chasseurducentrevaldeloire.fr\/fdc45\/wp-content\/uploads\/sites\/9\/2025\/11\/Alerte-degats-Oct-2025-768x543.jpg 768w, https:\/\/www.save.chasseurducentrevaldeloire.fr\/fdc45\/wp-content\/uploads\/sites\/9\/2025\/11\/Alerte-degats-Oct-2025-300x212.jpg 300w, https:\/\/www.save.chasseurducentrevaldeloire.fr\/fdc45\/wp-content\/uploads\/sites\/9\/2025\/11\/Alerte-degats-Oct-2025-1024x724.jpg 1024w, https:\/\/www.save.chasseurducentrevaldeloire.fr\/fdc45\/wp-content\/uploads\/sites\/9\/2025\/11\/Alerte-degats-Oct-2025-1536x1086.jpg 1536w, https:\/\/www.save.chasseurducentrevaldeloire.fr\/fdc45\/wp-content\/uploads\/sites\/9\/2025\/11\/Alerte-degats-Oct-2025-2048x1448.jpg 2048w\" sizes=\"auto, (max-width: 768px) 100vw, 768px\" \/><\/a>\r\n\t\t\t\t\t\t\t<\/div>\r\n\t\t\t\t\t\t\t\t\t\t\t<\/div>\r\n\t\t\t\t\t\r\n\t\t\t\t\t<div class=\"news-content\">\r\n\t\t\t\t\t\t\t\t\t\t\t\t\t<div class=\"grid-date-post\">\r\n\t\t\t\t\t\t\t\t5 novembre 2025\t\t\t\t\t\t\t<\/div>\r\n\t\t\t\t\t\t\r\n\t\t\t\t\t\t<div class=\"post-content-text\">\r\n\t\t\t\t\t\t\t<h3 class=\"news-title\"><a href=\"https:\/\/www.save.chasseurducentrevaldeloire.fr\/fdc45\/news\/cartographie-alerte-degats-de-grand-gibier-aux-cultures-a-rendement-agricole-octobre-2025\/\" rel=\"bookmark\">Cartographie \u00ab Alerte D\u00e9g\u00e2ts de Grand Gibier aux cultures \u00e0 rendement agricole \u00bb : Octobre 2025<\/a><\/h3>\t\t\t\t\t\t\t\t<div class=\"news-content-excerpt\">\r\n\t\t\t\t\t\t\t\t\t\t\t\t\t\t\t\t\t\t\t<div class=\"news-short-content\">\r\n\t\t\t\t\t\t\t\t\t\t\tAfin de permettre \u00e0 tous d\u2019agir...\t\t\t\t\t\t\t\t\t\t<\/div>\r\n\t\t\t\t\t\t\t\t\t\t<a href=\"https:\/\/www.save.chasseurducentrevaldeloire.fr\/fdc45\/news\/cartographie-alerte-degats-de-grand-gibier-aux-cultures-a-rendement-agricole-octobre-2025\/\" class=\"news-more-link\">En savoir plus<\/a>\r\n\t\t\t\t\t\t\t\t\t\t\t\t\t\t\t\t\t<\/div><!-- .entry-content -->\r\n\t\t\t\t\t\t\t\t\t\t\t\t\t<\/div>\r\n\t\t\t\t\t<\/div>\r\n\t\t\t\t<\/div><!-- #post-## -->\r\n\t\t\t<\/div><!-- #post-## -->\r\n\t\t\r\n\t\t\t<div id=\"post-5682\" class=\"news type-news wpnaw-blog-class has-date news-col-3\">\r\n\t\t\t\t<div class=\"news-inner-wrap-view news-clearfix \">\r\n\r\n\t\t\t\t\t\t\t\t\t\t<div class=\"news-thumb\">\r\n\t\t\t\t\t\t\t\t\t\t\t\t\t<div class=\"grid-news-thumb\">\r\n\t\t\t\t\t\t\t\t<a href=\"https:\/\/www.save.chasseurducentrevaldeloire.fr\/fdc45\/news\/un-nouveau-cas-de-grippe-aviaire-dans-le-loiret\/\"><img loading=\"lazy\" decoding=\"async\" width=\"768\" height=\"336\" src=\"https:\/\/www.save.chasseurducentrevaldeloire.fr\/fdc45\/wp-content\/uploads\/sites\/9\/2022\/11\/anatides_dgest_fnc_201900035-e1671533211974-768x336.jpg\" class=\"attachment-medium_large size-medium_large wp-post-image\" alt=\"\" srcset=\"https:\/\/www.save.chasseurducentrevaldeloire.fr\/fdc45\/wp-content\/uploads\/sites\/9\/2022\/11\/anatides_dgest_fnc_201900035-e1671533211974-768x336.jpg 768w, https:\/\/www.save.chasseurducentrevaldeloire.fr\/fdc45\/wp-content\/uploads\/sites\/9\/2022\/11\/anatides_dgest_fnc_201900035-e1671533211974-300x131.jpg 300w, https:\/\/www.save.chasseurducentrevaldeloire.fr\/fdc45\/wp-content\/uploads\/sites\/9\/2022\/11\/anatides_dgest_fnc_201900035-e1671533211974.jpg 1000w\" sizes=\"auto, (max-width: 768px) 100vw, 768px\" \/><\/a>\r\n\t\t\t\t\t\t\t<\/div>\r\n\t\t\t\t\t\t\t\t\t\t\t<\/div>\r\n\t\t\t\t\t\r\n\t\t\t\t\t<div class=\"news-content\">\r\n\t\t\t\t\t\t\t\t\t\t\t\t\t<div class=\"grid-date-post\">\r\n\t\t\t\t\t\t\t\t23 octobre 2025\t\t\t\t\t\t\t<\/div>\r\n\t\t\t\t\t\t\r\n\t\t\t\t\t\t<div class=\"post-content-text\">\r\n\t\t\t\t\t\t\t<h3 class=\"news-title\"><a href=\"https:\/\/www.save.chasseurducentrevaldeloire.fr\/fdc45\/news\/un-nouveau-cas-de-grippe-aviaire-dans-le-loiret\/\" rel=\"bookmark\">Influenza aviaire : passage au niveau de risque maximal<\/a><\/h3>\t\t\t\t\t\t\t\t<div class=\"news-content-excerpt\">\r\n\t\t\t\t\t\t\t\t\t\t\t\t\t\t\t\t\t\t\t<div class=\"news-short-content\">\r\n\t\t\t\t\t\t\t\t\t\t\tDepuis le 10 octobre, quatre foyers...\t\t\t\t\t\t\t\t\t\t<\/div>\r\n\t\t\t\t\t\t\t\t\t\t<a href=\"https:\/\/www.save.chasseurducentrevaldeloire.fr\/fdc45\/news\/un-nouveau-cas-de-grippe-aviaire-dans-le-loiret\/\" class=\"news-more-link\">En savoir plus<\/a>\r\n\t\t\t\t\t\t\t\t\t\t\t\t\t\t\t\t\t<\/div><!-- .entry-content -->\r\n\t\t\t\t\t\t\t\t\t\t\t\t\t<\/div>\r\n\t\t\t\t\t<\/div>\r\n\t\t\t\t<\/div><!-- #post-## -->\r\n\t\t\t<\/div><!-- #post-## -->\r\n\t\t\r\n\t\t\t<div id=\"post-6617\" class=\"news type-news wpnaw-blog-class has-date news-col-3 wpnaw-last\">\r\n\t\t\t\t<div class=\"news-inner-wrap-view news-clearfix \">\r\n\r\n\t\t\t\t\t\t\t\t\t\t<div class=\"news-thumb\">\r\n\t\t\t\t\t\t\t\t\t\t\t\t\t<div class=\"grid-news-thumb\">\r\n\t\t\t\t\t\t\t\t<a href=\"https:\/\/www.save.chasseurducentrevaldeloire.fr\/fdc45\/news\/nouvelles-dispositions-nationales-2025-2026\/\"><img loading=\"lazy\" decoding=\"async\" width=\"768\" height=\"346\" src=\"https:\/\/www.save.chasseurducentrevaldeloire.fr\/fdc45\/wp-content\/uploads\/sites\/9\/2025\/08\/Oiseaux_anatides_dgest_fnc20240024-768x346.jpg\" class=\"attachment-medium_large size-medium_large wp-post-image\" alt=\"\" srcset=\"https:\/\/www.save.chasseurducentrevaldeloire.fr\/fdc45\/wp-content\/uploads\/sites\/9\/2025\/08\/Oiseaux_anatides_dgest_fnc20240024-768x346.jpg 768w, https:\/\/www.save.chasseurducentrevaldeloire.fr\/fdc45\/wp-content\/uploads\/sites\/9\/2025\/08\/Oiseaux_anatides_dgest_fnc20240024-300x135.jpg 300w, https:\/\/www.save.chasseurducentrevaldeloire.fr\/fdc45\/wp-content\/uploads\/sites\/9\/2025\/08\/Oiseaux_anatides_dgest_fnc20240024.jpg 1000w\" sizes=\"auto, (max-width: 768px) 100vw, 768px\" \/><\/a>\r\n\t\t\t\t\t\t\t<\/div>\r\n\t\t\t\t\t\t\t\t\t\t\t<\/div>\r\n\t\t\t\t\t\r\n\t\t\t\t\t<div class=\"news-content\">\r\n\t\t\t\t\t\t\t\t\t\t\t\t\t<div class=\"grid-date-post\">\r\n\t\t\t\t\t\t\t\t30 septembre 2025\t\t\t\t\t\t\t<\/div>\r\n\t\t\t\t\t\t\r\n\t\t\t\t\t\t<div class=\"post-content-text\">\r\n\t\t\t\t\t\t\t<h3 class=\"news-title\"><a href=\"https:\/\/www.save.chasseurducentrevaldeloire.fr\/fdc45\/news\/nouvelles-dispositions-nationales-2025-2026\/\" rel=\"bookmark\">Nouvelles dispositions nationales 2025-2026<\/a><\/h3>\t\t\t\t\t\t\t\t<div class=\"news-content-excerpt\">\r\n\t\t\t\t\t\t\t\t\t\t\t\t\t\t\t\t\t\t\t<div class=\"news-short-content\">\r\n\t\t\t\t\t\t\t\t\t\t\tConsulter les nouvelles dispositions\t\t\t\t\t\t\t\t\t\t<\/div>\r\n\t\t\t\t\t\t\t\t\t\t<a href=\"https:\/\/www.save.chasseurducentrevaldeloire.fr\/fdc45\/news\/nouvelles-dispositions-nationales-2025-2026\/\" class=\"news-more-link\">En savoir plus<\/a>\r\n\t\t\t\t\t\t\t\t\t\t\t\t\t\t\t\t\t<\/div><!-- .entry-content -->\r\n\t\t\t\t\t\t\t\t\t\t\t\t\t<\/div>\r\n\t\t\t\t\t<\/div>\r\n\t\t\t\t<\/div><!-- #post-## -->\r\n\t\t\t<\/div><!-- #post-## -->\r\n\t\t\r\n\t\t\t<div id=\"post-6621\" class=\"news type-news wpnaw-blog-class has-date news-col-3 wpnaw-first\">\r\n\t\t\t\t<div class=\"news-inner-wrap-view news-clearfix \">\r\n\r\n\t\t\t\t\t\t\t\t\t\t<div class=\"news-thumb\">\r\n\t\t\t\t\t\t\t\t\t\t\t\t\t<div class=\"grid-news-thumb\">\r\n\t\t\t\t\t\t\t\t<a href=\"https:\/\/www.save.chasseurducentrevaldeloire.fr\/fdc45\/news\/cartographie-alerte-degats-de-grand-gibier-aux-cultures-a-rendement-agricole-aout-2025\/\"><img loading=\"lazy\" decoding=\"async\" width=\"768\" height=\"543\" src=\"https:\/\/www.save.chasseurducentrevaldeloire.fr\/fdc45\/wp-content\/uploads\/sites\/9\/2025\/09\/Alerte-degats-AOUT-2025-V2-768x543.png\" class=\"attachment-medium_large size-medium_large wp-post-image\" alt=\"\" srcset=\"https:\/\/www.save.chasseurducentrevaldeloire.fr\/fdc45\/wp-content\/uploads\/sites\/9\/2025\/09\/Alerte-degats-AOUT-2025-V2-768x543.png 768w, https:\/\/www.save.chasseurducentrevaldeloire.fr\/fdc45\/wp-content\/uploads\/sites\/9\/2025\/09\/Alerte-degats-AOUT-2025-V2-300x212.png 300w, https:\/\/www.save.chasseurducentrevaldeloire.fr\/fdc45\/wp-content\/uploads\/sites\/9\/2025\/09\/Alerte-degats-AOUT-2025-V2-1024x724.png 1024w, https:\/\/www.save.chasseurducentrevaldeloire.fr\/fdc45\/wp-content\/uploads\/sites\/9\/2025\/09\/Alerte-degats-AOUT-2025-V2-1536x1086.png 1536w, https:\/\/www.save.chasseurducentrevaldeloire.fr\/fdc45\/wp-content\/uploads\/sites\/9\/2025\/09\/Alerte-degats-AOUT-2025-V2-2048x1448.png 2048w\" sizes=\"auto, (max-width: 768px) 100vw, 768px\" \/><\/a>\r\n\t\t\t\t\t\t\t<\/div>\r\n\t\t\t\t\t\t\t\t\t\t\t<\/div>\r\n\t\t\t\t\t\r\n\t\t\t\t\t<div class=\"news-content\">\r\n\t\t\t\t\t\t\t\t\t\t\t\t\t<div class=\"grid-date-post\">\r\n\t\t\t\t\t\t\t\t1 septembre 2025\t\t\t\t\t\t\t<\/div>\r\n\t\t\t\t\t\t\r\n\t\t\t\t\t\t<div class=\"post-content-text\">\r\n\t\t\t\t\t\t\t<h3 class=\"news-title\"><a href=\"https:\/\/www.save.chasseurducentrevaldeloire.fr\/fdc45\/news\/cartographie-alerte-degats-de-grand-gibier-aux-cultures-a-rendement-agricole-aout-2025\/\" rel=\"bookmark\">Cartographie \u00ab Alerte D\u00e9g\u00e2ts de Grand Gibier aux cultures \u00e0 rendement agricole \u00bb : Ao\u00fbt 2025<\/a><\/h3>\t\t\t\t\t\t\t\t<div class=\"news-content-excerpt\">\r\n\t\t\t\t\t\t\t\t\t\t\t\t\t\t\t\t\t\t\t<div class=\"news-short-content\">\r\n\t\t\t\t\t\t\t\t\t\t\tAfin de permettre \u00e0 tous d\u2019agir...\t\t\t\t\t\t\t\t\t\t<\/div>\r\n\t\t\t\t\t\t\t\t\t\t<a href=\"https:\/\/www.save.chasseurducentrevaldeloire.fr\/fdc45\/news\/cartographie-alerte-degats-de-grand-gibier-aux-cultures-a-rendement-agricole-aout-2025\/\" class=\"news-more-link\">En savoir plus<\/a>\r\n\t\t\t\t\t\t\t\t\t\t\t\t\t\t\t\t\t<\/div><!-- .entry-content -->\r\n\t\t\t\t\t\t\t\t\t\t\t\t\t<\/div>\r\n\t\t\t\t\t<\/div>\r\n\t\t\t\t<\/div><!-- #post-## -->\r\n\t\t\t<\/div><!-- #post-## -->\r\n\t\t\r\n\t\t\t<div id=\"post-6608\" class=\"news type-news wpnaw-blog-class has-date news-col-3\">\r\n\t\t\t\t<div class=\"news-inner-wrap-view news-clearfix \">\r\n\r\n\t\t\t\t\t\t\t\t\t\t<div class=\"news-thumb\">\r\n\t\t\t\t\t\t\t\t\t\t\t\t\t<div class=\"grid-news-thumb\">\r\n\t\t\t\t\t\t\t\t<a href=\"https:\/\/www.save.chasseurducentrevaldeloire.fr\/fdc45\/news\/chassadapt-lapplication-pour-declarer-vos-prelevements-a-la-chasse\/\"><img loading=\"lazy\" decoding=\"async\" width=\"768\" height=\"1707\" src=\"https:\/\/www.save.chasseurducentrevaldeloire.fr\/fdc45\/wp-content\/uploads\/sites\/9\/2025\/08\/AppliChassadapt-scaled-1-768x1707.jpg\" class=\"attachment-medium_large size-medium_large wp-post-image\" alt=\"\" srcset=\"https:\/\/www.save.chasseurducentrevaldeloire.fr\/fdc45\/wp-content\/uploads\/sites\/9\/2025\/08\/AppliChassadapt-scaled-1-768x1707.jpg 768w, https:\/\/www.save.chasseurducentrevaldeloire.fr\/fdc45\/wp-content\/uploads\/sites\/9\/2025\/08\/AppliChassadapt-scaled-1-135x300.jpg 135w, https:\/\/www.save.chasseurducentrevaldeloire.fr\/fdc45\/wp-content\/uploads\/sites\/9\/2025\/08\/AppliChassadapt-scaled-1-461x1024.jpg 461w, https:\/\/www.save.chasseurducentrevaldeloire.fr\/fdc45\/wp-content\/uploads\/sites\/9\/2025\/08\/AppliChassadapt-scaled-1-691x1536.jpg 691w, https:\/\/www.save.chasseurducentrevaldeloire.fr\/fdc45\/wp-content\/uploads\/sites\/9\/2025\/08\/AppliChassadapt-scaled-1-922x2048.jpg 922w, https:\/\/www.save.chasseurducentrevaldeloire.fr\/fdc45\/wp-content\/uploads\/sites\/9\/2025\/08\/AppliChassadapt-scaled-1.jpg 1152w\" sizes=\"auto, (max-width: 768px) 100vw, 768px\" \/><\/a>\r\n\t\t\t\t\t\t\t<\/div>\r\n\t\t\t\t\t\t\t\t\t\t\t<\/div>\r\n\t\t\t\t\t\r\n\t\t\t\t\t<div class=\"news-content\">\r\n\t\t\t\t\t\t\t\t\t\t\t\t\t<div class=\"grid-date-post\">\r\n\t\t\t\t\t\t\t\t28 ao\u00fbt 2025\t\t\t\t\t\t\t<\/div>\r\n\t\t\t\t\t\t\r\n\t\t\t\t\t\t<div class=\"post-content-text\">\r\n\t\t\t\t\t\t\t<h3 class=\"news-title\"><a href=\"https:\/\/www.save.chasseurducentrevaldeloire.fr\/fdc45\/news\/chassadapt-lapplication-pour-declarer-vos-prelevements-a-la-chasse\/\" rel=\"bookmark\">Chassadapt : l\u2019application pour d\u00e9clarer vos pr\u00e9l\u00e8vements \u00e0 la chasse<\/a><\/h3>\t\t\t\t\t\t\t\t<div class=\"news-content-excerpt\">\r\n\t\t\t\t\t\t\t\t\t\t\t\t\t\t\t\t\t\t\t<div class=\"news-short-content\">\r\n\t\t\t\t\t\t\t\t\t\t\tDeux tutoriels ont \u00e9t\u00e9 cr\u00e9\u00e9s par...\t\t\t\t\t\t\t\t\t\t<\/div>\r\n\t\t\t\t\t\t\t\t\t\t<a href=\"https:\/\/www.save.chasseurducentrevaldeloire.fr\/fdc45\/news\/chassadapt-lapplication-pour-declarer-vos-prelevements-a-la-chasse\/\" class=\"news-more-link\">En savoir plus<\/a>\r\n\t\t\t\t\t\t\t\t\t\t\t\t\t\t\t\t\t<\/div><!-- .entry-content -->\r\n\t\t\t\t\t\t\t\t\t\t\t\t\t<\/div>\r\n\t\t\t\t\t<\/div>\r\n\t\t\t\t<\/div><!-- #post-## -->\r\n\t\t\t<\/div><!-- #post-## -->\r\n\t\t\r\n\t\t\t<div id=\"post-6598\" class=\"news type-news wpnaw-blog-class has-date news-col-3 wpnaw-last\">\r\n\t\t\t\t<div class=\"news-inner-wrap-view news-clearfix \">\r\n\r\n\t\t\t\t\t\t\t\t\t\t<div class=\"news-thumb\">\r\n\t\t\t\t\t\t\t\t\t\t\t\t\t<div class=\"grid-news-thumb\">\r\n\t\t\t\t\t\t\t\t<a href=\"https:\/\/www.save.chasseurducentrevaldeloire.fr\/fdc45\/news\/cartographie-alerte-degats-de-grand-gibier-aux-cultures-a-rendement-agricole-juillet-2025\/\"><img loading=\"lazy\" decoding=\"async\" width=\"768\" height=\"543\" src=\"https:\/\/www.save.chasseurducentrevaldeloire.fr\/fdc45\/wp-content\/uploads\/sites\/9\/2025\/08\/Alerte-degats-JUILLET-2025-768x543.png\" class=\"attachment-medium_large size-medium_large wp-post-image\" alt=\"\" srcset=\"https:\/\/www.save.chasseurducentrevaldeloire.fr\/fdc45\/wp-content\/uploads\/sites\/9\/2025\/08\/Alerte-degats-JUILLET-2025-768x543.png 768w, https:\/\/www.save.chasseurducentrevaldeloire.fr\/fdc45\/wp-content\/uploads\/sites\/9\/2025\/08\/Alerte-degats-JUILLET-2025-300x212.png 300w, https:\/\/www.save.chasseurducentrevaldeloire.fr\/fdc45\/wp-content\/uploads\/sites\/9\/2025\/08\/Alerte-degats-JUILLET-2025-1024x724.png 1024w, https:\/\/www.save.chasseurducentrevaldeloire.fr\/fdc45\/wp-content\/uploads\/sites\/9\/2025\/08\/Alerte-degats-JUILLET-2025-1536x1086.png 1536w, https:\/\/www.save.chasseurducentrevaldeloire.fr\/fdc45\/wp-content\/uploads\/sites\/9\/2025\/08\/Alerte-degats-JUILLET-2025-2048x1448.png 2048w\" sizes=\"auto, (max-width: 768px) 100vw, 768px\" \/><\/a>\r\n\t\t\t\t\t\t\t<\/div>\r\n\t\t\t\t\t\t\t\t\t\t\t<\/div>\r\n\t\t\t\t\t\r\n\t\t\t\t\t<div class=\"news-content\">\r\n\t\t\t\t\t\t\t\t\t\t\t\t\t<div class=\"grid-date-post\">\r\n\t\t\t\t\t\t\t\t1 ao\u00fbt 2025\t\t\t\t\t\t\t<\/div>\r\n\t\t\t\t\t\t\r\n\t\t\t\t\t\t<div class=\"post-content-text\">\r\n\t\t\t\t\t\t\t<h3 class=\"news-title\"><a href=\"https:\/\/www.save.chasseurducentrevaldeloire.fr\/fdc45\/news\/cartographie-alerte-degats-de-grand-gibier-aux-cultures-a-rendement-agricole-juillet-2025\/\" rel=\"bookmark\">Cartographie \u00ab Alerte D\u00e9g\u00e2ts de Grand Gibier aux cultures \u00e0 rendement agricole \u00bb : Juillet 2025<\/a><\/h3>\t\t\t\t\t\t\t\t<div class=\"news-content-excerpt\">\r\n\t\t\t\t\t\t\t\t\t\t\t\t\t\t\t\t\t\t\t<div class=\"news-short-content\">\r\n\t\t\t\t\t\t\t\t\t\t\tAfin de permettre \u00e0 tous d\u2019agir...\t\t\t\t\t\t\t\t\t\t<\/div>\r\n\t\t\t\t\t\t\t\t\t\t<a href=\"https:\/\/www.save.chasseurducentrevaldeloire.fr\/fdc45\/news\/cartographie-alerte-degats-de-grand-gibier-aux-cultures-a-rendement-agricole-juillet-2025\/\" class=\"news-more-link\">En savoir plus<\/a>\r\n\t\t\t\t\t\t\t\t\t\t\t\t\t\t\t\t\t<\/div><!-- .entry-content -->\r\n\t\t\t\t\t\t\t\t\t\t\t\t\t<\/div>\r\n\t\t\t\t\t<\/div>\r\n\t\t\t\t<\/div><!-- #post-## -->\r\n\t\t\t<\/div><!-- #post-## -->\r\n\t\t\r\n\t\t\t<div id=\"post-6590\" class=\"news type-news wpnaw-blog-class has-date news-col-3 wpnaw-first\">\r\n\t\t\t\t<div class=\"news-inner-wrap-view news-clearfix \">\r\n\r\n\t\t\t\t\t\t\t\t\t\t<div class=\"news-thumb\">\r\n\t\t\t\t\t\t\t\t\t\t\t\t\t<div class=\"grid-news-thumb\">\r\n\t\t\t\t\t\t\t\t<a href=\"https:\/\/www.save.chasseurducentrevaldeloire.fr\/fdc45\/news\/chasseurs-mobilisez-vous\/\"><img loading=\"lazy\" decoding=\"async\" width=\"768\" height=\"432\" src=\"https:\/\/www.save.chasseurducentrevaldeloire.fr\/fdc45\/wp-content\/uploads\/sites\/9\/2025\/07\/content-768x432.jpg\" class=\"attachment-medium_large size-medium_large wp-post-image\" alt=\"\" srcset=\"https:\/\/www.save.chasseurducentrevaldeloire.fr\/fdc45\/wp-content\/uploads\/sites\/9\/2025\/07\/content-768x432.jpg 768w, https:\/\/www.save.chasseurducentrevaldeloire.fr\/fdc45\/wp-content\/uploads\/sites\/9\/2025\/07\/content-300x169.jpg 300w, https:\/\/www.save.chasseurducentrevaldeloire.fr\/fdc45\/wp-content\/uploads\/sites\/9\/2025\/07\/content-1024x576.jpg 1024w, https:\/\/www.save.chasseurducentrevaldeloire.fr\/fdc45\/wp-content\/uploads\/sites\/9\/2025\/07\/content-1536x864.jpg 1536w, https:\/\/www.save.chasseurducentrevaldeloire.fr\/fdc45\/wp-content\/uploads\/sites\/9\/2025\/07\/content-2048x1152.jpg 2048w\" sizes=\"auto, (max-width: 768px) 100vw, 768px\" \/><\/a>\r\n\t\t\t\t\t\t\t<\/div>\r\n\t\t\t\t\t\t\t\t\t\t\t<\/div>\r\n\t\t\t\t\t\r\n\t\t\t\t\t<div class=\"news-content\">\r\n\t\t\t\t\t\t\t\t\t\t\t\t\t<div class=\"grid-date-post\">\r\n\t\t\t\t\t\t\t\t31 juillet 2025\t\t\t\t\t\t\t<\/div>\r\n\t\t\t\t\t\t\r\n\t\t\t\t\t\t<div class=\"post-content-text\">\r\n\t\t\t\t\t\t\t<h3 class=\"news-title\"><a href=\"https:\/\/www.save.chasseurducentrevaldeloire.fr\/fdc45\/news\/chasseurs-mobilisez-vous\/\" rel=\"bookmark\">Chasseurs, mobilisez-vous !\u00a0<\/a><\/h3>\t\t\t\t\t\t\t\t<div class=\"news-content-excerpt\">\r\n\t\t\t\t\t\t\t\t\t\t\t\t\t\t\t\t\t\t\t<div class=\"news-short-content\">\r\n\t\t\t\t\t\t\t\t\t\t\tChasseurs, ne restez pas silencieux !...\t\t\t\t\t\t\t\t\t\t<\/div>\r\n\t\t\t\t\t\t\t\t\t\t<a href=\"https:\/\/www.save.chasseurducentrevaldeloire.fr\/fdc45\/news\/chasseurs-mobilisez-vous\/\" class=\"news-more-link\">En savoir plus<\/a>\r\n\t\t\t\t\t\t\t\t\t\t\t\t\t\t\t\t\t<\/div><!-- .entry-content -->\r\n\t\t\t\t\t\t\t\t\t\t\t\t\t<\/div>\r\n\t\t\t\t\t<\/div>\r\n\t\t\t\t<\/div><!-- #post-## -->\r\n\t\t\t<\/div><!-- #post-## -->\r\n\t\t\r\n\t\t\t<div id=\"post-6580\" class=\"news type-news wpnaw-blog-class has-date news-col-3\">\r\n\t\t\t\t<div class=\"news-inner-wrap-view news-clearfix \">\r\n\r\n\t\t\t\t\t\t\t\t\t\t<div class=\"news-thumb\">\r\n\t\t\t\t\t\t\t\t\t\t\t\t\t<div class=\"grid-news-thumb\">\r\n\t\t\t\t\t\t\t\t<a href=\"https:\/\/www.save.chasseurducentrevaldeloire.fr\/fdc45\/news\/ouverture-de-la-chasse-du-gibier-deau-et-des-oiseaux-de-passage\/\"><img loading=\"lazy\" decoding=\"async\" width=\"768\" height=\"432\" src=\"https:\/\/www.save.chasseurducentrevaldeloire.fr\/fdc45\/wp-content\/uploads\/sites\/9\/2025\/07\/PigeonRamier-768x432.jpg\" class=\"attachment-medium_large size-medium_large wp-post-image\" alt=\"\" srcset=\"https:\/\/www.save.chasseurducentrevaldeloire.fr\/fdc45\/wp-content\/uploads\/sites\/9\/2025\/07\/PigeonRamier-768x432.jpg 768w, https:\/\/www.save.chasseurducentrevaldeloire.fr\/fdc45\/wp-content\/uploads\/sites\/9\/2025\/07\/PigeonRamier-300x169.jpg 300w, https:\/\/www.save.chasseurducentrevaldeloire.fr\/fdc45\/wp-content\/uploads\/sites\/9\/2025\/07\/PigeonRamier-1024x576.jpg 1024w, https:\/\/www.save.chasseurducentrevaldeloire.fr\/fdc45\/wp-content\/uploads\/sites\/9\/2025\/07\/PigeonRamier-1536x864.jpg 1536w, https:\/\/www.save.chasseurducentrevaldeloire.fr\/fdc45\/wp-content\/uploads\/sites\/9\/2025\/07\/PigeonRamier-2048x1152.jpg 2048w\" sizes=\"auto, (max-width: 768px) 100vw, 768px\" \/><\/a>\r\n\t\t\t\t\t\t\t<\/div>\r\n\t\t\t\t\t\t\t\t\t\t\t<\/div>\r\n\t\t\t\t\t\r\n\t\t\t\t\t<div class=\"news-content\">\r\n\t\t\t\t\t\t\t\t\t\t\t\t\t<div class=\"grid-date-post\">\r\n\t\t\t\t\t\t\t\t23 juillet 2025\t\t\t\t\t\t\t<\/div>\r\n\t\t\t\t\t\t\r\n\t\t\t\t\t\t<div class=\"post-content-text\">\r\n\t\t\t\t\t\t\t<h3 class=\"news-title\"><a href=\"https:\/\/www.save.chasseurducentrevaldeloire.fr\/fdc45\/news\/ouverture-de-la-chasse-du-gibier-deau-et-des-oiseaux-de-passage\/\" rel=\"bookmark\">Ouverture de la chasse du gibier d\u2019eau et des oiseaux de passage<\/a><\/h3>\t\t\t\t\t\t\t\t<div class=\"news-content-excerpt\">\r\n\t\t\t\t\t\t\t\t\t\t\t\t\t\t\t\t\t\t\t<div class=\"news-short-content\">\r\n\t\t\t\t\t\t\t\t\t\t\tRetrouvez dans le document t\u00e9l\u00e9chargeable ci-dessous...\t\t\t\t\t\t\t\t\t\t<\/div>\r\n\t\t\t\t\t\t\t\t\t\t<a href=\"https:\/\/www.save.chasseurducentrevaldeloire.fr\/fdc45\/news\/ouverture-de-la-chasse-du-gibier-deau-et-des-oiseaux-de-passage\/\" class=\"news-more-link\">En savoir plus<\/a>\r\n\t\t\t\t\t\t\t\t\t\t\t\t\t\t\t\t\t<\/div><!-- .entry-content -->\r\n\t\t\t\t\t\t\t\t\t\t\t\t\t<\/div>\r\n\t\t\t\t\t<\/div>\r\n\t\t\t\t<\/div><!-- #post-## -->\r\n\t\t\t<\/div><!-- #post-## -->\r\n\t\t\t\t\t<div class=\"news_pagination wpnw-numeric\">\r\n\t\t\t\t<span aria-current=\"page\" class=\"page-numbers current\">1<\/span>\n<a class=\"page-numbers\" href=\"https:\/\/www.save.chasseurducentrevaldeloire.fr\/fdc45\/wp-json\/wp\/v2\/pages\/3198\/page\/2\/#wpnw-news-2\">2<\/a>\n<a class=\"page-numbers\" href=\"https:\/\/www.save.chasseurducentrevaldeloire.fr\/fdc45\/wp-json\/wp\/v2\/pages\/3198\/page\/3\/#wpnw-news-2\">3<\/a>\n<span class=\"page-numbers dots\">\u2026<\/span>\n<a class=\"page-numbers\" href=\"https:\/\/www.save.chasseurducentrevaldeloire.fr\/fdc45\/wp-json\/wp\/v2\/pages\/3198\/page\/9\/#wpnw-news-2\">9<\/a>\n<a class=\"next page-numbers\" href=\"https:\/\/www.save.chasseurducentrevaldeloire.fr\/fdc45\/wp-json\/wp\/v2\/pages\/3198\/page\/2\/#wpnw-news-2\">Suivante &raquo;<\/a>\t\t\t<\/div>\r\n\t\t\t<\/div>\n","protected":false},"excerpt":{"rendered":"Retrouvez dans le document t\u00e9l\u00e9chargeable ci-dessous toutes les dates d\u2019ouverture de la chasse des oiseaux de passage et du gibier d\u2019eau pour la saison 2025\/2026. Certains textes \u00e9tant encore en attente de publication au Journal Officiel quant aux conditions de chasse (quotas, PMA\u2026) un suivi...","protected":false},"author":2,"featured_media":0,"parent":0,"menu_order":0,"comment_status":"closed","ping_status":"closed","template":"","meta":{"_acf_changed":false,"inline_featured_image":false,"_exactmetrics_skip_tracking":false,"_exactmetrics_sitenote_active":false,"_exactmetrics_sitenote_note":"","_exactmetrics_sitenote_category":0,"footnotes":""},"class_list":["post-3198","page","type-page","status-publish","hentry"],"acf":[],"publishpress_future_action":{"enabled":false,"date":"2026-04-18 12:24:43","action":"change-status","newStatus":"draft","terms":[],"taxonomy":"","extraData":[]},"publishpress_future_workflow_manual_trigger":{"enabledWorkflows":[]},"_links":{"self":[{"href":"https:\/\/www.save.chasseurducentrevaldeloire.fr\/fdc45\/wp-json\/wp\/v2\/pages\/3198","targetHints":{"allow":["GET"]}}],"collection":[{"href":"https:\/\/www.save.chasseurducentrevaldeloire.fr\/fdc45\/wp-json\/wp\/v2\/pages"}],"about":[{"href":"https:\/\/www.save.chasseurducentrevaldeloire.fr\/fdc45\/wp-json\/wp\/v2\/types\/page"}],"author":[{"embeddable":true,"href":"https:\/\/www.save.chasseurducentrevaldeloire.fr\/fdc45\/wp-json\/wp\/v2\/users\/2"}],"replies":[{"embeddable":true,"href":"https:\/\/www.save.chasseurducentrevaldeloire.fr\/fdc45\/wp-json\/wp\/v2\/comments?post=3198"}],"version-history":[{"count":3,"href":"https:\/\/www.save.chasseurducentrevaldeloire.fr\/fdc45\/wp-json\/wp\/v2\/pages\/3198\/revisions"}],"predecessor-version":[{"id":5428,"href":"https:\/\/www.save.chasseurducentrevaldeloire.fr\/fdc45\/wp-json\/wp\/v2\/pages\/3198\/revisions\/5428"}],"wp:attachment":[{"href":"https:\/\/www.save.chasseurducentrevaldeloire.fr\/fdc45\/wp-json\/wp\/v2\/media?parent=3198"}],"curies":[{"name":"wp","href":"https:\/\/api.w.org\/{rel}","templated":true}]}}