{"id":3174,"date":"2018-06-08T15:43:41","date_gmt":"2018-06-08T13:43:41","guid":{"rendered":"http:\/\/www.chasseurducentrevaldeloire.fr\/fdc45\/?page_id=3174"},"modified":"2025-04-29T14:55:23","modified_gmt":"2025-04-29T12:55:23","slug":"documents-statutaires","status":"publish","type":"page","link":"https:\/\/www.save.chasseurducentrevaldeloire.fr\/fdc45\/documents-statutaires\/","title":{"rendered":"Documents Statutaires"},"content":{"rendered":"<p>[vc_row][vc_column][vc_column_text]<strong>Une association agr\u00e9\u00e9e au titre de la protection de l\u2019environnement et habilit\u00e9e \u00e0 participer au d\u00e9bat sur cette m\u00eame th\u00e9matique (Arr\u00eat\u00e9 pr\u00e9fectoral du 1<sup>er<\/sup> octobre 2012)<\/strong><\/p>\n<p>&nbsp;<\/p>\n<p>Conform\u00e9ment aux dispositions de l&rsquo;article R 141-19 du Code de l\u2019Environnement, et en application de l&rsquo;article R 141-25, la FDC45 se doit de publier sur son site internet les documents statutaires relatifs \u00e0 son activit\u00e9. Vous trouverez ci-joint en t\u00e9l\u00e9chargement\u00a0:<\/p>\n<p>&nbsp;<\/p>\n<p><strong>Documents 2025<\/strong><\/p>\n<ul>\n<li><a href=\"https:\/\/www.chasseurducentrevaldeloire.fr\/fdc45\/wp-content\/uploads\/sites\/9\/2025\/03\/FDCL-RCA-2024_compressed.pdf\" target=\"_blank\" rel=\"noopener\"><strong><span style=\"color: #e45410\">Rapport du commissaire aux comptes sur les comptes annuels<\/span><\/strong><\/a><\/li>\n<li><a href=\"https:\/\/www.chasseurducentrevaldeloire.fr\/fdc45\/wp-content\/uploads\/sites\/9\/2025\/03\/Reunion-Prep-25.pdf\" target=\"_blank\" rel=\"noopener\"><strong><span style=\"color: #e45410\">Diaporama : R\u00e9union pr\u00e9paratoire \u00e0 l\u2019Assembl\u00e9e g\u00e9n\u00e9rale 2025<\/span><\/strong><\/a><\/li>\n<li><a href=\"https:\/\/www.chasseurducentrevaldeloire.fr\/fdc45\/wp-content\/uploads\/sites\/9\/2025\/03\/FDCL-RS-2024.pdf\" target=\"_blank\" rel=\"noopener\"><strong><span style=\"color: #e45410\">Rapport sp\u00e9cial du commissaire aux comptes sur les conventions r\u00e8glement\u00e9es<\/span><\/strong><\/a><\/li>\n<li><a href=\"https:\/\/www.chasseurducentrevaldeloire.fr\/fdc45\/wp-content\/uploads\/sites\/9\/2025\/04\/PV-AG-2025.pdf\" target=\"_blank\" rel=\"noopener\"><span style=\"color: #e45410\"><strong>Proc\u00e8s verbal de l\u2019AG 2025<\/strong><\/span><\/a><\/li>\n<\/ul>\n<p>&nbsp;<\/p>\n<p>&nbsp;<\/p>\n<p><strong>Documents 2024<\/strong><\/p>\n<ul>\n<li><span style=\"color: #e45410\"><strong><a href=\"https:\/\/www.chasseurducentrevaldeloire.fr\/fdc45\/wp-content\/uploads\/sites\/9\/2025\/04\/RAPPORT-CAC-Complet-22.23-compresse.pdf\" target=\"_blank\" rel=\"noopener\"><span style=\"color: #e45410\">Rapport sp\u00e9cial du commissaire aux comptes sur les conventions r\u00e8glement\u00e9es<\/span><\/a><\/strong><\/span><\/li>\n<li><a href=\"https:\/\/www.chasseurducentrevaldeloire.fr\/fdc45\/wp-content\/uploads\/sites\/9\/2025\/04\/Rapport-activites-2024-AG-2025.pdf\" target=\"_blank\" rel=\"noopener\"><strong><span style=\"color: #e45410\">Rapport du commissaire aux comptes sur les comptes annuels<\/span><\/strong><\/a><\/li>\n<li><a href=\"https:\/\/www.chasseurducentrevaldeloire.fr\/fdc45\/wp-content\/uploads\/sites\/9\/2024\/04\/note-tarifs-24.25.pdf\" target=\"_blank\" rel=\"noopener\"><span style=\"color: #e45410\"><strong>Tarifs pour la saison 2024\/2025 adopt\u00e9s lors de notre Assembl\u00e9e G\u00e9n\u00e9rale du 13 avril 2024<\/strong><\/span><\/a><\/li>\n<li><span style=\"color: #e45410\"><a style=\"color: #e45410\" href=\"https:\/\/www.chasseurducentrevaldeloire.fr\/fdc45\/wp-content\/uploads\/sites\/9\/2024\/03\/Reunion-Prep-24.pdf\" target=\"_blank\" rel=\"noopener\"><strong>Diaporama : R\u00e9union pr\u00e9paratoire \u00e0 l&rsquo;Assembl\u00e9e g\u00e9n\u00e9rale 2024<\/strong><\/a><\/span><\/li>\n<li><span style=\"color: #e45410\"><strong><a style=\"color: #e45410\" href=\"https:\/\/www.chasseurducentrevaldeloire.fr\/fdc36\/wp-content\/uploads\/sites\/4\/2024\/06\/PV-AG-2024.pdf\" target=\"_blank\" rel=\"noopener\">Proc\u00e8s verbal de l\u2019AG 2024 (\u00e0 approuver en AG 2025)<\/a><\/strong><\/span><\/li>\n<\/ul>\n<p>&nbsp;<\/p>\n<p>&nbsp;<\/p>\n<p><strong>Documents 2023<\/strong><\/p>\n<ul>\n<li><span style=\"color: #e45410\"><a style=\"color: #e45410\" href=\"https:\/\/www.chasseurducentrevaldeloire.fr\/fdc36\/wp-content\/uploads\/sites\/4\/2024\/06\/PV-AG-2023-1.pdf\" target=\"_blank\" rel=\"noopener\"><strong>Proc\u00e8s verbal de l&rsquo;assembl\u00e9e g\u00e9n\u00e9rale 2023<\/strong><\/a><\/span><\/li>\n<li><span style=\"color: #e45410\"><a style=\"color: #e45410\" href=\"https:\/\/www.chasseurducentrevaldeloire.fr\/fdc45\/wp-content\/uploads\/sites\/9\/2024\/04\/RAPPORT-CAC-22.23-compresse.pdf\" target=\"_blank\" rel=\"noopener\"><strong>Rapport du commissaire aux comptes sur les comptes annuels<\/strong><\/a><\/span><\/li>\n<li><a href=\"https:\/\/www.chasseurducentrevaldeloire.fr\/fdc45\/wp-content\/uploads\/sites\/9\/2024\/04\/RAPPORT-SPECIAL-CAC-22.23.pdf\" target=\"_blank\" rel=\"noopener\"><strong><span style=\"color: #e45410\">Rapport sp\u00e9cial du commissaire aux comptes sur les comptes annuels<\/span><\/strong><\/a><\/li>\n<li><a href=\"https:\/\/www.chasseurducentrevaldeloire.fr\/fdc45\/wp-content\/uploads\/sites\/9\/2023\/05\/note-tarifs-23.24-1.pdf\" target=\"_blank\" rel=\"noopener\"><strong><span style=\"color: #e45410\">Tarifs pour la saison 2023\/2024 adopt\u00e9s lors de notre Assembl\u00e9e G\u00e9n\u00e9rale du 15 avril 2023<\/span><\/strong><\/a><\/li>\n<li><a href=\"https:\/\/www.chasseurducentrevaldeloire.fr\/fdc45\/wp-content\/uploads\/sites\/9\/2024\/04\/Rapport-activites-2023_AG_2024.pdf\" target=\"_blank\" rel=\"noopener\"><strong><span style=\"color: #e45410\">Rapport d\u2019activit\u00e9s 2023<\/span><\/strong><\/a><\/li>\n<\/ul>\n<p>&nbsp;<\/p>\n<div><\/div>\n<div><strong>Documents 2022<\/strong><\/div>\n<ul>\n<li><a href=\"https:\/\/www.chasseurducentrevaldeloire.fr\/fdc45\/wp-content\/uploads\/sites\/9\/2023\/05\/PV-AG-2022-Approuve.pdf\" target=\"_blank\" rel=\"noopener\"><span style=\"color: #e45410\"><strong>Proc\u00e8s verbal de l&rsquo;assembl\u00e9e g\u00e9n\u00e9rale 2022<\/strong><\/span><\/a><\/li>\n<li><span style=\"color: #e45410\"><strong><a style=\"color: #e45410\" href=\"https:\/\/www.chasseurducentrevaldeloire.fr\/fdc45\/wp-content\/uploads\/sites\/9\/2024\/01\/Rapport-activites-2022.pdf\" target=\"_blank\" rel=\"noopener\">Rapport d&rsquo;activit\u00e9s 2022<\/a><\/strong><\/span><\/li>\n<li><span style=\"color: #e45410\"><a style=\"color: #e45410\" href=\"https:\/\/www.chasseurducentrevaldeloire.fr\/fdc45\/wp-content\/uploads\/sites\/9\/2023\/03\/RAPPORT-CAC-21.22-compresse.pdf\" target=\"_blank\" rel=\"noopener\"><strong>Rapport du commissaire aux compte 2021\/2022<\/strong><\/a><\/span><\/li>\n<li><span style=\"color: #e45410\"><a style=\"color: #e45410\" href=\"https:\/\/www.chasseurducentrevaldeloire.fr\/fdc45\/wp-content\/uploads\/sites\/9\/2023\/03\/RAPPORT-SPECIAL-CAC-21.22.pdf\" target=\"_blank\" rel=\"noopener\"><strong>Rapport sp\u00e9cial 2021\/2022<\/strong><\/a><\/span><\/li>\n<\/ul>\n<p>&nbsp;<\/p>\n<div><\/div>\n<div><strong>Documents 2021<\/strong><\/div>\n<ul>\n<li><span style=\"color: #e45410\"><strong><a style=\"color: #e45410\" href=\"https:\/\/www.chasseurducentrevaldeloire.fr\/fdc45\/wp-content\/uploads\/sites\/9\/2022\/02\/PV-AG-2021.pdf\" target=\"_blank\" rel=\"noopener\">Proc\u00e8s verbal de l&rsquo;assembl\u00e9e g\u00e9n\u00e9rale 2021<\/a><\/strong><\/span><\/li>\n<li><span style=\"color: #e45410\"><strong><a style=\"color: #e45410\" href=\"https:\/\/www.chasseurducentrevaldeloire.fr\/fdc45\/wp-content\/uploads\/sites\/9\/2024\/01\/Rapport-activites-2021.pdf\" target=\"_blank\" rel=\"noopener\">Rapport d&rsquo;activit\u00e9s 2021<\/a><\/strong><\/span><\/li>\n<li><span style=\"color: #e45410\"><a style=\"color: #e45410\" href=\"https:\/\/www.chasseurducentrevaldeloire.fr\/fdc45\/wp-content\/uploads\/sites\/9\/2022\/09\/Comptes-annuels-ORCOM-06-2021.pdf\" target=\"_blank\" rel=\"noopener\"><strong>Comptes de r\u00e9sultats 2020\/2021<\/strong><\/a><\/span><\/li>\n<li><strong><span style=\"color: #e45410\"><a style=\"color: #e45410\" href=\"https:\/\/www.chasseurducentrevaldeloire.fr\/fdc45\/wp-content\/uploads\/sites\/9\/2022\/02\/Flash-INFO-PV-AG-2021.pdf\" target=\"_blank\" rel=\"noopener\">Flash info aux adh\u00e9rents<\/a><\/span><\/strong><\/li>\n<\/ul>\n<div><\/div>\n<p>&nbsp;<\/p>\n<p><strong>Documents 2020<\/strong><\/p>\n<ul>\n<li><strong><span style=\"color: #e45410\"><a style=\"color: #e45410\" href=\"https:\/\/www.chasseurducentrevaldeloire.fr\/fdc45\/wp-content\/uploads\/sites\/9\/2020\/09\/ConseilAdminisatrationDECISIONNAIRE-20_05_20.pdf\" target=\"_blank\" rel=\"noopener noreferrer\">Compte rendu du Conseil d\u2019Administration D\u00e9cisionnaire D\u00e9mat\u00e9rialis\u00e9 du 20 mai 2020<\/a><\/span><\/strong><\/li>\n<li><strong><span style=\"color: #e45410\"><a style=\"color: #e45410\" href=\"https:\/\/www.chasseurducentrevaldeloire.fr\/fdc45\/wp-content\/uploads\/sites\/9\/2022\/02\/Comptes_annuels_2019_2020.pdf\" target=\"_blank\" rel=\"noopener\">Comptes de r\u00e9sultats 2019\/2020<\/a><\/span><\/strong><\/li>\n<\/ul>\n<p>&nbsp;<\/p>\n<p><strong>Documents 2019<\/strong><\/p>\n<ul>\n<li><strong><span style=\"color: #e45410\"><a style=\"color: #e45410\" href=\"https:\/\/www.chasseurducentrevaldeloire.fr\/fdc45\/wp-content\/uploads\/sites\/9\/2020\/06\/Comptes-annuels-06-2019.pdf\" target=\"_blank\" rel=\"noopener noreferrer\"><u>Comptes de r\u00e9sultats 2018\/2019 <\/u><\/a><\/span><\/strong>\u00e0 approuver en AG 2021<\/li>\n<li><strong><span style=\"color: #e45410\"><a style=\"color: #e45410\" href=\"https:\/\/www.chasseurducentrevaldeloire.fr\/fdc45\/wp-content\/uploads\/sites\/9\/2022\/02\/PV-AG-2019-approuve.pdf\" target=\"_blank\" rel=\"noopener\">Proc\u00e8s verbal de l&rsquo;Assembl\u00e9e g\u00e9n\u00e9rale 2019<\/a><\/span><\/strong><\/li>\n<\/ul>\n<p>&nbsp;<\/p>\n<p><strong>Documents 2018<\/strong><\/p>\n<ul>\n<li><strong><span style=\"color: #e45410\"><a style=\"color: #e45410\" href=\"https:\/\/www.chasseurducentrevaldeloire.fr\/fdc45\/wp-content\/uploads\/sites\/9\/2019\/04\/Comptesannuels_06-2018attestationsignee.pdf\" target=\"_blank\" rel=\"noopener noreferrer\">Comptes de r\u00e9sultat 2017\/2018 approuv\u00e9s en AG 2019<\/a><\/span><\/strong><\/li>\n<li><strong><span style=\"color: #e45410\"><a style=\"color: #e45410\" href=\"https:\/\/www.chasseurducentrevaldeloire.fr\/fdc45\/wp-content\/uploads\/sites\/9\/2019\/04\/PVAG2018Valide.pdf\" target=\"_blank\" rel=\"noopener noreferrer\">Proc\u00e8s verbal de l&rsquo;Assembl\u00e9e g\u00e9n\u00e9rale 2018\u00a0 approuv\u00e9 en AG 2019<\/a><\/span><\/strong><\/li>\n<\/ul>\n<p>&nbsp;<\/p>\n<p><strong>Documents 2017<\/strong><\/p>\n<ul>\n<li><strong><span style=\"color: #e45410\"><a style=\"color: #e45410\" href=\"https:\/\/www.chasseurducentrevaldeloire.fr\/fdc45\/wp-content\/uploads\/sites\/9\/2019\/02\/Comptesannuels1617.pdf\" target=\"_blank\" rel=\"noopener noreferrer\">Comptes de r\u00e9sultats 2016\/2017 approuv\u00e9s en Assembl\u00e9e g\u00e9n\u00e9rale 2018<\/a><\/span><\/strong><\/li>\n<li><strong><span style=\"color: #e45410\"><u><a style=\"color: #e45410\" href=\"http:\/\/www.chasseurducentrevaldeloire.fr\/fdc45\/wp-content\/uploads\/sites\/9\/2018\/06\/PVAG2017.pdf\" target=\"_blank\" rel=\"noopener noreferrer\">Proc\u00e8s verbal de l&rsquo;Assembl\u00e9e g\u00e9n\u00e9rale 2017<\/a><\/u><\/span><\/strong><\/li>\n<\/ul>\n<p>&nbsp;<\/p>\n<p><strong>Documents 2016<\/strong><\/p>\n<ul>\n<li><strong><span style=\"color: #e45410\"><u><a style=\"color: #e45410\" href=\"http:\/\/www.chasseurducentrevaldeloire.fr\/fdc45\/wp-content\/uploads\/sites\/9\/2018\/06\/comptesannuels20152016.pdf\" target=\"_blank\" rel=\"noopener noreferrer\">Comptes de r\u00e9sultats 2015\/2016 approuv\u00e9s en Assembl\u00e9e g\u00e9n\u00e9rale 2017<\/a><\/u><\/span><\/strong><\/li>\n<li><strong><span style=\"color: #e45410\"><u><a style=\"color: #e45410\" href=\"http:\/\/www.chasseurducentrevaldeloire.fr\/fdc45\/wp-content\/uploads\/sites\/9\/2018\/06\/PV.pdf\" target=\"_blank\" rel=\"noopener noreferrer\">Proc\u00e8s verbal de l&rsquo;Assembl\u00e9e g\u00e9n\u00e9rale 2016<\/a><\/u><\/span><\/strong><\/li>\n<\/ul>\n<p>&nbsp;<\/p>\n<p><strong>Documents 2015<\/strong><\/p>\n<ul>\n<li><strong><span style=\"color: #e45410\"><u><a style=\"color: #e45410\" href=\"http:\/\/www.chasseurducentrevaldeloire.fr\/fdc45\/wp-content\/uploads\/sites\/9\/2018\/06\/comptesannuels1415ORCOM.pdf\" target=\"_blank\" rel=\"noopener noreferrer\">Les comptes de r\u00e9sultats 2014\/2015 approuv\u00e9s en Assembl\u00e9e g\u00e9n\u00e9rale 2016<\/a><\/u><\/span><\/strong><u><\/u><\/li>\n<li><strong><span style=\"color: #e45410\"><u><a style=\"color: #e45410\" href=\"http:\/\/www.chasseurducentrevaldeloire.fr\/fdc45\/wp-content\/uploads\/sites\/9\/2018\/06\/crAG_2015.pdf\" target=\"_blank\" rel=\"noopener noreferrer\">Compte rendu de l&rsquo;assembl\u00e9e g\u00e9n\u00e9rale 2015<\/a><\/u><\/span><\/strong><\/li>\n<\/ul>\n<p>&nbsp;<\/p>\n<p><strong>Documents 2014<\/strong><\/p>\n<ul>\n<li><strong><span style=\"color: #e45410\"><u><a style=\"color: #e45410\" href=\"http:\/\/www.chasseurducentrevaldeloire.fr\/fdc45\/wp-content\/uploads\/sites\/9\/2018\/06\/plaquetteORCOM1314.pdf\" target=\"_blank\" rel=\"noopener noreferrer\">Les comptes de r\u00e9sultats 2013\/2014 approuv\u00e9s en\u00a0Assembl\u00e9e g\u00e9n\u00e9rale 2015<\/a><\/u><\/span><\/strong><\/li>\n<\/ul>\n<p>[\/vc_column_text][\/vc_column][\/vc_row]<\/p>\n","protected":false},"excerpt":{"rendered":"<p>[vc_row][vc_column][vc_column_text]Une association agr\u00e9\u00e9e au titre de la protection de l\u2019environnement et habilit\u00e9e \u00e0 participer au d\u00e9bat sur cette m\u00eame th\u00e9matique (Arr\u00eat\u00e9 pr\u00e9fectoral du 1er octobre 2012) &nbsp; Conform\u00e9ment aux dispositions de l&rsquo;article R 141-19 du Code de l\u2019Environnement, et en application de l&rsquo;article R 141-25,&#8230;<\/p>\n","protected":false},"author":2,"featured_media":0,"parent":0,"menu_order":0,"comment_status":"closed","ping_status":"closed","template":"","meta":{"_acf_changed":false,"inline_featured_image":false,"_exactmetrics_skip_tracking":false,"_exactmetrics_sitenote_active":false,"_exactmetrics_sitenote_note":"","_exactmetrics_sitenote_category":0,"footnotes":""},"class_list":["post-3174","page","type-page","status-publish","hentry"],"acf":[],"publishpress_future_action":{"enabled":false,"date":"2026-04-18 12:16:37","action":"change-status","newStatus":"draft","terms":[],"taxonomy":"","extraData":[]},"publishpress_future_workflow_manual_trigger":{"enabledWorkflows":[]},"_links":{"self":[{"href":"https:\/\/www.save.chasseurducentrevaldeloire.fr\/fdc45\/wp-json\/wp\/v2\/pages\/3174","targetHints":{"allow":["GET"]}}],"collection":[{"href":"https:\/\/www.save.chasseurducentrevaldeloire.fr\/fdc45\/wp-json\/wp\/v2\/pages"}],"about":[{"href":"https:\/\/www.save.chasseurducentrevaldeloire.fr\/fdc45\/wp-json\/wp\/v2\/types\/page"}],"author":[{"embeddable":true,"href":"https:\/\/www.save.chasseurducentrevaldeloire.fr\/fdc45\/wp-json\/wp\/v2\/users\/2"}],"replies":[{"embeddable":true,"href":"https:\/\/www.save.chasseurducentrevaldeloire.fr\/fdc45\/wp-json\/wp\/v2\/comments?post=3174"}],"version-history":[{"count":40,"href":"https:\/\/www.save.chasseurducentrevaldeloire.fr\/fdc45\/wp-json\/wp\/v2\/pages\/3174\/revisions"}],"predecessor-version":[{"id":6452,"href":"https:\/\/www.save.chasseurducentrevaldeloire.fr\/fdc45\/wp-json\/wp\/v2\/pages\/3174\/revisions\/6452"}],"wp:attachment":[{"href":"https:\/\/www.save.chasseurducentrevaldeloire.fr\/fdc45\/wp-json\/wp\/v2\/media?parent=3174"}],"curies":[{"name":"wp","href":"https:\/\/api.w.org\/{rel}","templated":true}]}}