{"id":3168,"date":"2018-06-08T15:37:01","date_gmt":"2018-06-08T13:37:01","guid":{"rendered":"http:\/\/www.chasseurducentrevaldeloire.fr\/fdc45\/?page_id=3168"},"modified":"2025-05-14T10:02:19","modified_gmt":"2025-05-14T08:02:19","slug":"domaine-de-la-motte","status":"publish","type":"page","link":"https:\/\/www.save.chasseurducentrevaldeloire.fr\/fdc45\/domaine-de-la-motte\/","title":{"rendered":"Domaine de la Motte"},"content":{"rendered":"<p>[vc_row][vc_column width=\u00a0\u00bb1\/3&Prime;][vc_single_image image=\u00a0\u00bb3086&Prime; img_size=\u00a0\u00bbfull\u00a0\u00bb style=\u00a0\u00bbvc_box_shadow_border\u00a0\u00bb el_class=\u00a0\u00bbmirrorImg\u00a0\u00bb][\/vc_column][vc_column css_animation=\u00a0\u00bbfadeInRight\u00a0\u00bb width=\u00a0\u00bb2\/3&Prime;][vc_column_text css_animation=\u00a0\u00bbslideInRight\u00a0\u00bb]<strong>Localisation<\/strong> :<\/p>\n<p>Domaine de la Motte, M\u00e9nestreau-en-Villette (45)<\/p>\n<p>Au c\u0153ur de la Sologne, sud d\u2019Orl\u00e9ans, proche Loir-et-Cher[\/vc_column_text][\/vc_column][\/vc_row][vc_row][vc_column width=\u00a0\u00bb1\/3&Prime;][vc_single_image image=\u00a0\u00bb3087&Prime; img_size=\u00a0\u00bbfull\u00a0\u00bb style=\u00a0\u00bbvc_box_shadow_border\u00a0\u00bb el_class=\u00a0\u00bbmirrorImg\u00a0\u00bb][\/vc_column][vc_column css_animation=\u00a0\u00bbfadeInRight\u00a0\u00bb width=\u00a0\u00bb2\/3&Prime;][vc_column_text css_animation=\u00a0\u00bbslideInRight\u00a0\u00bb]<strong>Type d\u2019accueil\u00a0:<\/strong><\/p>\n<p>Le Domaine de la Motte est un espace naturel de 155 hectares compos\u00e9 de for\u00eats et d\u2019\u00e9tangs, enti\u00e8rement d\u00e9di\u00e9 \u00e0 nos formations. Il accueille notamment les sessions de permis de chasser avec un parcours sp\u00e9cifique (formation+examen).<\/p>\n<p>Le site dispose d\u2019un b\u00e2timent \u00e9quip\u00e9 d\u2019une salle de r\u00e9union et d\u2019un \u00e9comus\u00e9e \u00e0 l\u2019\u00e9tage, mettant en valeur la faune sauvage du Loiret.<\/p>\n<p>Des supports p\u00e9dagogiques vari\u00e9s y sont mis \u00e0 disposition et le domaine ouvre \u00e9galement ses portes aux \u00e9tablissements scolaires pour des journ\u00e9es de d\u00e9couverte de la nature, sous r\u00e9servation. (Voir onglet\u00a0: animations scolaires)[\/vc_column_text][vc_empty_space][vc_column_text]T\u00e9l\u00e9charger les pi\u00e8ces jointes :<\/p>\n<ul>\n<li><span style=\"color: #e45410\"><strong><u><a style=\"color: #e45410\" href=\"http:\/\/www.chasseurducentrevaldeloire.fr\/fdc45\/wp-content\/uploads\/sites\/9\/2018\/06\/plan_lamotte.pdf\" target=\"_blank\" rel=\"noopener\">Plan d&rsquo;acc\u00e8s au Domaine de la Motte<\/a><\/u><\/strong><\/span><\/li>\n<\/ul>\n<p>[\/vc_column_text][\/vc_column][\/vc_row]<\/p>\n","protected":false},"excerpt":{"rendered":"<p>[vc_row][vc_column width=\u00a0\u00bb1\/3&Prime;][vc_single_image image=\u00a0\u00bb3086&Prime; img_size=\u00a0\u00bbfull\u00a0\u00bb style=\u00a0\u00bbvc_box_shadow_border\u00a0\u00bb el_class=\u00a0\u00bbmirrorImg\u00a0\u00bb][\/vc_column][vc_column css_animation=\u00a0\u00bbfadeInRight\u00a0\u00bb width=\u00a0\u00bb2\/3&Prime;][vc_column_text css_animation=\u00a0\u00bbslideInRight\u00a0\u00bb]Localisation : Domaine de la Motte, M\u00e9nestreau-en-Villette (45) Au c\u0153ur de la Sologne, sud d\u2019Orl\u00e9ans, proche Loir-et-Cher[\/vc_column_text][\/vc_column][\/vc_row][vc_row][vc_column width=\u00a0\u00bb1\/3&Prime;][vc_single_image image=\u00a0\u00bb3087&Prime; img_size=\u00a0\u00bbfull\u00a0\u00bb style=\u00a0\u00bbvc_box_shadow_border\u00a0\u00bb el_class=\u00a0\u00bbmirrorImg\u00a0\u00bb][\/vc_column][vc_column css_animation=\u00a0\u00bbfadeInRight\u00a0\u00bb width=\u00a0\u00bb2\/3&Prime;][vc_column_text css_animation=\u00a0\u00bbslideInRight\u00a0\u00bb]Type d\u2019accueil\u00a0: Le Domaine de la Motte est un espace naturel de 155&#8230;<\/p>\n","protected":false},"author":2,"featured_media":0,"parent":0,"menu_order":0,"comment_status":"closed","ping_status":"closed","template":"","meta":{"_acf_changed":false,"inline_featured_image":false,"_exactmetrics_skip_tracking":false,"_exactmetrics_sitenote_active":false,"_exactmetrics_sitenote_note":"","_exactmetrics_sitenote_category":0,"footnotes":""},"class_list":["post-3168","page","type-page","status-publish","hentry"],"acf":[],"publishpress_future_action":{"enabled":false,"date":"2026-04-18 12:16:35","action":"change-status","newStatus":"draft","terms":[],"taxonomy":"","extraData":[]},"publishpress_future_workflow_manual_trigger":{"enabledWorkflows":[]},"_links":{"self":[{"href":"https:\/\/www.save.chasseurducentrevaldeloire.fr\/fdc45\/wp-json\/wp\/v2\/pages\/3168","targetHints":{"allow":["GET"]}}],"collection":[{"href":"https:\/\/www.save.chasseurducentrevaldeloire.fr\/fdc45\/wp-json\/wp\/v2\/pages"}],"about":[{"href":"https:\/\/www.save.chasseurducentrevaldeloire.fr\/fdc45\/wp-json\/wp\/v2\/types\/page"}],"author":[{"embeddable":true,"href":"https:\/\/www.save.chasseurducentrevaldeloire.fr\/fdc45\/wp-json\/wp\/v2\/users\/2"}],"replies":[{"embeddable":true,"href":"https:\/\/www.save.chasseurducentrevaldeloire.fr\/fdc45\/wp-json\/wp\/v2\/comments?post=3168"}],"version-history":[{"count":11,"href":"https:\/\/www.save.chasseurducentrevaldeloire.fr\/fdc45\/wp-json\/wp\/v2\/pages\/3168\/revisions"}],"predecessor-version":[{"id":6473,"href":"https:\/\/www.save.chasseurducentrevaldeloire.fr\/fdc45\/wp-json\/wp\/v2\/pages\/3168\/revisions\/6473"}],"wp:attachment":[{"href":"https:\/\/www.save.chasseurducentrevaldeloire.fr\/fdc45\/wp-json\/wp\/v2\/media?parent=3168"}],"curies":[{"name":"wp","href":"https:\/\/api.w.org\/{rel}","templated":true}]}}