{"id":3163,"date":"2018-06-08T15:25:14","date_gmt":"2018-06-08T13:25:14","guid":{"rendered":"http:\/\/www.chasseurducentrevaldeloire.fr\/fdc45\/?page_id=3163"},"modified":"2025-06-10T10:03:39","modified_gmt":"2025-06-10T08:03:39","slug":"conducteurs-de-chiens-de-sang","status":"publish","type":"page","link":"https:\/\/www.save.chasseurducentrevaldeloire.fr\/fdc45\/conducteurs-de-chiens-de-sang\/","title":{"rendered":"Conducteurs de chiens de sang"},"content":{"rendered":"<p>[vc_row][vc_column][vc_column_text]<\/p>\n<h2>UNUCR<\/h2>\n<div class=\"textLayer\"><\/div>\n<p>&nbsp;<\/p>\n<p><strong>BONGIBAULT Alain<\/strong><\/p>\n<p>45570 OUZOUER SUR LOIRE<\/p>\n<p>06 32 75 71 94<\/p>\n<p>&nbsp;<\/p>\n<p>&nbsp;<\/p>\n<p><strong>CATTEAU Baptiste<\/strong><\/p>\n<p>45150 DARVOY<\/p>\n<p>06 13 15 44 97<\/p>\n<p>&nbsp;<\/p>\n<p>&nbsp;<\/p>\n<p><strong>DELPECH Alain<\/strong><\/p>\n<p>(D\u00e9l\u00e9gu\u00e9 D\u00e9partemental UNUCUR Loiret)<\/p>\n<p>45500 GIEN<\/p>\n<p>02 38 67 00 49<\/p>\n<p>06 80 18 67 27<\/p>\n<p>&nbsp;<\/p>\n<p>&nbsp;<\/p>\n<p><strong>GAY J\u00e9r\u00f4me<\/strong><\/p>\n<p>45230 MONTBOUY<\/p>\n<p>06 30 16 27 66<\/p>\n<p>&nbsp;<\/p>\n<p>&nbsp;<\/p>\n<p><strong>LAZARDEUX Thierry<\/strong><\/p>\n<p>45600 LION EN SULLIAS<\/p>\n<p>0610996245<\/p>\n<p>0238671392<\/p>\n<p>&nbsp;<\/p>\n<p>&nbsp;<\/p>\n<p><strong>LE PORS Jean<\/strong><\/p>\n<p>45240 LA FERTE SAINT AUBIN<\/p>\n<p>02 38 76 63 40<\/p>\n<p>06.03.46.81.06<\/p>\n<p>&nbsp;<\/p>\n<p>&nbsp;<\/p>\n<p><strong>MASSON Lucien<\/strong><\/p>\n<p>45120 CHALETTE SUR LOING<\/p>\n<p>02 38 93 17 31<\/p>\n<p>06 07 41 15 45<\/p>\n<p>&nbsp;<\/p>\n<p>&nbsp;<\/p>\n<p><strong>MONNIN Franck<\/strong><\/p>\n<p>45120 GIROLLES<\/p>\n<p>06 87 89 69 70<\/p>\n<p>&nbsp;<\/p>\n<p>&nbsp;<\/p>\n<p><strong>MORLET Erick<\/strong><\/p>\n<p>45500 SAINT GONDON<\/p>\n<p>02 36 48 91 60<\/p>\n<p>07 81 49 25 52<\/p>\n<p>&nbsp;<\/p>\n<p>&nbsp;<\/p>\n<p><strong>SELLIER Marie-France<\/strong><\/p>\n<p>45300 COURCY AUX LOGES<\/p>\n<p>02 38 34 12 47<\/p>\n<p>06 87 15 87 81<\/p>\n<p>&nbsp;<\/p>\n<p><strong>\u00a0<\/strong><\/p>\n<p>&nbsp;<\/p>\n<p>&nbsp;<\/p>\n<h2>ARGGB<\/h2>\n<p>&nbsp;<\/p>\n<p><strong>Jean-Luc AUGER<\/strong><\/p>\n<p>Givraines<\/p>\n<p>06 81 38 03 74<\/p>\n<p>&nbsp;<\/p>\n<p><strong>Mathieu COUDRAY<\/strong><\/p>\n<p>La-Fert\u00e9-Saint-Cyr<\/p>\n<p>06 82 93 83 03<\/p>\n<p>&nbsp;<\/p>\n<p><strong>Jean-Laurent JOURNOUX<\/strong><\/p>\n<p>(D\u00e9l\u00e9gu\u00e9 d\u00e9partemental)<\/p>\n<p>Lamotte-Beuvron<\/p>\n<p>06 23 30 58 15[\/vc_column_text][\/vc_column][\/vc_row][vc_row][vc_column][vc_empty_space][\/vc_column][\/vc_row]<\/p>\n","protected":false},"excerpt":{"rendered":"<p>[vc_row][vc_column][vc_column_text] UNUCR &nbsp; BONGIBAULT Alain 45570 OUZOUER SUR LOIRE 06 32 75 71 94 &nbsp; &nbsp; CATTEAU Baptiste 45150 DARVOY 06 13 15 44 97 &nbsp; &nbsp; DELPECH Alain (D\u00e9l\u00e9gu\u00e9 D\u00e9partemental UNUCUR Loiret) 45500 GIEN 02 38 67 00 49 06 80 18 67 27&#8230;<\/p>\n","protected":false},"author":2,"featured_media":0,"parent":0,"menu_order":0,"comment_status":"closed","ping_status":"closed","template":"","meta":{"_acf_changed":false,"inline_featured_image":false,"_exactmetrics_skip_tracking":false,"_exactmetrics_sitenote_active":false,"_exactmetrics_sitenote_note":"","_exactmetrics_sitenote_category":0,"footnotes":""},"class_list":["post-3163","page","type-page","status-publish","hentry"],"acf":[],"publishpress_future_action":{"enabled":false,"date":"2026-04-18 12:23:31","action":"change-status","newStatus":"draft","terms":[],"taxonomy":"","extraData":[]},"publishpress_future_workflow_manual_trigger":{"enabledWorkflows":[]},"_links":{"self":[{"href":"https:\/\/www.save.chasseurducentrevaldeloire.fr\/fdc45\/wp-json\/wp\/v2\/pages\/3163","targetHints":{"allow":["GET"]}}],"collection":[{"href":"https:\/\/www.save.chasseurducentrevaldeloire.fr\/fdc45\/wp-json\/wp\/v2\/pages"}],"about":[{"href":"https:\/\/www.save.chasseurducentrevaldeloire.fr\/fdc45\/wp-json\/wp\/v2\/types\/page"}],"author":[{"embeddable":true,"href":"https:\/\/www.save.chasseurducentrevaldeloire.fr\/fdc45\/wp-json\/wp\/v2\/users\/2"}],"replies":[{"embeddable":true,"href":"https:\/\/www.save.chasseurducentrevaldeloire.fr\/fdc45\/wp-json\/wp\/v2\/comments?post=3163"}],"version-history":[{"count":33,"href":"https:\/\/www.save.chasseurducentrevaldeloire.fr\/fdc45\/wp-json\/wp\/v2\/pages\/3163\/revisions"}],"predecessor-version":[{"id":6547,"href":"https:\/\/www.save.chasseurducentrevaldeloire.fr\/fdc45\/wp-json\/wp\/v2\/pages\/3163\/revisions\/6547"}],"wp:attachment":[{"href":"https:\/\/www.save.chasseurducentrevaldeloire.fr\/fdc45\/wp-json\/wp\/v2\/media?parent=3163"}],"curies":[{"name":"wp","href":"https:\/\/api.w.org\/{rel}","templated":true}]}}