{"id":3161,"date":"2018-06-08T15:22:04","date_gmt":"2018-06-08T13:22:04","guid":{"rendered":"http:\/\/www.chasseurducentrevaldeloire.fr\/fdc45\/?page_id=3161"},"modified":"2024-12-30T13:58:56","modified_gmt":"2024-12-30T12:58:56","slug":"lieutenants-de-louveterie","status":"publish","type":"page","link":"https:\/\/www.save.chasseurducentrevaldeloire.fr\/fdc45\/lieutenants-de-louveterie\/","title":{"rendered":"Lieutenants de louveterie"},"content":{"rendered":"<p>[vc_row][vc_column][vc_single_image image=\u00a0\u00bb6306&Prime; img_size=\u00a0\u00bbfull\u00a0\u00bb][vc_empty_space][vc_row_inner el_class=\u00a0\u00bbasso\u00a0\u00bb][vc_column_inner el_class=\u00a0\u00bbasso-img\u00a0\u00bb width=\u00a0\u00bb1\/4&Prime;][vc_single_image image=\u00a0\u00bb3116&Prime; alignment=\u00a0\u00bbcenter\u00a0\u00bb style=\u00a0\u00bbvc_box_rounded\u00a0\u00bb][\/vc_column_inner][vc_column_inner el_class=\u00a0\u00bbasso-text\u00a0\u00bb width=\u00a0\u00bb3\/4&Prime;][vc_column_text]<\/p>\n<h3><strong>1\u00e8re circonscription<\/strong><\/h3>\n<p>&nbsp;<\/p>\n<p><strong>Titulaire<\/strong> : Denis DELPECH<br \/>\n493 rue Roland<br \/>\n45370 MEZIERES LEZ CLERY<br \/>\nT\u00e9l. : 02 38 45 62 52 et 06 31 42 23 88<\/p>\n<p>email : <u><a href=\"mailto:delpechdenis45@orange.fr\"><span style=\"color: #e45410\"><strong>delpechdenis45@orange.fr<\/strong><\/span><\/a><\/u><\/p>\n<p><strong>Suppl\u00e9ant<\/strong> : Daniel LAVARENNE[\/vc_column_text][\/vc_column_inner][\/vc_row_inner][vc_row_inner el_class=\u00a0\u00bbasso\u00a0\u00bb][vc_column_inner el_class=\u00a0\u00bbasso-img\u00a0\u00bb width=\u00a0\u00bb1\/4&Prime;][vc_single_image image=\u00a0\u00bb3116&Prime; alignment=\u00a0\u00bbcenter\u00a0\u00bb style=\u00a0\u00bbvc_box_rounded\u00a0\u00bb][\/vc_column_inner][vc_column_inner el_class=\u00a0\u00bbasso-text\u00a0\u00bb width=\u00a0\u00bb3\/4&Prime;][vc_column_text]<\/p>\n<h3><strong>2e circonscription <\/strong><\/h3>\n<p>&nbsp;<\/p>\n<p><strong>Titulaire : <\/strong>Sylvain THIBAULT<\/p>\n<p>11 all\u00e9e des M\u00e9sanges<\/p>\n<p>45170 NEUVILLE AUX BOIS<\/p>\n<p>T\u00e9l. : 02.38.91.04.64 ou 06.85.27.98.52<\/p>\n<p>email. : <u><a href=\"mailto:sylthibault@orange.fr\"><span style=\"color: #e45410\"><strong>sylthibault@orange.fr<\/strong><\/span><\/a><\/u><\/p>\n<p>&nbsp;<\/p>\n<p><strong>Suppl\u00e9ant<\/strong> : Eric PILLETTE<br \/>\n385, avenue Eug\u00e8ne Milon<br \/>\n45470 LOURY[\/vc_column_text][\/vc_column_inner][\/vc_row_inner][vc_row_inner el_class=\u00a0\u00bbasso\u00a0\u00bb][vc_column_inner el_class=\u00a0\u00bbasso-img\u00a0\u00bb width=\u00a0\u00bb1\/4&Prime;][vc_single_image image=\u00a0\u00bb3116&Prime; alignment=\u00a0\u00bbcenter\u00a0\u00bb style=\u00a0\u00bbvc_box_rounded\u00a0\u00bb][\/vc_column_inner][vc_column_inner el_class=\u00a0\u00bbasso-text\u00a0\u00bb width=\u00a0\u00bb3\/4&Prime;][vc_column_text]<\/p>\n<h3><strong>3e circonscription<\/strong><\/h3>\n<p>&nbsp;<\/p>\n<p><strong>Titulaire<\/strong> : Alain QUINOT<\/p>\n<p>48 faubourg d&rsquo;Orl\u00e9ans<\/p>\n<p>45340 BOISCOMMUN<\/p>\n<p>Portable : 06.12.48.54.20<br \/>\nemail : <a href=\"mailto:aquinot@club-internet.fr\"><span style=\"color: #e45410\"><strong>aquinot@club-internet.fr<\/strong><\/span><\/a><\/p>\n<p>&nbsp;<\/p>\n<p><strong>Suppl\u00e9ant<\/strong> : Sylvain THIBAULT[\/vc_column_text][\/vc_column_inner][\/vc_row_inner][vc_row_inner el_class=\u00a0\u00bbasso\u00a0\u00bb][vc_column_inner el_class=\u00a0\u00bbasso-img\u00a0\u00bb width=\u00a0\u00bb1\/4&Prime;][vc_single_image image=\u00a0\u00bb3116&Prime; alignment=\u00a0\u00bbcenter\u00a0\u00bb style=\u00a0\u00bbvc_box_rounded\u00a0\u00bb][\/vc_column_inner][vc_column_inner el_class=\u00a0\u00bbasso-text\u00a0\u00bb width=\u00a0\u00bb3\/4&Prime;][vc_column_text]<\/p>\n<h3><strong>4e circonscription<\/strong><\/h3>\n<p>&nbsp;<\/p>\n<p><strong>Titulaire<\/strong> : Eric PILLETTE<br \/>\n385, avenue Eug\u00e8ne Milon<br \/>\n45470 LOURY<br \/>\nT\u00e9l. : 02.38.65.56.86 et 06 07 71 09 10<br \/>\nemail : <u><a href=\"mailto:eric.pillette@wanadoo.fr\"><span style=\"color: #e45410\"><strong>eric.pillette@wanadoo.fr<\/strong><\/span><\/a><\/u><\/p>\n<p>&nbsp;<\/p>\n<p><strong>Suppl\u00e9ant<\/strong> : Alain QUINOT[\/vc_column_text][\/vc_column_inner][\/vc_row_inner][vc_row_inner el_class=\u00a0\u00bbasso\u00a0\u00bb][vc_column_inner el_class=\u00a0\u00bbasso-img\u00a0\u00bb width=\u00a0\u00bb1\/4&Prime;][vc_single_image image=\u00a0\u00bb3116&Prime; alignment=\u00a0\u00bbcenter\u00a0\u00bb style=\u00a0\u00bbvc_box_rounded\u00a0\u00bb][\/vc_column_inner][vc_column_inner el_class=\u00a0\u00bbasso-text\u00a0\u00bb width=\u00a0\u00bb3\/4&Prime;][vc_column_text]<\/p>\n<h3><strong>5e circonscription<\/strong><\/h3>\n<p>&nbsp;<\/p>\n<p><strong>Titulaire<\/strong> : Damien BRUCY<\/p>\n<p>2 la vigne aux pr\u00eatres<br \/>\n45270 MOULON<\/p>\n<p>Portable\u00a0: 06.76.77.15.33<\/p>\n<p>M\u00e9l\u00a0: <a href=\"mailto:brucy.damien@orange.fr\"><span style=\"color: #e45410\"><strong>brucy.damien@orange.fr<\/strong><\/span><\/a><\/p>\n<p>&nbsp;<\/p>\n<p><strong>Suppl\u00e9ant<\/strong> : Eric PILLETTE[\/vc_column_text][\/vc_column_inner][\/vc_row_inner][vc_row_inner el_class=\u00a0\u00bbasso\u00a0\u00bb][vc_column_inner el_class=\u00a0\u00bbasso-img\u00a0\u00bb width=\u00a0\u00bb1\/4&Prime;][vc_single_image image=\u00a0\u00bb3116&Prime; alignment=\u00a0\u00bbcenter\u00a0\u00bb style=\u00a0\u00bbvc_box_rounded\u00a0\u00bb][\/vc_column_inner][vc_column_inner el_class=\u00a0\u00bbasso-text\u00a0\u00bb width=\u00a0\u00bb3\/4&Prime;][vc_column_text]<\/p>\n<h3><strong>6e circonscription<\/strong><\/h3>\n<p>&nbsp;<\/p>\n<p><strong>Titulaire<\/strong> : Pascal GR\u00c9GOIRE<\/p>\n<p>2 La Sabarderie<\/p>\n<p>45700 VIMORY<br \/>\nPort. : 06 16 09 10 23<br \/>\n<u><a href=\"mailto:icpgregoire@gmail.com\"><span style=\"color: #e45410\"><strong>icpgregoire@gmail.com<\/strong><\/span><\/a><\/u><\/p>\n<p>&nbsp;<\/p>\n<p><strong>Suppl\u00e9ant<\/strong> : Guillaume ROY[\/vc_column_text][\/vc_column_inner][\/vc_row_inner][vc_row_inner el_class=\u00a0\u00bbasso\u00a0\u00bb][vc_column_inner el_class=\u00a0\u00bbasso-img\u00a0\u00bb width=\u00a0\u00bb1\/4&Prime;][vc_single_image image=\u00a0\u00bb3116&Prime; alignment=\u00a0\u00bbcenter\u00a0\u00bb style=\u00a0\u00bbvc_box_rounded\u00a0\u00bb][\/vc_column_inner][vc_column_inner el_class=\u00a0\u00bbasso-text\u00a0\u00bb width=\u00a0\u00bb3\/4&Prime;][vc_column_text]<\/p>\n<h3><strong>7e circonscription<\/strong><\/h3>\n<p>&nbsp;<\/p>\n<p><strong>Titulaire<\/strong> : Guillaume ROY<\/p>\n<p>16 chemin des moreaux<\/p>\n<p>45220 Saint Germain des Pr\u00e8s<\/p>\n<p>Port. : 06 11 89 90 48<\/p>\n<p>&nbsp;<\/p>\n<p><strong>Suppl\u00e9ant<\/strong> : Pascal GR\u00c9GOIRE[\/vc_column_text][\/vc_column_inner][\/vc_row_inner][vc_row_inner el_class=\u00a0\u00bbasso\u00a0\u00bb][vc_column_inner el_class=\u00a0\u00bbasso-img\u00a0\u00bb width=\u00a0\u00bb1\/4&Prime;][vc_single_image image=\u00a0\u00bb3116&Prime; alignment=\u00a0\u00bbcenter\u00a0\u00bb style=\u00a0\u00bbvc_box_rounded\u00a0\u00bb][\/vc_column_inner][vc_column_inner el_class=\u00a0\u00bbasso-text\u00a0\u00bb width=\u00a0\u00bb3\/4&Prime;][vc_column_text]<\/p>\n<h3><strong>8e circonscription<\/strong><\/h3>\n<p>&nbsp;<\/p>\n<p><strong>Titulaire<\/strong> : Alain BONGIBAULT<\/p>\n<p>31 r\u00e9sidence de bois Grenville &#8211; La repos\u00e9e du chevreuil<\/p>\n<p>45570 Ouzouer sur Loire<\/p>\n<p>Port. : 06 32 75 71 94<\/p>\n<p>&nbsp;<\/p>\n<p><strong>Suppl\u00e9ant<\/strong> : Damien BRUCY[\/vc_column_text][\/vc_column_inner][\/vc_row_inner][vc_row_inner el_class=\u00a0\u00bbasso\u00a0\u00bb][vc_column_inner el_class=\u00a0\u00bbasso-img\u00a0\u00bb width=\u00a0\u00bb1\/4&Prime;][vc_single_image image=\u00a0\u00bb3116&Prime; alignment=\u00a0\u00bbcenter\u00a0\u00bb style=\u00a0\u00bbvc_box_rounded\u00a0\u00bb][\/vc_column_inner][vc_column_inner el_class=\u00a0\u00bbasso-text\u00a0\u00bb width=\u00a0\u00bb3\/4&Prime;][vc_column_text]<\/p>\n<h3><strong>9e circonscription<\/strong><\/h3>\n<p>&nbsp;<\/p>\n<p><strong>Titulaire : Julien MESLAND<\/strong><u> <\/u><\/p>\n<p>9 rue de l&rsquo;\u00e9glise<\/p>\n<p>45150 DARVOY<\/p>\n<p>Port. : 06 84 62 74 56<\/p>\n<p>&nbsp;<\/p>\n<p><strong>Suppl\u00e9ant<\/strong> : Patrick LAVARENNE[\/vc_column_text][\/vc_column_inner][\/vc_row_inner][vc_row_inner el_class=\u00a0\u00bbasso\u00a0\u00bb][vc_column_inner el_class=\u00a0\u00bbasso-img\u00a0\u00bb width=\u00a0\u00bb1\/4&Prime;][vc_single_image image=\u00a0\u00bb3116&Prime; alignment=\u00a0\u00bbcenter\u00a0\u00bb style=\u00a0\u00bbvc_box_rounded\u00a0\u00bb][\/vc_column_inner][vc_column_inner el_class=\u00a0\u00bbasso-text\u00a0\u00bb width=\u00a0\u00bb3\/4&Prime;][vc_column_text]<\/p>\n<h3><strong>10e circonscription<\/strong><\/h3>\n<p>&nbsp;<\/p>\n<p><strong>Titulaire<\/strong> : Eric DEPOGNY<\/p>\n<p>300 Route de Coullons<\/p>\n<p>Le Transval<\/p>\n<p>18410 BLANCAFORT<\/p>\n<p>T\u00e9l\u00a0: 02.48.58.22.60 ou 06.26.90.36.88<\/p>\n<p>email : <span style=\"color: #e45410\"><strong><u><a style=\"color: #e45410\" href=\"mailto:eric.depogny@orange.fr\">eric.depogny@orange.fr<\/a><\/u><\/strong><\/span><\/p>\n<p>&nbsp;<\/p>\n<p>Suppl\u00e9ant : Alain BONGIBAULT[\/vc_column_text][\/vc_column_inner][\/vc_row_inner][vc_row_inner el_class=\u00a0\u00bbasso\u00a0\u00bb][vc_column_inner el_class=\u00a0\u00bbasso-img\u00a0\u00bb width=\u00a0\u00bb1\/4&Prime;][vc_single_image image=\u00a0\u00bb3116&Prime; alignment=\u00a0\u00bbcenter\u00a0\u00bb style=\u00a0\u00bbvc_box_rounded\u00a0\u00bb][\/vc_column_inner][vc_column_inner el_class=\u00a0\u00bbasso-text\u00a0\u00bb width=\u00a0\u00bb3\/4&Prime;][vc_column_text]<\/p>\n<h3><strong>11e circonscription<\/strong><\/h3>\n<p>&nbsp;<\/p>\n<p><strong>Titulaire :<\/strong> Patrick LAVARENNE<\/p>\n<p>La Vall\u00e9e de la Tannerie<\/p>\n<p>45240 SENNELY<\/p>\n<p>T\u00e9l\u00a0: 02.38.53.34.06 ou\u00a0 06.87.83.66.88<\/p>\n<p>email : <span style=\"color: #e45410\"><strong><u><a style=\"color: #e45410\" href=\"mailto:patrick.lavarenne@orange.fr\">patrick.lavarenne@orange.fr<\/a><\/u><\/strong><\/span><\/p>\n<p>&nbsp;<\/p>\n<p>Suppl\u00e9ant : Julien MESLAND[\/vc_column_text][\/vc_column_inner][\/vc_row_inner][vc_row_inner el_class=\u00a0\u00bbasso\u00a0\u00bb][vc_column_inner el_class=\u00a0\u00bbasso-img\u00a0\u00bb width=\u00a0\u00bb1\/4&Prime;][vc_single_image image=\u00a0\u00bb3116&Prime; alignment=\u00a0\u00bbcenter\u00a0\u00bb style=\u00a0\u00bbvc_box_rounded\u00a0\u00bb][\/vc_column_inner][vc_column_inner el_class=\u00a0\u00bbasso-text\u00a0\u00bb width=\u00a0\u00bb3\/4&Prime;][vc_column_text]<\/p>\n<h3><strong>12e circonscription<\/strong><\/h3>\n<p>&nbsp;<\/p>\n<p><strong>Titulaire<\/strong> : Daniel LAVARENNE<\/p>\n<p>2118 Rue de Ligny<\/p>\n<p>45590 SAINT CYR EN VAL<br \/>\nT\u00e9l. : 02 38 76 08 11<br \/>\nPort. : 06 08 36 09 88<br \/>\n<span style=\"color: #e45410\"><strong><u><a style=\"color: #e45410\" href=\"mailto:daniel.lavarenne@wanadoo.fr\">daniel.lavarenne@wanadoo.fr<\/a><\/u><\/strong><\/span><\/p>\n<p>&nbsp;<\/p>\n<p><strong>Suppl\u00e9ant<\/strong> : Denis DELPECH[\/vc_column_text][\/vc_column_inner][\/vc_row_inner][vc_row_inner el_class=\u00a0\u00bbasso\u00a0\u00bb][vc_column_inner el_class=\u00a0\u00bbasso-img\u00a0\u00bb width=\u00a0\u00bb1\/4&Prime;][vc_single_image image=\u00a0\u00bb3116&Prime; alignment=\u00a0\u00bbcenter\u00a0\u00bb style=\u00a0\u00bbvc_box_rounded\u00a0\u00bb][\/vc_column_inner][vc_column_inner el_class=\u00a0\u00bbasso-text\u00a0\u00bb width=\u00a0\u00bb3\/4&Prime;][vc_column_text]<\/p>\n<h3><strong>13e circonscription<\/strong><\/h3>\n<p>&nbsp;<\/p>\n<p><strong>Titulaire<\/strong> : Attale ELOIRE<br \/>\n128 chemin du muguet<\/p>\n<p>45420 THOU<\/p>\n<p>Portable\u00a0: 06.83.26.70.49<\/p>\n<p>email : <a href=\"mailto:attaleeloire@gmail.com\"><span style=\"color: #e45410\"><strong>attaleeloire@gmail.com<\/strong><\/span><\/a><\/p>\n<p>&nbsp;<\/p>\n<p><strong>Suppl\u00e9ant<\/strong> : Eric DEPOGNY[\/vc_column_text][\/vc_column_inner][\/vc_row_inner][\/vc_column][\/vc_row][vc_row][vc_column][vc_empty_space][\/vc_column][\/vc_row][vc_row][vc_column][vc_column_text]<\/p>\n<p>T\u00e9l\u00e9charger l&rsquo;<a href=\"https:\/\/www.chasseurducentrevaldeloire.fr\/fdc45\/wp-content\/uploads\/sites\/9\/2024\/12\/arr_nomination_LL_25-29_241216.pdf\" target=\"_blank\" rel=\"noopener\"><span style=\"color: #e45410\"><strong>arr\u00eat\u00e9<\/strong><\/span><\/a>[\/vc_column_text][\/vc_column][\/vc_row]<\/p>\n","protected":false},"excerpt":{"rendered":"<p>[vc_row][vc_column][vc_single_image image=\u00a0\u00bb6306&Prime; img_size=\u00a0\u00bbfull\u00a0\u00bb][vc_empty_space][vc_row_inner el_class=\u00a0\u00bbasso\u00a0\u00bb][vc_column_inner el_class=\u00a0\u00bbasso-img\u00a0\u00bb width=\u00a0\u00bb1\/4&Prime;][vc_single_image image=\u00a0\u00bb3116&Prime; alignment=\u00a0\u00bbcenter\u00a0\u00bb style=\u00a0\u00bbvc_box_rounded\u00a0\u00bb][\/vc_column_inner][vc_column_inner el_class=\u00a0\u00bbasso-text\u00a0\u00bb width=\u00a0\u00bb3\/4&Prime;][vc_column_text] 1\u00e8re circonscription &nbsp; Titulaire : Denis DELPECH 493 rue Roland 45370 MEZIERES LEZ CLERY T\u00e9l. : 02 38 45 62 52 et 06 31 42 23 88 email : delpechdenis45@orange.fr Suppl\u00e9ant : Daniel LAVARENNE[\/vc_column_text][\/vc_column_inner][\/vc_row_inner][vc_row_inner&#8230;<\/p>\n","protected":false},"author":2,"featured_media":0,"parent":0,"menu_order":0,"comment_status":"closed","ping_status":"closed","template":"","meta":{"_acf_changed":false,"inline_featured_image":false,"_exactmetrics_skip_tracking":false,"_exactmetrics_sitenote_active":false,"_exactmetrics_sitenote_note":"","_exactmetrics_sitenote_category":0,"footnotes":""},"class_list":["post-3161","page","type-page","status-publish","hentry"],"acf":[],"publishpress_future_action":{"enabled":false,"date":"2026-04-15 04:50:37","action":"change-status","newStatus":"draft","terms":[],"taxonomy":"","extraData":[]},"publishpress_future_workflow_manual_trigger":{"enabledWorkflows":[]},"_links":{"self":[{"href":"https:\/\/www.save.chasseurducentrevaldeloire.fr\/fdc45\/wp-json\/wp\/v2\/pages\/3161","targetHints":{"allow":["GET"]}}],"collection":[{"href":"https:\/\/www.save.chasseurducentrevaldeloire.fr\/fdc45\/wp-json\/wp\/v2\/pages"}],"about":[{"href":"https:\/\/www.save.chasseurducentrevaldeloire.fr\/fdc45\/wp-json\/wp\/v2\/types\/page"}],"author":[{"embeddable":true,"href":"https:\/\/www.save.chasseurducentrevaldeloire.fr\/fdc45\/wp-json\/wp\/v2\/users\/2"}],"replies":[{"embeddable":true,"href":"https:\/\/www.save.chasseurducentrevaldeloire.fr\/fdc45\/wp-json\/wp\/v2\/comments?post=3161"}],"version-history":[{"count":25,"href":"https:\/\/www.save.chasseurducentrevaldeloire.fr\/fdc45\/wp-json\/wp\/v2\/pages\/3161\/revisions"}],"predecessor-version":[{"id":6311,"href":"https:\/\/www.save.chasseurducentrevaldeloire.fr\/fdc45\/wp-json\/wp\/v2\/pages\/3161\/revisions\/6311"}],"wp:attachment":[{"href":"https:\/\/www.save.chasseurducentrevaldeloire.fr\/fdc45\/wp-json\/wp\/v2\/media?parent=3161"}],"curies":[{"name":"wp","href":"https:\/\/api.w.org\/{rel}","templated":true}]}}