{"id":3151,"date":"2018-06-08T14:54:44","date_gmt":"2018-06-08T12:54:44","guid":{"rendered":"http:\/\/www.chasseurducentrevaldeloire.fr\/fdc45\/?page_id=3151"},"modified":"2022-06-21T14:03:47","modified_gmt":"2022-06-21T12:03:47","slug":"coordonees-horaires-et-plan-dacces","status":"publish","type":"page","link":"https:\/\/www.save.chasseurducentrevaldeloire.fr\/fdc45\/coordonees-horaires-et-plan-dacces\/","title":{"rendered":"Coordonn\u00e9es, horaires et plan d&rsquo;acc\u00e8s"},"content":{"rendered":"<p>[vc_row][vc_column][vc_empty_space][vc_text_separator title=\u00a0\u00bbCoordonn\u00e9es\u00a0\u00bb color=\u00a0\u00bbcustom\u00a0\u00bb accent_color=\u00a0\u00bb#e45410&Prime;][vc_empty_space][vc_column_text]<label>Adresse :\u00a0 <\/label>11 Rue Paul Langevin<br \/>\nCS 37711<br \/>\n<label>Code postal :\u00a0 <\/label>45077<br \/>\n<label>Ville :\u00a0 <\/label>ORLEANS CEDEX 2<br \/>\n<label>Pays :\u00a0 <\/label>France<\/p>\n<p><label>T\u00e9l\u00e9phone :\u00a0 <\/label>Standard : 02 38 69 76 20<br \/>\n<label>Fax :\u00a0 <\/label>02 38 63 83 94<br \/>\n<label class=\"email\">@ Email :\u00a0 <\/label><span style=\"color: #e45410\"><strong><span class=\"email\"> <a style=\"color: #e45410\" href=\"mailto:fdcl@chasseurs45.com\">fdcl@chasseurs45.com<\/a><\/span><\/strong><\/span>[\/vc_column_text][vc_empty_space][vc_text_separator title=\u00a0\u00bbHoraires\u00a0\u00bb color=\u00a0\u00bbcustom\u00a0\u00bb accent_color=\u00a0\u00bb#e45410&Prime;][vc_empty_space][vc_column_text]<\/p>\n<p style=\"text-align: center\"><strong>\u00a0<\/strong><br \/>\nLe Lundi de 10 h \u00e0 12 h et de 13 h 30 \u00e0 17 h 00<br \/>\nDu Mardi au Vendredi de 9 h \u00e0 12 h et de 13 h 30 \u00e0 17 h 00<\/p>\n<p>&nbsp;<\/p>\n<p style=\"text-align: center\">Ferm\u00e9e le samedi, le dimanche et les jours f\u00e9ri\u00e9s<\/p>\n<p>[\/vc_column_text][vc_empty_space][vc_text_separator title=\u00a0\u00bbPlan d&rsquo;acc\u00e8s\u00a0\u00bb color=\u00a0\u00bbcustom\u00a0\u00bb accent_color=\u00a0\u00bb#e45410&Prime;][vc_empty_space][\/vc_column][\/vc_row][vc_row][vc_column][vc_raw_js]JTNDZGl2JTIwYWxpZ24lM0QlMjJjZW50ZXIlMjIlM0UlM0NpZnJhbWUlMjBzcmMlM0QlMjJodHRwcyUzQSUyRiUyRnd3dy5nb29nbGUuY29tJTJGbWFwcyUyRmVtYmVkJTNGcGIlM0QlMjExbTE4JTIxMW0xMiUyMTFtMyUyMTFkMjY3OC40NjI1NTYzMTk4NDE1JTIxMmQxLjkzMzMzNjMxNTk4OTg4NiUyMTNkNDcuODMwNjMxNjc5MjAwMTQ1JTIxMm0zJTIxMWYwJTIxMmYwJTIxM2YwJTIxM20yJTIxMWkxMDI0JTIxMmk3NjglMjE0ZjEzLjElMjEzbTMlMjExbTIlMjExczB4NDdlNGU0MDBjMGZlYWUxMSUyNTNBMHgzN2RhNjcyZjE0NWJlNmRkJTIxMnNGJTI1QzMlMjVBOWQlMjVDMyUyNUE5cmF0aW9uJTJCRCUyNUMzJTI1QTlwYXJ0ZW1lbnRhbGUlMkJkZXMlMkJDaGFzc2V1cnMlMkJkdSUyQkxvaXJldCUyQiUyOEZEQzQ1JTI5JTIxNWUwJTIxM20yJTIxMXNmciUyMTJzZnIlMjE0djE1Mzk2OTM4NzQ1MDElMjIlMjB3aWR0aCUzRCUyMjYwMCUyMiUyMGhlaWdodCUzRCUyMjQ1MCUyMiUyMGZyYW1lYm9yZGVyJTNEJTIyMCUyMiUyMHN0eWxlJTNEJTIyYm9yZGVyJTNBMCUyMiUyMGFsbG93ZnVsbHNjcmVlbiUzRSUzQyUyRmlmcmFtZSUzRSUzQyUyRmRpdiUzRQ==[\/vc_raw_js][\/vc_column][\/vc_row]<\/p>\n","protected":false},"excerpt":{"rendered":"<p>[vc_row][vc_column][vc_empty_space][vc_text_separator title=\u00a0\u00bbCoordonn\u00e9es\u00a0\u00bb color=\u00a0\u00bbcustom\u00a0\u00bb accent_color=\u00a0\u00bb#e45410&Prime;][vc_empty_space][vc_column_text]Adresse :\u00a0 11 Rue Paul Langevin CS 37711 Code postal :\u00a0 45077 Ville :\u00a0 ORLEANS CEDEX 2 Pays :\u00a0 France T\u00e9l\u00e9phone :\u00a0 Standard : 02 38 69 76 20 Fax :\u00a0 02 38 63 83 94 @ Email :\u00a0 fdcl@chasseurs45.com[\/vc_column_text][vc_empty_space][vc_text_separator title=\u00a0\u00bbHoraires\u00a0\u00bb color=\u00a0\u00bbcustom\u00a0\u00bb&#8230;<\/p>\n","protected":false},"author":2,"featured_media":0,"parent":0,"menu_order":0,"comment_status":"closed","ping_status":"closed","template":"","meta":{"_acf_changed":false,"inline_featured_image":false,"_exactmetrics_skip_tracking":false,"_exactmetrics_sitenote_active":false,"_exactmetrics_sitenote_note":"","_exactmetrics_sitenote_category":0,"footnotes":""},"class_list":["post-3151","page","type-page","status-publish","hentry"],"acf":[],"publishpress_future_action":{"enabled":false,"date":"2026-04-18 12:24:43","action":"change-status","newStatus":"draft","terms":[],"taxonomy":"","extraData":[]},"publishpress_future_workflow_manual_trigger":{"enabledWorkflows":[]},"_links":{"self":[{"href":"https:\/\/www.save.chasseurducentrevaldeloire.fr\/fdc45\/wp-json\/wp\/v2\/pages\/3151","targetHints":{"allow":["GET"]}}],"collection":[{"href":"https:\/\/www.save.chasseurducentrevaldeloire.fr\/fdc45\/wp-json\/wp\/v2\/pages"}],"about":[{"href":"https:\/\/www.save.chasseurducentrevaldeloire.fr\/fdc45\/wp-json\/wp\/v2\/types\/page"}],"author":[{"embeddable":true,"href":"https:\/\/www.save.chasseurducentrevaldeloire.fr\/fdc45\/wp-json\/wp\/v2\/users\/2"}],"replies":[{"embeddable":true,"href":"https:\/\/www.save.chasseurducentrevaldeloire.fr\/fdc45\/wp-json\/wp\/v2\/comments?post=3151"}],"version-history":[{"count":7,"href":"https:\/\/www.save.chasseurducentrevaldeloire.fr\/fdc45\/wp-json\/wp\/v2\/pages\/3151\/revisions"}],"predecessor-version":[{"id":5444,"href":"https:\/\/www.save.chasseurducentrevaldeloire.fr\/fdc45\/wp-json\/wp\/v2\/pages\/3151\/revisions\/5444"}],"wp:attachment":[{"href":"https:\/\/www.save.chasseurducentrevaldeloire.fr\/fdc45\/wp-json\/wp\/v2\/media?parent=3151"}],"curies":[{"name":"wp","href":"https:\/\/api.w.org\/{rel}","templated":true}]}}