{"id":3133,"date":"2018-06-06T17:41:29","date_gmt":"2018-06-06T15:41:29","guid":{"rendered":"http:\/\/www.chasseurducentrevaldeloire.fr\/fdc45\/?page_id=3133"},"modified":"2025-09-22T11:05:12","modified_gmt":"2025-09-22T09:05:12","slug":"conseil-dadministration","status":"publish","type":"page","link":"https:\/\/www.save.chasseurducentrevaldeloire.fr\/fdc45\/conseil-dadministration\/","title":{"rendered":"Conseil d&rsquo;administration"},"content":{"rendered":"<p>[vc_row][vc_column][vc_empty_space][vc_single_image image=\u00a0\u00bb6136&Prime; img_size=\u00a0\u00bbfull\u00a0\u00bb alignment=\u00a0\u00bbcenter\u00a0\u00bb onclick=\u00a0\u00bbimg_link_large\u00a0\u00bb img_link_target=\u00a0\u00bb_blank\u00a0\u00bb][vc_empty_space][\/vc_column][\/vc_row][vc_row][vc_column][vc_column_text]<strong><span id=\"page3R_mcid4\" class=\"markedContent\"><span dir=\"ltr\" role=\"presentation\">Le<\/span> <span dir=\"ltr\" role=\"presentation\">B<\/span><span dir=\"ltr\" role=\"presentation\">ureau de la FDC45<\/span><\/span><\/strong><\/p>\n<p>&nbsp;<\/p>\n<p><span id=\"page3R_mcid6\" class=\"markedContent\"><span dir=\"ltr\" role=\"presentation\">Pr\u00e9sident<\/span> <span dir=\"ltr\" role=\"presentation\">:<\/span> <span dir=\"ltr\" role=\"presentation\">Alain MACHENIN<\/span><\/span><span id=\"page3R_mcid7\" class=\"markedContent\"><\/span><\/p>\n<p><span id=\"page3R_mcid7\" class=\"markedContent\"><br role=\"presentation\" \/><span dir=\"ltr\" role=\"presentation\">Vice<\/span><span dir=\"ltr\" role=\"presentation\">&#8211;<\/span><span dir=\"ltr\" role=\"presentation\">Pr\u00e9sidents<\/span> <span dir=\"ltr\" role=\"presentation\">:<\/span> <span dir=\"ltr\" role=\"presentation\">Ro<\/span><span dir=\"ltr\" role=\"presentation\">ger GABORET et Christ<\/span><span dir=\"ltr\" role=\"presentation\">op<\/span><span dir=\"ltr\" role=\"presentation\">he<\/span> <span dir=\"ltr\" role=\"presentation\">HAR<\/span><span dir=\"ltr\" role=\"presentation\">M<\/span><span dir=\"ltr\" role=\"presentation\">EY<\/span><\/span><span id=\"page3R_mcid8\" class=\"markedContent\"><\/span><\/p>\n<p><span id=\"page3R_mcid8\" class=\"markedContent\"><br role=\"presentation\" \/><span dir=\"ltr\" role=\"presentation\">Secr\u00e9taire g\u00e9n\u00e9ral<\/span> <span dir=\"ltr\" role=\"presentation\">:<\/span> Christophe Leveill\u00e9<\/span><span id=\"page3R_mcid9\" class=\"markedContent\"><\/span><\/p>\n<p><span id=\"page3R_mcid9\" class=\"markedContent\"><br role=\"presentation\" \/><span dir=\"ltr\" role=\"presentation\">Tr\u00e9sorier<\/span> <span dir=\"ltr\" role=\"presentation\">:<\/span> <span dir=\"ltr\" role=\"presentation\">Mathieu TEIXEIRA<\/span><\/span><span id=\"page3R_mcid10\" class=\"markedContent\"><\/span><\/p>\n<p><span id=\"page3R_mcid10\" class=\"markedContent\"><br role=\"presentation\" \/><span dir=\"ltr\" role=\"presentation\">Tr\u00e9sorier adjoint<\/span> <span dir=\"ltr\" role=\"presentation\">:<\/span> <span dir=\"ltr\" role=\"presentation\">Alain HACQUARD<\/span><\/span><\/p>\n<p>[\/vc_column_text][vc_empty_space][vc_column_text css_animation=\u00a0\u00bbappear\u00a0\u00bb]<\/p>\n<table>\n<thead>\n<tr>\n<td colspan=\"2\"><strong>SECTEUR 1<\/strong><\/td>\n<\/tr>\n<\/thead>\n<tbody>\n<tr>\n<td><img loading=\"lazy\" decoding=\"async\" class=\"alignnone size-medium wp-image-5257\" src=\"https:\/\/www.chasseurducentrevaldeloire.fr\/fdc45\/wp-content\/uploads\/sites\/9\/2022\/04\/CHAUFFETON-225x300.jpg\" alt=\"\" width=\"225\" height=\"300\" srcset=\"https:\/\/www.save.chasseurducentrevaldeloire.fr\/fdc45\/wp-content\/uploads\/sites\/9\/2022\/04\/CHAUFFETON-225x300.jpg 225w, https:\/\/www.save.chasseurducentrevaldeloire.fr\/fdc45\/wp-content\/uploads\/sites\/9\/2022\/04\/CHAUFFETON-768x1024.jpg 768w, https:\/\/www.save.chasseurducentrevaldeloire.fr\/fdc45\/wp-content\/uploads\/sites\/9\/2022\/04\/CHAUFFETON-1152x1536.jpg 1152w, https:\/\/www.save.chasseurducentrevaldeloire.fr\/fdc45\/wp-content\/uploads\/sites\/9\/2022\/04\/CHAUFFETON-1536x2048.jpg 1536w, https:\/\/www.save.chasseurducentrevaldeloire.fr\/fdc45\/wp-content\/uploads\/sites\/9\/2022\/04\/CHAUFFETON-600x800.jpg 600w, https:\/\/www.save.chasseurducentrevaldeloire.fr\/fdc45\/wp-content\/uploads\/sites\/9\/2022\/04\/CHAUFFETON-scaled.jpg 1920w\" sizes=\"auto, (max-width: 225px) 100vw, 225px\" \/><\/td>\n<td>M. Alain Chauffeton<\/p>\n<p>(Artenay)<br \/>\nPr\u00e9sident de la commission Grand Gibier<\/td>\n<\/tr>\n<tr>\n<td><img loading=\"lazy\" decoding=\"async\" class=\"alignnone size-medium wp-image-5258\" src=\"https:\/\/www.chasseurducentrevaldeloire.fr\/fdc45\/wp-content\/uploads\/sites\/9\/2022\/04\/HACQUARD-225x300.jpg\" alt=\"\" width=\"225\" height=\"300\" srcset=\"https:\/\/www.save.chasseurducentrevaldeloire.fr\/fdc45\/wp-content\/uploads\/sites\/9\/2022\/04\/HACQUARD-225x300.jpg 225w, https:\/\/www.save.chasseurducentrevaldeloire.fr\/fdc45\/wp-content\/uploads\/sites\/9\/2022\/04\/HACQUARD-768x1024.jpg 768w, https:\/\/www.save.chasseurducentrevaldeloire.fr\/fdc45\/wp-content\/uploads\/sites\/9\/2022\/04\/HACQUARD-1152x1536.jpg 1152w, https:\/\/www.save.chasseurducentrevaldeloire.fr\/fdc45\/wp-content\/uploads\/sites\/9\/2022\/04\/HACQUARD-1536x2048.jpg 1536w, https:\/\/www.save.chasseurducentrevaldeloire.fr\/fdc45\/wp-content\/uploads\/sites\/9\/2022\/04\/HACQUARD-600x800.jpg 600w, https:\/\/www.save.chasseurducentrevaldeloire.fr\/fdc45\/wp-content\/uploads\/sites\/9\/2022\/04\/HACQUARD-scaled.jpg 1920w\" sizes=\"auto, (max-width: 225px) 100vw, 225px\" \/><\/td>\n<td>M. Alain Hacquard<\/p>\n<p>(Artenay)<\/p>\n<p>Tr\u00e9sorier adjoint ds la FDC 45 &#8211; Pr\u00e9sident de la commission Sch\u00e9ma D\u00e9partemental (SDGC)<\/td>\n<\/tr>\n<tr>\n<td><img loading=\"lazy\" decoding=\"async\" class=\"alignnone size-medium wp-image-5259\" src=\"https:\/\/www.chasseurducentrevaldeloire.fr\/fdc45\/wp-content\/uploads\/sites\/9\/2022\/04\/MARCHAND-225x300.jpg\" alt=\"\" width=\"225\" height=\"300\" srcset=\"https:\/\/www.save.chasseurducentrevaldeloire.fr\/fdc45\/wp-content\/uploads\/sites\/9\/2022\/04\/MARCHAND-225x300.jpg 225w, https:\/\/www.save.chasseurducentrevaldeloire.fr\/fdc45\/wp-content\/uploads\/sites\/9\/2022\/04\/MARCHAND-768x1024.jpg 768w, https:\/\/www.save.chasseurducentrevaldeloire.fr\/fdc45\/wp-content\/uploads\/sites\/9\/2022\/04\/MARCHAND-1152x1536.jpg 1152w, https:\/\/www.save.chasseurducentrevaldeloire.fr\/fdc45\/wp-content\/uploads\/sites\/9\/2022\/04\/MARCHAND-1536x2048.jpg 1536w, https:\/\/www.save.chasseurducentrevaldeloire.fr\/fdc45\/wp-content\/uploads\/sites\/9\/2022\/04\/MARCHAND-600x800.jpg 600w, https:\/\/www.save.chasseurducentrevaldeloire.fr\/fdc45\/wp-content\/uploads\/sites\/9\/2022\/04\/MARCHAND-scaled.jpg 1920w\" sizes=\"auto, (max-width: 225px) 100vw, 225px\" \/><\/td>\n<td>M.\u00a0Dominique Marchand<\/p>\n<p>(Bazoches-les-Gallerandes)<\/p>\n<p>Pr\u00e9sident de la commission\u00a0 Petit Gibier &#8211; Pr\u00e9dation<\/td>\n<\/tr>\n<tr>\n<td><img loading=\"lazy\" decoding=\"async\" class=\"alignnone size-medium wp-image-5260\" src=\"https:\/\/www.chasseurducentrevaldeloire.fr\/fdc45\/wp-content\/uploads\/sites\/9\/2022\/04\/TEIXEIRA-225x300.jpg\" alt=\"\" width=\"225\" height=\"300\" srcset=\"https:\/\/www.save.chasseurducentrevaldeloire.fr\/fdc45\/wp-content\/uploads\/sites\/9\/2022\/04\/TEIXEIRA-225x300.jpg 225w, https:\/\/www.save.chasseurducentrevaldeloire.fr\/fdc45\/wp-content\/uploads\/sites\/9\/2022\/04\/TEIXEIRA-768x1024.jpg 768w, https:\/\/www.save.chasseurducentrevaldeloire.fr\/fdc45\/wp-content\/uploads\/sites\/9\/2022\/04\/TEIXEIRA-1152x1536.jpg 1152w, https:\/\/www.save.chasseurducentrevaldeloire.fr\/fdc45\/wp-content\/uploads\/sites\/9\/2022\/04\/TEIXEIRA-1536x2048.jpg 1536w, https:\/\/www.save.chasseurducentrevaldeloire.fr\/fdc45\/wp-content\/uploads\/sites\/9\/2022\/04\/TEIXEIRA-600x800.jpg 600w, https:\/\/www.save.chasseurducentrevaldeloire.fr\/fdc45\/wp-content\/uploads\/sites\/9\/2022\/04\/TEIXEIRA-scaled.jpg 1920w\" sizes=\"auto, (max-width: 225px) 100vw, 225px\" \/><\/td>\n<td>M. Mathieu Teixeira<\/p>\n<p>(Ladon)<\/p>\n<p>Tr\u00e9sorier de la FDC 45 &#8211; Pr\u00e9sident de la commission Financi\u00e8re, Pr\u00e9sident de la commission Pr\u00e9vention<\/p>\n<p>&nbsp;<\/td>\n<\/tr>\n<\/tbody>\n<\/table>\n<p>[\/vc_column_text][vc_empty_space][vc_column_text]<\/p>\n<table>\n<thead>\n<tr>\n<td colspan=\"2\"><strong>SECTEUR 2<\/strong><\/td>\n<\/tr>\n<\/thead>\n<tbody>\n<tr>\n<td><img loading=\"lazy\" decoding=\"async\" class=\"alignnone size-medium wp-image-5262\" src=\"https:\/\/www.chasseurducentrevaldeloire.fr\/fdc45\/wp-content\/uploads\/sites\/9\/2022\/04\/GUIRY-225x300.jpg\" alt=\"\" width=\"225\" height=\"300\" srcset=\"https:\/\/www.save.chasseurducentrevaldeloire.fr\/fdc45\/wp-content\/uploads\/sites\/9\/2022\/04\/GUIRY-225x300.jpg 225w, https:\/\/www.save.chasseurducentrevaldeloire.fr\/fdc45\/wp-content\/uploads\/sites\/9\/2022\/04\/GUIRY-768x1024.jpg 768w, https:\/\/www.save.chasseurducentrevaldeloire.fr\/fdc45\/wp-content\/uploads\/sites\/9\/2022\/04\/GUIRY-1152x1536.jpg 1152w, https:\/\/www.save.chasseurducentrevaldeloire.fr\/fdc45\/wp-content\/uploads\/sites\/9\/2022\/04\/GUIRY-1536x2048.jpg 1536w, https:\/\/www.save.chasseurducentrevaldeloire.fr\/fdc45\/wp-content\/uploads\/sites\/9\/2022\/04\/GUIRY-600x800.jpg 600w, https:\/\/www.save.chasseurducentrevaldeloire.fr\/fdc45\/wp-content\/uploads\/sites\/9\/2022\/04\/GUIRY-scaled.jpg 1920w\" sizes=\"auto, (max-width: 225px) 100vw, 225px\" \/><\/td>\n<td>M. Patrice Guiry<\/p>\n<p>(Loury)<\/td>\n<\/tr>\n<tr>\n<td><img loading=\"lazy\" decoding=\"async\" class=\"alignnone size-medium wp-image-5263\" src=\"https:\/\/www.chasseurducentrevaldeloire.fr\/fdc45\/wp-content\/uploads\/sites\/9\/2022\/04\/HARMEY2-225x300.jpg\" alt=\"\" width=\"225\" height=\"300\" srcset=\"https:\/\/www.save.chasseurducentrevaldeloire.fr\/fdc45\/wp-content\/uploads\/sites\/9\/2022\/04\/HARMEY2-225x300.jpg 225w, https:\/\/www.save.chasseurducentrevaldeloire.fr\/fdc45\/wp-content\/uploads\/sites\/9\/2022\/04\/HARMEY2-768x1024.jpg 768w, https:\/\/www.save.chasseurducentrevaldeloire.fr\/fdc45\/wp-content\/uploads\/sites\/9\/2022\/04\/HARMEY2-1152x1536.jpg 1152w, https:\/\/www.save.chasseurducentrevaldeloire.fr\/fdc45\/wp-content\/uploads\/sites\/9\/2022\/04\/HARMEY2-1536x2048.jpg 1536w, https:\/\/www.save.chasseurducentrevaldeloire.fr\/fdc45\/wp-content\/uploads\/sites\/9\/2022\/04\/HARMEY2-600x800.jpg 600w, https:\/\/www.save.chasseurducentrevaldeloire.fr\/fdc45\/wp-content\/uploads\/sites\/9\/2022\/04\/HARMEY2-scaled.jpg 1920w\" sizes=\"auto, (max-width: 225px) 100vw, 225px\" \/><\/td>\n<td>M. Christophe Harmey<\/p>\n<p>(Orl\u00e9ans)<\/p>\n<p>Pr\u00e9sident de la commission \u00ab\u00a0Formation\u00a0\u00bb<\/td>\n<\/tr>\n<tr>\n<td><img loading=\"lazy\" decoding=\"async\" class=\"alignnone size-medium wp-image-5265\" src=\"https:\/\/www.chasseurducentrevaldeloire.fr\/fdc45\/wp-content\/uploads\/sites\/9\/2022\/04\/LEVEILLE-225x300.jpg\" alt=\"\" width=\"225\" height=\"300\" srcset=\"https:\/\/www.save.chasseurducentrevaldeloire.fr\/fdc45\/wp-content\/uploads\/sites\/9\/2022\/04\/LEVEILLE-225x300.jpg 225w, https:\/\/www.save.chasseurducentrevaldeloire.fr\/fdc45\/wp-content\/uploads\/sites\/9\/2022\/04\/LEVEILLE-768x1024.jpg 768w, https:\/\/www.save.chasseurducentrevaldeloire.fr\/fdc45\/wp-content\/uploads\/sites\/9\/2022\/04\/LEVEILLE-1152x1536.jpg 1152w, https:\/\/www.save.chasseurducentrevaldeloire.fr\/fdc45\/wp-content\/uploads\/sites\/9\/2022\/04\/LEVEILLE-1536x2048.jpg 1536w, https:\/\/www.save.chasseurducentrevaldeloire.fr\/fdc45\/wp-content\/uploads\/sites\/9\/2022\/04\/LEVEILLE-600x800.jpg 600w, https:\/\/www.save.chasseurducentrevaldeloire.fr\/fdc45\/wp-content\/uploads\/sites\/9\/2022\/04\/LEVEILLE-scaled.jpg 1920w\" sizes=\"auto, (max-width: 225px) 100vw, 225px\" \/><\/td>\n<td>M. Christophe Leveill\u00e9<\/p>\n<p>(Bouzy-la-For\u00eat)<\/p>\n<p>Secr\u00e9taire g\u00e9n\u00e9ral, Pr\u00e9sident de la commission S\u00e9curit\u00e9<\/td>\n<\/tr>\n<tr>\n<td><img loading=\"lazy\" decoding=\"async\" class=\"alignnone size-medium wp-image-5266\" src=\"https:\/\/www.chasseurducentrevaldeloire.fr\/fdc45\/wp-content\/uploads\/sites\/9\/2022\/04\/POISSON-225x300.jpg\" alt=\"\" width=\"225\" height=\"300\" srcset=\"https:\/\/www.save.chasseurducentrevaldeloire.fr\/fdc45\/wp-content\/uploads\/sites\/9\/2022\/04\/POISSON-225x300.jpg 225w, https:\/\/www.save.chasseurducentrevaldeloire.fr\/fdc45\/wp-content\/uploads\/sites\/9\/2022\/04\/POISSON-768x1024.jpg 768w, https:\/\/www.save.chasseurducentrevaldeloire.fr\/fdc45\/wp-content\/uploads\/sites\/9\/2022\/04\/POISSON-1152x1536.jpg 1152w, https:\/\/www.save.chasseurducentrevaldeloire.fr\/fdc45\/wp-content\/uploads\/sites\/9\/2022\/04\/POISSON-1536x2048.jpg 1536w, https:\/\/www.save.chasseurducentrevaldeloire.fr\/fdc45\/wp-content\/uploads\/sites\/9\/2022\/04\/POISSON-600x800.jpg 600w, https:\/\/www.save.chasseurducentrevaldeloire.fr\/fdc45\/wp-content\/uploads\/sites\/9\/2022\/04\/POISSON-scaled.jpg 1920w\" sizes=\"auto, (max-width: 225px) 100vw, 225px\" \/><\/td>\n<td>M. Henry Poisson<\/p>\n<p>(Bouzy La For\u00eat)<\/p>\n<p>Pr\u00e9sident de la commission Nouveaux chasseurs \u2013 Prospective<\/td>\n<\/tr>\n<\/tbody>\n<\/table>\n<p>[\/vc_column_text][vc_empty_space][vc_column_text]<\/p>\n<table>\n<thead>\n<tr>\n<td colspan=\"2\"><strong>SECTEUR 3<\/strong><\/td>\n<\/tr>\n<\/thead>\n<tbody>\n<tr>\n<td><img loading=\"lazy\" decoding=\"async\" class=\"alignnone size-medium wp-image-5267\" src=\"https:\/\/www.chasseurducentrevaldeloire.fr\/fdc45\/wp-content\/uploads\/sites\/9\/2022\/04\/DE-BELLESCIZE-225x300.jpg\" alt=\"\" width=\"225\" height=\"300\" srcset=\"https:\/\/www.save.chasseurducentrevaldeloire.fr\/fdc45\/wp-content\/uploads\/sites\/9\/2022\/04\/DE-BELLESCIZE-225x300.jpg 225w, https:\/\/www.save.chasseurducentrevaldeloire.fr\/fdc45\/wp-content\/uploads\/sites\/9\/2022\/04\/DE-BELLESCIZE-768x1024.jpg 768w, https:\/\/www.save.chasseurducentrevaldeloire.fr\/fdc45\/wp-content\/uploads\/sites\/9\/2022\/04\/DE-BELLESCIZE-1152x1536.jpg 1152w, https:\/\/www.save.chasseurducentrevaldeloire.fr\/fdc45\/wp-content\/uploads\/sites\/9\/2022\/04\/DE-BELLESCIZE-1536x2048.jpg 1536w, https:\/\/www.save.chasseurducentrevaldeloire.fr\/fdc45\/wp-content\/uploads\/sites\/9\/2022\/04\/DE-BELLESCIZE-600x800.jpg 600w, https:\/\/www.save.chasseurducentrevaldeloire.fr\/fdc45\/wp-content\/uploads\/sites\/9\/2022\/04\/DE-BELLESCIZE-scaled.jpg 1920w\" sizes=\"auto, (max-width: 225px) 100vw, 225px\" \/><\/td>\n<td>Mme Aude De Bellescize<\/p>\n<p>(Nogent-sur-Vernisson)<\/td>\n<\/tr>\n<tr>\n<td><img loading=\"lazy\" decoding=\"async\" class=\"alignnone size-medium wp-image-5268\" src=\"https:\/\/www.chasseurducentrevaldeloire.fr\/fdc45\/wp-content\/uploads\/sites\/9\/2022\/04\/FRANCOIS-225x300.jpg\" alt=\"\" width=\"225\" height=\"300\" srcset=\"https:\/\/www.save.chasseurducentrevaldeloire.fr\/fdc45\/wp-content\/uploads\/sites\/9\/2022\/04\/FRANCOIS-225x300.jpg 225w, https:\/\/www.save.chasseurducentrevaldeloire.fr\/fdc45\/wp-content\/uploads\/sites\/9\/2022\/04\/FRANCOIS-768x1024.jpg 768w, https:\/\/www.save.chasseurducentrevaldeloire.fr\/fdc45\/wp-content\/uploads\/sites\/9\/2022\/04\/FRANCOIS-1152x1536.jpg 1152w, https:\/\/www.save.chasseurducentrevaldeloire.fr\/fdc45\/wp-content\/uploads\/sites\/9\/2022\/04\/FRANCOIS-1536x2048.jpg 1536w, https:\/\/www.save.chasseurducentrevaldeloire.fr\/fdc45\/wp-content\/uploads\/sites\/9\/2022\/04\/FRANCOIS-600x800.jpg 600w, https:\/\/www.save.chasseurducentrevaldeloire.fr\/fdc45\/wp-content\/uploads\/sites\/9\/2022\/04\/FRANCOIS-scaled.jpg 1920w\" sizes=\"auto, (max-width: 225px) 100vw, 225px\" \/><\/td>\n<td>M.\u00a0Jean-Michel Fran\u00e7ois<\/p>\n<p>(Briare)<\/p>\n<p>Pr\u00e9sident de la commission Migrateurs &#8211; Gibier d&rsquo;eau<\/td>\n<\/tr>\n<tr>\n<td><img loading=\"lazy\" decoding=\"async\" class=\"alignnone size-medium wp-image-5269\" src=\"https:\/\/www.chasseurducentrevaldeloire.fr\/fdc45\/wp-content\/uploads\/sites\/9\/2022\/04\/GABORET-225x300.jpg\" alt=\"\" width=\"225\" height=\"300\" srcset=\"https:\/\/www.save.chasseurducentrevaldeloire.fr\/fdc45\/wp-content\/uploads\/sites\/9\/2022\/04\/GABORET-225x300.jpg 225w, https:\/\/www.save.chasseurducentrevaldeloire.fr\/fdc45\/wp-content\/uploads\/sites\/9\/2022\/04\/GABORET-768x1024.jpg 768w, https:\/\/www.save.chasseurducentrevaldeloire.fr\/fdc45\/wp-content\/uploads\/sites\/9\/2022\/04\/GABORET-1152x1536.jpg 1152w, https:\/\/www.save.chasseurducentrevaldeloire.fr\/fdc45\/wp-content\/uploads\/sites\/9\/2022\/04\/GABORET-1536x2048.jpg 1536w, https:\/\/www.save.chasseurducentrevaldeloire.fr\/fdc45\/wp-content\/uploads\/sites\/9\/2022\/04\/GABORET-600x800.jpg 600w, https:\/\/www.save.chasseurducentrevaldeloire.fr\/fdc45\/wp-content\/uploads\/sites\/9\/2022\/04\/GABORET-scaled.jpg 1920w\" sizes=\"auto, (max-width: 225px) 100vw, 225px\" \/><\/td>\n<td>M. Roger Gaboret<\/p>\n<p>(Bonny-sur-Loire)<\/p>\n<p>Vice-pr\u00e9sident de la FDC 45, Pr\u00e9sident de la commission Immobilier<\/td>\n<\/tr>\n<tr>\n<td><img loading=\"lazy\" decoding=\"async\" class=\"alignnone size-medium wp-image-5270\" src=\"https:\/\/www.chasseurducentrevaldeloire.fr\/fdc45\/wp-content\/uploads\/sites\/9\/2022\/04\/MEUNIER-225x300.jpg\" alt=\"\" width=\"225\" height=\"300\" srcset=\"https:\/\/www.save.chasseurducentrevaldeloire.fr\/fdc45\/wp-content\/uploads\/sites\/9\/2022\/04\/MEUNIER-225x300.jpg 225w, https:\/\/www.save.chasseurducentrevaldeloire.fr\/fdc45\/wp-content\/uploads\/sites\/9\/2022\/04\/MEUNIER-768x1024.jpg 768w, https:\/\/www.save.chasseurducentrevaldeloire.fr\/fdc45\/wp-content\/uploads\/sites\/9\/2022\/04\/MEUNIER-1152x1536.jpg 1152w, https:\/\/www.save.chasseurducentrevaldeloire.fr\/fdc45\/wp-content\/uploads\/sites\/9\/2022\/04\/MEUNIER-1536x2048.jpg 1536w, https:\/\/www.save.chasseurducentrevaldeloire.fr\/fdc45\/wp-content\/uploads\/sites\/9\/2022\/04\/MEUNIER-600x800.jpg 600w, https:\/\/www.save.chasseurducentrevaldeloire.fr\/fdc45\/wp-content\/uploads\/sites\/9\/2022\/04\/MEUNIER-scaled.jpg 1920w\" sizes=\"auto, (max-width: 225px) 100vw, 225px\" \/><\/td>\n<td>M. Claude Meunier<\/p>\n<p>(Nogent-sur-Vernisson)<\/p>\n<p>Pr\u00e9sident de la commission Venaison<\/td>\n<\/tr>\n<\/tbody>\n<\/table>\n<p>[\/vc_column_text][vc_empty_space][vc_column_text]<\/p>\n<table>\n<thead>\n<tr>\n<td colspan=\"2\"><strong>SECTEUR 4<\/strong><\/td>\n<\/tr>\n<\/thead>\n<tbody>\n<tr>\n<td><img loading=\"lazy\" decoding=\"async\" class=\"alignnone size-medium wp-image-5271\" src=\"https:\/\/www.chasseurducentrevaldeloire.fr\/fdc45\/wp-content\/uploads\/sites\/9\/2022\/04\/GOULIER2-225x300.jpg\" alt=\"\" width=\"225\" height=\"300\" srcset=\"https:\/\/www.save.chasseurducentrevaldeloire.fr\/fdc45\/wp-content\/uploads\/sites\/9\/2022\/04\/GOULIER2-225x300.jpg 225w, https:\/\/www.save.chasseurducentrevaldeloire.fr\/fdc45\/wp-content\/uploads\/sites\/9\/2022\/04\/GOULIER2-768x1024.jpg 768w, https:\/\/www.save.chasseurducentrevaldeloire.fr\/fdc45\/wp-content\/uploads\/sites\/9\/2022\/04\/GOULIER2-1152x1536.jpg 1152w, https:\/\/www.save.chasseurducentrevaldeloire.fr\/fdc45\/wp-content\/uploads\/sites\/9\/2022\/04\/GOULIER2-1536x2048.jpg 1536w, https:\/\/www.save.chasseurducentrevaldeloire.fr\/fdc45\/wp-content\/uploads\/sites\/9\/2022\/04\/GOULIER2-600x800.jpg 600w, https:\/\/www.save.chasseurducentrevaldeloire.fr\/fdc45\/wp-content\/uploads\/sites\/9\/2022\/04\/GOULIER2-scaled.jpg 1920w\" sizes=\"auto, (max-width: 225px) 100vw, 225px\" \/><\/td>\n<td>M. Jean-Michel Goulier<\/p>\n<p>(Tigy)<\/p>\n<p>Pr\u00e9sident de la commission Agents<\/td>\n<\/tr>\n<tr>\n<td><img loading=\"lazy\" decoding=\"async\" class=\"alignnone size-medium wp-image-5273\" src=\"https:\/\/www.chasseurducentrevaldeloire.fr\/fdc45\/wp-content\/uploads\/sites\/9\/2022\/04\/MACHENIN-225x300.jpg\" alt=\"\" width=\"225\" height=\"300\" srcset=\"https:\/\/www.save.chasseurducentrevaldeloire.fr\/fdc45\/wp-content\/uploads\/sites\/9\/2022\/04\/MACHENIN-225x300.jpg 225w, https:\/\/www.save.chasseurducentrevaldeloire.fr\/fdc45\/wp-content\/uploads\/sites\/9\/2022\/04\/MACHENIN-768x1024.jpg 768w, https:\/\/www.save.chasseurducentrevaldeloire.fr\/fdc45\/wp-content\/uploads\/sites\/9\/2022\/04\/MACHENIN-1152x1536.jpg 1152w, https:\/\/www.save.chasseurducentrevaldeloire.fr\/fdc45\/wp-content\/uploads\/sites\/9\/2022\/04\/MACHENIN-1536x2048.jpg 1536w, https:\/\/www.save.chasseurducentrevaldeloire.fr\/fdc45\/wp-content\/uploads\/sites\/9\/2022\/04\/MACHENIN-600x800.jpg 600w, https:\/\/www.save.chasseurducentrevaldeloire.fr\/fdc45\/wp-content\/uploads\/sites\/9\/2022\/04\/MACHENIN-scaled.jpg 1920w\" sizes=\"auto, (max-width: 225px) 100vw, 225px\" \/><\/td>\n<td>M.\u00a0Alain Machenin<\/p>\n<p>(La Fert\u00e9 Saint Aubin)<\/p>\n<p>Pr\u00e9sident de la FDC45<\/td>\n<\/tr>\n<tr>\n<td><img loading=\"lazy\" decoding=\"async\" class=\"alignnone size-medium wp-image-5274\" src=\"https:\/\/www.chasseurducentrevaldeloire.fr\/fdc45\/wp-content\/uploads\/sites\/9\/2022\/04\/SELLIER-225x300.jpg\" alt=\"\" width=\"225\" height=\"300\" srcset=\"https:\/\/www.save.chasseurducentrevaldeloire.fr\/fdc45\/wp-content\/uploads\/sites\/9\/2022\/04\/SELLIER-225x300.jpg 225w, https:\/\/www.save.chasseurducentrevaldeloire.fr\/fdc45\/wp-content\/uploads\/sites\/9\/2022\/04\/SELLIER-768x1024.jpg 768w, https:\/\/www.save.chasseurducentrevaldeloire.fr\/fdc45\/wp-content\/uploads\/sites\/9\/2022\/04\/SELLIER-1152x1536.jpg 1152w, https:\/\/www.save.chasseurducentrevaldeloire.fr\/fdc45\/wp-content\/uploads\/sites\/9\/2022\/04\/SELLIER-1536x2048.jpg 1536w, https:\/\/www.save.chasseurducentrevaldeloire.fr\/fdc45\/wp-content\/uploads\/sites\/9\/2022\/04\/SELLIER-600x800.jpg 600w, https:\/\/www.save.chasseurducentrevaldeloire.fr\/fdc45\/wp-content\/uploads\/sites\/9\/2022\/04\/SELLIER-scaled.jpg 1920w\" sizes=\"auto, (max-width: 225px) 100vw, 225px\" \/><\/td>\n<td>M. Jacky Sellier<\/p>\n<p>(Sandillon)<\/td>\n<\/tr>\n<tr>\n<td><\/td>\n<td>\n<div class=\"elementor-element elementor-element-f5ce2aa e-con-full e-flex e-con e-child\" data-id=\"f5ce2aa\" data-element_type=\"container\" data-settings=\"{&quot;background_background&quot;:&quot;classic&quot;,&quot;jet_parallax_layout_list&quot;:[]}\">\n<div class=\"elementor-element elementor-element-f48492f e-con-full e-flex e-con e-child\" data-id=\"f48492f\" data-element_type=\"container\" data-settings=\"{&quot;jet_parallax_layout_list&quot;:[]}\">\n<div class=\"elementor-element elementor-element-4b1362e elementor-widget elementor-widget-jet-listing-dynamic-field\" data-id=\"4b1362e\" data-element_type=\"widget\" data-widget_type=\"jet-listing-dynamic-field.default\">\n<div class=\"elementor-widget-container\">\n<div class=\"jet-listing jet-listing-dynamic-field display-inline\">\n<div class=\"jet-listing-dynamic-field__inline-wrap\">\n<div class=\"jet-listing-dynamic-field__content\">Pierre Laurent<\/div>\n<div><\/div>\n<\/div>\n<\/div>\n<\/div>\n<\/div>\n<div class=\"elementor-element elementor-element-663e935 elementor-widget elementor-widget-jet-listing-dynamic-field\" data-id=\"663e935\" data-element_type=\"widget\" data-widget_type=\"jet-listing-dynamic-field.default\">\n<div class=\"elementor-widget-container\">\n<div class=\"jet-listing jet-listing-dynamic-field display-inline\">\n<div class=\"jet-listing-dynamic-field__inline-wrap\">\n<div class=\"jet-listing-dynamic-field__content\">Pr\u00e9sident de la commission Communication<\/div>\n<\/div>\n<\/div>\n<\/div>\n<\/div>\n<div class=\"elementor-element elementor-element-51b38c6 e-con-full e-flex e-con e-child\" data-id=\"51b38c6\" data-element_type=\"container\" data-settings=\"{&quot;jet_parallax_layout_list&quot;:[]}\">\n<div class=\"elementor-element elementor-element-350cb18 elementor-widget elementor-widget-jet-listing-dynamic-field\" data-id=\"350cb18\" data-element_type=\"widget\" data-widget_type=\"jet-listing-dynamic-field.default\">\n<div class=\"elementor-widget-container\">\n<div class=\"jet-listing jet-listing-dynamic-field display-inline\">\n<div class=\"jet-listing-dynamic-field__inline-wrap\">\n<div><\/div>\n<div class=\"jet-listing-dynamic-field__content\">(Gien)<\/div>\n<\/div>\n<\/div>\n<\/div>\n<\/div>\n<\/div>\n<\/div>\n<\/div>\n<\/td>\n<\/tr>\n<\/tbody>\n<\/table>\n<p>[\/vc_column_text][\/vc_column][\/vc_row]<\/p>\n","protected":false},"excerpt":{"rendered":"<p>[vc_row][vc_column][vc_empty_space][vc_single_image image=\u00a0\u00bb6136&Prime; img_size=\u00a0\u00bbfull\u00a0\u00bb alignment=\u00a0\u00bbcenter\u00a0\u00bb onclick=\u00a0\u00bbimg_link_large\u00a0\u00bb img_link_target=\u00a0\u00bb_blank\u00a0\u00bb][vc_empty_space][\/vc_column][\/vc_row][vc_row][vc_column][vc_column_text]Le Bureau de la FDC45 &nbsp; Pr\u00e9sident : Alain MACHENIN Vice&#8211;Pr\u00e9sidents : Roger GABORET et Christophe HARMEY Secr\u00e9taire g\u00e9n\u00e9ral : Christophe Leveill\u00e9 Tr\u00e9sorier : Mathieu TEIXEIRA Tr\u00e9sorier adjoint : Alain HACQUARD [\/vc_column_text][vc_empty_space][vc_column_text css_animation=\u00a0\u00bbappear\u00a0\u00bb] SECTEUR 1 M. Alain Chauffeton (Artenay) Pr\u00e9sident&#8230;<\/p>\n","protected":false},"author":2,"featured_media":0,"parent":0,"menu_order":0,"comment_status":"closed","ping_status":"closed","template":"","meta":{"_acf_changed":false,"inline_featured_image":false,"_exactmetrics_skip_tracking":false,"_exactmetrics_sitenote_active":false,"_exactmetrics_sitenote_note":"","_exactmetrics_sitenote_category":0,"footnotes":""},"class_list":["post-3133","page","type-page","status-publish","hentry"],"acf":[],"publishpress_future_action":{"enabled":false,"date":"2026-04-18 13:58:35","action":"change-status","newStatus":"draft","terms":[],"taxonomy":"","extraData":[]},"publishpress_future_workflow_manual_trigger":{"enabledWorkflows":[]},"_links":{"self":[{"href":"https:\/\/www.save.chasseurducentrevaldeloire.fr\/fdc45\/wp-json\/wp\/v2\/pages\/3133","targetHints":{"allow":["GET"]}}],"collection":[{"href":"https:\/\/www.save.chasseurducentrevaldeloire.fr\/fdc45\/wp-json\/wp\/v2\/pages"}],"about":[{"href":"https:\/\/www.save.chasseurducentrevaldeloire.fr\/fdc45\/wp-json\/wp\/v2\/types\/page"}],"author":[{"embeddable":true,"href":"https:\/\/www.save.chasseurducentrevaldeloire.fr\/fdc45\/wp-json\/wp\/v2\/users\/2"}],"replies":[{"embeddable":true,"href":"https:\/\/www.save.chasseurducentrevaldeloire.fr\/fdc45\/wp-json\/wp\/v2\/comments?post=3133"}],"version-history":[{"count":31,"href":"https:\/\/www.save.chasseurducentrevaldeloire.fr\/fdc45\/wp-json\/wp\/v2\/pages\/3133\/revisions"}],"predecessor-version":[{"id":6630,"href":"https:\/\/www.save.chasseurducentrevaldeloire.fr\/fdc45\/wp-json\/wp\/v2\/pages\/3133\/revisions\/6630"}],"wp:attachment":[{"href":"https:\/\/www.save.chasseurducentrevaldeloire.fr\/fdc45\/wp-json\/wp\/v2\/media?parent=3133"}],"curies":[{"name":"wp","href":"https:\/\/api.w.org\/{rel}","templated":true}]}}