{"id":3029,"date":"2018-05-25T15:49:49","date_gmt":"2018-05-25T13:49:49","guid":{"rendered":"http:\/\/www.chasseurducentrevaldeloire.fr\/fdc45\/?page_id=3029"},"modified":"2022-06-21T14:28:24","modified_gmt":"2022-06-21T12:28:24","slug":"piegeage","status":"publish","type":"page","link":"https:\/\/www.save.chasseurducentrevaldeloire.fr\/fdc45\/piegeage\/","title":{"rendered":"Pi\u00e8geage"},"content":{"rendered":"<p>[vc_row][vc_column width=\u00a0\u00bb2\/3&Prime;][vc_column_text]<\/p>\n<h2 style=\"text-align: center\"><strong>Agr\u00e9ment pi\u00e9geur et remise \u00e0 niveau<\/strong><\/h2>\n<p>&nbsp;<\/p>\n<p>Les formalit\u00e9s administratives pour le pi\u00e9geage sont pr\u00e9cis\u00e9es dans l\u2019arr\u00eat\u00e9 minist\u00e9riel du 29 janvier 2007.<\/p>\n<p>&nbsp;<\/p>\n<p>L\u2019article 6 de cet arr\u00eat\u00e9 traite des modalit\u00e9s d\u2019obtention de l\u2019agr\u00e9ment de pi\u00e9geage. Ainsi, il est pr\u00e9cis\u00e9 que l\u2019agr\u00e9ment est subordonn\u00e9 \u00e0 la participation du pi\u00e9geur concern\u00e9 \u00e0 une session de formation au pi\u00e9geage organis\u00e9e par l\u2019Office National de la Chasse et de la Faune Sauvage (ONCFS), une F\u00e9d\u00e9ration D\u00e9partementale ou interd\u00e9partementale des Chasseurs ou tout autre organisme habilit\u00e9 \u00e0 cet effet par le pr\u00e9fet du d\u00e9partement o\u00f9 se d\u00e9roule la session. Dans le Loiret, c\u2019est la FDC45 qui en assure l\u2019organisation et la responsabilit\u00e9.<\/p>\n<p>&nbsp;<\/p>\n<p>La formation doit comporter au moins seize heures, avec la r\u00e9partition horaire globale suivante\u00a0:<\/p>\n<ul>\n<li>Connaissance des esp\u00e8ces recherch\u00e9es\u00a0: 4 heures<\/li>\n<li>Connaissance des diff\u00e9rents types de pi\u00e8ges, de leurs possibilit\u00e9s et des conditions d\u2019utilisation\u00a0: 2 heures<\/li>\n<li>Manipulation des pi\u00e8ges\u00a0: 4 heures<\/li>\n<li>Connaissance des mesures propres \u00e0 diminuer les souffrances des animaux captur\u00e9s\u00a0: 2 heures<\/li>\n<li>Application des connaissances\u00a0: 4 heures<\/li>\n<\/ul>\n<p>&nbsp;<\/p>\n<p>L\u2019inscription \u00e0 la formation de pi\u00e9geur agr\u00e9\u00e9 se fait sur papier libre. Elle est \u00e0 adresser \u00e0 la FDC de votre d\u00e9partement.<br \/>\nAfin d\u2019offrir \u00e0 tous les pi\u00e9geurs une formation continue, notamment en mati\u00e8re d\u2019\u00e9volution de la l\u00e9gislation, la FDC45 propose chaque ann\u00e9e des journ\u00e9es de remise \u00e0 niveau. Chaque pi\u00e9geur peut en b\u00e9n\u00e9ficier tous les 5 ans \u00e0 partir de la date d\u2019agr\u00e9ment initiale.<\/p>\n<p>&nbsp;<\/p>\n<p>&nbsp;<\/p>\n<p><strong>Contacts FDC45<\/strong><\/p>\n<p><strong>Service administratif : Isabelle CHATRY tel : \u00a0\u00a0\u00a0 <a href=\"\/\/0238697629\"><span style=\"color: #e45410\">02 38 69 76 29<\/span><\/a><\/strong><br \/>\n<strong>Service technique \u00a0: Julien GR\u00c9NETIER\u00a0 tel : \u00a0 \u00a0 <i class=\"fa fa-mobile\"><\/i> <span style=\"color: #e45410\"><a style=\"color: #e45410\" href=\"http:\/\/06 20 41 74 11\">06 20 41 74 11<\/a><\/span><br \/>\n<\/strong>[\/vc_column_text][\/vc_column][vc_column css_animation=\u00a0\u00bbfadeInRight\u00a0\u00bb width=\u00a0\u00bb1\/3&Prime;][vc_single_image image=\u00a0\u00bb3030&Prime; img_size=\u00a0\u00bbfull\u00a0\u00bb style=\u00a0\u00bbvc_box_shadow_border\u00a0\u00bb el_class=\u00a0\u00bbmirrorImg\u00a0\u00bb][\/vc_column][\/vc_row]<\/p>\n","protected":false},"excerpt":{"rendered":"<p>[vc_row][vc_column width=\u00a0\u00bb2\/3&Prime;][vc_column_text] Agr\u00e9ment pi\u00e9geur et remise \u00e0 niveau &nbsp; Les formalit\u00e9s administratives pour le pi\u00e9geage sont pr\u00e9cis\u00e9es dans l\u2019arr\u00eat\u00e9 minist\u00e9riel du 29 janvier 2007. &nbsp; L\u2019article 6 de cet arr\u00eat\u00e9 traite des modalit\u00e9s d\u2019obtention de l\u2019agr\u00e9ment de pi\u00e9geage. Ainsi, il est pr\u00e9cis\u00e9 que l\u2019agr\u00e9ment est&#8230;<\/p>\n","protected":false},"author":2,"featured_media":0,"parent":0,"menu_order":0,"comment_status":"closed","ping_status":"closed","template":"","meta":{"_acf_changed":false,"inline_featured_image":false,"_exactmetrics_skip_tracking":false,"_exactmetrics_sitenote_active":false,"_exactmetrics_sitenote_note":"","_exactmetrics_sitenote_category":0,"footnotes":""},"class_list":["post-3029","page","type-page","status-publish","hentry"],"acf":[],"publishpress_future_action":{"enabled":false,"date":"2026-04-18 12:24:34","action":"change-status","newStatus":"draft","terms":[],"taxonomy":"","extraData":[]},"publishpress_future_workflow_manual_trigger":{"enabledWorkflows":[]},"_links":{"self":[{"href":"https:\/\/www.save.chasseurducentrevaldeloire.fr\/fdc45\/wp-json\/wp\/v2\/pages\/3029","targetHints":{"allow":["GET"]}}],"collection":[{"href":"https:\/\/www.save.chasseurducentrevaldeloire.fr\/fdc45\/wp-json\/wp\/v2\/pages"}],"about":[{"href":"https:\/\/www.save.chasseurducentrevaldeloire.fr\/fdc45\/wp-json\/wp\/v2\/types\/page"}],"author":[{"embeddable":true,"href":"https:\/\/www.save.chasseurducentrevaldeloire.fr\/fdc45\/wp-json\/wp\/v2\/users\/2"}],"replies":[{"embeddable":true,"href":"https:\/\/www.save.chasseurducentrevaldeloire.fr\/fdc45\/wp-json\/wp\/v2\/comments?post=3029"}],"version-history":[{"count":6,"href":"https:\/\/www.save.chasseurducentrevaldeloire.fr\/fdc45\/wp-json\/wp\/v2\/pages\/3029\/revisions"}],"predecessor-version":[{"id":5462,"href":"https:\/\/www.save.chasseurducentrevaldeloire.fr\/fdc45\/wp-json\/wp\/v2\/pages\/3029\/revisions\/5462"}],"wp:attachment":[{"href":"https:\/\/www.save.chasseurducentrevaldeloire.fr\/fdc45\/wp-json\/wp\/v2\/media?parent=3029"}],"curies":[{"name":"wp","href":"https:\/\/api.w.org\/{rel}","templated":true}]}}