{"id":3012,"date":"2018-05-25T15:29:04","date_gmt":"2018-05-25T13:29:04","guid":{"rendered":"http:\/\/www.chasseurducentrevaldeloire.fr\/fdc45\/?page_id=3012"},"modified":"2022-06-21T14:11:41","modified_gmt":"2022-06-21T12:11:41","slug":"hygiene-et-venaison","status":"publish","type":"page","link":"https:\/\/www.save.chasseurducentrevaldeloire.fr\/fdc45\/hygiene-et-venaison\/","title":{"rendered":"Hygi\u00e8ne et venaison"},"content":{"rendered":"<p>[vc_row][vc_column width=\u00a0\u00bb2\/3&Prime;][vc_column_text]Les 3 R\u00e8glements Europ\u00e9ens sur l\u2019Hygi\u00e8ne Alimentaire (appel\u00e9s le \u00ab\u00a0Paquet Hygi\u00e8ne\u00a0\u00bb), parus en avril 2004, entrent d\u00e9sormais en application dans les Etats membres. Ces R\u00e8glements concernent la S\u00e9curit\u00e9 Sanitaire des Aliments et visent tous les op\u00e9rateurs de la cha\u00eene alimentaire, du point le plus amont (la production primaire) jusqu\u2019au point le plus aval (la distribution des aliments aux consommateurs)\u2026<\/p>\n<p>&nbsp;<\/p>\n<p>T\u00e9l\u00e9chargez le texte de loi du \u00ab\u00a0paquet hygi\u00e8ne\u00a0\u00bb\u00a0:\u00a0<span style=\"color: #e45410\"><strong><a style=\"color: #e45410\" href=\"http:\/\/www.chasseurducentrevaldeloire.fr\/fdc45\/wp-content\/uploads\/sites\/9\/2018\/05\/paquethyg.pdf\" target=\"_blank\" rel=\"noopener\">CLIQUEZ ICI<\/a><\/strong><\/span><\/p>\n<p><strong><br \/>\n<\/strong><br \/>\n<strong>Une formation\u2026 pour qui\u00a0?<\/strong><\/p>\n<p>Selon le \u00ab\u00a0Paquet Hygi\u00e8ne\u00a0\u00bb, la formation des chasseurs est obligatoire pour apprendre \u00e0 r\u00e9aliser l\u2019examen initial du gibier, permettant de distinguer \u00ab\u00a0le normal du douteux\u00a0\u00bb. Ainsi, cette formation est obligatoire pour les chasseurs\u00a0:<\/p>\n<ul>\n<li>qui commercialisent leur gibier sur le march\u00e9 local<\/li>\n<li>qui commercialisent leur gibier \u00e0 des n\u00e9gociants ou ateliers de traitement<\/li>\n<li>qui c\u00e8dent le gibier pour un repas de chasse ou un repas associatif (club sportif ou autre)<\/li>\n<\/ul>\n<p>&nbsp;<\/p>\n<p>Rappelons que tous les chasseurs se trouvant dans l\u2019une de ces situations ne doivent pas forc\u00e9ment \u00eatre form\u00e9s. Il suffit d\u2019une personne form\u00e9e par \u00e9quipe de chasseurs concern\u00e9s.<\/p>\n<p>&nbsp;<\/p>\n<p><strong>Une formation\u2026 par qui\u00a0?<\/strong><\/p>\n<p>Ce sont les F\u00e9d\u00e9rations qui ont la charge d\u2019assurer la formation. Elles peuvent faire appel, selon leur choix, \u00e0 3 cat\u00e9gories de formateurs r\u00e9f\u00e9rents pour r\u00e9aliser ces formations\u00a0:<\/p>\n<ul>\n<li>des personnels de F\u00e9d\u00e9rations qui auront suivi le stage \u00e0 l\u2019INFOMA (Lyon)<\/li>\n<li>des b\u00e9n\u00e9voles qu\u2019elles auront souhait\u00e9 voir devenir formateurs r\u00e9f\u00e9rents (courrier officiel), moyennant \u00e9galement un stage \u00e0 l\u2019INFOMA<\/li>\n<li>des v\u00e9t\u00e9rinaires ou techniciens v\u00e9t\u00e9rinaires du d\u00e9partement (dispens\u00e9s de formation \u00e0 l\u2019INFOMA), qui auront demand\u00e9 \u00e0 \u00eatre inscrits sur la liste nationale des formateurs r\u00e9f\u00e9rents (liste nationale tenue \u00e0 jour par la FNC). Ils peuvent \u00eatre v\u00e9t\u00e9rinaires lib\u00e9raux ou bien salari\u00e9s de la DDSV. Dans ce dernier cas, selon la DGAL, ils agissent \u00e0 titre personnel et sur leur temps de loisir.<\/li>\n<\/ul>\n<p>&nbsp;<\/p>\n<p><strong>Une formation\u2026 pourquoi\u00a0?<\/strong><\/p>\n<p>La formation des chasseurs \u00e0 l\u2019hygi\u00e8ne alimentaire n\u2019est pas une formation visant \u00e0 faire de nos chasseurs des v\u00e9t\u00e9rinaires, ni m\u00eame des techniciens v\u00e9t\u00e9rinaires, c\u2019est\u00a0:<\/p>\n<ul>\n<li>une formation pour permettre au chasseur de distinguer le normal de ce qui ne l\u2019est pas<\/li>\n<li>permettre au chasseur d\u2019effectuer un \u00ab\u00a0tri s\u00e9lectif\u00a0\u00bb du gibier chass\u00e9 et, au moindre doute, de \u00ab\u00a0passer le t\u00e9moin\u00a0\u00bb \u00e0 un v\u00e9t\u00e9rinaire<\/li>\n<li>une formation courte, \u00e0 partir d\u2019un mat\u00e9riel p\u00e9dagogique sur support audio-visuel \u00e9labor\u00e9 par l\u2019INFOMA et valid\u00e9 par le minist\u00e8re de l\u2019agriculture<\/li>\n<li>donner une \u00ab\u00a0culture\u00a0\u00bb hygi\u00e9nique et sanitaire et de bons r\u00e9flexes aux chasseurs<\/li>\n<\/ul>\n<p>&nbsp;<\/p>\n<p><strong>Contacts FDC45<\/strong><\/p>\n<p><strong>Service administratif\u00a0:\u00a0Isabelle CHATRY tel : \u00a0\u00a0\u00a0\u00a0 <i class=\"fa fa-mobile\"><\/i> <span style=\"color: #e45410\"><a style=\"color: #e45410\" href=\"tel:+33238697629\">02 38 69 76 29<\/a><\/span><\/strong><br \/>\n<strong>Service technique \u00a0: Etienne JOUBERT tel : \u00a0\u00a0\u00a0\u00a0 <i class=\"fa fa-mobile\"><\/i> <span style=\"color: #e45410\"><a style=\"color: #e45410\" href=\"tel:+33672961250\">06 72 96 12 50<\/a><\/span><\/strong>[\/vc_column_text][\/vc_column][vc_column css_animation=\u00a0\u00bbfadeInRight\u00a0\u00bb width=\u00a0\u00bb1\/3&Prime;][vc_single_image image=\u00a0\u00bb3013&Prime; img_size=\u00a0\u00bbfull\u00a0\u00bb style=\u00a0\u00bbvc_box_shadow_border\u00a0\u00bb el_class=\u00a0\u00bbmirrorImg\u00a0\u00bb][\/vc_column][\/vc_row]<\/p>\n","protected":false},"excerpt":{"rendered":"<p>[vc_row][vc_column width=\u00a0\u00bb2\/3&Prime;][vc_column_text]Les 3 R\u00e8glements Europ\u00e9ens sur l\u2019Hygi\u00e8ne Alimentaire (appel\u00e9s le \u00ab\u00a0Paquet Hygi\u00e8ne\u00a0\u00bb), parus en avril 2004, entrent d\u00e9sormais en application dans les Etats membres. Ces R\u00e8glements concernent la S\u00e9curit\u00e9 Sanitaire des Aliments et visent tous les op\u00e9rateurs de la cha\u00eene alimentaire, du point le plus&#8230;<\/p>\n","protected":false},"author":2,"featured_media":0,"parent":0,"menu_order":0,"comment_status":"closed","ping_status":"closed","template":"","meta":{"_acf_changed":false,"inline_featured_image":false,"_exactmetrics_skip_tracking":false,"_exactmetrics_sitenote_active":false,"_exactmetrics_sitenote_note":"","_exactmetrics_sitenote_category":0,"footnotes":""},"class_list":["post-3012","page","type-page","status-publish","hentry"],"acf":[],"publishpress_future_action":{"enabled":false,"date":"2026-04-18 12:24:42","action":"change-status","newStatus":"draft","terms":[],"taxonomy":"","extraData":[]},"publishpress_future_workflow_manual_trigger":{"enabledWorkflows":[]},"_links":{"self":[{"href":"https:\/\/www.save.chasseurducentrevaldeloire.fr\/fdc45\/wp-json\/wp\/v2\/pages\/3012","targetHints":{"allow":["GET"]}}],"collection":[{"href":"https:\/\/www.save.chasseurducentrevaldeloire.fr\/fdc45\/wp-json\/wp\/v2\/pages"}],"about":[{"href":"https:\/\/www.save.chasseurducentrevaldeloire.fr\/fdc45\/wp-json\/wp\/v2\/types\/page"}],"author":[{"embeddable":true,"href":"https:\/\/www.save.chasseurducentrevaldeloire.fr\/fdc45\/wp-json\/wp\/v2\/users\/2"}],"replies":[{"embeddable":true,"href":"https:\/\/www.save.chasseurducentrevaldeloire.fr\/fdc45\/wp-json\/wp\/v2\/comments?post=3012"}],"version-history":[{"count":4,"href":"https:\/\/www.save.chasseurducentrevaldeloire.fr\/fdc45\/wp-json\/wp\/v2\/pages\/3012\/revisions"}],"predecessor-version":[{"id":5452,"href":"https:\/\/www.save.chasseurducentrevaldeloire.fr\/fdc45\/wp-json\/wp\/v2\/pages\/3012\/revisions\/5452"}],"wp:attachment":[{"href":"https:\/\/www.save.chasseurducentrevaldeloire.fr\/fdc45\/wp-json\/wp\/v2\/media?parent=3012"}],"curies":[{"name":"wp","href":"https:\/\/api.w.org\/{rel}","templated":true}]}}