{"id":2999,"date":"2018-05-25T15:15:10","date_gmt":"2018-05-25T13:15:10","guid":{"rendered":"http:\/\/www.chasseurducentrevaldeloire.fr\/fdc45\/?page_id=2999"},"modified":"2022-06-21T14:02:48","modified_gmt":"2022-06-21T12:02:48","slug":"chasse-a-larc","status":"publish","type":"page","link":"https:\/\/www.save.chasseurducentrevaldeloire.fr\/fdc45\/chasse-a-larc\/","title":{"rendered":"Chasse \u00e0 l&rsquo;arc"},"content":{"rendered":"<p>[vc_row][vc_column width=\u00a0\u00bb2\/3&Prime;][vc_column_text]L\u2019arr\u00eat\u00e9 minist\u00e9riel de 1995 rend obligatoire la participation \u00e0 une session de formation sp\u00e9cifique pour obtenir le droit de chasser \u00e0 l\u2019arc.<\/p>\n<p>&nbsp;<\/p>\n<p>Cette formation permet\u00a0:<\/p>\n<ul>\n<li>de conna\u00eetre le mat\u00e9riel autoris\u00e9 par la loi selon le type de gibier, les modalit\u00e9s de transport des armes,<\/li>\n<li>d\u2019entrer en contact avec des chasseurs \u00e0 l\u2019arc confirm\u00e9s,<\/li>\n<li>de prendre conscience de la n\u00e9cessit\u00e9 d\u2019approfondir les connaissances pour \u00eatre efficace et avoir de la r\u00e9ussite \u00e0 la chasse,<\/li>\n<li>de d\u00e9couvrir l\u2018ASCAL45, Association Sportive des Chasseurs \u00e0 l\u2019Arc du Loiret, qui offre un programme de formations compl\u00e9mentaires, des possibilit\u00e9s d\u2019entra\u00eenement et d\u2019acc\u00e8s \u00e0 des territoires de chasse.<\/li>\n<\/ul>\n<p>&nbsp;<\/p>\n<p>La Journ\u00e9e de Formation Obligatoire se d\u00e9compose en\u00a0:<\/p>\n<ul>\n<li>Une partie th\u00e9orique et r\u00e9glementaire<\/li>\n<li>Une partie pratique avec mise en situation et d\u00e9couverte des diff\u00e9rents types d\u2019arcs autoris\u00e9s pour la chasse.<\/li>\n<\/ul>\n<p>&nbsp;<\/p>\n<p>La FDC45 organise la formation et d\u00e9livre l\u2019attestation de formation que tout chasseur \u00e0 l\u2019arc doit \u00eatre en mesure de pr\u00e9senter avec son permis de chasser lors de tout contr\u00f4le en action de chasse.<\/p>\n<p>&nbsp;<\/p>\n<p>Les dates d\u2019ouverture et de fermeture de la chasse \u00e0 tir et de la destruction des esp\u00e8ces susceptibles d\u2019occasionner des d\u00e9g\u00e2ts sont applicables pour la chasse par armes \u00e0 feu ou avec un arc.<\/p>\n<p>&nbsp;<\/p>\n<p>Dossier d\u2019inscription t\u00e9l\u00e9chargeable\u00a0:\u00a0<span style=\"color: #e45410\"><strong><a style=\"color: #e45410\" href=\"http:\/\/www.chasseurducentrevaldeloire.fr\/fdc45\/wp-content\/uploads\/sites\/9\/2018\/05\/formation-chasse-arc-2.pdf\" target=\"_blank\" rel=\"noopener noreferrer\">CLIQUEZ ICI<\/a><\/strong><\/span>[\/vc_column_text][\/vc_column][vc_column css_animation=\u00a0\u00bbfadeInRight\u00a0\u00bb width=\u00a0\u00bb1\/3&Prime;][vc_single_image image=\u00a0\u00bb3000&Prime; img_size=\u00a0\u00bbfull\u00a0\u00bb style=\u00a0\u00bbvc_box_shadow_border\u00a0\u00bb el_class=\u00a0\u00bbmirrorImg\u00a0\u00bb][\/vc_column][\/vc_row]<\/p>\n","protected":false},"excerpt":{"rendered":"<p>[vc_row][vc_column width=\u00a0\u00bb2\/3&Prime;][vc_column_text]L\u2019arr\u00eat\u00e9 minist\u00e9riel de 1995 rend obligatoire la participation \u00e0 une session de formation sp\u00e9cifique pour obtenir le droit de chasser \u00e0 l\u2019arc. &nbsp; Cette formation permet\u00a0: de conna\u00eetre le mat\u00e9riel autoris\u00e9 par la loi selon le type de gibier, les modalit\u00e9s de transport des&#8230;<\/p>\n","protected":false},"author":2,"featured_media":0,"parent":0,"menu_order":0,"comment_status":"closed","ping_status":"closed","template":"","meta":{"_acf_changed":false,"inline_featured_image":false,"_exactmetrics_skip_tracking":false,"_exactmetrics_sitenote_active":false,"_exactmetrics_sitenote_note":"","_exactmetrics_sitenote_category":0,"footnotes":""},"class_list":["post-2999","page","type-page","status-publish","hentry"],"acf":[],"publishpress_future_action":{"enabled":false,"date":"2026-04-18 12:16:40","action":"change-status","newStatus":"draft","terms":[],"taxonomy":"","extraData":[]},"publishpress_future_workflow_manual_trigger":{"enabledWorkflows":[]},"_links":{"self":[{"href":"https:\/\/www.save.chasseurducentrevaldeloire.fr\/fdc45\/wp-json\/wp\/v2\/pages\/2999","targetHints":{"allow":["GET"]}}],"collection":[{"href":"https:\/\/www.save.chasseurducentrevaldeloire.fr\/fdc45\/wp-json\/wp\/v2\/pages"}],"about":[{"href":"https:\/\/www.save.chasseurducentrevaldeloire.fr\/fdc45\/wp-json\/wp\/v2\/types\/page"}],"author":[{"embeddable":true,"href":"https:\/\/www.save.chasseurducentrevaldeloire.fr\/fdc45\/wp-json\/wp\/v2\/users\/2"}],"replies":[{"embeddable":true,"href":"https:\/\/www.save.chasseurducentrevaldeloire.fr\/fdc45\/wp-json\/wp\/v2\/comments?post=2999"}],"version-history":[{"count":4,"href":"https:\/\/www.save.chasseurducentrevaldeloire.fr\/fdc45\/wp-json\/wp\/v2\/pages\/2999\/revisions"}],"predecessor-version":[{"id":5443,"href":"https:\/\/www.save.chasseurducentrevaldeloire.fr\/fdc45\/wp-json\/wp\/v2\/pages\/2999\/revisions\/5443"}],"wp:attachment":[{"href":"https:\/\/www.save.chasseurducentrevaldeloire.fr\/fdc45\/wp-json\/wp\/v2\/media?parent=2999"}],"curies":[{"name":"wp","href":"https:\/\/api.w.org\/{rel}","templated":true}]}}