{"id":2993,"date":"2018-05-25T15:08:07","date_gmt":"2018-05-25T13:08:07","guid":{"rendered":"http:\/\/www.chasseurducentrevaldeloire.fr\/fdc45\/?page_id=2993"},"modified":"2025-06-19T13:09:17","modified_gmt":"2025-06-19T11:09:17","slug":"autres-formations","status":"publish","type":"page","link":"https:\/\/www.save.chasseurducentrevaldeloire.fr\/fdc45\/autres-formations\/","title":{"rendered":"Autres formations"},"content":{"rendered":"<p>[vc_row][vc_column width=\u00a0\u00bb2\/3&Prime;][vc_column_text]<\/p>\n<h2 style=\"text-align: center\"><strong>R\u00e9gulation des corvid\u00e9s \u00e0 tir <\/strong><\/h2>\n<p>&nbsp;<\/p>\n<p>&nbsp;<\/p>\n<p>La r\u00e9glementation permet de r\u00e9guler les corvid\u00e9s \u00e0 tir tout au cours de l\u2019ann\u00e9e.<\/p>\n<p>&nbsp;<\/p>\n<p>Pendant la p\u00e9riode d\u2019ouverture de la chasse, et \u00e9galement lors de p\u00e9riodes compl\u00e9mentaires\u00a0:<\/p>\n<ul>\n<li>La prolongation du mois de mars que vous connaissez d\u00e9j\u00e0 pour la r\u00e9gulation des sangliers et des renards<\/li>\n<li>La p\u00e9riode du 1 avril au 10 juin<\/li>\n<li>La p\u00e9riode du 11 juin au 31 juillet dans le Loiret pour la corneille noire, le corbeau freux et la pie bavarde.<\/li>\n<\/ul>\n<p>&nbsp;<\/p>\n<p>Il est possible d\u2019utiliser des appelants et des formes pour r\u00e9guler les corvid\u00e9s pendant ces diff\u00e9rentes p\u00e9riodes.<\/p>\n<p>&nbsp;<\/p>\n<p>Depuis la saison derni\u00e8re, La formation dispens\u00e9e par le service des agents de la f\u00e9d\u00e9ration des chasseurs vous permet de mettre en \u0153uvre une m\u00e9thode simple, efficace et compl\u00e9mentaire aux op\u00e9rations de pi\u00e9geage que vous pouvez r\u00e9aliser toute l\u2019ann\u00e9e.<\/p>\n<p>&nbsp;<\/p>\n<p><strong>Programme de formation\u00a0:<\/strong><\/p>\n<ul>\n<li>Une pr\u00e9sentation en salle (1 heure) avec un rappel sur la r\u00e9glementation, la biologie des esp\u00e8ces concern\u00e9es et la description de la m\u00e9thode avec l\u2019utilisation des formes.<\/li>\n<li>Une d\u00e9monstration de terrain (1 heure) sur la mani\u00e8re de d\u2019utiliser les formes (installation d\u2019un poste de tir, positionnement des formes, camouflage, etc.).<\/li>\n<\/ul>\n<p>&nbsp;<\/p>\n<p>La f\u00e9d\u00e9ration des chasseurs r\u00e9troc\u00e8de \u00e0 prix coutant du mat\u00e9riel pour la r\u00e9gulation des corvid\u00e9s \u00e0 ses adh\u00e9rents en contrat de service.<\/p>\n<p>&nbsp;<\/p>\n<p>Un pack corvid\u00e9s complet (formes, appeau, mat\u00e9riel de camouflage, etc.) vous est pr\u00e9sent\u00e9 \u00e0 la fin de ces formations.<\/p>\n<p>&nbsp;<\/p>\n<p><strong>Contact<\/strong>\u00a0: pour participer \u00e0 ces formations contactez l\u2019agent de la f\u00e9d\u00e9ration des chasseurs de votre secteur.[\/vc_column_text][\/vc_column][vc_column css_animation=\u00a0\u00bbfadeInRight\u00a0\u00bb width=\u00a0\u00bb1\/3&Prime;][vc_single_image image=\u00a0\u00bb2994&Prime; img_size=\u00a0\u00bbfull\u00a0\u00bb style=\u00a0\u00bbvc_box_shadow_border\u00a0\u00bb el_class=\u00a0\u00bbmirrorImg\u00a0\u00bb][\/vc_column][\/vc_row][vc_row][vc_column][vc_empty_space][\/vc_column][\/vc_row][vc_row][vc_column][vc_column_text]<\/p>\n<h2 style=\"text-align: center\"><strong>Formation Responsable de Territoire<\/strong><\/h2>\n<p>&nbsp;<\/p>\n<p>La F\u00e9d\u00e9ration des Chasseurs du Loiret a d\u00e9velopp\u00e9 une nouvelle formation en lien avec la s\u00e9curit\u00e9\u00a0: Formation Responsable de Territoire<\/p>\n<p>&nbsp;<\/p>\n<p>Au programme : Rappel des consignes de s\u00e9curit\u00e9, assurance, gestes de premiers secours, organisation des chasses etc\u2026.<\/p>\n<p>&nbsp;<\/p>\n<p>Dates : mardi 9 septembre, jeudi 25 septembre, mardi 7 octobre, mardi 21octobre, vendredi 21 novembre et vendredi 5 d\u00e9cembre 2025.<\/p>\n<p>&nbsp;<\/p>\n<p>Horaire : 8h30-17h30<\/p>\n<p>&nbsp;<\/p>\n<p>Lieu : domaine de la Motte, Menestreau-en-Villette<\/p>\n<p>&nbsp;<\/p>\n<p>Prix : 40\u20ac repas compris<\/p>\n<p>&nbsp;<\/p>\n<p>R\u00e9servation obligatoire : Isabelle 02 38 69 76 27[\/vc_column_text][\/vc_column][\/vc_row]<\/p>\n","protected":false},"excerpt":{"rendered":"<p>[vc_row][vc_column width=\u00a0\u00bb2\/3&Prime;][vc_column_text] R\u00e9gulation des corvid\u00e9s \u00e0 tir &nbsp; &nbsp; La r\u00e9glementation permet de r\u00e9guler les corvid\u00e9s \u00e0 tir tout au cours de l\u2019ann\u00e9e. &nbsp; Pendant la p\u00e9riode d\u2019ouverture de la chasse, et \u00e9galement lors de p\u00e9riodes compl\u00e9mentaires\u00a0: La prolongation du mois de mars que vous&#8230;<\/p>\n","protected":false},"author":2,"featured_media":0,"parent":0,"menu_order":0,"comment_status":"closed","ping_status":"closed","template":"","meta":{"_acf_changed":false,"inline_featured_image":false,"_exactmetrics_skip_tracking":false,"_exactmetrics_sitenote_active":false,"_exactmetrics_sitenote_note":"","_exactmetrics_sitenote_category":0,"footnotes":""},"class_list":["post-2993","page","type-page","status-publish","hentry"],"acf":[],"publishpress_future_action":{"enabled":false,"date":"2026-04-15 03:05:38","action":"change-status","newStatus":"draft","terms":[],"taxonomy":"","extraData":[]},"publishpress_future_workflow_manual_trigger":{"enabledWorkflows":[]},"_links":{"self":[{"href":"https:\/\/www.save.chasseurducentrevaldeloire.fr\/fdc45\/wp-json\/wp\/v2\/pages\/2993","targetHints":{"allow":["GET"]}}],"collection":[{"href":"https:\/\/www.save.chasseurducentrevaldeloire.fr\/fdc45\/wp-json\/wp\/v2\/pages"}],"about":[{"href":"https:\/\/www.save.chasseurducentrevaldeloire.fr\/fdc45\/wp-json\/wp\/v2\/types\/page"}],"author":[{"embeddable":true,"href":"https:\/\/www.save.chasseurducentrevaldeloire.fr\/fdc45\/wp-json\/wp\/v2\/users\/2"}],"replies":[{"embeddable":true,"href":"https:\/\/www.save.chasseurducentrevaldeloire.fr\/fdc45\/wp-json\/wp\/v2\/comments?post=2993"}],"version-history":[{"count":3,"href":"https:\/\/www.save.chasseurducentrevaldeloire.fr\/fdc45\/wp-json\/wp\/v2\/pages\/2993\/revisions"}],"predecessor-version":[{"id":6556,"href":"https:\/\/www.save.chasseurducentrevaldeloire.fr\/fdc45\/wp-json\/wp\/v2\/pages\/2993\/revisions\/6556"}],"wp:attachment":[{"href":"https:\/\/www.save.chasseurducentrevaldeloire.fr\/fdc45\/wp-json\/wp\/v2\/media?parent=2993"}],"curies":[{"name":"wp","href":"https:\/\/api.w.org\/{rel}","templated":true}]}}