{"id":2991,"date":"2018-05-25T15:05:10","date_gmt":"2018-05-25T13:05:10","guid":{"rendered":"http:\/\/www.chasseurducentrevaldeloire.fr\/fdc45\/?page_id=2991"},"modified":"2022-06-21T14:06:29","modified_gmt":"2022-06-21T12:06:29","slug":"ekolien","status":"publish","type":"page","link":"https:\/\/www.save.chasseurducentrevaldeloire.fr\/fdc45\/ekolien\/","title":{"rendered":"Ekolien"},"content":{"rendered":"<p>[vc_row][vc_column][vc_column_text]<img loading=\"lazy\" decoding=\"async\" class=\"size-full wp-image-3466 aligncenter\" src=\"http:\/\/www.chasseurducentrevaldeloire.fr\/fdc45\/wp-content\/uploads\/sites\/9\/2018\/10\/ekolien.jpg\" alt=\"\" width=\"225\" height=\"225\" srcset=\"https:\/\/www.save.chasseurducentrevaldeloire.fr\/fdc45\/wp-content\/uploads\/sites\/9\/2018\/10\/ekolien.jpg 225w, https:\/\/www.save.chasseurducentrevaldeloire.fr\/fdc45\/wp-content\/uploads\/sites\/9\/2018\/10\/ekolien-150x150.jpg 150w\" sizes=\"auto, (max-width: 225px) 100vw, 225px\" \/><\/p>\n<p>&nbsp;<\/p>\n<p>[\/vc_column_text][\/vc_column][\/vc_row][vc_row][vc_column][vc_column_text]<strong>Ekolien<\/strong> (outil d\u2019\u00c9ducation \u00e0 la nature) est un site collaboratif mis gratuitement \u00e0 votre disposition pour vous permettre de trouver les informations, les photographies, ou les vid\u00e9os, dont vous avez besoin, mais aussi, pour vous renseigner et pour construire une intervention ou un expos\u00e9 sur une esp\u00e8ce animale sauvage ou un milieu naturel particulier.<\/p>\n<p>&nbsp;<\/p>\n<p>Rendez-vous sur : <span style=\"color: #e45410\"><strong><a style=\"color: #e45410\" href=\"http:\/\/www.ekolien.fr\/\" target=\"_blank\" rel=\"noopener\">http:\/\/www.ekolien.fr\/<\/a><\/strong><\/span>[\/vc_column_text][\/vc_column][\/vc_row][vc_row][\/vc_row]<\/p>\n","protected":false},"excerpt":{"rendered":"<p>[vc_row][vc_column][vc_column_text] &nbsp; [\/vc_column_text][\/vc_column][\/vc_row][vc_row][vc_column][vc_column_text]Ekolien (outil d\u2019\u00c9ducation \u00e0 la nature) est un site collaboratif mis gratuitement \u00e0 votre disposition pour vous permettre de trouver les informations, les photographies, ou les vid\u00e9os, dont vous avez besoin, mais aussi, pour vous renseigner et pour construire une intervention ou un&#8230;<\/p>\n","protected":false},"author":2,"featured_media":0,"parent":0,"menu_order":0,"comment_status":"closed","ping_status":"closed","template":"","meta":{"_acf_changed":false,"inline_featured_image":false,"_exactmetrics_skip_tracking":false,"_exactmetrics_sitenote_active":false,"_exactmetrics_sitenote_note":"","_exactmetrics_sitenote_category":0,"footnotes":""},"class_list":["post-2991","page","type-page","status-publish","hentry"],"acf":[],"publishpress_future_action":{"enabled":false,"date":"2026-04-15 03:10:00","action":"change-status","newStatus":"draft","terms":[],"taxonomy":"","extraData":[]},"publishpress_future_workflow_manual_trigger":{"enabledWorkflows":[]},"_links":{"self":[{"href":"https:\/\/www.save.chasseurducentrevaldeloire.fr\/fdc45\/wp-json\/wp\/v2\/pages\/2991","targetHints":{"allow":["GET"]}}],"collection":[{"href":"https:\/\/www.save.chasseurducentrevaldeloire.fr\/fdc45\/wp-json\/wp\/v2\/pages"}],"about":[{"href":"https:\/\/www.save.chasseurducentrevaldeloire.fr\/fdc45\/wp-json\/wp\/v2\/types\/page"}],"author":[{"embeddable":true,"href":"https:\/\/www.save.chasseurducentrevaldeloire.fr\/fdc45\/wp-json\/wp\/v2\/users\/2"}],"replies":[{"embeddable":true,"href":"https:\/\/www.save.chasseurducentrevaldeloire.fr\/fdc45\/wp-json\/wp\/v2\/comments?post=2991"}],"version-history":[{"count":3,"href":"https:\/\/www.save.chasseurducentrevaldeloire.fr\/fdc45\/wp-json\/wp\/v2\/pages\/2991\/revisions"}],"predecessor-version":[{"id":5447,"href":"https:\/\/www.save.chasseurducentrevaldeloire.fr\/fdc45\/wp-json\/wp\/v2\/pages\/2991\/revisions\/5447"}],"wp:attachment":[{"href":"https:\/\/www.save.chasseurducentrevaldeloire.fr\/fdc45\/wp-json\/wp\/v2\/media?parent=2991"}],"curies":[{"name":"wp","href":"https:\/\/api.w.org\/{rel}","templated":true}]}}