{"id":2986,"date":"2018-05-25T15:03:50","date_gmt":"2018-05-25T13:03:50","guid":{"rendered":"http:\/\/www.chasseurducentrevaldeloire.fr\/fdc45\/?page_id=2986"},"modified":"2025-05-14T10:13:49","modified_gmt":"2025-05-14T08:13:49","slug":"animations-scolaires","status":"publish","type":"page","link":"https:\/\/www.save.chasseurducentrevaldeloire.fr\/fdc45\/animations-scolaires\/","title":{"rendered":"Animations scolaires"},"content":{"rendered":"<p>[vc_row][vc_column width=\u00a0\u00bb2\/3&Prime;][vc_column_text]Dans un but de sensibilisation \u00e0 l\u2019environnement, la F\u00e9d\u00e9ration des Chasseurs du Loiret en partenariat avec la F\u00e9d\u00e9ration de P\u00eache du Loiret vous proposent d\u2019accueillir votre classe pour une journ\u00e9e d\u00e9couverte du monde de la for\u00eat, ainsi que les milieux aquatiques.<\/p>\n<table width=\"621\">\n<tbody>\n<tr>\n<td width=\"621\">\n<p style=\"text-align: left\"><strong>Adresse : <\/strong><\/p>\n<p>&nbsp;<\/p>\n<p style=\"text-align: left\">Le domaine de La Motte \u00e0 Menestreau-en-Villette (45)<\/p>\n<p>&nbsp;<\/td>\n<\/tr>\n<\/tbody>\n<\/table>\n<table width=\"618\">\n<tbody>\n<tr>\n<td width=\"618\">\n<p style=\"text-align: left\"><strong>Descriptif :<\/strong><\/p>\n<p>&nbsp;<\/p>\n<p style=\"text-align: left\">Un site de 155 hectares avec des zones bois\u00e9es, cultiv\u00e9es et des \u00e9tangs. Il comprend une zone qui a \u00e9t\u00e9 class\u00e9e Natura 2000 pour sa gestion des bruy\u00e8res et des grandes bruy\u00e8res. La gestion des \u00e9tangs d\u00e9pend \u00e9galement de la F\u00e9d\u00e9ration de P\u00eache du Loiret<\/p>\n<p>&nbsp;<\/td>\n<\/tr>\n<\/tbody>\n<\/table>\n<table width=\"620\">\n<tbody>\n<tr>\n<td width=\"620\">\n<p style=\"text-align: left\"><strong>Am\u00e9nagement :<\/strong><\/p>\n<p>&nbsp;<\/p>\n<p style=\"text-align: left\">\u00b7\u00a0\u00a0\u00a0\u00a0\u00a0\u00a0\u00a0\u00a0 Une salle d\u2019accueil \/ r\u00e9fectoire<\/p>\n<p style=\"text-align: left\">\u00b7\u00a0\u00a0\u00a0\u00a0\u00a0\u00a0\u00a0\u00a0 Une salle d\u2019exposition \/ travaux pratiques<\/p>\n<p style=\"text-align: left\">\u00b7\u00a0\u00a0\u00a0\u00a0\u00a0\u00a0\u00a0\u00a0 Un acc\u00e8s bus \/ autocar adapt\u00e9<\/p>\n<p>&nbsp;<\/td>\n<\/tr>\n<\/tbody>\n<\/table>\n<table width=\"625\">\n<tbody>\n<tr>\n<td width=\"625\">\n<p style=\"text-align: left\"><strong>Capacit\u00e9 d\u2019accueil :<\/strong><\/p>\n<p style=\"text-align: left\">2 classes \u00e0 partir du CE1<\/p>\n<p style=\"text-align: left\">\n<\/td>\n<\/tr>\n<\/tbody>\n<\/table>\n<p>&nbsp;<\/p>\n<p><strong>Contacts\u00a0:<\/strong><\/p>\n<p>&nbsp;<\/p>\n<p>Pauline Bouvet-Baratte\u00a0: 07 72 51 02 72 <a href=\"mailto:animation.nature@chasseurs45.com\"><span style=\"color: #e45410\"><strong>animation.nature@chasseurs45.com<\/strong><\/span><\/a><\/p>\n<p>&nbsp;<\/p>\n<p>Micha\u00ebl Renard\u00a0: 02 38 56 62 69 michaelfd@orange.fr<\/p>\n<p>&nbsp;<\/p>\n<p><span style=\"color: #e45410\"><strong><a style=\"color: #e45410\" href=\"http:\/\/www.chasseurducentrevaldeloire.fr\/fdc45\/wp-content\/uploads\/sites\/9\/2018\/05\/DocPrimaire.pdf\" target=\"_blank\" rel=\"noopener\">Animation scolaire destin\u00e9e aux classes des \u00e9coles primaires<\/a><\/strong><\/span><\/p>\n<p>&nbsp;<\/p>\n<p><strong><span style=\"color: #e45410\"><a style=\"color: #e45410\" href=\"http:\/\/www.chasseurducentrevaldeloire.fr\/fdc45\/wp-content\/uploads\/sites\/9\/2018\/05\/DocCollege.pdf\" target=\"_blank\" rel=\"noopener\">Animation scolaire destin\u00e9e aux classes des Coll\u00e8ges<\/a><\/span><\/strong>[\/vc_column_text][\/vc_column][vc_column css_animation=\u00a0\u00bbfadeInRight\u00a0\u00bb width=\u00a0\u00bb1\/3&Prime;][vc_single_image image=\u00a0\u00bb2987&Prime; img_size=\u00a0\u00bbfull\u00a0\u00bb style=\u00a0\u00bbvc_box_shadow_border\u00a0\u00bb el_class=\u00a0\u00bbmirrorImg\u00a0\u00bb][\/vc_column][\/vc_row]<\/p>\n","protected":false},"excerpt":{"rendered":"<p>[vc_row][vc_column width=\u00a0\u00bb2\/3&Prime;][vc_column_text]Dans un but de sensibilisation \u00e0 l\u2019environnement, la F\u00e9d\u00e9ration des Chasseurs du Loiret en partenariat avec la F\u00e9d\u00e9ration de P\u00eache du Loiret vous proposent d\u2019accueillir votre classe pour une journ\u00e9e d\u00e9couverte du monde de la for\u00eat, ainsi que les milieux aquatiques. Adresse : &nbsp;&#8230;<\/p>\n","protected":false},"author":2,"featured_media":0,"parent":0,"menu_order":0,"comment_status":"closed","ping_status":"closed","template":"","meta":{"_acf_changed":false,"inline_featured_image":false,"_exactmetrics_skip_tracking":false,"_exactmetrics_sitenote_active":false,"_exactmetrics_sitenote_note":"","_exactmetrics_sitenote_category":0,"footnotes":""},"class_list":["post-2986","page","type-page","status-publish","hentry"],"acf":[],"publishpress_future_action":{"enabled":false,"date":"2026-04-18 13:58:35","action":"change-status","newStatus":"draft","terms":[],"taxonomy":"","extraData":[]},"publishpress_future_workflow_manual_trigger":{"enabledWorkflows":[]},"_links":{"self":[{"href":"https:\/\/www.save.chasseurducentrevaldeloire.fr\/fdc45\/wp-json\/wp\/v2\/pages\/2986","targetHints":{"allow":["GET"]}}],"collection":[{"href":"https:\/\/www.save.chasseurducentrevaldeloire.fr\/fdc45\/wp-json\/wp\/v2\/pages"}],"about":[{"href":"https:\/\/www.save.chasseurducentrevaldeloire.fr\/fdc45\/wp-json\/wp\/v2\/types\/page"}],"author":[{"embeddable":true,"href":"https:\/\/www.save.chasseurducentrevaldeloire.fr\/fdc45\/wp-json\/wp\/v2\/users\/2"}],"replies":[{"embeddable":true,"href":"https:\/\/www.save.chasseurducentrevaldeloire.fr\/fdc45\/wp-json\/wp\/v2\/comments?post=2986"}],"version-history":[{"count":7,"href":"https:\/\/www.save.chasseurducentrevaldeloire.fr\/fdc45\/wp-json\/wp\/v2\/pages\/2986\/revisions"}],"predecessor-version":[{"id":6481,"href":"https:\/\/www.save.chasseurducentrevaldeloire.fr\/fdc45\/wp-json\/wp\/v2\/pages\/2986\/revisions\/6481"}],"wp:attachment":[{"href":"https:\/\/www.save.chasseurducentrevaldeloire.fr\/fdc45\/wp-json\/wp\/v2\/media?parent=2986"}],"curies":[{"name":"wp","href":"https:\/\/api.w.org\/{rel}","templated":true}]}}