{"id":6589,"date":"2025-08-29T14:25:16","date_gmt":"2025-08-29T12:25:16","guid":{"rendered":"https:\/\/www.chasseurducentrevaldeloire.fr\/fdc41\/?page_id=6589"},"modified":"2025-09-08T15:04:37","modified_gmt":"2025-09-08T13:04:37","slug":"securite-a-la-chasse-2","status":"publish","type":"page","link":"https:\/\/www.save.chasseurducentrevaldeloire.fr\/fdc41\/securite-a-la-chasse-2\/","title":{"rendered":"S\u00e9curit\u00e9 \u00e0 la chasse"},"content":{"rendered":"<div class=\"qodef-post-content\">\n<div class=\"qodef-post-text\">\n<div class=\"qodef-post-text-inner\">\n<p><strong>La F\u00e9d\u00e9ration D\u00e9partementale des Chasseurs de Loir-et-Cher organise une journ\u00e9e de formation d\u00e9di\u00e9e \u00e0 la s\u00e9curit\u00e9 \u00e0 la chasse.<\/strong><\/p>\n<p>&nbsp;<\/p>\n<p><strong>Au programme :<\/strong><\/p>\n<ul data-end=\"1204\" data-start=\"934\">\n<li>Remise \u00e0 niveau d\u00e9cennale obligatoire<\/li>\n<li>R\u00e8gles \u00e9l\u00e9mentaires sur les armes et consignes \u00e0 rappeler avant chaque chasse<\/li>\n<li>S\u00e9curit\u00e9 petit et grand gibier<\/li>\n<li>Notions de secourisme<\/li>\n<li>Responsabilit\u00e9s de l\u2019organisateur<\/li>\n<li>Mat\u00e9rialisation des postes et angles de tir<\/li>\n<\/ul>\n<p>&nbsp;<\/p>\n<p><strong>Retrouvez toutes les informations en <span style=\"color: #2f5496\"><a style=\"color: #2f5496\" href=\"https:\/\/www.chasseurducentrevaldeloire.fr\/fdc41\/wp-content\/uploads\/sites\/8\/2025\/09\/Secu-ChasseursConvoc-Manuelle.docx\" target=\"_blank\" rel=\"noopener\">cliquant ici<\/a>\u00a0<\/span><\/strong><\/p>\n<p>&nbsp;<\/p>\n<p><strong>Inscription obligatoire avant le 18\/09.<\/strong>\u00a0Le nombre de places \u00e9tant limit\u00e9, <strong>seuls les dossiers complets seront retenus.<\/strong><\/p>\n<div class=\"addtoany_share_save_container addtoany_content addtoany_content_bottom\">\n<div class=\"a2a_kit a2a_kit_size_32 addtoany_list\" data-a2a-url=\"https:\/\/www.chasseurducentrevaldeloire.fr\/fdc41\/news\/inscrivez-vous-a-la-formation-securite\/\" data-a2a-title=\"Inscrivez-vous \u00e0 la formation s\u00e9curit\u00e9\"><\/div>\n<\/div>\n<\/div>\n<\/div>\n<\/div>\n<div class=\"qodef-post-info-bottom\"><\/div>\n","protected":false},"excerpt":{"rendered":"<p>La F\u00e9d\u00e9ration D\u00e9partementale des Chasseurs de Loir-et-Cher organise une journ\u00e9e de formation d\u00e9di\u00e9e \u00e0 la s\u00e9curit\u00e9 \u00e0 la chasse. &nbsp; Au programme : Remise \u00e0 niveau d\u00e9cennale obligatoire R\u00e8gles \u00e9l\u00e9mentaires sur les armes et consignes \u00e0 rappeler avant chaque chasse S\u00e9curit\u00e9 petit et grand gibier&#8230;<\/p>\n","protected":false},"author":6,"featured_media":0,"parent":0,"menu_order":0,"comment_status":"closed","ping_status":"closed","template":"","meta":{"_acf_changed":false,"inline_featured_image":false,"_exactmetrics_skip_tracking":false,"_exactmetrics_sitenote_active":false,"_exactmetrics_sitenote_note":"","_exactmetrics_sitenote_category":0,"footnotes":""},"class_list":["post-6589","page","type-page","status-publish","hentry"],"acf":[],"publishpress_future_action":{"enabled":false,"date":"2026-04-18 12:24:42","action":"change-status","newStatus":"draft","terms":[],"taxonomy":"","extraData":[]},"publishpress_future_workflow_manual_trigger":{"enabledWorkflows":[]},"_links":{"self":[{"href":"https:\/\/www.save.chasseurducentrevaldeloire.fr\/fdc41\/wp-json\/wp\/v2\/pages\/6589","targetHints":{"allow":["GET"]}}],"collection":[{"href":"https:\/\/www.save.chasseurducentrevaldeloire.fr\/fdc41\/wp-json\/wp\/v2\/pages"}],"about":[{"href":"https:\/\/www.save.chasseurducentrevaldeloire.fr\/fdc41\/wp-json\/wp\/v2\/types\/page"}],"author":[{"embeddable":true,"href":"https:\/\/www.save.chasseurducentrevaldeloire.fr\/fdc41\/wp-json\/wp\/v2\/users\/6"}],"replies":[{"embeddable":true,"href":"https:\/\/www.save.chasseurducentrevaldeloire.fr\/fdc41\/wp-json\/wp\/v2\/comments?post=6589"}],"version-history":[{"count":2,"href":"https:\/\/www.save.chasseurducentrevaldeloire.fr\/fdc41\/wp-json\/wp\/v2\/pages\/6589\/revisions"}],"predecessor-version":[{"id":6618,"href":"https:\/\/www.save.chasseurducentrevaldeloire.fr\/fdc41\/wp-json\/wp\/v2\/pages\/6589\/revisions\/6618"}],"wp:attachment":[{"href":"https:\/\/www.save.chasseurducentrevaldeloire.fr\/fdc41\/wp-json\/wp\/v2\/media?parent=6589"}],"curies":[{"name":"wp","href":"https:\/\/api.w.org\/{rel}","templated":true}]}}