{"id":4965,"date":"2021-10-07T08:01:54","date_gmt":"2021-10-07T06:01:54","guid":{"rendered":"https:\/\/www.chasseurducentrevaldeloire.fr\/fdc41\/?page_id=4965"},"modified":"2022-06-23T15:31:20","modified_gmt":"2022-06-23T13:31:20","slug":"conseil-departemental-de-loir-et-cher","status":"publish","type":"page","link":"https:\/\/www.save.chasseurducentrevaldeloire.fr\/fdc41\/conseil-departemental-de-loir-et-cher\/","title":{"rendered":"Conseil d\u00e9partemental de Loir-et-Cher"},"content":{"rendered":"<p><img loading=\"lazy\" decoding=\"async\" class=\"size-full wp-image-4966 aligncenter\" src=\"https:\/\/www.chasseurducentrevaldeloire.fr\/fdc41\/wp-content\/uploads\/sites\/8\/2021\/10\/LogoConsDep.png\" alt=\"\" width=\"226\" height=\"221\" \/><\/p>\n<p>&nbsp;<\/p>\n<p>&nbsp;<\/p>\n<p>Engag\u00e9 aux c\u00f4t\u00e9s de la FDC41, le Conseil d\u00e9partemental est un partenaire important des activit\u00e9s f\u00e9d\u00e9rales.<\/p>\n<p>&nbsp;<\/p>\n<p>Ce partenariat est bas\u00e9 dans le prolongement de la convention sign\u00e9e le <strong>16 d\u00e9cembre 2019<\/strong> pour d\u00e9velopper les formations dans le domaine de la s\u00e9curit\u00e9 \u00e0 la chasse puisqu\u2019il participe au financement de dispositifs de s\u00e9curit\u00e9 modernes.<\/p>\n<p>&nbsp;<\/p>\n<p>Horaires : Ouvert du\u00a0lundi au\u00a0vendredi, de\u00a09\u00a0h \u00e0\u00a012\u00a0h et\u00a0de\u00a014\u00a0h \u00e0\u00a017\u00a0h\u00a030.<\/p>\n<p>&nbsp;<\/p>\n<p>T\u00e9l : <a href=\"tel:0254584141\"><span style=\"color: #2f5496\"><strong>02 54 58 41 41<\/strong><\/span><\/a><\/p>\n<p>&nbsp;<\/p>\n<p>Site internet\u00a0: <a href=\"https:\/\/www.departement41.fr\/\" target=\"_blank\" rel=\"noopener\"><span style=\"color: #2f5496\"><strong>https:\/\/www.departement41.fr\/<\/strong><\/span><\/a><\/p>\n<p>&nbsp;<\/p>\n<p>Les contacter\u00a0: <a href=\"https:\/\/www.departement41.fr\/informations-generales\/contact\/\" target=\"_blank\" rel=\"noopener\"><span style=\"color: #2f5496\"><strong>https:\/\/www.departement41.fr\/informations-generales\/contact\/<\/strong><\/span><\/a><\/p>\n<p>&nbsp;<\/p>\n","protected":false},"excerpt":{"rendered":"<p>&nbsp; &nbsp; Engag\u00e9 aux c\u00f4t\u00e9s de la FDC41, le Conseil d\u00e9partemental est un partenaire important des activit\u00e9s f\u00e9d\u00e9rales. &nbsp; Ce partenariat est bas\u00e9 dans le prolongement de la convention sign\u00e9e le 16 d\u00e9cembre 2019 pour d\u00e9velopper les formations dans le domaine de la s\u00e9curit\u00e9 \u00e0&#8230;<\/p>\n","protected":false},"author":6,"featured_media":0,"parent":0,"menu_order":0,"comment_status":"closed","ping_status":"closed","template":"","meta":{"_acf_changed":false,"inline_featured_image":false,"_exactmetrics_skip_tracking":false,"_exactmetrics_sitenote_active":false,"_exactmetrics_sitenote_note":"","_exactmetrics_sitenote_category":0,"footnotes":""},"class_list":["post-4965","page","type-page","status-publish","hentry"],"acf":[],"publishpress_future_action":{"enabled":false,"date":"2026-04-18 12:24:42","action":"change-status","newStatus":"draft","terms":[],"taxonomy":"","extraData":[]},"publishpress_future_workflow_manual_trigger":{"enabledWorkflows":[]},"_links":{"self":[{"href":"https:\/\/www.save.chasseurducentrevaldeloire.fr\/fdc41\/wp-json\/wp\/v2\/pages\/4965","targetHints":{"allow":["GET"]}}],"collection":[{"href":"https:\/\/www.save.chasseurducentrevaldeloire.fr\/fdc41\/wp-json\/wp\/v2\/pages"}],"about":[{"href":"https:\/\/www.save.chasseurducentrevaldeloire.fr\/fdc41\/wp-json\/wp\/v2\/types\/page"}],"author":[{"embeddable":true,"href":"https:\/\/www.save.chasseurducentrevaldeloire.fr\/fdc41\/wp-json\/wp\/v2\/users\/6"}],"replies":[{"embeddable":true,"href":"https:\/\/www.save.chasseurducentrevaldeloire.fr\/fdc41\/wp-json\/wp\/v2\/comments?post=4965"}],"version-history":[{"count":2,"href":"https:\/\/www.save.chasseurducentrevaldeloire.fr\/fdc41\/wp-json\/wp\/v2\/pages\/4965\/revisions"}],"predecessor-version":[{"id":5443,"href":"https:\/\/www.save.chasseurducentrevaldeloire.fr\/fdc41\/wp-json\/wp\/v2\/pages\/4965\/revisions\/5443"}],"wp:attachment":[{"href":"https:\/\/www.save.chasseurducentrevaldeloire.fr\/fdc41\/wp-json\/wp\/v2\/media?parent=4965"}],"curies":[{"name":"wp","href":"https:\/\/api.w.org\/{rel}","templated":true}]}}