{"id":4959,"date":"2021-10-07T08:02:36","date_gmt":"2021-10-07T06:02:36","guid":{"rendered":"https:\/\/www.chasseurducentrevaldeloire.fr\/fdc41\/?page_id=4959"},"modified":"2022-06-23T15:30:02","modified_gmt":"2022-06-23T13:30:02","slug":"cocagne","status":"publish","type":"page","link":"https:\/\/www.save.chasseurducentrevaldeloire.fr\/fdc41\/cocagne\/","title":{"rendered":"Cocagne"},"content":{"rendered":"<p><img loading=\"lazy\" decoding=\"async\" class=\"alignnone size-full wp-image-4961 aligncenter\" src=\"https:\/\/www.chasseurducentrevaldeloire.fr\/fdc41\/wp-content\/uploads\/sites\/8\/2021\/10\/logococagne.png\" alt=\"\" width=\"231\" height=\"231\" srcset=\"https:\/\/www.save.chasseurducentrevaldeloire.fr\/fdc41\/wp-content\/uploads\/sites\/8\/2021\/10\/logococagne.png 231w, https:\/\/www.save.chasseurducentrevaldeloire.fr\/fdc41\/wp-content\/uploads\/sites\/8\/2021\/10\/logococagne-150x150.png 150w\" sizes=\"auto, (max-width: 231px) 100vw, 231px\" \/><\/p>\n<p>&nbsp;<\/p>\n<p>&nbsp;<\/p>\n<p><img loading=\"lazy\" decoding=\"async\" class=\"size-medium wp-image-4960 alignleft\" src=\"https:\/\/www.chasseurducentrevaldeloire.fr\/fdc41\/wp-content\/uploads\/sites\/8\/2021\/10\/cocagne-225x300.png\" alt=\"\" width=\"225\" height=\"300\" srcset=\"https:\/\/www.save.chasseurducentrevaldeloire.fr\/fdc41\/wp-content\/uploads\/sites\/8\/2021\/10\/cocagne-225x300.png 225w, https:\/\/www.save.chasseurducentrevaldeloire.fr\/fdc41\/wp-content\/uploads\/sites\/8\/2021\/10\/cocagne.png 314w\" sizes=\"auto, (max-width: 225px) 100vw, 225px\" \/>Votre F\u00e9d\u00e9ration est maintenant partenaire avec Cocagne, la plateforme nationale d\u2019offres de chasse !<\/p>\n<p><strong>\u00a0<\/strong><\/p>\n<ol>\n<li><strong>Vous souhaitez trouver les meilleures offres de chasse au bon prix, sans perdre du temps sur internet ou les petites annonces ?<\/strong><\/li>\n<\/ol>\n<p>Cocagne est la seule plateforme nationale de chasse op\u00e9r\u00e9e en collaboration avec nous, les F\u00e9d\u00e9rations D\u00e9partementales partenaires.<\/p>\n<p>&nbsp;<\/p>\n<ul>\n<li>Les offres de chasse Cocagne sont exclusives et propos\u00e9es au meilleur prix, voire gratuitement.<\/li>\n<li>Toutes les offres sont valid\u00e9es en termes de : qualit\u00e9, s\u00e9curit\u00e9, pr\u00e9sence de gibier sur le territoire.<\/li>\n<li>Que ce soit par budget, par r\u00e9gion, par mode de chasse, \u00e0 la journ\u00e9e ou \u00e0 la saison, Cocagne \u0153uvre pour offrir le plus large choix possible.<\/li>\n<\/ul>\n<p>&nbsp;<\/p>\n<p>Ne chassez plus par hasard, cr\u00e9ez votre espace chasseur sur <a href=\"http:\/\/www.cocagne.fr\" target=\"_blank\" rel=\"noopener\"><span style=\"color: #2f5496\"><strong>www.cocagne.fr<\/strong><\/span><\/a>\u00a0!<\/p>\n<p>&nbsp;<\/p>\n<ol start=\"2\">\n<li><strong>Vous cherchez le meilleur moyen pour mettre en avant votre territoire et partager votre passion ?<\/strong> Cr\u00e9ez votre offre sur <span style=\"color: #2f5496\"><strong><a style=\"color: #2f5496\" href=\"http:\/\/www.cocagne.fr\" target=\"_blank\" rel=\"noopener\">cocagne.fr<\/a> <\/strong><\/span>ou aupr\u00e8s du r\u00e9f\u00e9rent Cocagne de la FDC41(contact\u00a0: <span style=\"color: #2f5496\"><strong><a style=\"color: #2f5496\" href=\"mailto:communication@fdc41.com\">communication@fdc41.com<\/a><\/strong><\/span>)<\/li>\n<\/ol>\n<p>&nbsp;<\/p>\n<ul>\n<li>D\u00e9cidez librement du tarif de votre offre de chasse. Aucune marge n\u2019est appliqu\u00e9e sur vos prix par Cocagne. Le prix demand\u00e9 sera celui pay\u00e9 par le chasseur.<\/li>\n<\/ul>\n<p>&nbsp;<\/p>\n<p>T\u00e9l\u00e9charger le <span style=\"color: #2f5496\"><a style=\"color: #2f5496\" href=\"https:\/\/www.chasseurducentrevaldeloire.fr\/fdc41\/wp-content\/uploads\/sites\/8\/2021\/10\/FLYER-compresse.pdf\" target=\"_blank\" rel=\"noopener\"><strong>flyer<\/strong><\/a><\/span><\/p>\n<p>&nbsp;<\/p>\n","protected":false},"excerpt":{"rendered":"<p>&nbsp; &nbsp; Votre F\u00e9d\u00e9ration est maintenant partenaire avec Cocagne, la plateforme nationale d\u2019offres de chasse ! \u00a0 Vous souhaitez trouver les meilleures offres de chasse au bon prix, sans perdre du temps sur internet ou les petites annonces ? Cocagne est la seule plateforme nationale&#8230;<\/p>\n","protected":false},"author":6,"featured_media":0,"parent":0,"menu_order":0,"comment_status":"closed","ping_status":"closed","template":"","meta":{"_acf_changed":false,"inline_featured_image":false,"_exactmetrics_skip_tracking":false,"_exactmetrics_sitenote_active":false,"_exactmetrics_sitenote_note":"","_exactmetrics_sitenote_category":0,"footnotes":""},"class_list":["post-4959","page","type-page","status-publish","hentry"],"acf":[],"publishpress_future_action":{"enabled":false,"date":"2026-04-18 12:24:37","action":"change-status","newStatus":"draft","terms":[],"taxonomy":"","extraData":[]},"publishpress_future_workflow_manual_trigger":{"enabledWorkflows":[]},"_links":{"self":[{"href":"https:\/\/www.save.chasseurducentrevaldeloire.fr\/fdc41\/wp-json\/wp\/v2\/pages\/4959","targetHints":{"allow":["GET"]}}],"collection":[{"href":"https:\/\/www.save.chasseurducentrevaldeloire.fr\/fdc41\/wp-json\/wp\/v2\/pages"}],"about":[{"href":"https:\/\/www.save.chasseurducentrevaldeloire.fr\/fdc41\/wp-json\/wp\/v2\/types\/page"}],"author":[{"embeddable":true,"href":"https:\/\/www.save.chasseurducentrevaldeloire.fr\/fdc41\/wp-json\/wp\/v2\/users\/6"}],"replies":[{"embeddable":true,"href":"https:\/\/www.save.chasseurducentrevaldeloire.fr\/fdc41\/wp-json\/wp\/v2\/comments?post=4959"}],"version-history":[{"count":2,"href":"https:\/\/www.save.chasseurducentrevaldeloire.fr\/fdc41\/wp-json\/wp\/v2\/pages\/4959\/revisions"}],"predecessor-version":[{"id":5441,"href":"https:\/\/www.save.chasseurducentrevaldeloire.fr\/fdc41\/wp-json\/wp\/v2\/pages\/4959\/revisions\/5441"}],"wp:attachment":[{"href":"https:\/\/www.save.chasseurducentrevaldeloire.fr\/fdc41\/wp-json\/wp\/v2\/media?parent=4959"}],"curies":[{"name":"wp","href":"https:\/\/api.w.org\/{rel}","templated":true}]}}