{"id":4433,"date":"2021-01-26T13:39:28","date_gmt":"2021-01-26T12:39:28","guid":{"rendered":"https:\/\/www.chasseurducentrevaldeloire.fr\/fdc41\/?page_id=4433"},"modified":"2022-08-19T10:57:08","modified_gmt":"2022-08-19T08:57:08","slug":"sanitaire","status":"publish","type":"page","link":"https:\/\/www.save.chasseurducentrevaldeloire.fr\/fdc41\/sanitaire\/","title":{"rendered":"Sanitaire"},"content":{"rendered":"<p>[vc_row][vc_column]<div class=\"qodef-accordion-holder clearfix qodef-toggle qodef-boxed \">\n\t<h4 class=\"clearfix qodef-title-holder\" >\n\t<span class=\"qodef-accordion-mark qodef-left-mark\">\n\t\t<span class=\"qodef-accordion-mark-icon\">\n\t\t\t<span class=\"icon_plus\"><\/span>\n\t\t\t<span class=\"icon_minus-06\"><\/span>\n\t\t<\/span>\n\t<\/span>\n\t<span class=\"qodef-tab-title\">\n\t\t<span class=\"qodef-tab-title-inner\">\n\t\t\tSAGIR\t\t<\/span>\n\t<\/span>\n<\/h4>\n<div class=\"qodef-accordion-content\">\n\t<div class=\"qodef-accordion-content-inner\">\n\t\t[vc_column_text]<strong>SAGIR, surveiller les maladies de la faune sauvage pour agir<\/strong><\/p>\n<p>&nbsp;<\/p>\n<p>SAGIR est un r\u00e9seau de surveillance \u00e9pid\u00e9miologique des oiseaux et des mammif\u00e8res sauvages terrestres en France. Cette surveillance, fond\u00e9e sur un partenariat constant entre les F\u00e9d\u00e9rations des chasseurs et l\u2019Office national de la chasse et de la faune sauvage, s\u2019exerce depuis 1955.<\/p>\n<p>&nbsp;<\/p>\n<p><strong>Trois objectifs\u00a0:<\/strong><\/p>\n<ol>\n<li>d\u00e9tecter pr\u00e9cocement l\u2019apparition de maladies nouvelles pour la faune sauvage\u00a0;<\/li>\n<li>surveiller les effets aigus non intentionnels de l\u2019utilisation agricole des produits phytopharmaceutiques sur les oiseaux et mammif\u00e8res sauvages\u00a0;<\/li>\n<li>caract\u00e9riser dans le temps et dans l\u2019espace les maladies des oiseaux et des mammif\u00e8res sauvages \u00e0 enjeu pour la sant\u00e9 des populations.<\/li>\n<\/ol>\n<p>Cette surveillance g\u00e9n\u00e9rale et sur le long terme participe \u00e9galement \u00e0 la connaissance des agents pathog\u00e8nes transmissibles \u00e0 l\u2019homme et\/ou partag\u00e9s par la faune sauvage et les animaux domestiques. L\u2019acquisition de ces donn\u00e9es est fondamentale pour les gestionnaires cyn\u00e9g\u00e9tiques ainsi que pour les \u00e9valuateurs et les gestionnaires du risque.<\/p>\n<p>&nbsp;<\/p>\n<p>&nbsp;<\/p>\n<p><strong>Un r\u00e9seau national de surveillance de la sant\u00e9 de la faune<\/strong><\/p>\n<p>La surveillance repose sur un r\u00e9seau d\u2019observateurs de terrain, principalement des chasseurs, des techniciens des F\u00e9d\u00e9rations d\u00e9partementales des chasseurs et des agents de l\u2019OFB. Ces observateurs sont coordonn\u00e9s par deux interlocuteurs techniques sp\u00e9cialis\u00e9s dans chaque d\u00e9partement, l\u2019un de la F\u00e9d\u00e9ration d\u00e9partementale des chasseurs et l\u2019autre de OFB.<\/p>\n<p>&nbsp;<\/p>\n<p>Les animaux sauvages trouv\u00e9s morts ou malades sont transport\u00e9s par des personnes qui disposent d\u2019une autorisation sp\u00e9ciale du minist\u00e8re en charge de l\u2019environnement jusqu\u2019au laboratoire d\u00e9partemental d\u2019analyses v\u00e9t\u00e9rinaires o\u00f9 est r\u00e9alis\u00e9 le diagnostic. Certaines analyses particuli\u00e8res sont effectu\u00e9es par des laboratoires sp\u00e9cialis\u00e9s qui viennent en appui aux laboratoires de proximit\u00e9. L\u2019ensemble des r\u00e9sultats est int\u00e9gr\u00e9 dans une base de donn\u00e9es nationale.[\/vc_column_text]\t<\/div>\n<\/div>\n<h4 class=\"clearfix qodef-title-holder\" >\n\t<span class=\"qodef-accordion-mark qodef-left-mark\">\n\t\t<span class=\"qodef-accordion-mark-icon\">\n\t\t\t<span class=\"icon_plus\"><\/span>\n\t\t\t<span class=\"icon_minus-06\"><\/span>\n\t\t<\/span>\n\t<\/span>\n\t<span class=\"qodef-tab-title\">\n\t\t<span class=\"qodef-tab-title-inner\">\n\t\t\tPESTE PORCINE AFRICAINE\t\t<\/span>\n\t<\/span>\n<\/h4>\n<div class=\"qodef-accordion-content\">\n\t<div class=\"qodef-accordion-content-inner\">\n\t\t[vc_column_text]La peste porcine africaine (PPA) est une maladie animale due \u00e0 un virus qui touche exclusivement les porcs domestiques et les sangliers.<\/p>\n<p>&nbsp;<\/p>\n<p>La France est indemne de la porcine africaine (PPA) mais la dynamique de d\u00e9placement du virus en Europe fait peser une menace permanente sur les populations de sangliers et de porcs de l\u2019Hexagone. La maladie est install\u00e9e depuis 2014 dans la faune sauvage en Europe de l\u2019Est et est r\u00e9guli\u00e8rement d\u00e9tect\u00e9e dans des \u00e9levages de porcs.<\/p>\n<p>&nbsp;<\/p>\n<p>La PPA a atteint la faune sauvage en Belgique en 2018, pr\u00e8s de la fronti\u00e8re avec la France, et a \u00e9t\u00e9 d\u00e9tect\u00e9e dans l\u2019Est de l\u2019Allemagne en septembre 2020, \u00e0 la fronti\u00e8re polonaise. Son introduction en France pourrait avoir des cons\u00e9quences socio-\u00e9conomiques et sanitaires graves pour les fili\u00e8res professionnelles concern\u00e9es.<\/p>\n<p>&nbsp;<\/p>\n<p><img loading=\"lazy\" decoding=\"async\" class=\" wp-image-4434 aligncenter\" src=\"https:\/\/www.chasseurducentrevaldeloire.fr\/fdc41\/wp-content\/uploads\/sites\/8\/2021\/01\/PestePorcine-255x300.png\" alt=\"\" width=\"481\" height=\"566\" srcset=\"https:\/\/www.save.chasseurducentrevaldeloire.fr\/fdc41\/wp-content\/uploads\/sites\/8\/2021\/01\/PestePorcine-255x300.png 255w, https:\/\/www.save.chasseurducentrevaldeloire.fr\/fdc41\/wp-content\/uploads\/sites\/8\/2021\/01\/PestePorcine.png 490w\" sizes=\"auto, (max-width: 481px) 100vw, 481px\" \/><\/p>\n<p>&nbsp;<\/p>\n<p style=\"text-align: justify\"><b><span style=\"font-family: 'Century Gothic',sans-serif\">Retrouvez la peste porcine africaine en 11 questions\u00a0:<\/span><\/b> <a href=\"https:\/\/www.anses.fr\/fr\/content\/la-peste-porcine-africaine-en-11-questions\" target=\"_blank\" rel=\"noopener noreferrer\"><span style=\"font-family: 'Century Gothic',sans-serif\"><span style=\"color: #2f5496\"><strong>https:\/\/www.anses.fr\/fr\/content\/la-peste-porcine-africaine-en-11-questions<\/strong><\/span><\/span><\/a><\/p>\n<p>[\/vc_column_text]\t<\/div>\n<\/div>\n<h4 class=\"clearfix qodef-title-holder\" >\n\t<span class=\"qodef-accordion-mark qodef-left-mark\">\n\t\t<span class=\"qodef-accordion-mark-icon\">\n\t\t\t<span class=\"icon_plus\"><\/span>\n\t\t\t<span class=\"icon_minus-06\"><\/span>\n\t\t<\/span>\n\t<\/span>\n\t<span class=\"qodef-tab-title\">\n\t\t<span class=\"qodef-tab-title-inner\">\n\t\t\tINFLUENZA AVIAIRE\t\t<\/span>\n\t<\/span>\n<\/h4>\n<div class=\"qodef-accordion-content\">\n\t<div class=\"qodef-accordion-content-inner\">\n\t\t[vc_column_text]La situation sanitaire nationale au regard de l\u2019influenza aviaire s\u2019\u00e9tait am\u00e9lior\u00e9e en France depuis le d\u00e9but du mois de mai, avec le retour \u00e0 un niveau de risque class\u00e9 comme \u00ab\u00a0n\u00e9gligeable\u00a0\u00bb. Cependant, depuis la mi-mai, une forte augmentation des cas est constat\u00e9e dans la faune sauvage \u00ab\u00a0autochtone\u00a0\u00bb sur le littoral de la Manche. Et deux foyers en \u00e9levage ont \u00e9t\u00e9 confirm\u00e9s fin juillet dans la Manche et la Somme, ainsi qu&rsquo;un troisi\u00e8me le 17 ao\u00fbt dans le Morbihan.<\/p>\n<p>&nbsp;<\/p>\n<p><strong>Situation en France depuis la mi-mai 2022<\/strong><\/p>\n<p>&nbsp;<\/p>\n<p>Depuis mi-mai, des mortalit\u00e9s group\u00e9es d\u2019oiseaux du littoral ont \u00e9t\u00e9 constat\u00e9es d\u2019abord dans les d\u00e9partements c\u00f4tiers des Hauts de France (Nord, Pas-de-Calais, Somme) essentiellement chez les larid\u00e9s (go\u00e9lands, mouettes et sternes) puis ces mortalit\u00e9s sont apparues courant juin sur les c\u00f4tes normandes (Seine-maritime, Calvados, Manche) pour \u00eatre observ\u00e9es en juillet sur les c\u00f4tes bretonnes (C\u00f4tes d\u2019Armor). Depuis, ces constats sont r\u00e9guliers sur ces 7 d\u00e9partements sur les c\u00f4tes mais \u00e9galement parfois \u00e0 l&rsquo;int\u00e9rieur des terres.<\/p>\n<p>&nbsp;<\/p>\n<p>Ces mortalit\u00e9s sont suivies dans le cadre du r\u00e9seau SAGIR (dispositif national de surveillance de la sant\u00e9 de la faune sauvage) qui r\u00e9alise des analyses. Le Laboratoire national de r\u00e9f\u00e9rence (LNR) de l\u2019Anses a confirm\u00e9 la pr\u00e9sence du virus de l\u2019influenza aviaire hautement pathog\u00e8ne sur une centaine d\u2019\u00e9v\u00e9nements dans la faune sauvage du littoral de la Manche.<\/p>\n<p>&nbsp;<\/p>\n<p>La situation est exceptionnelle (encore jamais rencontr\u00e9e en France) de par son ampleur et la p\u00e9riode o\u00f9 les d\u00e9tections ont cours. Bien que le niveau de risque soit revenu r\u00e9glementairement au niveau n\u00e9gligeable, la contamination de l\u2019environnement reste \u00e9lev\u00e9e dans les r\u00e9gions o\u00f9 sont observ\u00e9es les mortalit\u00e9s d\u2019oiseaux sauvages et la diffusion de cette contamination (et le risque d\u2019introduction du virus dans les \u00e9levages de volailles) peut survenir \u00e0 la faveur de mouvements de d\u00e9cantonnement de populations d\u2019oiseaux sauvages.<\/p>\n<p>&nbsp;<\/p>\n<p><strong>Le point sur la situation en France\u00a0: <\/strong><\/p>\n<p>&nbsp;<\/p>\n<p><span style=\"color: #2f5496\"><a style=\"color: #2f5496\" href=\"https:\/\/agriculture.gouv.fr\/influenza-aviaire-le-point-sur-la-situation-en-france\" target=\"_blank\" rel=\"noopener\"><strong>https:\/\/agriculture.gouv.fr\/influenza-aviaire-le-point-sur-la-situation-en-france<\/strong><\/a><\/span><\/p>\n<p>[\/vc_column_text]\t<\/div>\n<\/div>\n<h4 class=\"clearfix qodef-title-holder\" >\n\t<span class=\"qodef-accordion-mark qodef-left-mark\">\n\t\t<span class=\"qodef-accordion-mark-icon\">\n\t\t\t<span class=\"icon_plus\"><\/span>\n\t\t\t<span class=\"icon_minus-06\"><\/span>\n\t\t<\/span>\n\t<\/span>\n\t<span class=\"qodef-tab-title\">\n\t\t<span class=\"qodef-tab-title-inner\">\n\t\t\tMaladie d\u2019Aujeszky\t\t<\/span>\n\t<\/span>\n<\/h4>\n<div class=\"qodef-accordion-content\">\n\t<div class=\"qodef-accordion-content-inner\">\n\t\t[vc_column_text]<img loading=\"lazy\" decoding=\"async\" class=\"size-medium wp-image-4805 alignleft\" src=\"https:\/\/www.chasseurducentrevaldeloire.fr\/fdc41\/wp-content\/uploads\/sites\/8\/2021\/06\/Maladie-dAujeszky-300x173.jpg\" alt=\"\" width=\"300\" height=\"173\" srcset=\"https:\/\/www.save.chasseurducentrevaldeloire.fr\/fdc41\/wp-content\/uploads\/sites\/8\/2021\/06\/Maladie-dAujeszky-300x173.jpg 300w, https:\/\/www.save.chasseurducentrevaldeloire.fr\/fdc41\/wp-content\/uploads\/sites\/8\/2021\/06\/Maladie-dAujeszky.jpg 405w\" sizes=\"auto, (max-width: 300px) 100vw, 300px\" \/>La maladie d\u2019Aujeszky est une <strong>maladie virale<\/strong> (virus de la famille des Herpesviridae) hautement contagieuse qui touche <strong>les suid\u00e9s domestiques et sauvages<\/strong> (porcs et sangliers), et de <strong>fa\u00e7on accidentelle les carnivores et les ruminants<\/strong>. <strong><u>Elle n\u2019est pas transmissible \u00e0 l\u2019Homme.<\/u><\/strong><\/p>\n<p>Cette maladie se transmet principalement par voie directe lors de contacts rapproch\u00e9s entre porcs ou sangliers infect\u00e9s.<br \/>\nLa maladie peut aussi se transmettre par voie indirecte, entre \u00e9levages par a\u00e9rosol, via du mat\u00e9riel contamin\u00e9, ou encore par ingestion d&rsquo;aliments \u00e0 base de viande de porcs infect\u00e9s.<\/p>\n<p>La contamination de chiens de chasse au sanglier peut donc avoir lieu lors de la chasse, en particulier pour les chiens allant au contact lors du ferme. Les sympt\u00f4mes vont principalement constituer en des troubles nerveux et du comportement, avec du prurit (grattage), pouvant aller jusqu\u2019\u00e0 des l\u00e9sions tr\u00e8s graves. Leur mort est syst\u00e9matique.<\/p>\n<p>&nbsp;<\/p>\n<p><strong>Comment prot\u00e8ge-t-on les \u00e9levages de la maladie\u00a0?<\/strong><\/p>\n<p>Pour \u00e9viter la contamination des \u00e9levages, il est n\u00e9cessaire\u00a0:<\/p>\n<ul>\n<li>d\u2019assurer la protection sanitaire des \u00e9levages, en particulier par la mise en \u0153uvre de mesures de bios\u00e9curit\u00e9 strictes ;<\/li>\n<li>de prot\u00e9ger les \u00e9levages porcins plein-air par des installations permettant d\u2019\u00e9viter tout contact physique avec des sangliers ;<\/li>\n<li>en cas d\u2019\u00e9change ou d\u2019importation de porcins ou de semence porcine, exiger la pr\u00e9sence d\u2019un certificat sanitaire attestant que l\u2019\u00e9levage d\u2019origine est indemne. Ce certificat doit \u00eatre \u00e9tabli et vis\u00e9 par les services v\u00e9t\u00e9rinaires du pays d\u2019origine.<\/li>\n<\/ul>\n<p>Des cas de maladie d\u2019Aujeszky chez les chiens de chasse sont r\u00e9guli\u00e8rement rapport\u00e9s, en lien avec la circulation du virus chez les sangliers sauvages. Chaque hiver, en p\u00e9riode de chasse, une dizaine de cas sont diagnostiqu\u00e9s, ce nombre \u00e9tant probablement sous-estim\u00e9 faute de signalement par les chasseurs, de d\u00e9claration par les v\u00e9t\u00e9rinaires, d\u2019analyses de confirmation ou de difficult\u00e9 de centralisation de l\u2019information.<\/p>\n<p>Ces derni\u00e8res ann\u00e9es, la tendance semble \u00eatre \u00e0 une augmentation de la d\u00e9claration des cas. Compte-tenu de ce contexte d\u2019expansion apparente et de l\u2019expression clinique tr\u00e8s impressionnante chez le chien, qui aboutit syst\u00e9matiquement \u00e0 sa mort, cette maladie suscite de nombreuses demandes de vaccination des chiens des chasseurs de sangliers. Cependant il n\u2019existe pas de vaccin ayant une autorisation de mise sur le march\u00e9 pour cette esp\u00e8ce. Dans un tel contexte, la vaccination doit \u00eatre port\u00e9e par les v\u00e9t\u00e9rinaires qui en endossent alors la responsabilit\u00e9.<\/p>\n<p>Depuis le d\u00e9but de l\u2019ann\u00e9e 2021, un groupe de suivi de la surveillance de cette maladie a d\u00e9marr\u00e9 ses travaux dans le cadre de la Plateforme Nationale d\u2019Epid\u00e9miosurveillance en Sant\u00e9 Animale. Ce groupe est co-anim\u00e9 par la Coop\u00e9ration Agricole et la FNC.<\/p>\n<p>&nbsp;<\/p>\n<p>[\/vc_column_text][vc_single_image image=\u00a0\u00bb4808&Prime; img_size=\u00a0\u00bbfull\u00a0\u00bb alignment=\u00a0\u00bbcenter\u00a0\u00bb]\t<\/div>\n<\/div>\n<h4 class=\"clearfix qodef-title-holder\" >\n\t<span class=\"qodef-accordion-mark qodef-left-mark\">\n\t\t<span class=\"qodef-accordion-mark-icon\">\n\t\t\t<span class=\"icon_plus\"><\/span>\n\t\t\t<span class=\"icon_minus-06\"><\/span>\n\t\t<\/span>\n\t<\/span>\n\t<span class=\"qodef-tab-title\">\n\t\t<span class=\"qodef-tab-title-inner\">\n\t\t\tGale sarcoptique\t\t<\/span>\n\t<\/span>\n<\/h4>\n<div class=\"qodef-accordion-content\">\n\t<div class=\"qodef-accordion-content-inner\">\n\t\t[vc_column_text]<img loading=\"lazy\" decoding=\"async\" class=\"size-medium wp-image-5566 aligncenter\" src=\"https:\/\/www.chasseurducentrevaldeloire.fr\/fdc41\/wp-content\/uploads\/sites\/8\/2022\/08\/SanglierGale-300x226.jpg\" alt=\"\" width=\"300\" height=\"226\" srcset=\"https:\/\/www.save.chasseurducentrevaldeloire.fr\/fdc41\/wp-content\/uploads\/sites\/8\/2022\/08\/SanglierGale-300x226.jpg 300w, https:\/\/www.save.chasseurducentrevaldeloire.fr\/fdc41\/wp-content\/uploads\/sites\/8\/2022\/08\/SanglierGale.jpg 723w\" sizes=\"auto, (max-width: 300px) 100vw, 300px\" \/><\/p>\n<p>&nbsp;<\/p>\n<p>La gale est une maladie parasitaire qui \u00e9merge de plusieurs pays europ\u00e9ens et regroupe trois affections parasitaires\u00a0: la gale d\u00e9mod\u00e9cique, psoroptique et sarcoptique. Cette derni\u00e8re forme concerne la majorit\u00e9 des cas observ\u00e9s en France sur l\u2019esp\u00e8ce Sanglier.<\/p>\n<p>&nbsp;<\/p>\n<p>Elle se manifeste principalement par des inflammations cutan\u00e9es, associ\u00e9es \u00e0 des d\u00e9mangeaisons intenses provoquant une d\u00e9pilation importante sur tout le corps \u00e0 l\u2019exception du dos dans les cas les plus avanc\u00e9s, avec une peau nue, \u00e9paisse, grise et rid\u00e9e. La transmission s\u2019op\u00e8re via un contact de peau \u00e0 peau entre les individus, mais \u00e9galement via l\u2019environnement (frottement sur les arbres ou autre support). La forme de gale port\u00e9e par les sangliers n\u2019est transmissible ni \u00e0 l\u2019homme, ni aux chiens.<\/p>\n<p>&nbsp;<\/p>\n<p>Il est observ\u00e9 depuis 3 \u00e0 4 saisons, une forte augmentation de nos populations de sangliers, gr\u00e2ce notamment \u00e0 des fructifications foresti\u00e8res abondantes. Ainsi, les facteurs favorisant l\u2019apparition de gale \u00e9taient r\u00e9unis, provoquant cette flamb\u00e9e de contamination sur un vaste secteur g\u00e9ographique.<\/p>\n<p>&nbsp;<\/p>\n<p>Afin de limiter le d\u00e9veloppement des contacts entre les compagnies de sangliers, plusieurs actions sont souhaitables\u00a0:<\/p>\n<ul>\n<li>Eviter tous les facteurs d\u2019agr\u00e9gation d\u2019individus de groupes diff\u00e9rents comme l\u2019apport de nourriture\u00a0;<\/li>\n<li>Eviter les goudrons sur les arbres qui font offices de r\u00e9servoirs de parasites et engendrent des contaminations entre les compagnies\u00a0;<\/li>\n<li>Baisser les densit\u00e9s de sangliers avec une pression de chasse accrue et des pr\u00e9l\u00e8vements cons\u00e9quents.<\/li>\n<\/ul>\n<p>[\/vc_column_text]\t<\/div>\n<\/div>\n<h4 class=\"clearfix qodef-title-holder\" >\n\t<span class=\"qodef-accordion-mark qodef-left-mark\">\n\t\t<span class=\"qodef-accordion-mark-icon\">\n\t\t\t<span class=\"icon_plus\"><\/span>\n\t\t\t<span class=\"icon_minus-06\"><\/span>\n\t\t<\/span>\n\t<\/span>\n\t<span class=\"qodef-tab-title\">\n\t\t<span class=\"qodef-tab-title-inner\">\n\t\t\tD\u00e9claration centre de collecte\t\t<\/span>\n\t<\/span>\n<\/h4>\n<div class=\"qodef-accordion-content\">\n\t<div class=\"qodef-accordion-content-inner\">\n\t\t[vc_single_image image=\u00a0\u00bb4984&Prime; img_size=\u00a0\u00bbfull\u00a0\u00bb alignment=\u00a0\u00bbcenter\u00a0\u00bb][vc_empty_space][vc_column_text]<strong><em>Comment d\u00e9clarer son centre de collecte ? <\/em><\/strong><\/p>\n<p><em>\u00a0<\/em><\/p>\n<p>&nbsp;<\/p>\n<ul>\n<li><strong>Sans num\u00e9ro de SIRET <\/strong><\/li>\n<\/ul>\n<p>Pour les associations\/soci\u00e9t\u00e9s de chasse ne disposant pas de N\u00b0 de SIRET, la d\u00e9claration peut se faire en adressant <strong><u>le <\/u><u><span style=\"color: #2f5496\"><a style=\"color: #2f5496\" href=\"https:\/\/www.chasseurducentrevaldeloire.fr\/fdc41\/wp-content\/uploads\/sites\/8\/2021\/06\/cerfa_13984-06.pdf\" target=\"_blank\" rel=\"noopener\">Cerfa<\/a><\/span><\/u> <\/strong>13984 directement \u00e0 la DD(ec)PP du d\u00e9partement.<\/p>\n<p>&nbsp;<\/p>\n<ul>\n<li><strong>Avec num\u00e9ro de SIRET <\/strong><\/li>\n<\/ul>\n<p>Pour les associations\/soci\u00e9t\u00e9s de chasse disposant d\u2019un N\u00b0 de SIRET, la d\u00e9claration d&rsquo;activit\u00e9 peut se faire en compl\u00e9tant le formulaire accessible <em>via <\/em>le site \u00ab Mes d\u00e9marches \u00bb du minist\u00e8re de l&rsquo;agriculture :<\/p>\n<p><a href=\"http:\/\/mesdemarches.agriculture.gouv.fr\/demarches\/association-ou-organisation-de\/assurer-une-activite-de-76\/article\/preparer-ou-vendre-de-denrees-276\" target=\"_blank\" rel=\"noopener\"><span style=\"color: #2f5496\"><strong>http:\/\/mesdemarches.agriculture.gouv.fr\/demarches\/association-ou-organisation-de\/assurer-une-activite-de-76\/article\/preparer-ou-vendre-de-denrees-276<\/strong><\/span><\/a><\/p>\n<p>&nbsp;<\/p>\n<p>Les rubriques \u00e0 compl\u00e9ter sont les suivantes :<\/p>\n<p>&nbsp;<\/p>\n<p><strong>Identification de l\u2019\u00e9tablissement <\/strong>[\/vc_column_text][vc_empty_space][vc_single_image image=\u00a0\u00bb4983&Prime; img_size=\u00a0\u00bbfull\u00a0\u00bb alignment=\u00a0\u00bbcenter\u00a0\u00bb][vc_empty_space][vc_column_text]Compl\u00e9ter l\u2019adresse du centre de collecte et son responsable juridique (par exemple le Pr\u00e9sident de l\u2019association de chasse\u2026)<\/p>\n<p>&nbsp;<\/p>\n<p>&nbsp;<\/p>\n<p><strong>La personne \u00e0 contacter <\/strong><\/p>\n<p><strong>\u00a0<\/strong><\/p>\n<p>Il s\u2019agit de la personne <u>responsable du centre de collect<\/u>e, qui s\u2019assure du respect des conditions d\u2019hygi\u00e8ne de celui-ci.[\/vc_column_text][vc_empty_space][vc_single_image image=\u00a0\u00bb4982&Prime; img_size=\u00a0\u00bbfull\u00a0\u00bb alignment=\u00a0\u00bbcenter\u00a0\u00bb][vc_empty_space][vc_column_text]Compl\u00e9ter l\u2019adresse du centre de collecte et son responsable juridique (par exemple le Pr\u00e9sident de l\u2019association de chasse\u2026)<\/p>\n<p>&nbsp;<\/p>\n<p><strong>Les locaux<\/strong><\/p>\n<p>&nbsp;<\/p>\n<p>Si ceux-ci sont destin\u00e9s \u00e0 recevoir en plus des carcasses destin\u00e9es au partage entre chasseurs pour l\u2019usage domestique priv\u00e9, des carcasses destin\u00e9es \u00e0 la mise sur le march\u00e9 (que ce soit une remise directe au consommateur final, \u00e0 un repas de chasse, \u00e0 un commerce de d\u00e9tail ou \u00e0 un atelier de traitement), <u>l\u2019usage est mixte<\/u>.<\/p>\n<p><u>entre de collect<\/u>e, qui s\u2019assure du respect des conditions d\u2019hygi\u00e8ne de celui-ci.[\/vc_column_text][vc_empty_space][vc_single_image image=\u00a0\u00bb4981&Prime; img_size=\u00a0\u00bbfull\u00a0\u00bb alignment=\u00a0\u00bbcenter\u00a0\u00bb][vc_empty_space][vc_column_text]<\/p>\n<p class=\"Default\" style=\"text-align: justify\"><span style=\"font-size: 11.0pt\">\u00a0<\/span><\/p>\n<p><strong>La section 7 relative \u00e0 l\u2019activit\u00e9 de collecte<\/strong>[\/vc_column_text][vc_empty_space][vc_single_image image=\u00a0\u00bb4980&Prime; img_size=\u00a0\u00bbfull\u00a0\u00bb alignment=\u00a0\u00bbcenter\u00a0\u00bb][vc_empty_space][vc_column_text]<\/p>\n<p class=\"Default\" style=\"text-align: justify\"><span style=\"font-size: 11.0pt\">\u00a0<\/span><\/p>\n<p><strong>Les engagements et signature <\/strong><\/p>\n<p><strong>\u00a0<\/strong>[\/vc_column_text][vc_empty_space][vc_single_image image=\u00a0\u00bb4979&Prime; img_size=\u00a0\u00bbfull\u00a0\u00bb alignment=\u00a0\u00bbcenter\u00a0\u00bb][vc_empty_space][vc_column_text]<\/p>\n<p>&nbsp;<\/p>\n<p><a href=\"https:\/\/www.chasseurducentrevaldeloire.fr\/fdc41\/wp-content\/uploads\/sites\/8\/2021\/06\/cerfa_13984-06.pdf\" target=\"_blank\" rel=\"noopener\"><strong>T\u00e9l\u00e9charger le Cerfa 13984-6<\/strong><\/a>[\/vc_column_text]\t<\/div>\n<\/div>\n<h4 class=\"clearfix qodef-title-holder\" >\n\t<span class=\"qodef-accordion-mark qodef-left-mark\">\n\t\t<span class=\"qodef-accordion-mark-icon\">\n\t\t\t<span class=\"icon_plus\"><\/span>\n\t\t\t<span class=\"icon_minus-06\"><\/span>\n\t\t<\/span>\n\t<\/span>\n\t<span class=\"qodef-tab-title\">\n\t\t<span class=\"qodef-tab-title-inner\">\n\t\t\tDes bacs pour g\u00e9rer les d\u00e9chets de venaison\t\t<\/span>\n\t<\/span>\n<\/h4>\n<div class=\"qodef-accordion-content\">\n\t<div class=\"qodef-accordion-content-inner\">\n\t\t[vc_column_text]<img loading=\"lazy\" decoding=\"async\" class=\"size-medium wp-image-5044 aligncenter\" src=\"https:\/\/www.chasseurducentrevaldeloire.fr\/fdc41\/wp-content\/uploads\/sites\/8\/2021\/11\/bAC-300x225.jpg\" alt=\"\" width=\"300\" height=\"225\" srcset=\"https:\/\/www.save.chasseurducentrevaldeloire.fr\/fdc41\/wp-content\/uploads\/sites\/8\/2021\/11\/bAC-300x225.jpg 300w, https:\/\/www.save.chasseurducentrevaldeloire.fr\/fdc41\/wp-content\/uploads\/sites\/8\/2021\/11\/bAC-768x576.jpg 768w, https:\/\/www.save.chasseurducentrevaldeloire.fr\/fdc41\/wp-content\/uploads\/sites\/8\/2021\/11\/bAC-800x600.jpg 800w, https:\/\/www.save.chasseurducentrevaldeloire.fr\/fdc41\/wp-content\/uploads\/sites\/8\/2021\/11\/bAC.jpg 1001w\" sizes=\"auto, (max-width: 300px) 100vw, 300px\" \/><\/p>\n<p>Les bacs sont arriv\u00e9s sur notre site de formation de Montrieux-en-Sologne. N\u2019h\u00e9sitez-plus \u00e0 formuler vos demandes de subvention.<\/p>\n<p>Nous vous rappelons que la F\u00e9d\u00e9ration des Chasseurs de Loir-et-Cher propose aux territoires, qui le souhaitent, <strong>une aide pour l\u2019acquisition d\u2019un bac d\u2019\u00e9quarrissage<\/strong>. Cette subvention est soumise \u00e0 plusieurs conditions\u00a0: un seul bac subventionn\u00e9 par territoire et fourniture du contrat d\u2019enl\u00e8vement avec la soci\u00e9t\u00e9 d\u2019\u00e9quarrissage.<\/p>\n<p><strong>\u00a0<\/strong><\/p>\n<p><strong><u>Renseignements\u00a0: <\/u><\/strong><\/p>\n<p><strong>St\u00e9phane Chantecaille <\/strong><\/p>\n<p><em>06.82.87.94.44<\/em><\/p>\n<p><a href=\"mailto:schantecaille@fdc41.com\"><em>schantecaille@fdc41.com<\/em><\/a>[\/vc_column_text]\t<\/div>\n<\/div>\n<\/div>[\/vc_column][\/vc_row][vc_row][vc_column][\/vc_column][\/vc_row]<\/p>\n","protected":false},"excerpt":{"rendered":"<p>[vc_row][vc_column][\/vc_column][\/vc_row][vc_row][vc_column][\/vc_column][\/vc_row]<\/p>\n","protected":false},"author":6,"featured_media":0,"parent":0,"menu_order":0,"comment_status":"closed","ping_status":"closed","template":"","meta":{"_acf_changed":false,"inline_featured_image":false,"_exactmetrics_skip_tracking":false,"_exactmetrics_sitenote_active":false,"_exactmetrics_sitenote_note":"","_exactmetrics_sitenote_category":0,"footnotes":""},"class_list":["post-4433","page","type-page","status-publish","hentry"],"acf":[],"publishpress_future_action":{"enabled":false,"date":"2026-04-18 12:24:43","action":"change-status","newStatus":"draft","terms":[],"taxonomy":"","extraData":[]},"publishpress_future_workflow_manual_trigger":{"enabledWorkflows":[]},"_links":{"self":[{"href":"https:\/\/www.save.chasseurducentrevaldeloire.fr\/fdc41\/wp-json\/wp\/v2\/pages\/4433","targetHints":{"allow":["GET"]}}],"collection":[{"href":"https:\/\/www.save.chasseurducentrevaldeloire.fr\/fdc41\/wp-json\/wp\/v2\/pages"}],"about":[{"href":"https:\/\/www.save.chasseurducentrevaldeloire.fr\/fdc41\/wp-json\/wp\/v2\/types\/page"}],"author":[{"embeddable":true,"href":"https:\/\/www.save.chasseurducentrevaldeloire.fr\/fdc41\/wp-json\/wp\/v2\/users\/6"}],"replies":[{"embeddable":true,"href":"https:\/\/www.save.chasseurducentrevaldeloire.fr\/fdc41\/wp-json\/wp\/v2\/comments?post=4433"}],"version-history":[{"count":17,"href":"https:\/\/www.save.chasseurducentrevaldeloire.fr\/fdc41\/wp-json\/wp\/v2\/pages\/4433\/revisions"}],"predecessor-version":[{"id":5568,"href":"https:\/\/www.save.chasseurducentrevaldeloire.fr\/fdc41\/wp-json\/wp\/v2\/pages\/4433\/revisions\/5568"}],"wp:attachment":[{"href":"https:\/\/www.save.chasseurducentrevaldeloire.fr\/fdc41\/wp-json\/wp\/v2\/media?parent=4433"}],"curies":[{"name":"wp","href":"https:\/\/api.w.org\/{rel}","templated":true}]}}