{"id":4377,"date":"2020-12-17T18:50:36","date_gmt":"2020-12-17T17:50:36","guid":{"rendered":"https:\/\/www.chasseurducentrevaldeloire.fr\/fdc41\/?page_id=4377"},"modified":"2021-10-07T08:12:26","modified_gmt":"2021-10-07T06:12:26","slug":"petit-gibier","status":"publish","type":"page","link":"https:\/\/www.save.chasseurducentrevaldeloire.fr\/fdc41\/petit-gibier\/","title":{"rendered":"Petit gibier"},"content":{"rendered":"<p>[vc_row][vc_column]<div class=\"qodef-accordion-holder clearfix qodef-toggle qodef-boxed \">\n\t<h4 class=\"clearfix qodef-title-holder\" >\n\t<span class=\"qodef-accordion-mark qodef-left-mark\">\n\t\t<span class=\"qodef-accordion-mark-icon\">\n\t\t\t<span class=\"icon_plus\"><\/span>\n\t\t\t<span class=\"icon_minus-06\"><\/span>\n\t\t<\/span>\n\t<\/span>\n\t<span class=\"qodef-tab-title\">\n\t\t<span class=\"qodef-tab-title-inner\">\n\t\t\tFaisan\t\t<\/span>\n\t<\/span>\n<\/h4>\n<div class=\"qodef-accordion-content\">\n\t<div class=\"qodef-accordion-content-inner\">\n\t\t[vc_column_text]<img loading=\"lazy\" decoding=\"async\" class=\"size-medium wp-image-4378 aligncenter\" src=\"https:\/\/www.chasseurducentrevaldeloire.fr\/fdc41\/wp-content\/uploads\/sites\/8\/2020\/12\/Faisan-270x300.jpg\" alt=\"\" width=\"270\" height=\"300\" srcset=\"https:\/\/www.save.chasseurducentrevaldeloire.fr\/fdc41\/wp-content\/uploads\/sites\/8\/2020\/12\/Faisan-270x300.jpg 270w, https:\/\/www.save.chasseurducentrevaldeloire.fr\/fdc41\/wp-content\/uploads\/sites\/8\/2020\/12\/Faisan.jpg 504w\" sizes=\"auto, (max-width: 270px) 100vw, 270px\" \/><\/p>\n<p>&nbsp;<\/p>\n<p>Le Faisan poursuit sa colonisation avec des populations naturelles en expansion (<strong>16\u00a0000 coqs en 2021<\/strong>) et une reproduction homog\u00e8ne. Lors des \u00e9chantillonnages, ce\u00a0sont <strong>2\u00a0874 jeunes et 566 poules<\/strong> qui ont \u00e9t\u00e9 vues soit un ratio de <strong>5,1 jeunes par poule d\u2019\u00e9t\u00e9<\/strong> (4,6 en 2020).<\/p>\n<p>&nbsp;<\/p>\n<p>En 2020, suite \u00e0 la COVID-19, <strong>les comptages de coqs n\u2019avaient pu \u00eatre r\u00e9alis\u00e9s<\/strong>. En 2021, un nouveau protocole ayant \u00e9t\u00e9 d\u00e9fini, il n\u2019a pas \u00e9t\u00e9 possible de compter selon la m\u00e9thode habituelle (\u00e0 savoir un comptage le soir sur une p\u00e9riode continue). Il en r\u00e9sulte une <strong>possible l\u00e9g\u00e8re surestimation<\/strong> d\u2019environ 15 %.[\/vc_column_text]\t<\/div>\n<\/div>\n<h4 class=\"clearfix qodef-title-holder\" >\n\t<span class=\"qodef-accordion-mark qodef-left-mark\">\n\t\t<span class=\"qodef-accordion-mark-icon\">\n\t\t\t<span class=\"icon_plus\"><\/span>\n\t\t\t<span class=\"icon_minus-06\"><\/span>\n\t\t<\/span>\n\t<\/span>\n\t<span class=\"qodef-tab-title\">\n\t\t<span class=\"qodef-tab-title-inner\">\n\t\t\tPerdrix\t\t<\/span>\n\t<\/span>\n<\/h4>\n<div class=\"qodef-accordion-content\">\n\t<div class=\"qodef-accordion-content-inner\">\n\t\t[vc_column_text]<img loading=\"lazy\" decoding=\"async\" class=\"size-medium wp-image-4379 aligncenter\" src=\"https:\/\/www.chasseurducentrevaldeloire.fr\/fdc41\/wp-content\/uploads\/sites\/8\/2020\/12\/Perdrix-300x200.jpg\" alt=\"\" width=\"300\" height=\"200\" srcset=\"https:\/\/www.save.chasseurducentrevaldeloire.fr\/fdc41\/wp-content\/uploads\/sites\/8\/2020\/12\/Perdrix-300x200.jpg 300w, https:\/\/www.save.chasseurducentrevaldeloire.fr\/fdc41\/wp-content\/uploads\/sites\/8\/2020\/12\/Perdrix.jpg 634w\" sizes=\"auto, (max-width: 300px) 100vw, 300px\" \/><\/p>\n<p>&nbsp;<\/p>\n<ul>\n<li><strong>Perdrix grise<\/strong><\/li>\n<\/ul>\n<p>&nbsp;<\/p>\n<p>Au total, sur les communes \u00e9chantillonn\u00e9es (5\u00a0000 ha), <strong>1 899 perdrix grises<\/strong> ont \u00e9t\u00e9 vues se r\u00e9partissant en <strong>1 096 jeunes, 464 coqs et 339 poules<\/strong>.\u00a0 La reproduction se situe ainsi <strong>\u00e0 3,2 jeunes par poule<\/strong> pr\u00e9sente en \u00e9t\u00e9. Notons cependant des diff\u00e9rences entre les territoires certainement li\u00e9es aux ph\u00e9nom\u00e8nes m\u00e9t\u00e9orologiques.<\/p>\n<p>&nbsp;<\/p>\n<p>Au printemps, les comptages (sur 400\u00a0000 ha) avaient r\u00e9v\u00e9l\u00e9 une <strong>hausse de 0,5 couple<\/strong> en moyenne aux 100 ha (8,7 couples contre 8,2 en 2020 et 7,2 en 2019). Pour m\u00e9moire, le d\u00e9partement \u00e9tait tomb\u00e9 \u00e0 moins de 5 couples en 2017.<\/p>\n<p>&nbsp;<\/p>\n<p>&nbsp;<\/p>\n<ul>\n<li><strong>Perdrix rouge <\/strong><\/li>\n<\/ul>\n<p>&nbsp;<\/p>\n<p>Pour la perdrix rouge, <strong>350<\/strong> ont \u00e9t\u00e9 observ\u00e9es avec <strong>150 adultes et 200 jeunes soit 1,33 jeune par adulte<\/strong> d\u2019\u00e9t\u00e9. Une \u00e9tude g\u00e9n\u00e9tique est toujours en cours sur les communes de Thenay et Sambin en partenariat avec l\u2019Institut M\u00e9diterran\u00e9en du Patrimoine Cyn\u00e9g\u00e9tique et Faunistique (IMPCF). Les 1<sup>ers <\/sup>r\u00e9sultats sont prometteurs. On rappellera que le Loir-et-Cher est l\u2019un des rares d\u00e9partements \u00e0 poss\u00e9der <strong>des souches naturelles<\/strong>.[\/vc_column_text]\t<\/div>\n<\/div>\n<h4 class=\"clearfix qodef-title-holder\" >\n\t<span class=\"qodef-accordion-mark qodef-left-mark\">\n\t\t<span class=\"qodef-accordion-mark-icon\">\n\t\t\t<span class=\"icon_plus\"><\/span>\n\t\t\t<span class=\"icon_minus-06\"><\/span>\n\t\t<\/span>\n\t<\/span>\n\t<span class=\"qodef-tab-title\">\n\t\t<span class=\"qodef-tab-title-inner\">\n\t\t\tLi\u00e8vre\t\t<\/span>\n\t<\/span>\n<\/h4>\n<div class=\"qodef-accordion-content\">\n\t<div class=\"qodef-accordion-content-inner\">\n\t\t[vc_column_text]<img loading=\"lazy\" decoding=\"async\" class=\"size-medium wp-image-4380 aligncenter\" src=\"https:\/\/www.chasseurducentrevaldeloire.fr\/fdc41\/wp-content\/uploads\/sites\/8\/2020\/12\/Lievre-300x210.jpg\" alt=\"\" width=\"300\" height=\"210\" srcset=\"https:\/\/www.save.chasseurducentrevaldeloire.fr\/fdc41\/wp-content\/uploads\/sites\/8\/2020\/12\/Lievre-300x210.jpg 300w, https:\/\/www.save.chasseurducentrevaldeloire.fr\/fdc41\/wp-content\/uploads\/sites\/8\/2020\/12\/Lievre-550x386.jpg 550w, https:\/\/www.save.chasseurducentrevaldeloire.fr\/fdc41\/wp-content\/uploads\/sites\/8\/2020\/12\/Lievre.jpg 552w\" sizes=\"auto, (max-width: 300px) 100vw, 300px\" \/><\/p>\n<p>&nbsp;<\/p>\n<p>&nbsp;<\/p>\n<p>L\u2019esp\u00e8ce est en <strong>l\u00e9g\u00e8re augmentation<\/strong>. Lors des comptages de printemps, on d\u00e9nombrait environ <strong>28 <\/strong>li\u00e8vres aux 100 ha et un IKA s\u2019\u00e9tablissant \u00e0 <strong>8,05<\/strong> (7,5 en 2020).<\/p>\n<p>&nbsp;<\/p>\n<p>Compte tenu de ces \u00e9l\u00e9ments, m\u00eame en cas d\u2019attribution, les chasseurs doivent \u00eatre prudents dans la r\u00e9alisation des plans de chasse. Il convient de pr\u00e9server le stock de reproducteurs pour l\u2019ann\u00e9e prochaine. Appliquons le principe\u00a0de pr\u00e9servation du capital\u00a0en ne pr\u00e9levant que les int\u00e9r\u00eats de celui-ci.[\/vc_column_text]\t<\/div>\n<\/div>\n<\/div>[\/vc_column][\/vc_row]<\/p>\n","protected":false},"excerpt":{"rendered":"<p>[vc_row][vc_column][\/vc_column][\/vc_row]<\/p>\n","protected":false},"author":6,"featured_media":0,"parent":0,"menu_order":0,"comment_status":"closed","ping_status":"closed","template":"","meta":{"_acf_changed":false,"inline_featured_image":false,"_exactmetrics_skip_tracking":false,"_exactmetrics_sitenote_active":false,"_exactmetrics_sitenote_note":"","_exactmetrics_sitenote_category":0,"footnotes":""},"class_list":["post-4377","page","type-page","status-publish","hentry"],"acf":[],"publishpress_future_action":{"enabled":false,"date":"2026-04-18 12:24:37","action":"change-status","newStatus":"draft","terms":[],"taxonomy":"","extraData":[]},"publishpress_future_workflow_manual_trigger":{"enabledWorkflows":[]},"_links":{"self":[{"href":"https:\/\/www.save.chasseurducentrevaldeloire.fr\/fdc41\/wp-json\/wp\/v2\/pages\/4377","targetHints":{"allow":["GET"]}}],"collection":[{"href":"https:\/\/www.save.chasseurducentrevaldeloire.fr\/fdc41\/wp-json\/wp\/v2\/pages"}],"about":[{"href":"https:\/\/www.save.chasseurducentrevaldeloire.fr\/fdc41\/wp-json\/wp\/v2\/types\/page"}],"author":[{"embeddable":true,"href":"https:\/\/www.save.chasseurducentrevaldeloire.fr\/fdc41\/wp-json\/wp\/v2\/users\/6"}],"replies":[{"embeddable":true,"href":"https:\/\/www.save.chasseurducentrevaldeloire.fr\/fdc41\/wp-json\/wp\/v2\/comments?post=4377"}],"version-history":[{"count":4,"href":"https:\/\/www.save.chasseurducentrevaldeloire.fr\/fdc41\/wp-json\/wp\/v2\/pages\/4377\/revisions"}],"predecessor-version":[{"id":4978,"href":"https:\/\/www.save.chasseurducentrevaldeloire.fr\/fdc41\/wp-json\/wp\/v2\/pages\/4377\/revisions\/4978"}],"wp:attachment":[{"href":"https:\/\/www.save.chasseurducentrevaldeloire.fr\/fdc41\/wp-json\/wp\/v2\/media?parent=4377"}],"curies":[{"name":"wp","href":"https:\/\/api.w.org\/{rel}","templated":true}]}}