{"id":4342,"date":"2020-12-08T17:44:32","date_gmt":"2020-12-08T16:44:32","guid":{"rendered":"https:\/\/www.chasseurducentrevaldeloire.fr\/fdc41\/?page_id=4342"},"modified":"2024-10-04T14:52:04","modified_gmt":"2024-10-04T12:52:04","slug":"boutique","status":"publish","type":"page","link":"https:\/\/www.save.chasseurducentrevaldeloire.fr\/fdc41\/boutique\/","title":{"rendered":"Boutique"},"content":{"rendered":"<p style=\"text-align: justify\"><span style=\"font-size: 11.0pt;font-family: 'Century Gothic',sans-serif\">Retrouvez tous les articles vendus \u00e0 la F\u00e9d\u00e9ration D\u00e9partementale des Chasseurs de Loir-et-Cher, <b>directement au si\u00e8ge de la F\u00e9d\u00e9ration<\/b> (36 rue des laudi\u00e8res \u00e0 Vineuil).<\/span><\/p>\n<p style=\"text-align: justify\"><span style=\"font-size: 11.0pt;font-family: 'Century Gothic',sans-serif\">Vous pouvez nous contacter par mail, ou par t\u00e9l\u00e9phone pour plus d\u2019informations.<\/span><\/p>\n<p style=\"text-align: justify\"><span style=\"font-size: 11.0pt;font-family: 'Century Gothic',sans-serif\">Contact\u00a0: 02 54 50 01 60 \u2013 <a href=\"mailto:fdc41@wanadoo.fr\"><span style=\"color: #2f5496\"><strong>fdc41@wanadoo.fr<\/strong><\/span><\/a><\/span><\/p>\n<table width=\"633\">\n<tbody>\n<tr>\n<td style=\"text-align: center\" colspan=\"2\" width=\"633\"><strong>Tarif en vigueur 2024-2025<\/strong><\/td>\n<\/tr>\n<\/tbody>\n<\/table>\n<table width=\"633\">\n<tbody>\n<tr>\n<td width=\"542\">DESIGNATION<\/td>\n<td width=\"91\">PRIX<\/td>\n<\/tr>\n<tr>\n<td>Plaque petit format<\/td>\n<td>1,50<\/td>\n<\/tr>\n<tr>\n<td>Plaque grand format<\/td>\n<td>2,00<\/td>\n<\/tr>\n<tr>\n<td>Plaque \u00ab\u00a0Tir autoris\u00e9\u00a0\u00bb<\/td>\n<td>1,00<\/td>\n<\/tr>\n<tr>\n<td>Pancarte \u00ab\u00a0Aujourd&rsquo;hui nous chassons\u2026\u00a0\u00bb<\/td>\n<td>5,00<\/td>\n<\/tr>\n<tr>\n<td>Pancarte \u00ab\u00a0Chasse en cours\u00a0\u00bb<\/td>\n<td>5,00<\/td>\n<\/tr>\n<tr>\n<td>Registre de battue<\/td>\n<td>5,00<\/td>\n<\/tr>\n<tr>\n<td>Gilet fluo s\u00e9curit\u00e9 XL<\/td>\n<td>6,00<\/td>\n<\/tr>\n<tr>\n<td>Lot de 2 Jalons<\/td>\n<td>2,00<\/td>\n<\/tr>\n<tr>\n<td>Livre permis de chasser<\/td>\n<td>8,00<\/td>\n<\/tr>\n<tr>\n<td>Agrainoir 11 L (Potence+seau+panier+couvercle)<\/td>\n<td>15,00<\/td>\n<\/tr>\n<tr>\n<td>Agrainoir 11 L (Potence+seau+grille+couvercle)<\/td>\n<td>13,00<\/td>\n<\/tr>\n<tr>\n<td width=\"542\">Agrainoir 5 L (Potence+seau+panier+couvercle)<\/td>\n<td>10,00<\/td>\n<\/tr>\n<tr>\n<td width=\"542\">Agrainoir 5 L (Potence+seau+grille+couvercle)<\/td>\n<td>8,00<\/td>\n<\/tr>\n<tr>\n<td>Seau seul 11 L (seau+panier+couvercle)<\/td>\n<td>13,00<\/td>\n<\/tr>\n<tr>\n<td>Seau seul 11 L (seau+grille+couvercle)<\/td>\n<td>11,00<\/td>\n<\/tr>\n<tr>\n<td>Seau seul 5 L (seau+panier+couvercle)<\/td>\n<td>8,00<\/td>\n<\/tr>\n<tr>\n<td>Seau seul 5 L (seau+grille+couvercle)<\/td>\n<td>6,00<\/td>\n<\/tr>\n<tr>\n<td>Couvercle 11 L agrainoir<\/td>\n<td>1,00<\/td>\n<\/tr>\n<tr>\n<td>Couvercle 5 L agrainoir<\/td>\n<td>0,50<\/td>\n<\/tr>\n<tr>\n<td>Grille ou Ressort agrainoir<\/td>\n<td>2,00<\/td>\n<\/tr>\n<tr>\n<td>Panier agrainoir<\/td>\n<td>6,00<\/td>\n<\/tr>\n<tr>\n<td>Pack corvid\u00e9s + 5 formes<\/td>\n<td>50,00<\/td>\n<\/tr>\n<tr>\n<td>Cabat<\/td>\n<td>2,00<\/td>\n<\/tr>\n<tr>\n<td>Lot de 50 sacs GRAND format<\/td>\n<td>20,00<\/td>\n<\/tr>\n<tr>\n<td>Lot de 50 sacs PETIT format<\/td>\n<td>10,00<\/td>\n<\/tr>\n<tr>\n<td>Lot de 20 bagues SANGLIER<\/td>\n<td>10,00<\/td>\n<\/tr>\n<tr>\n<td>Carnet de 10 liasses (grand gibier) VENAISON<\/td>\n<td>3,00<\/td>\n<\/tr>\n<tr>\n<td>Carnet de 25 liasses (grand gibier) VENAISON<\/td>\n<td>5,00<\/td>\n<\/tr>\n<tr>\n<td>Carnet de 25 liasses (petit gibier) VENAISON<\/td>\n<td>5,00<\/td>\n<\/tr>\n<tr>\n<td>Livre \u00ab\u00a0Savoir d\u00e9couper un gibier\u00a0\u00bb<\/td>\n<td>23,00<\/td>\n<\/tr>\n<tr>\n<td>Livre \u00ab\u00a0L&rsquo;anatomie du gibier\u00a0\u00bb Tome 1<\/td>\n<td>39,50<\/td>\n<\/tr>\n<tr>\n<td>Livre \u00ab\u00a0L&rsquo;examen sanitaire initial\u00a0\u00bb Tome 2<\/td>\n<td>23,00<\/td>\n<\/tr>\n<\/tbody>\n<\/table>\n<p>&nbsp;<\/p>\n","protected":false},"excerpt":{"rendered":"<p>Retrouvez tous les articles vendus \u00e0 la F\u00e9d\u00e9ration D\u00e9partementale des Chasseurs de Loir-et-Cher, directement au si\u00e8ge de la F\u00e9d\u00e9ration (36 rue des laudi\u00e8res \u00e0 Vineuil). Vous pouvez nous contacter par mail, ou par t\u00e9l\u00e9phone pour plus d\u2019informations. Contact\u00a0: 02 54 50 01 60 \u2013 fdc41@wanadoo.fr&#8230;<\/p>\n","protected":false},"author":6,"featured_media":0,"parent":0,"menu_order":0,"comment_status":"closed","ping_status":"closed","template":"","meta":{"_acf_changed":false,"inline_featured_image":false,"_exactmetrics_skip_tracking":false,"_exactmetrics_sitenote_active":false,"_exactmetrics_sitenote_note":"","_exactmetrics_sitenote_category":0,"footnotes":""},"class_list":["post-4342","page","type-page","status-publish","hentry"],"acf":[],"publishpress_future_action":{"enabled":false,"date":"2026-04-18 12:24:44","action":"change-status","newStatus":"draft","terms":[],"taxonomy":"","extraData":[]},"publishpress_future_workflow_manual_trigger":{"enabledWorkflows":[]},"_links":{"self":[{"href":"https:\/\/www.save.chasseurducentrevaldeloire.fr\/fdc41\/wp-json\/wp\/v2\/pages\/4342","targetHints":{"allow":["GET"]}}],"collection":[{"href":"https:\/\/www.save.chasseurducentrevaldeloire.fr\/fdc41\/wp-json\/wp\/v2\/pages"}],"about":[{"href":"https:\/\/www.save.chasseurducentrevaldeloire.fr\/fdc41\/wp-json\/wp\/v2\/types\/page"}],"author":[{"embeddable":true,"href":"https:\/\/www.save.chasseurducentrevaldeloire.fr\/fdc41\/wp-json\/wp\/v2\/users\/6"}],"replies":[{"embeddable":true,"href":"https:\/\/www.save.chasseurducentrevaldeloire.fr\/fdc41\/wp-json\/wp\/v2\/comments?post=4342"}],"version-history":[{"count":6,"href":"https:\/\/www.save.chasseurducentrevaldeloire.fr\/fdc41\/wp-json\/wp\/v2\/pages\/4342\/revisions"}],"predecessor-version":[{"id":6280,"href":"https:\/\/www.save.chasseurducentrevaldeloire.fr\/fdc41\/wp-json\/wp\/v2\/pages\/4342\/revisions\/6280"}],"wp:attachment":[{"href":"https:\/\/www.save.chasseurducentrevaldeloire.fr\/fdc41\/wp-json\/wp\/v2\/media?parent=4342"}],"curies":[{"name":"wp","href":"https:\/\/api.w.org\/{rel}","templated":true}]}}