{"id":4338,"date":"2020-12-08T17:36:20","date_gmt":"2020-12-08T16:36:20","guid":{"rendered":"https:\/\/www.chasseurducentrevaldeloire.fr\/fdc41\/?page_id=4338"},"modified":"2022-06-23T15:48:39","modified_gmt":"2022-06-23T13:48:39","slug":"office-francais-de-la-biodiversite-ofb","status":"publish","type":"page","link":"https:\/\/www.save.chasseurducentrevaldeloire.fr\/fdc41\/office-francais-de-la-biodiversite-ofb\/","title":{"rendered":"Office Fran\u00e7ais de la Biodiversit\u00e9 (OFB)"},"content":{"rendered":"<p><img loading=\"lazy\" decoding=\"async\" class=\"size-medium wp-image-4819 alignleft\" src=\"https:\/\/www.chasseurducentrevaldeloire.fr\/fdc41\/wp-content\/uploads\/sites\/8\/2021\/07\/OFB-300x225.jpg\" alt=\"\" width=\"300\" height=\"225\" srcset=\"https:\/\/www.save.chasseurducentrevaldeloire.fr\/fdc41\/wp-content\/uploads\/sites\/8\/2021\/07\/OFB-300x225.jpg 300w, https:\/\/www.save.chasseurducentrevaldeloire.fr\/fdc41\/wp-content\/uploads\/sites\/8\/2021\/07\/OFB.jpg 713w\" sizes=\"auto, (max-width: 300px) 100vw, 300px\" \/>L\u2019Office fran\u00e7ais de la biodiversit\u00e9 (OFB) est un \u00e9tablissement public d\u00e9di\u00e9 \u00e0 la sauvegarde de la biodiversit\u00e9. Une de ses priorit\u00e9s est de r\u00e9pondre de mani\u00e8re urgente aux enjeux de pr\u00e9servation du vivant.<\/p>\n<p>L\u2019OFB regroupe les agents de l\u2019Agence fran\u00e7aise pour la biodiversit\u00e9 (AFB) et de l\u2019Office national de la chasse et de la faune sauvage (ONCFS). Unir ces deux \u00e9tablissements dans la lutte pour la protection de la nature, permet de <strong>rassembler des expertises<\/strong>, sur les milieux aquatiques, terrestres et marins et faire front commun contre les menaces qui p\u00e8sent sur la biodiversit\u00e9 en France.<\/p>\n<p>&nbsp;<\/p>\n<p><img loading=\"lazy\" decoding=\"async\" class=\"alignnone size-medium wp-image-4339 aligncenter\" src=\"https:\/\/www.chasseurducentrevaldeloire.fr\/fdc41\/wp-content\/uploads\/sites\/8\/2020\/12\/ofb-300x199.jpg\" alt=\"\" width=\"300\" height=\"199\" srcset=\"https:\/\/www.save.chasseurducentrevaldeloire.fr\/fdc41\/wp-content\/uploads\/sites\/8\/2020\/12\/ofb-300x199.jpg 300w, https:\/\/www.save.chasseurducentrevaldeloire.fr\/fdc41\/wp-content\/uploads\/sites\/8\/2020\/12\/ofb.jpg 754w\" sizes=\"auto, (max-width: 300px) 100vw, 300px\" \/><\/p>\n<p>&nbsp;<\/p>\n<p><strong>Pour plus d\u2019informations, n\u2019h\u00e9sitez-pas \u00e0 contacter le service d\u00e9partemental de Loir-et-Cher\u00a0: <\/strong><\/p>\n<ul>\n<li>Par courrier\u00a0: 17, quai de l&rsquo;Abb\u00e9 Gr\u00e9goire<br \/>\n41012 Blois Cedex<\/li>\n<li>Par t\u00e9l\u00e9phone\u00a0: 02 54 79 81 79<\/li>\n<li>Par mail\u00a0: <a href=\"mailto:sd41@ofb.gouv.fr\"><span style=\"color: #2f5496\"><strong>sd41@ofb.gouv.fr<\/strong><\/span><\/a><\/li>\n<\/ul>\n","protected":false},"excerpt":{"rendered":"<p>L\u2019Office fran\u00e7ais de la biodiversit\u00e9 (OFB) est un \u00e9tablissement public d\u00e9di\u00e9 \u00e0 la sauvegarde de la biodiversit\u00e9. Une de ses priorit\u00e9s est de r\u00e9pondre de mani\u00e8re urgente aux enjeux de pr\u00e9servation du vivant. L\u2019OFB regroupe les agents de l\u2019Agence fran\u00e7aise pour la biodiversit\u00e9 (AFB) et&#8230;<\/p>\n","protected":false},"author":6,"featured_media":0,"parent":0,"menu_order":0,"comment_status":"closed","ping_status":"closed","template":"","meta":{"_acf_changed":false,"inline_featured_image":false,"_exactmetrics_skip_tracking":false,"_exactmetrics_sitenote_active":false,"_exactmetrics_sitenote_note":"","_exactmetrics_sitenote_category":0,"footnotes":""},"class_list":["post-4338","page","type-page","status-publish","hentry"],"acf":[],"publishpress_future_action":{"enabled":false,"date":"2026-04-15 03:10:03","action":"change-status","newStatus":"draft","terms":[],"taxonomy":"","extraData":[]},"publishpress_future_workflow_manual_trigger":{"enabledWorkflows":[]},"_links":{"self":[{"href":"https:\/\/www.save.chasseurducentrevaldeloire.fr\/fdc41\/wp-json\/wp\/v2\/pages\/4338","targetHints":{"allow":["GET"]}}],"collection":[{"href":"https:\/\/www.save.chasseurducentrevaldeloire.fr\/fdc41\/wp-json\/wp\/v2\/pages"}],"about":[{"href":"https:\/\/www.save.chasseurducentrevaldeloire.fr\/fdc41\/wp-json\/wp\/v2\/types\/page"}],"author":[{"embeddable":true,"href":"https:\/\/www.save.chasseurducentrevaldeloire.fr\/fdc41\/wp-json\/wp\/v2\/users\/6"}],"replies":[{"embeddable":true,"href":"https:\/\/www.save.chasseurducentrevaldeloire.fr\/fdc41\/wp-json\/wp\/v2\/comments?post=4338"}],"version-history":[{"count":4,"href":"https:\/\/www.save.chasseurducentrevaldeloire.fr\/fdc41\/wp-json\/wp\/v2\/pages\/4338\/revisions"}],"predecessor-version":[{"id":5458,"href":"https:\/\/www.save.chasseurducentrevaldeloire.fr\/fdc41\/wp-json\/wp\/v2\/pages\/4338\/revisions\/5458"}],"wp:attachment":[{"href":"https:\/\/www.save.chasseurducentrevaldeloire.fr\/fdc41\/wp-json\/wp\/v2\/media?parent=4338"}],"curies":[{"name":"wp","href":"https:\/\/api.w.org\/{rel}","templated":true}]}}