{"id":3931,"date":"2020-06-04T14:05:09","date_gmt":"2020-06-04T12:05:09","guid":{"rendered":"https:\/\/www.chasseurducentrevaldeloire.fr\/fdc41\/?page_id=3931"},"modified":"2025-09-12T13:47:43","modified_gmt":"2025-09-12T11:47:43","slug":"collecteurs-de-gibier-sur-le-departement-du-loir-et-cher-et-sa-region","status":"publish","type":"page","link":"https:\/\/www.save.chasseurducentrevaldeloire.fr\/fdc41\/collecteurs-de-gibier-sur-le-departement-du-loir-et-cher-et-sa-region\/","title":{"rendered":"Collecteurs de gibier sur le d\u00e9partement du  Loir-et-Cher et sa r\u00e9gion"},"content":{"rendered":"<p style=\"text-align: center\">(Liste non exhaustive)<\/p>\n<p>&nbsp;<\/p>\n<table width=\"1100\">\n<tbody>\n<tr>\n<td width=\"144\"><strong>SOCIETE<\/strong><\/td>\n<td width=\"246\"><strong>CONTACT<\/strong><\/td>\n<td width=\"152\"><strong>T\u00e9l<\/strong><\/td>\n<td width=\"184\"><strong>E-MAIL<\/strong><\/td>\n<td width=\"92\"><strong>Grand et\/ou petit gibier<\/strong><\/td>\n<td width=\"154\"><strong>Zone de collecte<\/strong><\/td>\n<td width=\"128\"><strong>Modalit\u00e9s particuli\u00e8re<\/strong><\/td>\n<\/tr>\n<tr>\n<td width=\"144\">EURL ANDRE Pascal<\/p>\n<p>&nbsp;<\/p>\n<p>10 rue du portail<\/p>\n<p>41300 ORCAY<\/td>\n<td width=\"246\">M. ANDRE<\/td>\n<td width=\"152\">T.02.54.83.32.07<\/p>\n<p>&nbsp;<\/p>\n<p>P. 06.13.58.80.63<\/td>\n<td width=\"184\"><\/td>\n<td width=\"92\">Grand et petit gibiers<\/td>\n<td width=\"154\">D\u00e9partements\u00a0:<\/p>\n<p>&nbsp;<\/p>\n<p>41\/18\/36\/45<\/td>\n<td width=\"128\">Pas de jour fixe (suivant chasse)<\/p>\n<p>&nbsp;<\/p>\n<p>Tous les jours et tir d\u2019\u00e9t\u00e9<\/td>\n<\/tr>\n<tr>\n<td width=\"144\">GUELLIER &amp; FILS<\/p>\n<p>&nbsp;<\/p>\n<p>4 avenue Gustave Eiffel<\/p>\n<p>28630 GELLAINVILLE<\/td>\n<td width=\"246\">M. DELAUNAY Laurent<\/td>\n<td width=\"152\">T. 02.37.34.06.60<\/td>\n<td width=\"184\">contact@laguelier.fr<\/td>\n<td width=\"92\">Grand et petit gibiers<\/td>\n<td width=\"154\">Sologne<\/td>\n<td width=\"128\">*Pendant la saison de chasse<\/p>\n<p>&nbsp;<\/p>\n<p>*Collecte en chambre froide uniquement<\/p>\n<p>* (cahier des charges sur demande)<\/td>\n<\/tr>\n<tr>\n<td width=\"144\">MARY VOLAILLES (SARL)<\/p>\n<p>&nbsp;<\/p>\n<p>17 rue H\u00e9l\u00e8ne Boucher<\/p>\n<p>28630 GELLAINVILLE<\/td>\n<td width=\"246\">M. MARY Emmanuel<\/td>\n<td width=\"152\">T.\u00a002 37 35 65 04<\/td>\n<td width=\"184\"><\/td>\n<td width=\"92\">Grand gibier<\/td>\n<td width=\"154\">D\u00e9partements\u00a0:<\/p>\n<p>&nbsp;<\/p>\n<p>18\/28\/36\/37\/45<\/td>\n<td width=\"128\">Mardi et jeudi<\/td>\n<\/tr>\n<tr>\n<td width=\"144\">L\u2019atelier du loup<\/p>\n<p>&nbsp;<\/p>\n<p>34 avenue de Toulouse \u2013 41300 Salbris<\/td>\n<td width=\"246\"><span style=\"color: #2f5496\"><a style=\"color: #2f5496\" href=\"mailto:contact@atelierduloup.com\"><strong>contact@atelierduloup.com<\/strong><\/a><\/span><\/td>\n<td width=\"152\">T.\u00a002 54 97 81 10<\/td>\n<td width=\"184\"><\/td>\n<td width=\"92\">Petit et grand gibier<\/td>\n<td width=\"154\">Sologne et autre et sur place<\/td>\n<td width=\"128\"><\/td>\n<\/tr>\n<tr>\n<td width=\"144\">NEMROD<\/p>\n<p>&nbsp;<\/p>\n<p>43 All. des \u00c9rables, 45240 La Fert\u00e9-Saint-Aubin<\/td>\n<td width=\"246\"><span style=\"color: #2f5496\"><a style=\"color: #2f5496\" href=\"mailto:service.clients@nemrod.co\"><strong>service.clients@nemrod.co<\/strong><\/a><\/span><\/td>\n<td width=\"152\">T. 02 38 25 00 42<\/td>\n<td width=\"184\"><\/td>\n<td width=\"92\">Grand gibier<\/td>\n<td width=\"154\">Toute la r\u00e9gion centre et ses d\u00e9partements limitrophes<\/td>\n<td width=\"128\"><\/td>\n<\/tr>\n<\/tbody>\n<\/table>\n<p>&nbsp;<\/p>\n<p>Il est important de prendre contact d\u00e8s le d\u00e9but de la saison de chasse avec le collecteur de votre choix pour envisager un \u00e9ventuel ramassage de votre venaison.<\/p>\n<p>Pour faciliter l\u2019enl\u00e8vement de la venaison, nous vous conseillons de vous regrouper.<\/p>\n<p>&nbsp;<\/p>\n","protected":false},"excerpt":{"rendered":"<p>(Liste non exhaustive) &nbsp; SOCIETE CONTACT T\u00e9l E-MAIL Grand et\/ou petit gibier Zone de collecte Modalit\u00e9s particuli\u00e8re EURL ANDRE Pascal &nbsp; 10 rue du portail 41300 ORCAY M. ANDRE T.02.54.83.32.07 &nbsp; P. 06.13.58.80.63 Grand et petit gibiers D\u00e9partements\u00a0: &nbsp; 41\/18\/36\/45 Pas de jour fixe (suivant&#8230;<\/p>\n","protected":false},"author":6,"featured_media":0,"parent":0,"menu_order":0,"comment_status":"closed","ping_status":"closed","template":"","meta":{"_acf_changed":false,"inline_featured_image":false,"_exactmetrics_skip_tracking":false,"_exactmetrics_sitenote_active":false,"_exactmetrics_sitenote_note":"","_exactmetrics_sitenote_category":0,"footnotes":""},"class_list":["post-3931","page","type-page","status-publish","hentry"],"acf":[],"publishpress_future_action":{"enabled":false,"date":"2026-04-18 13:58:36","action":"change-status","newStatus":"draft","terms":[],"taxonomy":"","extraData":[]},"publishpress_future_workflow_manual_trigger":{"enabledWorkflows":[]},"_links":{"self":[{"href":"https:\/\/www.save.chasseurducentrevaldeloire.fr\/fdc41\/wp-json\/wp\/v2\/pages\/3931","targetHints":{"allow":["GET"]}}],"collection":[{"href":"https:\/\/www.save.chasseurducentrevaldeloire.fr\/fdc41\/wp-json\/wp\/v2\/pages"}],"about":[{"href":"https:\/\/www.save.chasseurducentrevaldeloire.fr\/fdc41\/wp-json\/wp\/v2\/types\/page"}],"author":[{"embeddable":true,"href":"https:\/\/www.save.chasseurducentrevaldeloire.fr\/fdc41\/wp-json\/wp\/v2\/users\/6"}],"replies":[{"embeddable":true,"href":"https:\/\/www.save.chasseurducentrevaldeloire.fr\/fdc41\/wp-json\/wp\/v2\/comments?post=3931"}],"version-history":[{"count":15,"href":"https:\/\/www.save.chasseurducentrevaldeloire.fr\/fdc41\/wp-json\/wp\/v2\/pages\/3931\/revisions"}],"predecessor-version":[{"id":6623,"href":"https:\/\/www.save.chasseurducentrevaldeloire.fr\/fdc41\/wp-json\/wp\/v2\/pages\/3931\/revisions\/6623"}],"wp:attachment":[{"href":"https:\/\/www.save.chasseurducentrevaldeloire.fr\/fdc41\/wp-json\/wp\/v2\/media?parent=3931"}],"curies":[{"name":"wp","href":"https:\/\/api.w.org\/{rel}","templated":true}]}}