{"id":3385,"date":"2019-02-20T08:21:10","date_gmt":"2019-02-20T07:21:10","guid":{"rendered":"https:\/\/www.chasseurducentrevaldeloire.fr\/fdc41\/?page_id=3385"},"modified":"2024-09-03T16:40:16","modified_gmt":"2024-09-03T14:40:16","slug":"federation-francaise-de-randonnee-pedestre-du-loir-et-cher","status":"publish","type":"page","link":"https:\/\/www.save.chasseurducentrevaldeloire.fr\/fdc41\/federation-francaise-de-randonnee-pedestre-du-loir-et-cher\/","title":{"rendered":"F\u00e9d\u00e9ration Fran\u00e7aise de Randonn\u00e9e P\u00e9destre du Loir-et-Cher"},"content":{"rendered":"<p>[vc_row][vc_column][vc_column_text]<img loading=\"lazy\" decoding=\"async\" class=\"size-medium wp-image-3386 aligncenter\" src=\"https:\/\/www.chasseurducentrevaldeloire.fr\/fdc41\/wp-content\/uploads\/sites\/8\/2019\/02\/logoffrpmodifie-baseline-vectorise-loir-et-cher-2013-rge-300x109.png\" alt=\"\" width=\"300\" height=\"109\" srcset=\"https:\/\/www.save.chasseurducentrevaldeloire.fr\/fdc41\/wp-content\/uploads\/sites\/8\/2019\/02\/logoffrpmodifie-baseline-vectorise-loir-et-cher-2013-rge-300x109.png 300w, https:\/\/www.save.chasseurducentrevaldeloire.fr\/fdc41\/wp-content\/uploads\/sites\/8\/2019\/02\/logoffrpmodifie-baseline-vectorise-loir-et-cher-2013-rge-768x279.png 768w, https:\/\/www.save.chasseurducentrevaldeloire.fr\/fdc41\/wp-content\/uploads\/sites\/8\/2019\/02\/logoffrpmodifie-baseline-vectorise-loir-et-cher-2013-rge-1024x372.png 1024w, https:\/\/www.save.chasseurducentrevaldeloire.fr\/fdc41\/wp-content\/uploads\/sites\/8\/2019\/02\/logoffrpmodifie-baseline-vectorise-loir-et-cher-2013-rge.png 1422w\" sizes=\"auto, (max-width: 300px) 100vw, 300px\" \/><\/p>\n<p>[\/vc_column_text][vc_empty_space][vc_column_text]<em>Depuis 2012, la F\u00e9d\u00e9ration des chasseurs de Loir-et-Cher s\u2019attache \u00e0 tisser un partenariat actif avec les randonneurs.<\/em><\/p>\n<p><em>A ce titre, elle a notamment mis en place une <strong>information\u00a0\u00e0 destination des territoires de chasse<\/strong> : \u00a0les organisateurs informent la F\u00e9d\u00e9ration de leurs randonn\u00e9es (modalit\u00e9s + parcours). En retour, la F\u00e9d\u00e9ration pr\u00e9vient par courriel les responsables de territoires de chasse des randonn\u00e9es organis\u00e9es sur leur secteur.<\/em><\/p>\n<p><em>Ce partenariat cimente les bonnes relations entre amoureux de la nature et offre des occasions d\u2019\u00e9change entre chasseurs et randonneurs.<\/em><\/p>\n<p>T\u00e9l\u00e9charger le <a href=\"https:\/\/www.calameo.com\/read\/007378592eeee0893870d\" target=\"_blank\" rel=\"noopener\"><strong><u><span style=\"color: #2f5496\">calendrier annuel de la FF rando 41<\/span><\/u><\/strong><\/a><\/p>\n<p>&nbsp;<\/p>\n<p><img loading=\"lazy\" decoding=\"async\" class=\"size-medium wp-image-4861 aligncenter\" src=\"https:\/\/www.chasseurducentrevaldeloire.fr\/fdc41\/wp-content\/uploads\/sites\/8\/2021\/08\/FFRANDO-300x233.png\" alt=\"\" width=\"300\" height=\"233\" srcset=\"https:\/\/www.save.chasseurducentrevaldeloire.fr\/fdc41\/wp-content\/uploads\/sites\/8\/2021\/08\/FFRANDO-300x233.png 300w, https:\/\/www.save.chasseurducentrevaldeloire.fr\/fdc41\/wp-content\/uploads\/sites\/8\/2021\/08\/FFRANDO-1024x797.png 1024w, https:\/\/www.save.chasseurducentrevaldeloire.fr\/fdc41\/wp-content\/uploads\/sites\/8\/2021\/08\/FFRANDO-768x598.png 768w, https:\/\/www.save.chasseurducentrevaldeloire.fr\/fdc41\/wp-content\/uploads\/sites\/8\/2021\/08\/FFRANDO.png 1096w\" sizes=\"auto, (max-width: 300px) 100vw, 300px\" \/><\/p>\n<p>2, rue du Limousin \u2013 41000 BLOIS<\/p>\n<p>02 54 56 19 59\u00a0\/ 06 85 20 49 41 &#8211; <span style=\"color: #2f5496\"><strong><a style=\"color: #2f5496\" href=\"mailto:loir-et-cher@ffrandonnee.fr\">loir-et-cher@ffrandonnee.fr<\/a><\/strong><\/span><\/p>\n<p>Du lundi au vendredi 9h00-13h00 \/ 14h00-17h00 (sur<em> rendez-vous du mardi au vendredi)<\/em>[\/vc_column_text][\/vc_column][\/vc_row]<\/p>\n","protected":false},"excerpt":{"rendered":"<p>[vc_row][vc_column][vc_column_text] [\/vc_column_text][vc_empty_space][vc_column_text]Depuis 2012, la F\u00e9d\u00e9ration des chasseurs de Loir-et-Cher s\u2019attache \u00e0 tisser un partenariat actif avec les randonneurs. A ce titre, elle a notamment mis en place une information\u00a0\u00e0 destination des territoires de chasse : \u00a0les organisateurs informent la F\u00e9d\u00e9ration de leurs randonn\u00e9es (modalit\u00e9s +&#8230;<\/p>\n","protected":false},"author":6,"featured_media":0,"parent":0,"menu_order":0,"comment_status":"closed","ping_status":"closed","template":"","meta":{"_acf_changed":false,"inline_featured_image":false,"_exactmetrics_skip_tracking":false,"_exactmetrics_sitenote_active":false,"_exactmetrics_sitenote_note":"","_exactmetrics_sitenote_category":0,"footnotes":""},"class_list":["post-3385","page","type-page","status-publish","hentry"],"acf":[],"publishpress_future_action":{"enabled":false,"date":"2026-04-18 12:24:43","action":"change-status","newStatus":"draft","terms":[],"taxonomy":"","extraData":[]},"publishpress_future_workflow_manual_trigger":{"enabledWorkflows":[]},"_links":{"self":[{"href":"https:\/\/www.save.chasseurducentrevaldeloire.fr\/fdc41\/wp-json\/wp\/v2\/pages\/3385","targetHints":{"allow":["GET"]}}],"collection":[{"href":"https:\/\/www.save.chasseurducentrevaldeloire.fr\/fdc41\/wp-json\/wp\/v2\/pages"}],"about":[{"href":"https:\/\/www.save.chasseurducentrevaldeloire.fr\/fdc41\/wp-json\/wp\/v2\/types\/page"}],"author":[{"embeddable":true,"href":"https:\/\/www.save.chasseurducentrevaldeloire.fr\/fdc41\/wp-json\/wp\/v2\/users\/6"}],"replies":[{"embeddable":true,"href":"https:\/\/www.save.chasseurducentrevaldeloire.fr\/fdc41\/wp-json\/wp\/v2\/comments?post=3385"}],"version-history":[{"count":10,"href":"https:\/\/www.save.chasseurducentrevaldeloire.fr\/fdc41\/wp-json\/wp\/v2\/pages\/3385\/revisions"}],"predecessor-version":[{"id":6259,"href":"https:\/\/www.save.chasseurducentrevaldeloire.fr\/fdc41\/wp-json\/wp\/v2\/pages\/3385\/revisions\/6259"}],"wp:attachment":[{"href":"https:\/\/www.save.chasseurducentrevaldeloire.fr\/fdc41\/wp-json\/wp\/v2\/media?parent=3385"}],"curies":[{"name":"wp","href":"https:\/\/api.w.org\/{rel}","templated":true}]}}