{"id":3351,"date":"2019-02-01T14:16:38","date_gmt":"2019-02-01T13:16:38","guid":{"rendered":"https:\/\/www.chasseurducentrevaldeloire.fr\/fdc41\/?page_id=3351"},"modified":"2022-06-23T15:48:03","modified_gmt":"2022-06-23T13:48:03","slug":"monceau-assurances","status":"publish","type":"page","link":"https:\/\/www.save.chasseurducentrevaldeloire.fr\/fdc41\/monceau-assurances\/","title":{"rendered":"Monceau Assurances"},"content":{"rendered":"<div class=\"qodef-container\">\n<div class=\"qodef-container-inner clearfix\">\n<div class=\"vc_row wpb_row vc_row-fluid qodef-section qodef-content-aligment-left\">\n<div class=\"clearfix qodef-full-section-inner\">\n<div class=\"wpb_column vc_column_container vc_col-sm-12\">\n<div class=\"vc_column-inner \">\n<div class=\"wpb_wrapper\">\n<div class=\"wpb_text_column wpb_content_element \">\n<div class=\"wpb_wrapper\">\n<p><img loading=\"lazy\" decoding=\"async\" class=\"size-full wp-image-3517 aligncenter\" src=\"https:\/\/www.chasseurducentrevaldeloire.fr\/fdc37\/wp-content\/uploads\/sites\/7\/2019\/01\/LogoMonceau.gif\" alt=\"\" width=\"174\" height=\"139\" \/><\/p>\n<p>&nbsp;<\/p>\n<p>&nbsp;<\/p>\n<p><strong><em>Chasseurs, avez-vous pens\u00e9 \u00e0 votre assurance ?<\/em><\/strong><\/p>\n<p>Depuis longtemps Monceau G\u00e9n\u00e9rale Assurances assure les chasseurs. De son implantation originelle (le Loir-et-Cher et la Sologne), elle a tir\u00e9 une riche exp\u00e9rience qu\u2019elle met au service de l\u2019assurance des chasseurs.<\/p>\n<p>Leur contrat chasse assure :<\/p>\n<ul>\n<li>votre responsabilit\u00e9 civile<\/li>\n<li>votre arme de chasse<\/li>\n<li>votre chien de chasse<\/li>\n<li>protection juridique en cas d\u2019accident.<\/li>\n<\/ul>\n<p>D\u2019autres options sont propos\u00e9es, alors n\u2019h\u00e9sitez pas \u00e0 consulter votre agent g\u00e9n\u00e9ral, il saura vous apporter la meilleure solution.<\/p>\n<p>Pour toute information concernant les contrats \u00ab Chasse \u00bb vous pouvez :<\/p>\n<ul>\n<li><span style=\"color: #2f5496\"><strong><a style=\"color: #2f5496\" href=\"https:\/\/www.monceauassurances.com\/assurance-de-biens-pour-les-particuliers\" target=\"_blank\" rel=\"noopener noreferrer\">consulter<\/a><\/strong><\/span> directement l\u2019Agent G\u00e9n\u00e9ral proche de chez vous<\/li>\n<li><a href=\"https:\/\/www.monceauassurances.com\/formulaire-de-contact\" target=\"_blank\" rel=\"noopener noreferrer\"><strong><span style=\"color: #2f5496\">remplir<\/span><\/strong><\/a> en ligne le formulaire de demande d\u2019information<\/li>\n<\/ul>\n<p><a href=\"https:\/\/www.monceauassurances.com\/\" target=\"_blank\" rel=\"noopener noreferrer\"><strong><span style=\"color: #2f5496\">https:\/\/www.monceauassurances.com\/<\/span><\/strong><\/a><\/p>\n<p><strong>\u00a0<\/strong><\/p>\n<p><strong>T\u00e9l\u00e9charger les <\/strong><a href=\"https:\/\/www.chasseurducentrevaldeloire.fr\/fdc41\/wp-content\/uploads\/sites\/8\/2018\/05\/AssuranceChasseCondition.compressed.pdf\" target=\"_blank\" rel=\"noopener noreferrer\"><strong><span style=\"color: #2f5496\">Conditions g\u00e9n\u00e9rales<\/span> <\/strong><\/a><\/p>\n<p>&nbsp;<\/p>\n<p>&nbsp;<\/p>\n<\/div>\n<\/div>\n<\/div>\n<\/div>\n<\/div>\n<\/div>\n<\/div>\n<\/div>\n<\/div>\n","protected":false},"excerpt":{"rendered":"<p>&nbsp; &nbsp; Chasseurs, avez-vous pens\u00e9 \u00e0 votre assurance ? Depuis longtemps Monceau G\u00e9n\u00e9rale Assurances assure les chasseurs. De son implantation originelle (le Loir-et-Cher et la Sologne), elle a tir\u00e9 une riche exp\u00e9rience qu\u2019elle met au service de l\u2019assurance des chasseurs. Leur contrat chasse assure :&#8230;<\/p>\n","protected":false},"author":6,"featured_media":0,"parent":0,"menu_order":0,"comment_status":"closed","ping_status":"closed","template":"","meta":{"_acf_changed":false,"inline_featured_image":false,"_exactmetrics_skip_tracking":false,"_exactmetrics_sitenote_active":false,"_exactmetrics_sitenote_note":"","_exactmetrics_sitenote_category":0,"footnotes":""},"class_list":["post-3351","page","type-page","status-publish","hentry"],"acf":[],"publishpress_future_action":{"enabled":false,"date":"2026-04-18 12:24:33","action":"change-status","newStatus":"draft","terms":[],"taxonomy":"","extraData":[]},"publishpress_future_workflow_manual_trigger":{"enabledWorkflows":[]},"_links":{"self":[{"href":"https:\/\/www.save.chasseurducentrevaldeloire.fr\/fdc41\/wp-json\/wp\/v2\/pages\/3351","targetHints":{"allow":["GET"]}}],"collection":[{"href":"https:\/\/www.save.chasseurducentrevaldeloire.fr\/fdc41\/wp-json\/wp\/v2\/pages"}],"about":[{"href":"https:\/\/www.save.chasseurducentrevaldeloire.fr\/fdc41\/wp-json\/wp\/v2\/types\/page"}],"author":[{"embeddable":true,"href":"https:\/\/www.save.chasseurducentrevaldeloire.fr\/fdc41\/wp-json\/wp\/v2\/users\/6"}],"replies":[{"embeddable":true,"href":"https:\/\/www.save.chasseurducentrevaldeloire.fr\/fdc41\/wp-json\/wp\/v2\/comments?post=3351"}],"version-history":[{"count":5,"href":"https:\/\/www.save.chasseurducentrevaldeloire.fr\/fdc41\/wp-json\/wp\/v2\/pages\/3351\/revisions"}],"predecessor-version":[{"id":5457,"href":"https:\/\/www.save.chasseurducentrevaldeloire.fr\/fdc41\/wp-json\/wp\/v2\/pages\/3351\/revisions\/5457"}],"wp:attachment":[{"href":"https:\/\/www.save.chasseurducentrevaldeloire.fr\/fdc41\/wp-json\/wp\/v2\/media?parent=3351"}],"curies":[{"name":"wp","href":"https:\/\/api.w.org\/{rel}","templated":true}]}}