{"id":3326,"date":"2019-01-23T10:02:39","date_gmt":"2019-01-23T09:02:39","guid":{"rendered":"https:\/\/www.chasseurducentrevaldeloire.fr\/fdc41\/?page_id=3326"},"modified":"2025-01-10T14:40:46","modified_gmt":"2025-01-10T13:40:46","slug":"gestion-du-grand-gibier","status":"publish","type":"page","link":"https:\/\/www.save.chasseurducentrevaldeloire.fr\/fdc41\/gestion-du-grand-gibier\/","title":{"rendered":"Grand gibier"},"content":{"rendered":"<p>[vc_row][vc_column]<div class=\"qodef-accordion-holder clearfix qodef-toggle qodef-boxed \">\n\t<h4 class=\"clearfix qodef-title-holder\" >\n\t<span class=\"qodef-accordion-mark qodef-left-mark\">\n\t\t<span class=\"qodef-accordion-mark-icon\">\n\t\t\t<span class=\"icon_plus\"><\/span>\n\t\t\t<span class=\"icon_minus-06\"><\/span>\n\t\t<\/span>\n\t<\/span>\n\t<span class=\"qodef-tab-title\">\n\t\t<span class=\"qodef-tab-title-inner\">\n\t\t\tPlan de chasse\t\t<\/span>\n\t<\/span>\n<\/h4>\n<div class=\"qodef-accordion-content\">\n\t<div class=\"qodef-accordion-content-inner\">\n\t\t[vc_column_text]<strong>PLAN DE CHASSE \u00ab\u00a0GRAND GIBIER\u00a0\u00bb EN LOIR-ET-CHER\u00a0<\/strong><\/p>\n<p><strong>\u00c9VOLUTION &amp; TENDANCE <\/strong><\/p>\n<p>&nbsp;<\/p>\n<p><img loading=\"lazy\" decoding=\"async\" class=\"size-medium wp-image-4251 aligncenter\" src=\"https:\/\/www.chasseurducentrevaldeloire.fr\/fdc41\/wp-content\/uploads\/sites\/8\/2020\/11\/PdeC-300x201.jpg\" alt=\"\" width=\"300\" height=\"201\" srcset=\"https:\/\/www.save.chasseurducentrevaldeloire.fr\/fdc41\/wp-content\/uploads\/sites\/8\/2020\/11\/PdeC-300x201.jpg 300w, https:\/\/www.save.chasseurducentrevaldeloire.fr\/fdc41\/wp-content\/uploads\/sites\/8\/2020\/11\/PdeC.jpg 732w\" sizes=\"auto, (max-width: 300px) 100vw, 300px\" \/>[\/vc_column_text][vc_empty_space][vc_column_text]Le plan de chasse concernant le grand gibier \u00e9volue annuellement selon les tendances que souhaitent donner tous les acteurs participant \u00e0 sa construction lors des r\u00e9unions de GIC\/GIASC et des comit\u00e9s de gestion.[\/vc_column_text][vc_empty_space][vc_column_text]<\/p>\n<ul>\n<li><strong>Chevreuil, baisse du taux de r\u00e9alisation <\/strong><\/li>\n<\/ul>\n<p>&nbsp;<\/p>\n<p>Concernant le Chevreuil, la tendance d\u00e9partementale est \u00e0 la hausse, m\u00eame si localement il y a un maintien des bases d\u2019attribution. Nous observons un tassement du taux de r\u00e9alisation en 2020\/21 \u00e0 hauteur de 79 %.[\/vc_column_text][vc_empty_space][vc_single_image image=\u00a0\u00bb4973&Prime; img_size=\u00a0\u00bbfull\u00a0\u00bb alignment=\u00a0\u00bbcenter\u00a0\u00bb][vc_empty_space][vc_column_text]<\/p>\n<ul>\n<li><strong>Cerf, maintien des attributions<\/strong><\/li>\n<\/ul>\n<p>&nbsp;<\/p>\n<p>Concernant le Cerf \u00e9laphe, les comit\u00e9s de gestion et les GIC de Grande Sologne ont opt\u00e9 pour un maintien des bases d\u2019attribution mais le plus souvent pour une baisse de ces derni\u00e8res pour augmenter l\u00e9g\u00e8rement dans quelques massifs les volumes d\u2019attribution.[\/vc_column_text][vc_empty_space][vc_single_image image=\u00a0\u00bb4974&Prime; img_size=\u00a0\u00bbfull\u00a0\u00bb alignment=\u00a0\u00bbcenter\u00a0\u00bb][vc_empty_space][vc_column_text]<\/p>\n<ul>\n<li><strong>Sanglier, niveau de pr\u00e9l\u00e8vement \u00e9lev\u00e9 <\/strong><\/li>\n<\/ul>\n<p>&nbsp;<\/p>\n<p>Le Sanglier, malgr\u00e9 les restrictions li\u00e9es \u00e0 la Covid-19 avec un couvre-feu \u00e0 18h00, connait un tableau de chasse honorable cette saison avec 26\u00a0300 pr\u00e9l\u00e8vements. Les donn\u00e9es pr\u00e9sent\u00e9es sont hors parcs et enclos. Compte tenu des d\u00e9g\u00e2ts, la pression de chasse doit \u00eatre maintenue.[\/vc_column_text][vc_empty_space][vc_single_image image=\u00a0\u00bb4975&Prime; img_size=\u00a0\u00bbfull\u00a0\u00bb alignment=\u00a0\u00bbcenter\u00a0\u00bb][vc_empty_space]\t<\/div>\n<\/div>\n<h4 class=\"clearfix qodef-title-holder\" >\n\t<span class=\"qodef-accordion-mark qodef-left-mark\">\n\t\t<span class=\"qodef-accordion-mark-icon\">\n\t\t\t<span class=\"icon_plus\"><\/span>\n\t\t\t<span class=\"icon_minus-06\"><\/span>\n\t\t<\/span>\n\t<\/span>\n\t<span class=\"qodef-tab-title\">\n\t\t<span class=\"qodef-tab-title-inner\">\n\t\t\tDocuments utiles\t\t<\/span>\n\t<\/span>\n<\/h4>\n<div class=\"qodef-accordion-content\">\n\t<div class=\"qodef-accordion-content-inner\">\n\t\t[vc_column_text]T\u00e9l\u00e9charger le <span style=\"color: #2f5496\"><strong><a style=\"color: #2f5496\" href=\"https:\/\/www.chasseurducentrevaldeloire.fr\/fdc41\/wp-content\/uploads\/sites\/8\/2019\/01\/FicheTirGG.pdf\" target=\"_blank\" rel=\"noopener noreferrer\">fiche de tir<\/a><\/strong><\/span> grand gibier<\/p>\n<p>T\u00e9l\u00e9charger la <a href=\"https:\/\/www.chasseurducentrevaldeloire.fr\/fdc41\/wp-content\/uploads\/sites\/8\/2025\/01\/1-ereDem-PGsai41-2025-2026.pdf\" target=\"_blank\" rel=\"noopener\"><strong><span style=\"color: #2f5496\">Premi\u00e8re demande de plan de gestion Sanglier 2025-2026<\/span><\/strong><\/a><\/p>\n<p>T\u00e9l\u00e9charger le <a href=\"https:\/\/www.chasseurducentrevaldeloire.fr\/fdc41\/wp-content\/uploads\/sites\/8\/2025\/01\/1ereDem_PG20225Dem-bilan41.pdf\" target=\"_blank\" rel=\"noopener\"><strong><span style=\"color: #2f5496\">Premi\u00e8re demande de plan de chasse Petit Gibier 2025-2026<\/span><\/strong><\/a><\/p>\n<p>T\u00e9l\u00e9charger le <span style=\"color: #2f5496\"><a style=\"color: #2f5496\" href=\"https:\/\/www.chasseurducentrevaldeloire.fr\/fdc41\/wp-content\/uploads\/sites\/8\/2025\/01\/1ereDem_GG2025-Dem-bilan41.pdf\" target=\"_blank\" rel=\"noopener\"><strong>Premi\u00e8re demande de plan de chasse Grand Gibier 2025-2026<\/strong><\/a><\/span><\/p>\n<p>T\u00e9l\u00e9charger le <a href=\"https:\/\/www.chasseurducentrevaldeloire.fr\/fdc41\/wp-content\/uploads\/sites\/8\/2025\/01\/1ereDem_PGG2025-Dem-bilan41.pdf\" target=\"_blank\" rel=\"noopener\"><span style=\"color: #2f5496\"><strong>Premi\u00e8re demande de plan de chasse Petit et Grand Gibier 2025-2026<\/strong><\/span><\/a><\/p>\n<p>T\u00e9l\u00e9charger la <a href=\"https:\/\/www.chasseurducentrevaldeloire.fr\/fdc41\/wp-content\/uploads\/sites\/8\/2025\/01\/DELEGATION-DES-DROITS-DE-CHASSE-ET-DE-DESTRUCTION-2025-2026.pdf\" target=\"_blank\" rel=\"noopener\"><strong><span style=\"color: #2f5496\">D\u00e9l\u00e9gation des droits de chasse et de destruction 2025-2026<\/span><\/strong><\/a>[\/vc_column_text]\t<\/div>\n<\/div>\n<h4 class=\"clearfix qodef-title-holder\" >\n\t<span class=\"qodef-accordion-mark qodef-left-mark\">\n\t\t<span class=\"qodef-accordion-mark-icon\">\n\t\t\t<span class=\"icon_plus\"><\/span>\n\t\t\t<span class=\"icon_minus-06\"><\/span>\n\t\t<\/span>\n\t<\/span>\n\t<span class=\"qodef-tab-title\">\n\t\t<span class=\"qodef-tab-title-inner\">\n\t\t\tD\u00e9g\u00e2ts de gibier\t\t<\/span>\n\t<\/span>\n<\/h4>\n<div class=\"qodef-accordion-content\">\n\t<div class=\"qodef-accordion-content-inner\">\n\t\t[vc_column_text]<img loading=\"lazy\" decoding=\"async\" class=\"alignnone size-medium wp-image-4411 aligncenter\" src=\"https:\/\/www.chasseurducentrevaldeloire.fr\/fdc41\/wp-content\/uploads\/sites\/8\/2021\/01\/Degats-300x200.jpg\" alt=\"\" width=\"300\" height=\"200\" srcset=\"https:\/\/www.save.chasseurducentrevaldeloire.fr\/fdc41\/wp-content\/uploads\/sites\/8\/2021\/01\/Degats-300x200.jpg 300w, https:\/\/www.save.chasseurducentrevaldeloire.fr\/fdc41\/wp-content\/uploads\/sites\/8\/2021\/01\/Degats-768x512.jpg 768w, https:\/\/www.save.chasseurducentrevaldeloire.fr\/fdc41\/wp-content\/uploads\/sites\/8\/2021\/01\/Degats.jpg 794w\" sizes=\"auto, (max-width: 300px) 100vw, 300px\" \/><\/p>\n<p>&nbsp;<\/p>\n<p>&nbsp;<\/p>\n<p>D\u00e8s qu\u2019un agriculteur constate des d\u00e9g\u00e2ts de sanglier ou de grand gibier sur une parcelle qu\u2019il exploite, il doit contacter la F\u00e9d\u00e9ration D\u00e9partementale des Chasseurs afin d\u2019obtenir un imprim\u00e9 de d\u00e9claration en vue d\u2019une expertise.<\/p>\n<p>Une vigilance particuli\u00e8re est n\u00e9cessaire pour les sangliers afin d\u2019endiguer cet accroissement de d\u00e9g\u00e2ts.<\/p>\n<p>&nbsp;<\/p>\n<p><b>Contact Service D\u00e9g\u00e2t de gibier\u00a0: 02 54 50 01 57 ou <a href=\"mailto:cnaudin@fdc41.com\" target=\"_blank\" rel=\"noopener\"><span style=\"color: #2f5496\"> cnaudin@fdc41.com<\/span><\/a><\/b>[\/vc_column_text][vc_empty_space][vc_single_image image=\u00a0\u00bb5562&Prime; img_size=\u00a0\u00bbfull\u00a0\u00bb alignment=\u00a0\u00bbcenter\u00a0\u00bb][vc_empty_space][vc_single_image image=\u00a0\u00bb5563&Prime; img_size=\u00a0\u00bbfull\u00a0\u00bb alignment=\u00a0\u00bbcenter\u00a0\u00bb][vc_empty_space][vc_column_text]<strong>Retrouver les listes d\u2019indemnisation de d\u00e9g\u00e2ts et les arr\u00eat\u00e9s relatifs dans la rubrique \u00ab\u00a0\u00e0 t\u00e9l\u00e9charger\u00a0\u00bb de notre site internet.<\/strong><\/p>\n<p>[\/vc_column_text]\t<\/div>\n<\/div>\n<\/div>[\/vc_column][\/vc_row]<\/p>\n","protected":false},"excerpt":{"rendered":"<p>[vc_row][vc_column][\/vc_column][\/vc_row]<\/p>\n","protected":false},"author":6,"featured_media":0,"parent":0,"menu_order":0,"comment_status":"closed","ping_status":"closed","template":"","meta":{"_acf_changed":false,"inline_featured_image":false,"_exactmetrics_skip_tracking":false,"_exactmetrics_sitenote_active":false,"_exactmetrics_sitenote_note":"","_exactmetrics_sitenote_category":0,"footnotes":""},"class_list":["post-3326","page","type-page","status-publish","hentry"],"acf":[],"publishpress_future_action":{"enabled":false,"date":"2026-04-18 12:16:42","action":"change-status","newStatus":"draft","terms":[],"taxonomy":"","extraData":[]},"publishpress_future_workflow_manual_trigger":{"enabledWorkflows":[]},"_links":{"self":[{"href":"https:\/\/www.save.chasseurducentrevaldeloire.fr\/fdc41\/wp-json\/wp\/v2\/pages\/3326","targetHints":{"allow":["GET"]}}],"collection":[{"href":"https:\/\/www.save.chasseurducentrevaldeloire.fr\/fdc41\/wp-json\/wp\/v2\/pages"}],"about":[{"href":"https:\/\/www.save.chasseurducentrevaldeloire.fr\/fdc41\/wp-json\/wp\/v2\/types\/page"}],"author":[{"embeddable":true,"href":"https:\/\/www.save.chasseurducentrevaldeloire.fr\/fdc41\/wp-json\/wp\/v2\/users\/6"}],"replies":[{"embeddable":true,"href":"https:\/\/www.save.chasseurducentrevaldeloire.fr\/fdc41\/wp-json\/wp\/v2\/comments?post=3326"}],"version-history":[{"count":21,"href":"https:\/\/www.save.chasseurducentrevaldeloire.fr\/fdc41\/wp-json\/wp\/v2\/pages\/3326\/revisions"}],"predecessor-version":[{"id":6386,"href":"https:\/\/www.save.chasseurducentrevaldeloire.fr\/fdc41\/wp-json\/wp\/v2\/pages\/3326\/revisions\/6386"}],"wp:attachment":[{"href":"https:\/\/www.save.chasseurducentrevaldeloire.fr\/fdc41\/wp-json\/wp\/v2\/media?parent=3326"}],"curies":[{"name":"wp","href":"https:\/\/api.w.org\/{rel}","templated":true}]}}