{"id":3274,"date":"2018-12-14T10:11:59","date_gmt":"2018-12-14T09:11:59","guid":{"rendered":"http:\/\/www.chasseurducentrevaldeloire.fr\/fdc41\/?page_id=3274"},"modified":"2020-11-18T11:42:40","modified_gmt":"2020-11-18T10:42:40","slug":"garde-particulier","status":"publish","type":"page","link":"https:\/\/www.save.chasseurducentrevaldeloire.fr\/fdc41\/garde-particulier\/","title":{"rendered":"Garde Particulier"},"content":{"rendered":"<p>[vc_row][vc_column][vc_column_text]<strong>Objectifs <\/strong>:<\/p>\n<ul>\n<li>Acqu\u00e9rir la formation n\u00e9cessaire pour remplir les conditions d\u2019aptitude technique exig\u00e9es afin d\u2019exercer les fonctions de garde particulier<\/li>\n<\/ul>\n<p>&nbsp;<\/p>\n<p><strong><img loading=\"lazy\" decoding=\"async\" class=\"size-medium wp-image-3275 alignright\" src=\"http:\/\/www.chasseurducentrevaldeloire.fr\/fdc41\/wp-content\/uploads\/sites\/8\/2018\/12\/LogoGarde-300x290.jpg\" alt=\"\" width=\"300\" height=\"290\" srcset=\"https:\/\/www.save.chasseurducentrevaldeloire.fr\/fdc41\/wp-content\/uploads\/sites\/8\/2018\/12\/LogoGarde-300x290.jpg 300w, https:\/\/www.save.chasseurducentrevaldeloire.fr\/fdc41\/wp-content\/uploads\/sites\/8\/2018\/12\/LogoGarde.jpg 317w\" sizes=\"auto, (max-width: 300px) 100vw, 300px\" \/><\/strong><\/p>\n<p><strong>\u00a0<\/strong><\/p>\n<p><strong>Public\u00a0<\/strong>:<\/p>\n<ul>\n<li>Personne souhaitant devenir garde particulier, ou chasseur d\u00e9sirant se former.<\/li>\n<\/ul>\n<p>&nbsp;<\/p>\n<p><strong>Programme<\/strong><\/p>\n<ul>\n<li><strong>Notions juridique de base<\/strong>\u00a0: les bases g\u00e9n\u00e9rales du droit p\u00e9nal fran\u00e7ais et les institutions judiciaires, la police judiciaire et ses agents, la proc\u00e9dure p\u00e9nale (r\u00e8gles de proc\u00e9dure et r\u00e9daction des PV), l\u2019infraction p\u00e9nale (notion d\u2019infraction, responsabilit\u00e9 p\u00e9nale, les diff\u00e9rentes cat\u00e9gories d\u2019infractions et les peines<\/li>\n<\/ul>\n<ul>\n<li><strong>Droits et devoirs du garde particulier<\/strong>\u00a0: place du GP au sein de la police judiciaire, devoirs, pr\u00e9rogatives et limites de comp\u00e9tence du GP, contr\u00f4le des contrevenants dans le respect des libert\u00e9s individuelles et du droit de propri\u00e9t\u00e9.<\/li>\n<\/ul>\n<p>&nbsp;<\/p>\n<ul>\n<li><strong><strong>\u00c9cologie, R\u00e9glementation chasse, Connaissances cyn\u00e9g\u00e9tiques, R\u00e9gulation des <\/strong><\/strong><strong>animaux susceptibles d\u2019occasionner des d\u00e9g\u00e2ts<\/strong><\/li>\n<\/ul>\n<p>&nbsp;<\/p>\n<p><strong>A l\u2019issue de la formation<\/strong> :<\/p>\n<p>Les documents n\u00e9cessaires \u00e0 l\u2019obtention du commissionnement, de l\u2019agr\u00e9ment pr\u00e9fectoral et de l\u2019assermentation sont remis \u00e0 chaque participant<\/p>\n<p><strong>\u00a0<\/strong><\/p>\n<p><strong>Intervenant <\/strong>:<\/p>\n<ul>\n<li><strong>St\u00e9phane CHANTECAILLE<\/strong>, technicien de la FDC 41<\/li>\n<\/ul>\n<p>06 82 87 94 44 \u2013 02 54 50 27 94[\/vc_column_text][\/vc_column][\/vc_row]<\/p>\n","protected":false},"excerpt":{"rendered":"<p>[vc_row][vc_column][vc_column_text]Objectifs : Acqu\u00e9rir la formation n\u00e9cessaire pour remplir les conditions d\u2019aptitude technique exig\u00e9es afin d\u2019exercer les fonctions de garde particulier &nbsp; \u00a0 Public\u00a0: Personne souhaitant devenir garde particulier, ou chasseur d\u00e9sirant se former. &nbsp; Programme Notions juridique de base\u00a0: les bases g\u00e9n\u00e9rales du droit p\u00e9nal&#8230;<\/p>\n","protected":false},"author":6,"featured_media":0,"parent":0,"menu_order":0,"comment_status":"closed","ping_status":"closed","template":"","meta":{"_acf_changed":false,"inline_featured_image":false,"_exactmetrics_skip_tracking":false,"_exactmetrics_sitenote_active":false,"_exactmetrics_sitenote_note":"","_exactmetrics_sitenote_category":0,"footnotes":""},"class_list":["post-3274","page","type-page","status-publish","hentry"],"acf":[],"publishpress_future_action":{"enabled":false,"date":"2026-04-18 13:58:34","action":"change-status","newStatus":"draft","terms":[],"taxonomy":"","extraData":[]},"publishpress_future_workflow_manual_trigger":{"enabledWorkflows":[]},"_links":{"self":[{"href":"https:\/\/www.save.chasseurducentrevaldeloire.fr\/fdc41\/wp-json\/wp\/v2\/pages\/3274","targetHints":{"allow":["GET"]}}],"collection":[{"href":"https:\/\/www.save.chasseurducentrevaldeloire.fr\/fdc41\/wp-json\/wp\/v2\/pages"}],"about":[{"href":"https:\/\/www.save.chasseurducentrevaldeloire.fr\/fdc41\/wp-json\/wp\/v2\/types\/page"}],"author":[{"embeddable":true,"href":"https:\/\/www.save.chasseurducentrevaldeloire.fr\/fdc41\/wp-json\/wp\/v2\/users\/6"}],"replies":[{"embeddable":true,"href":"https:\/\/www.save.chasseurducentrevaldeloire.fr\/fdc41\/wp-json\/wp\/v2\/comments?post=3274"}],"version-history":[{"count":6,"href":"https:\/\/www.save.chasseurducentrevaldeloire.fr\/fdc41\/wp-json\/wp\/v2\/pages\/3274\/revisions"}],"predecessor-version":[{"id":4261,"href":"https:\/\/www.save.chasseurducentrevaldeloire.fr\/fdc41\/wp-json\/wp\/v2\/pages\/3274\/revisions\/4261"}],"wp:attachment":[{"href":"https:\/\/www.save.chasseurducentrevaldeloire.fr\/fdc41\/wp-json\/wp\/v2\/media?parent=3274"}],"curies":[{"name":"wp","href":"https:\/\/api.w.org\/{rel}","templated":true}]}}