{"id":3266,"date":"2018-12-14T09:16:44","date_gmt":"2018-12-14T08:16:44","guid":{"rendered":"http:\/\/www.chasseurducentrevaldeloire.fr\/fdc41\/?page_id=3266"},"modified":"2025-01-30T15:42:09","modified_gmt":"2025-01-30T14:42:09","slug":"autres-formations","status":"publish","type":"page","link":"https:\/\/www.save.chasseurducentrevaldeloire.fr\/fdc41\/autres-formations\/","title":{"rendered":"Autres formations"},"content":{"rendered":"<p>[vc_row][vc_column]<div class=\"qodef-accordion-holder clearfix qodef-toggle qodef-boxed \">\n\t<h4 class=\"clearfix qodef-title-holder\" >\n\t<span class=\"qodef-accordion-mark qodef-left-mark\">\n\t\t<span class=\"qodef-accordion-mark-icon\">\n\t\t\t<span class=\"icon_plus\"><\/span>\n\t\t\t<span class=\"icon_minus-06\"><\/span>\n\t\t<\/span>\n\t<\/span>\n\t<span class=\"qodef-tab-title\">\n\t\t<span class=\"qodef-tab-title-inner\">\n\t\t\tTir d&#039;\u00e9t\u00e9 du renard\t\t<\/span>\n\t<\/span>\n<\/h4>\n<div class=\"qodef-accordion-content\">\n\t<div class=\"qodef-accordion-content-inner\">\n\t\t[vc_column_text]<strong>\u00a0<\/strong><\/p>\n<p><strong>Objectif <\/strong>:<\/p>\n<ul>\n<li>Encourager la r\u00e9gulation du renard<\/li>\n<\/ul>\n<p><strong>Date <\/strong>: Date \u00e0 d\u00e9terminer<\/p>\n<p><strong><img loading=\"lazy\" decoding=\"async\" class=\"size-medium wp-image-3267 alignright\" src=\"http:\/\/www.chasseurducentrevaldeloire.fr\/fdc41\/wp-content\/uploads\/sites\/8\/2018\/12\/RenardPred-300x242.jpg\" alt=\"\" width=\"300\" height=\"242\" srcset=\"https:\/\/www.save.chasseurducentrevaldeloire.fr\/fdc41\/wp-content\/uploads\/sites\/8\/2018\/12\/RenardPred-300x242.jpg 300w, https:\/\/www.save.chasseurducentrevaldeloire.fr\/fdc41\/wp-content\/uploads\/sites\/8\/2018\/12\/RenardPred.jpg 600w\" sizes=\"auto, (max-width: 300px) 100vw, 300px\" \/>Public<\/strong> :<\/p>\n<ul>\n<li>Tous publics<\/li>\n<\/ul>\n<p>&nbsp;<\/p>\n<p><strong>Programme <\/strong>:<\/p>\n<ul>\n<li><strong>Partie th\u00e9orique<\/strong> : aspect r\u00e9glementaire, r\u00e8gles de s\u00e9curit\u00e9, pr\u00e9cautions sanitaires, technique de chasse et choix d\u2019un \u00e9quipement appropri\u00e9<\/li>\n<\/ul>\n<p>&nbsp;<\/p>\n<ul>\n<li><strong>Partie pratique<\/strong> : Tir et r\u00e8gles de s\u00e9curit\u00e9, Essai de tir sur cible \u00e0 50 et 100 m\u00e8tres<\/li>\n<\/ul>\n<p>&nbsp;<\/p>\n<p>&nbsp;<\/p>\n<p>&nbsp;<\/p>\n<p><strong>Intervenants\u00a0<\/strong>:<\/p>\n<ul>\n<li><strong>Fr\u00e9d\u00e9rique LEROY<\/strong>, technicienne de la FDC 41<\/li>\n<\/ul>\n<p>06 42 61 08 27 \u2013 02 54 50 27 98<\/p>\n<p><strong>\u00a0<\/strong><\/p>\n<ul>\n<li><strong>Laurent SAUTEREAU<\/strong>, technicien de la FDC 41<\/li>\n<\/ul>\n<p>06 82 87 94 50 \u2013 02 54 50 27 93[\/vc_column_text]\t<\/div>\n<\/div>\n<h4 class=\"clearfix qodef-title-holder\" >\n\t<span class=\"qodef-accordion-mark qodef-left-mark\">\n\t\t<span class=\"qodef-accordion-mark-icon\">\n\t\t\t<span class=\"icon_plus\"><\/span>\n\t\t\t<span class=\"icon_minus-06\"><\/span>\n\t\t<\/span>\n\t<\/span>\n\t<span class=\"qodef-tab-title\">\n\t\t<span class=\"qodef-tab-title-inner\">\n\t\t\tR\u00e9gulation des corvid\u00e9s \u00e0 tir\t\t<\/span>\n\t<\/span>\n<\/h4>\n<div class=\"qodef-accordion-content\">\n\t<div class=\"qodef-accordion-content-inner\">\n\t\t[vc_column_text]La r\u00e9gulation des corvid\u00e9s par le pi\u00e9geage devient de plus en plus compliqu\u00e9e\u00a0: obligation de visiter la cage chaque matin, de nourrir les appelants r\u00e9guli\u00e8rement\u2026<\/p>\n<p>La destruction \u00e0 tir est d\u00e9sormais <u>une alternative efficace<\/u>.<\/p>\n<p><strong>\u00a0<\/strong><\/p>\n<p><strong><img loading=\"lazy\" decoding=\"async\" class=\"size-medium wp-image-3268 alignright\" src=\"http:\/\/www.chasseurducentrevaldeloire.fr\/fdc41\/wp-content\/uploads\/sites\/8\/2018\/12\/CorvidePred-300x210.jpg\" alt=\"\" width=\"300\" height=\"210\" srcset=\"https:\/\/www.save.chasseurducentrevaldeloire.fr\/fdc41\/wp-content\/uploads\/sites\/8\/2018\/12\/CorvidePred-300x210.jpg 300w, https:\/\/www.save.chasseurducentrevaldeloire.fr\/fdc41\/wp-content\/uploads\/sites\/8\/2018\/12\/CorvidePred.jpg 600w\" sizes=\"auto, (max-width: 300px) 100vw, 300px\" \/>Objectif :<\/strong><\/p>\n<ul>\n<li>R\u00e9guler les becs droits, en particulier la corneille noire, qui est un redoutable pr\u00e9dateur pour la faune sauvage, et le corbeau freux qui reste un d\u00e9pr\u00e9dateur particuli\u00e8rement redoutable pour le monde agricole \u00e0 la p\u00e9riode des semis de printemps (ma\u00efs et tournesol).<\/li>\n<\/ul>\n<p>La formation dispens\u00e9e par nos agents de la FDC 41 vous permet de mettre en \u0153uvre une m\u00e9thode simple, efficace et compl\u00e9mentaire aux op\u00e9rations de pi\u00e9geage que vous pouvez r\u00e9aliser toute l\u2019ann\u00e9e.<\/p>\n<p>&nbsp;<\/p>\n<p><strong>Date et horaires :<\/strong><\/p>\n<ul>\n<li>S\u2019inscrire aupr\u00e8s de la f\u00e9d\u00e9ration afin d\u2019\u00e9tablir une liste &#8211; Date \u00e0 d\u00e9terminer<\/li>\n<\/ul>\n<p>&nbsp;<\/p>\n<p><strong>Public :<\/strong><\/p>\n<ul>\n<li>Tout chasseur<\/li>\n<\/ul>\n<p>&nbsp;<\/p>\n<p><strong>Programme :<\/strong><\/p>\n<ul>\n<li>R\u00e9glementation<\/li>\n<li>Reconnaissance des esp\u00e8ces chassables<\/li>\n<li>Mat\u00e9riel n\u00e9cessaire<\/li>\n<li>Techniques de chasse<\/li>\n<li>Aspects s\u00e9curitaires<\/li>\n<\/ul>\n<p>&nbsp;<\/p>\n<p><strong>Intervenants <\/strong>:<\/p>\n<ul>\n<li><strong>Fr\u00e9d\u00e9rique LEROY<\/strong>, technicienne de la FDC 41<\/li>\n<\/ul>\n<p>06 42 61 08 27 \u2013 02 54 50 27 98<\/p>\n<p><strong>\u00a0<\/strong><\/p>\n<ul>\n<li><strong>Laurent SAUTEREAU<\/strong>, technicien de la FDC 41<\/li>\n<\/ul>\n<p>06 82 87 94 50 \u2013 02 54 50 27 93[\/vc_column_text]\t<\/div>\n<\/div>\n<h4 class=\"clearfix qodef-title-holder\" >\n\t<span class=\"qodef-accordion-mark qodef-left-mark\">\n\t\t<span class=\"qodef-accordion-mark-icon\">\n\t\t\t<span class=\"icon_plus\"><\/span>\n\t\t\t<span class=\"icon_minus-06\"><\/span>\n\t\t<\/span>\n\t<\/span>\n\t<span class=\"qodef-tab-title\">\n\t\t<span class=\"qodef-tab-title-inner\">\n\t\t\tFormation aux premiers secours canins\t\t<\/span>\n\t<\/span>\n<\/h4>\n<div class=\"qodef-accordion-content\">\n\t<div class=\"qodef-accordion-content-inner\">\n\t\t[vc_column_text]<strong>Objectif <\/strong>:<\/p>\n<ul>\n<li>Apprendre les gestes qui vont optimiser les chances de survie de votre compagnon en attendant sa prise en charge par le v\u00e9t\u00e9rinaire<\/li>\n<li>Obtenir le certificat de comp\u00e9tences premiers secours CANINS &#8211; F\u00c9LINS<\/li>\n<\/ul>\n<p><strong><img loading=\"lazy\" decoding=\"async\" class=\"size-medium wp-image-5600 alignright\" src=\"https:\/\/www.chasseurducentrevaldeloire.fr\/fdc41\/wp-content\/uploads\/sites\/8\/2022\/09\/chiens_dgestim_2018_10_-300x210.jpg\" alt=\"\" width=\"300\" height=\"210\" srcset=\"https:\/\/www.save.chasseurducentrevaldeloire.fr\/fdc41\/wp-content\/uploads\/sites\/8\/2022\/09\/chiens_dgestim_2018_10_-300x210.jpg 300w, https:\/\/www.save.chasseurducentrevaldeloire.fr\/fdc41\/wp-content\/uploads\/sites\/8\/2022\/09\/chiens_dgestim_2018_10_-768x538.jpg 768w, https:\/\/www.save.chasseurducentrevaldeloire.fr\/fdc41\/wp-content\/uploads\/sites\/8\/2022\/09\/chiens_dgestim_2018_10_.jpg 800w\" sizes=\"auto, (max-width: 300px) 100vw, 300px\" \/><\/strong><\/p>\n<p><strong>Public<\/strong> :<\/p>\n<ul>\n<li>Tous publics<\/li>\n<\/ul>\n<p><strong>Programme <\/strong>:<\/p>\n<ul>\n<li><strong>Partie th\u00e9orique<\/strong> : apprendre \u00e0 conna\u00eetre la cha\u00eene de secours\u00a0: protection, appel d\u2019urgence au v\u00e9t\u00e9rinaire, recherche des urgences vitales.<\/li>\n<li>\u00a0<strong>Partie pratique<\/strong> : Par des gestes simples, \u00eatre capable de stabiliser son animal, d\u2019arr\u00eater une h\u00e9morragie, de g\u00e9rer un \u00e9touffement ou un coma, et m\u00eame de r\u00e9aliser un massage cardiaque avec bouche \u00e0 truffe.<\/li>\n<\/ul>\n<p><strong>Intervenants\u00a0<\/strong>:<\/p>\n<ul>\n<li>Formateur qualifi\u00e9 de l\u2019UNASS Centre (Certifi\u00e9 Qualiopi)<\/li>\n<\/ul>\n<p>[\/vc_column_text]\t<\/div>\n<\/div>\n<\/div>[\/vc_column][\/vc_row][vc_row][\/vc_row]<\/p>\n","protected":false},"excerpt":{"rendered":"<p>[vc_row][vc_column][\/vc_column][\/vc_row][vc_row][\/vc_row]<\/p>\n","protected":false},"author":6,"featured_media":0,"parent":0,"menu_order":0,"comment_status":"closed","ping_status":"closed","template":"","meta":{"_acf_changed":false,"inline_featured_image":false,"_exactmetrics_skip_tracking":false,"_exactmetrics_sitenote_active":false,"_exactmetrics_sitenote_note":"","_exactmetrics_sitenote_category":0,"footnotes":""},"class_list":["post-3266","page","type-page","status-publish","hentry"],"acf":[],"publishpress_future_action":{"enabled":false,"date":"2026-04-15 03:10:01","action":"change-status","newStatus":"draft","terms":[],"taxonomy":"","extraData":[]},"publishpress_future_workflow_manual_trigger":{"enabledWorkflows":[]},"_links":{"self":[{"href":"https:\/\/www.save.chasseurducentrevaldeloire.fr\/fdc41\/wp-json\/wp\/v2\/pages\/3266","targetHints":{"allow":["GET"]}}],"collection":[{"href":"https:\/\/www.save.chasseurducentrevaldeloire.fr\/fdc41\/wp-json\/wp\/v2\/pages"}],"about":[{"href":"https:\/\/www.save.chasseurducentrevaldeloire.fr\/fdc41\/wp-json\/wp\/v2\/types\/page"}],"author":[{"embeddable":true,"href":"https:\/\/www.save.chasseurducentrevaldeloire.fr\/fdc41\/wp-json\/wp\/v2\/users\/6"}],"replies":[{"embeddable":true,"href":"https:\/\/www.save.chasseurducentrevaldeloire.fr\/fdc41\/wp-json\/wp\/v2\/comments?post=3266"}],"version-history":[{"count":8,"href":"https:\/\/www.save.chasseurducentrevaldeloire.fr\/fdc41\/wp-json\/wp\/v2\/pages\/3266\/revisions"}],"predecessor-version":[{"id":6408,"href":"https:\/\/www.save.chasseurducentrevaldeloire.fr\/fdc41\/wp-json\/wp\/v2\/pages\/3266\/revisions\/6408"}],"wp:attachment":[{"href":"https:\/\/www.save.chasseurducentrevaldeloire.fr\/fdc41\/wp-json\/wp\/v2\/media?parent=3266"}],"curies":[{"name":"wp","href":"https:\/\/api.w.org\/{rel}","templated":true}]}}