{"id":3082,"date":"2018-07-02T14:46:01","date_gmt":"2018-07-02T12:46:01","guid":{"rendered":"http:\/\/www.chasseurducentrevaldeloire.fr\/fdc41\/?page_id=3082"},"modified":"2018-07-02T15:07:28","modified_gmt":"2018-07-02T13:07:28","slug":"les-amenagements","status":"publish","type":"page","link":"https:\/\/www.save.chasseurducentrevaldeloire.fr\/fdc41\/les-amenagements\/","title":{"rendered":"Am\u00e9nagements des territoires"},"content":{"rendered":"<p>[vc_row][vc_column][vc_text_separator title=\u00a0\u00bbLA JACH\u00c8RE ENVIRONNEMENT &#8211; FAUNE SAUVAGE\u00a0\u00bb color=\u00a0\u00bbcustom\u00a0\u00bb accent_color=\u00a0\u00bb#2e5596&Prime;][vc_empty_space][vc_column_text]<\/p>\n<p style=\"text-align: left\">Destin\u00e9es \u00e0 la pr\u00e9servation des populations de petits gibiers et \u00e0 la protection des cultures sensibles aux d\u00e9g\u00e2ts de grands gibiers, les Jach\u00e8res Environnement Faune Sauvage ont \u00e9t\u00e9 mises en place \u00e0 partir de 1993 \u00e0 l\u2019initiative de la F\u00e9d\u00e9ration D\u00e9partementale des Chasseurs de Loir-&amp;-Cher en collaboration avec le monde agricole. Depuis, les surfaces contractualis\u00e9es en J.E.F.S. ne cessent d\u2019augmenter (2 000 ha en 2005\/2006).<\/p>\n<p>[\/vc_column_text][vc_empty_space][vc_column_text]Le principe\u00a0: dans un cadre r\u00e8glementaire (gel PAC), les agriculteurs peuvent ensemencer des couverts favorables \u00e0 la faune sauvage (zones de gagnage et de refuge). Les interventions m\u00e9caniques doivent y \u00eatre respectueuses des p\u00e9riodes de reproduction.[\/vc_column_text][vc_empty_space][vc_column_text]Il est possible de souscrire deux types de contrats\u00a0:<strong><br \/>\n&#8211; Le contrat classique. <\/strong>Il a pour objectif de pr\u00e9server la nidification de l\u2019avifaune sauvage de plaine, en interdisant tout entretien m\u00e9canique de broyage et de fauchage du 15 avril au 31 ao\u00fbt sur des parcelles en gel (gramin\u00e9es ou l\u00e9gumineuses) d\u00e9j\u00e0 existantes ou \u00e0 implanter. Pour pr\u00e9venir ou d\u00e9truire toute mont\u00e9e \u00e0 graines des esp\u00e8ces adventices ind\u00e9sirables il est possible d\u2019intervenir chimiquement avec les produits homologu\u00e9s dans le cadre du gel PAC.[\/vc_column_text][vc_empty_space][vc_column_text]<strong>&#8211; Le contrat adapt\u00e9 <\/strong>qui permet d&rsquo;implanter\u00a0:<br \/>\nSoit des couverts annuels \u00e0 base de c\u00e9r\u00e9ales (m\u00e9langes obligatoires) favorables en p\u00e9riode hivernale en apportant protection et nourriture \u00e0 la faune. Soit des couverts fleuris (dits \u00ab\u00a0jach\u00e8re fleurie\u00a0\u00bb) embellissant nos campagnes Soit enfin des couverts pluriannuels p\u00e9rennes \u00e0 base de luzerne ayant les m\u00eames objectifs que les couverts mis en place dans le contrat classique NB- Jean-Michel Vincent et <strong>Nathalie Diquelou<\/strong> du Service Technique de la F\u00e9d\u00e9ration des Chasseurs de Loir-et-Cher se tiennent \u00e0 votre disposition pour vous fournir de plus amples informations sur les modalit\u00e9s de souscription aux diff\u00e9rents contrats, la d\u00e9finition des lieux d\u2019implantation des jach\u00e8res et les subventions allou\u00e9es.[\/vc_column_text][vc_empty_space][vc_text_separator title=\u00a0\u00bbExemple de la jach\u00e8re fleurie\u00a0\u00bb color=\u00a0\u00bbcustom\u00a0\u00bb accent_color=\u00a0\u00bb#2e5596&Prime;][vc_empty_space][vc_row_inner][vc_column_inner width=\u00a0\u00bb1\/4&Prime;][vc_single_image image=\u00a0\u00bb3083&Prime;][\/vc_column_inner][vc_column_inner width=\u00a0\u00bb3\/4&Prime;][vc_column_text]La r\u00e9forme de la politique agricole commune en 1992 avait pour objectif fondamental de r\u00e9duire les exc\u00e9dents agricoles. Dans ce but, le gel des terres cultiv\u00e9es en c\u00e9r\u00e9ales, ol\u00e9agineux, prot\u00e9agineux, a \u00e9t\u00e9 rendu obligatoire.[\/vc_column_text][\/vc_column_inner][\/vc_row_inner][vc_empty_space][vc_row_inner][vc_column_inner width=\u00a0\u00bb1\/4&Prime;][vc_single_image image=\u00a0\u00bb3084&Prime;][\/vc_column_inner][vc_column_inner width=\u00a0\u00bb3\/4&Prime;][vc_column_text]M\u00e9lange\u00a0: centaur\u00e9e &#8211; cosmos &#8211; zinnia En 1999, dans le cadre de la r\u00e9glementation sur les jach\u00e8res environnement &#8211; faune sauvage, une convention a \u00e9t\u00e9 sign\u00e9e entre la Direction D\u00e9partementale de l\u2019Agriculture et de la For\u00eat et la F\u00e9d\u00e9ration D\u00e9partementale des Chasseurs de Loir-et-Cher pour utiliser la jach\u00e8re fleurie \u00e0 titre exp\u00e9rimental.[\/vc_column_text][\/vc_column_inner][\/vc_row_inner][vc_empty_space][vc_column_text]M\u00e9lange\u00a0: escholtzia &#8211; centaur\u00e9e &#8211; soucis Les gestionnaires de la nature et notamment les chasseurs ont saisi cette opportunit\u00e9 pour r\u00e9orienter ces terres gel\u00e9es vers des objectifs environnementaux (cr\u00e9ation des jach\u00e8res faune sauvage).[\/vc_column_text][\/vc_column][\/vc_row]<\/p>\n","protected":false},"excerpt":{"rendered":"<p>[vc_row][vc_column][vc_text_separator title=\u00a0\u00bbLA JACH\u00c8RE ENVIRONNEMENT &#8211; FAUNE SAUVAGE\u00a0\u00bb color=\u00a0\u00bbcustom\u00a0\u00bb accent_color=\u00a0\u00bb#2e5596&Prime;][vc_empty_space][vc_column_text] Destin\u00e9es \u00e0 la pr\u00e9servation des populations de petits gibiers et \u00e0 la protection des cultures sensibles aux d\u00e9g\u00e2ts de grands gibiers, les Jach\u00e8res Environnement Faune Sauvage ont \u00e9t\u00e9 mises en place \u00e0 partir de 1993 \u00e0&#8230;<\/p>\n","protected":false},"author":6,"featured_media":0,"parent":0,"menu_order":0,"comment_status":"closed","ping_status":"closed","template":"","meta":{"_acf_changed":false,"inline_featured_image":false,"_exactmetrics_skip_tracking":false,"_exactmetrics_sitenote_active":false,"_exactmetrics_sitenote_note":"","_exactmetrics_sitenote_category":0,"footnotes":""},"class_list":["post-3082","page","type-page","status-publish","hentry"],"acf":[],"publishpress_future_action":{"enabled":false,"date":"2026-04-18 12:41:01","action":"change-status","newStatus":"draft","terms":[],"taxonomy":"","extraData":[]},"publishpress_future_workflow_manual_trigger":{"enabledWorkflows":[]},"_links":{"self":[{"href":"https:\/\/www.save.chasseurducentrevaldeloire.fr\/fdc41\/wp-json\/wp\/v2\/pages\/3082","targetHints":{"allow":["GET"]}}],"collection":[{"href":"https:\/\/www.save.chasseurducentrevaldeloire.fr\/fdc41\/wp-json\/wp\/v2\/pages"}],"about":[{"href":"https:\/\/www.save.chasseurducentrevaldeloire.fr\/fdc41\/wp-json\/wp\/v2\/types\/page"}],"author":[{"embeddable":true,"href":"https:\/\/www.save.chasseurducentrevaldeloire.fr\/fdc41\/wp-json\/wp\/v2\/users\/6"}],"replies":[{"embeddable":true,"href":"https:\/\/www.save.chasseurducentrevaldeloire.fr\/fdc41\/wp-json\/wp\/v2\/comments?post=3082"}],"version-history":[{"count":5,"href":"https:\/\/www.save.chasseurducentrevaldeloire.fr\/fdc41\/wp-json\/wp\/v2\/pages\/3082\/revisions"}],"predecessor-version":[{"id":3091,"href":"https:\/\/www.save.chasseurducentrevaldeloire.fr\/fdc41\/wp-json\/wp\/v2\/pages\/3082\/revisions\/3091"}],"wp:attachment":[{"href":"https:\/\/www.save.chasseurducentrevaldeloire.fr\/fdc41\/wp-json\/wp\/v2\/media?parent=3082"}],"curies":[{"name":"wp","href":"https:\/\/api.w.org\/{rel}","templated":true}]}}