{"id":3067,"date":"2018-07-02T11:15:40","date_gmt":"2018-07-02T09:15:40","guid":{"rendered":"http:\/\/www.chasseurducentrevaldeloire.fr\/fdc41\/?page_id=3067"},"modified":"2025-10-20T11:58:43","modified_gmt":"2025-10-20T09:58:43","slug":"especes-predatrices-et-depredatrices","status":"publish","type":"page","link":"https:\/\/www.save.chasseurducentrevaldeloire.fr\/fdc41\/especes-predatrices-et-depredatrices\/","title":{"rendered":"Esp\u00e8ces pr\u00e9datrices et d\u00e9pr\u00e9datrices"},"content":{"rendered":"<p>[vc_row][vc_column][vc_column_text]<img loading=\"lazy\" decoding=\"async\" class=\" wp-image-4249 aligncenter\" src=\"https:\/\/www.chasseurducentrevaldeloire.fr\/fdc41\/wp-content\/uploads\/sites\/8\/2020\/11\/Renard-300x200.jpg\" alt=\"\" width=\"413\" height=\"275\" srcset=\"https:\/\/www.save.chasseurducentrevaldeloire.fr\/fdc41\/wp-content\/uploads\/sites\/8\/2020\/11\/Renard-300x200.jpg 300w, https:\/\/www.save.chasseurducentrevaldeloire.fr\/fdc41\/wp-content\/uploads\/sites\/8\/2020\/11\/Renard-768x511.jpg 768w, https:\/\/www.save.chasseurducentrevaldeloire.fr\/fdc41\/wp-content\/uploads\/sites\/8\/2020\/11\/Renard.jpg 800w\" sizes=\"auto, (max-width: 413px) 100vw, 413px\" \/><\/p>\n<p>&nbsp;<\/p>\n<p>Suite au d\u00e9cret du 23 mars 2012, la f\u00e9d\u00e9ration des chasseurs de Loir-et-Cher vous informe que le classement d&rsquo;esp\u00e8ces susceptibles d\u2019occasionner des d\u00e9g\u00e2ts, pour chaque d\u00e9partement, rel\u00e8ve d\u00e9sormais d&rsquo;un arr\u00eat\u00e9 minist\u00e9riel.[\/vc_column_text][vc_empty_space][vc_column_text]L\u2019usage de la long rifle est interdit pour la chasse et la destruction des esp\u00e8ces susceptibles d\u2019occasionner des d\u00e9g\u00e2ts,<span style=\"color: #2f5496\"><a id=\"LPlnk751788\" class=\"x_OWAAutoLink\" style=\"color: #2f5496\" title=\"https:\/\/www.chasseurducentrevaldeloire.fr\/fdc41\/download\/2755\/\" href=\"https:\/\/www.chasseurducentrevaldeloire.fr\/fdc41\/download\/2755\/\" target=\"_blank\" rel=\"noopener noreferrer\" data-auth=\"NotApplicable\" data-linkindex=\"1\"><strong>\u00a0\u00e0 l\u2019exception de certaines conditions<\/strong>.<\/a><\/span>[\/vc_column_text][vc_empty_space][vc_column_text]T\u00e9l\u00e9charger les Arr\u00eat\u00e9s\u00a0 et modalit\u00e9s de destruction des esp\u00e8ces susceptibles d\u2019occasionner des d\u00e9g\u00e2ts<span style=\"color: #2f5496\"><strong> <a style=\"color: #2f5496\" href=\"https:\/\/www.chasseurducentrevaldeloire.fr\/fdc41\/wp-content\/uploads\/sites\/8\/2019\/03\/ArreteNuisibleG1Modalite-1.pdf\" target=\"_blank\" rel=\"noopener noreferrer\">groupe 1<\/a><\/strong><\/span> et les <span style=\"color: #2f5496\"><strong><a style=\"color: #2f5496\" href=\"https:\/\/www.chasseurducentrevaldeloire.fr\/fdc41\/wp-content\/uploads\/sites\/8\/2019\/03\/ArreteNuisibleG1Disposition.pdf\" target=\"_blank\" rel=\"noopener noreferrer\">dispositions<\/a> <\/strong><\/span>(groupe 1) du 28 juin 2016 et Arr\u00eat\u00e9s et modalit\u00e9s de destruction des esp\u00e8ces susceptibles d\u2019occasionner des d\u00e9g\u00e2ts <strong><span style=\"color: #2f5496\"><a style=\"color: #2f5496\" href=\"https:\/\/www.chasseurducentrevaldeloire.fr\/fdc41\/wp-content\/uploads\/sites\/8\/2023\/08\/Arrete-ESOD_3-AOUT-2023.pdf\" target=\"_blank\" rel=\"noopener noreferrer\">groupe 2<\/a><\/span><\/strong>[\/vc_column_text][vc_empty_space][vc_column_text]<span style=\"color: #2f5496\"><a style=\"color: #2f5496\" href=\"https:\/\/www.chasseurducentrevaldeloire.fr\/fdc41\/wp-content\/uploads\/sites\/8\/2025\/10\/Arrete-ESOD-G3-2025-2026-signe.pdf\" target=\"_blank\" rel=\"noopener\"><strong>Arr\u00eat\u00e9 du 20 juin 2025 fixant la liste des esp\u00e8ces susceptibles d\u2019occasionner des d\u00e9g\u00e2ts pour la campagne 2025-2026 (groupe 3)<\/strong><\/a><\/span><\/p>\n<p><a href=\"https:\/\/www.demarches-simplifiees.fr\/commencer\/demande-d-autorisation-de-destruction-a-tir-d-espe-4\" target=\"_blank\" rel=\"noopener\"><span style=\"color: #2f5496\"><strong>Demande d&rsquo;autorisation de destruction a tir des esp\u00e8ces susceptibles d\u2019occasionner des d\u00e9g\u00e2ts &#8211; campagne cyn\u00e9g\u00e9tique 2024\/2025 <\/strong><\/span><\/a><\/p>\n<p><span style=\"color: #2f5496\"><strong><a style=\"color: #2f5496\" href=\"https:\/\/www.chasseurducentrevaldeloire.fr\/fdc41\/wp-content\/uploads\/sites\/8\/2024\/10\/Fiche-declaration-piegeage-mairie-2024.pdf\" target=\"_blank\" rel=\"noopener\">D\u00e9claration pr\u00e9alable de destruction par pi\u00e9geage des animaux classes esp\u00e8ces susceptibles d\u2019occasionner des d\u00e9g\u00e2ts<\/a> <\/strong><\/span>[\/vc_column_text][vc_empty_space][vc_column_text]<span style=\"color: #2f5496\"><strong><a style=\"color: #2f5496\" href=\"https:\/\/www.chasseurducentrevaldeloire.fr\/fdc41\/wp-content\/uploads\/sites\/8\/2024\/07\/AP-n-41-2024-06-27-00002_loutre-castor-2024-2025-et-annexe.pdf\" target=\"_blank\" rel=\"noopener\">Arr\u00eat\u00e9\u00a0<\/a> <\/strong><\/span>fixant la liste des communes dans lesquelles la pr\u00e9sence de la loutre et du castor d&rsquo;Eurasie est av\u00e9r\u00e9e pour la saison 2024-2025[\/vc_column_text][vc_empty_space][vc_column_text]<\/p>\n<table>\n<tbody>\n<tr>\n<td>Cat\u00e9gorie<\/td>\n<td>I<\/td>\n<td>II<\/td>\n<td>III<\/td>\n<\/tr>\n<tr>\n<td>ESPECES<\/p>\n<p>susceptibles d\u2019occasionner des d\u00e9g\u00e2ts :<\/td>\n<td>6 esp\u00e8ces non indig\u00e8nes\u00a0:<\/p>\n<p>Chien viverrin<\/p>\n<p>Vison d\u2019Am\u00e9rique<\/p>\n<p>Raton laveur<\/p>\n<p>Ragondin<\/p>\n<p>Rat musqu\u00e9<\/p>\n<p>Bernache du Canada<\/td>\n<td>Parmi les 6 esp\u00e8ces :<\/p>\n<p>Fouine<\/p>\n<p>Martre<\/p>\n<p>Renard<\/p>\n<p>Corbeau freux<\/p>\n<p>Corneille noire<\/p>\n<p>\u00c9tourneau sansonnet<\/td>\n<td>Parmi les 2 esp\u00e8ces :<\/p>\n<p>Pigeon ramier<\/p>\n<p>Sanglier<\/td>\n<\/tr>\n<tr>\n<td>R\u00e9vision du classement<\/td>\n<td>Chaque ann\u00e9e<\/td>\n<td>Tous les 3 ans<\/td>\n<td>Chaque ann\u00e9e<\/td>\n<\/tr>\n<tr>\n<td>Autorit\u00e9<\/td>\n<td>Ministre<\/td>\n<td>Ministre<\/td>\n<td>Pr\u00e9fet de d\u00e9partement<\/td>\n<\/tr>\n<tr>\n<td>Proc\u00e9dure<\/td>\n<td>D\u00e9cision du Ministre, apr\u00e8s avis du CNCFS\u00a0\u00a0\u00a0\u00a0\u00a0 (Conseil National<\/p>\n<p>de la Chasse et<\/p>\n<p>de la Faune Sauvage)<\/td>\n<td>D\u00e9cision du Ministre, apr\u00e8s avis du CNCFS,\u00a0 sur proposition des pr\u00e9fets de d\u00e9partement apr\u00e8s avis de la CDCFS, r\u00e9unie en formation sp\u00e9cialis\u00e9e (<a href=\"http:\/\/legifrance.gouv.fr\/affichCodeArticle.do?cidTexte=LEGITEXT000006074220&amp;idArticle=LEGIARTI000006837925\">R421-31<\/a>)<\/td>\n<td>D\u00e9cision du pr\u00e9fet, apr\u00e8s avis de la CDCFS en fonction des particularit\u00e9s locales<\/td>\n<\/tr>\n<tr>\n<td>P\u00e9rim\u00e8tre du classement<\/td>\n<td>L\u2019ensemble du territoire m\u00e9tropolitain<\/td>\n<td>Variable\u00a0: cf. arr\u00eat\u00e9 minist\u00e9riel<\/td>\n<td>Variable\u00a0: cf. arr\u00eat\u00e9 minist\u00e9riel<\/td>\n<\/tr>\n<\/tbody>\n<\/table>\n<p>[\/vc_column_text][\/vc_column][\/vc_row][vc_row][vc_column][vc_empty_space][vc_column_text]<strong>Bilan de captures et d\u00e9claration de dommages en ligne<\/strong><\/p>\n<p>&nbsp;<\/p>\n<p><img loading=\"lazy\" decoding=\"async\" class=\"aligncenter wp-image-5591 size-full\" src=\"https:\/\/www.chasseurducentrevaldeloire.fr\/fdc41\/wp-content\/uploads\/sites\/8\/2022\/08\/Ren.jpg\" alt=\"\" width=\"728\" height=\"191\" srcset=\"https:\/\/www.save.chasseurducentrevaldeloire.fr\/fdc41\/wp-content\/uploads\/sites\/8\/2022\/08\/Ren.jpg 728w, https:\/\/www.save.chasseurducentrevaldeloire.fr\/fdc41\/wp-content\/uploads\/sites\/8\/2022\/08\/Ren-300x79.jpg 300w\" sizes=\"auto, (max-width: 728px) 100vw, 728px\" \/><\/p>\n<p>&nbsp;<\/p>\n<p>Si vous \u00eates pi\u00e9geur agr\u00e9\u00e9, vous devez obligatoirement nous retourner <b><u>avant le 30 septembre <\/u><\/b>votre bilan de captures par pi\u00e9geage, pour la campagne du <i>1er juillet au 30 juin. <a id=\"LPlnk630915\" class=\"x_OWAAutoLink\" title=\"https:\/\/forms.office.com\/Pages\/ResponsePage.aspx?id=48lNB_yuBkm2uXq2WB0U37Q2rSsCeJFLjCrxBbVYn9pUM1A5WDE4WDQ0SkFKSFpHVENWUjU0Q1JPVS4u\" href=\"https:\/\/forms.office.com\/pages\/responsepage.aspx?id=48lNB_yuBkm2uXq2WB0U37Q2rSsCeJFLjCrxBbVYn9pUMzZPV0ZVRDVEQVRYQkxOTlNSNktLRlM5Si4u&amp;route=shorturl\" target=\"_blank\" rel=\"noopener noreferrer\" data-auth=\"NotApplicable\" data-linkindex=\"2\"><span style=\"color: #2f5496\"><strong>Vous pouvez compl\u00e9ter votre bilan en ligne en cliquant ici.<\/strong><\/span><\/a>\u00a0<\/i><\/p>\n<p>&nbsp;<\/p>\n<p>&nbsp;<\/p>\n<p><strong><span style=\"color: #2f5496\"><a style=\"color: #2f5496\" href=\"https:\/\/forms.office.com\/Pages\/ResponsePage.aspx?id=48lNB_yuBkm2uXq2WB0U37Q2rSsCeJFLjCrxBbVYn9pUMFJFSlg2MjdLWFhOUDhHM0JMVkI5RzBSTS4u\" target=\"_blank\" rel=\"noopener\">Vous pouvez \u00e9galement remplir un formulaire de d\u00e9claration en ligne concernant les dommages commis chez les particuliers par les esp\u00e8ces ESOD<\/a>\u00a0<\/span> <\/strong><em>(d\u00e9g\u00e2ts sur les volailles, d\u00e9t\u00e9rioration des combles par des fouines, d\u00e9g\u00e2ts sur les digues par les ragondins, etc.)<\/em><\/p>\n<p>&nbsp;<\/p>\n<p>Nous tenons \u00e0 vous informer des nouvelles dispositions concernant les demandes d\u2019autorisation de destruction \u00e0 tir d\u2019esp\u00e8ces susceptibles d\u2019occasionner des d\u00e9g\u00e2ts pour la p\u00e9riode du 1er juillet 2024 au 30 juin 2025. \u00c0 partir de maintenant, toutes les demandes devront \u00eatre effectu\u00e9es de mani\u00e8re d\u00e9mat\u00e9rialis\u00e9e <a href=\"https:\/\/www.demarches-simplifiees.fr\/commencer\/demande-d-autorisation-de-destruction-a-tir-d-espe-5\" target=\"_blank\" rel=\"noopener\"><strong><span style=\"color: #2f5496\">en cliquant sur ce lien<\/span><\/strong><\/a>.[\/vc_column_text][\/vc_column][\/vc_row]<\/p>\n","protected":false},"excerpt":{"rendered":"<p>[vc_row][vc_column][vc_column_text] &nbsp; Suite au d\u00e9cret du 23 mars 2012, la f\u00e9d\u00e9ration des chasseurs de Loir-et-Cher vous informe que le classement d&rsquo;esp\u00e8ces susceptibles d\u2019occasionner des d\u00e9g\u00e2ts, pour chaque d\u00e9partement, rel\u00e8ve d\u00e9sormais d&rsquo;un arr\u00eat\u00e9 minist\u00e9riel.[\/vc_column_text][vc_empty_space][vc_column_text]L\u2019usage de la long rifle est interdit pour la chasse et la destruction&#8230;<\/p>\n","protected":false},"author":6,"featured_media":0,"parent":0,"menu_order":0,"comment_status":"closed","ping_status":"closed","template":"","meta":{"_acf_changed":false,"inline_featured_image":false,"_exactmetrics_skip_tracking":false,"_exactmetrics_sitenote_active":false,"_exactmetrics_sitenote_note":"","_exactmetrics_sitenote_category":0,"footnotes":""},"class_list":["post-3067","page","type-page","status-publish","hentry"],"acf":[],"publishpress_future_action":{"enabled":false,"date":"2026-04-18 13:58:34","action":"change-status","newStatus":"draft","terms":[],"taxonomy":"","extraData":[]},"publishpress_future_workflow_manual_trigger":{"enabledWorkflows":[]},"_links":{"self":[{"href":"https:\/\/www.save.chasseurducentrevaldeloire.fr\/fdc41\/wp-json\/wp\/v2\/pages\/3067","targetHints":{"allow":["GET"]}}],"collection":[{"href":"https:\/\/www.save.chasseurducentrevaldeloire.fr\/fdc41\/wp-json\/wp\/v2\/pages"}],"about":[{"href":"https:\/\/www.save.chasseurducentrevaldeloire.fr\/fdc41\/wp-json\/wp\/v2\/types\/page"}],"author":[{"embeddable":true,"href":"https:\/\/www.save.chasseurducentrevaldeloire.fr\/fdc41\/wp-json\/wp\/v2\/users\/6"}],"replies":[{"embeddable":true,"href":"https:\/\/www.save.chasseurducentrevaldeloire.fr\/fdc41\/wp-json\/wp\/v2\/comments?post=3067"}],"version-history":[{"count":35,"href":"https:\/\/www.save.chasseurducentrevaldeloire.fr\/fdc41\/wp-json\/wp\/v2\/pages\/3067\/revisions"}],"predecessor-version":[{"id":6658,"href":"https:\/\/www.save.chasseurducentrevaldeloire.fr\/fdc41\/wp-json\/wp\/v2\/pages\/3067\/revisions\/6658"}],"wp:attachment":[{"href":"https:\/\/www.save.chasseurducentrevaldeloire.fr\/fdc41\/wp-json\/wp\/v2\/media?parent=3067"}],"curies":[{"name":"wp","href":"https:\/\/api.w.org\/{rel}","templated":true}]}}