{"id":3055,"date":"2018-06-29T15:41:47","date_gmt":"2018-06-29T13:41:47","guid":{"rendered":"http:\/\/www.chasseurducentrevaldeloire.fr\/fdc41\/?page_id=3055"},"modified":"2024-11-18T16:01:27","modified_gmt":"2024-11-18T15:01:27","slug":"schema-de-gestion-cynegetique","status":"publish","type":"page","link":"https:\/\/www.save.chasseurducentrevaldeloire.fr\/fdc41\/schema-de-gestion-cynegetique\/","title":{"rendered":"Sch\u00e9ma de gestion cyn\u00e9g\u00e9tique"},"content":{"rendered":"<p>[vc_row][vc_column][vc_column_text]<\/p>\n<h3 style=\"text-align: center\">2024-2030<\/h3>\n<p>&nbsp;<\/p>\n<p><a href=\"https:\/\/www.calameo.com\/read\/00448070109c3629ed6de\" target=\"_blank\" rel=\"noopener\"><img loading=\"lazy\" decoding=\"async\" class=\"size-medium wp-image-6150 aligncenter\" src=\"https:\/\/www.chasseurducentrevaldeloire.fr\/fdc41\/wp-content\/uploads\/sites\/8\/2024\/05\/SDGC-2024-213x300.png\" alt=\"\" width=\"213\" height=\"300\" srcset=\"https:\/\/www.save.chasseurducentrevaldeloire.fr\/fdc41\/wp-content\/uploads\/sites\/8\/2024\/05\/SDGC-2024-213x300.png 213w, https:\/\/www.save.chasseurducentrevaldeloire.fr\/fdc41\/wp-content\/uploads\/sites\/8\/2024\/05\/SDGC-2024.png 657w\" sizes=\"auto, (max-width: 213px) 100vw, 213px\" \/><\/a>[\/vc_column_text][vc_empty_space][vc_column_text]Cet outil fonctionnel et l\u00e9gal, \u00e9labor\u00e9 et conduit par les F\u00e9d\u00e9rations D\u00e9partementales des Chasseurs (FDC), inscrit la chasse dans une perspective de <strong>gestion durable des esp\u00e8ces et des espaces<\/strong> et contribue \u00e9galement \u00e0 <strong>la politique environnementale dans le d\u00e9partement<\/strong>, en partenariat avec les acteurs du monde rural.<\/p>\n<p>C\u2019est un projet collectif et d\u2019int\u00e9r\u00eat g\u00e9n\u00e9ral.<\/p>\n<p>Il comporte tous les sujets relatifs \u00e0 la cyn\u00e9g\u00e9tique comme, entre autres, des avanc\u00e9es en mati\u00e8re de s\u00e9curit\u00e9 \u00e0 la chasse, d\u2019\u00e9ducation \u00e0 la nature, de pr\u00e9vention des d\u00e9g\u00e2ts et de gestion des populations.<\/p>\n<p><strong>T\u00e9l\u00e9charger\u00a0:<\/strong><\/p>\n<ul>\n<li>le <a href=\"https:\/\/www.calameo.com\/read\/00448070109c3629ed6de\" target=\"_blank\" rel=\"noopener\"><span style=\"color: #2f5496\"><strong>SDGC 2024-2030<\/strong><\/span><\/a><\/li>\n<li>l&rsquo;<span style=\"color: #2f5496\"><a style=\"color: #2f5496\" href=\"https:\/\/www.chasseurducentrevaldeloire.fr\/fdc41\/wp-content\/uploads\/sites\/8\/2024\/05\/Arrete-n\u00b041-2024-05-02-00002-du-02-05-2024-approuvant-le-4e-SDGC-de-Loir-et-Cher-et-annexe-1-2.pdf\" target=\"_blank\" rel=\"noopener\"><strong>arr\u00eat\u00e9 du 2 mai 2024 portant approbation du 4\u00e8me SDGC<\/strong><\/a><\/span><\/li>\n<li>la <a href=\"https:\/\/www.chasseurducentrevaldeloire.fr\/fdc41\/wp-content\/uploads\/sites\/8\/2024\/11\/Lettre-dinformation-SDGC.pdf\" target=\"_blank\" rel=\"noopener\"><strong><span style=\"color: #2f5496\">lettre d&rsquo;information<\/span><\/strong><\/a><\/li>\n<\/ul>\n<p>[\/vc_column_text][\/vc_column][\/vc_row]<\/p>\n","protected":false},"excerpt":{"rendered":"<p>[vc_row][vc_column][vc_column_text] 2024-2030 &nbsp; [\/vc_column_text][vc_empty_space][vc_column_text]Cet outil fonctionnel et l\u00e9gal, \u00e9labor\u00e9 et conduit par les F\u00e9d\u00e9rations D\u00e9partementales des Chasseurs (FDC), inscrit la chasse dans une perspective de gestion durable des esp\u00e8ces et des espaces et contribue \u00e9galement \u00e0 la politique environnementale dans le d\u00e9partement, en partenariat avec&#8230;<\/p>\n","protected":false},"author":6,"featured_media":0,"parent":0,"menu_order":0,"comment_status":"closed","ping_status":"closed","template":"","meta":{"_acf_changed":false,"inline_featured_image":false,"_exactmetrics_skip_tracking":false,"_exactmetrics_sitenote_active":false,"_exactmetrics_sitenote_note":"","_exactmetrics_sitenote_category":0,"footnotes":""},"class_list":["post-3055","page","type-page","status-publish","hentry"],"acf":[],"publishpress_future_action":{"enabled":false,"date":"2026-04-18 12:24:38","action":"change-status","newStatus":"draft","terms":[],"taxonomy":"","extraData":[]},"publishpress_future_workflow_manual_trigger":{"enabledWorkflows":[]},"_links":{"self":[{"href":"https:\/\/www.save.chasseurducentrevaldeloire.fr\/fdc41\/wp-json\/wp\/v2\/pages\/3055","targetHints":{"allow":["GET"]}}],"collection":[{"href":"https:\/\/www.save.chasseurducentrevaldeloire.fr\/fdc41\/wp-json\/wp\/v2\/pages"}],"about":[{"href":"https:\/\/www.save.chasseurducentrevaldeloire.fr\/fdc41\/wp-json\/wp\/v2\/types\/page"}],"author":[{"embeddable":true,"href":"https:\/\/www.save.chasseurducentrevaldeloire.fr\/fdc41\/wp-json\/wp\/v2\/users\/6"}],"replies":[{"embeddable":true,"href":"https:\/\/www.save.chasseurducentrevaldeloire.fr\/fdc41\/wp-json\/wp\/v2\/comments?post=3055"}],"version-history":[{"count":14,"href":"https:\/\/www.save.chasseurducentrevaldeloire.fr\/fdc41\/wp-json\/wp\/v2\/pages\/3055\/revisions"}],"predecessor-version":[{"id":6328,"href":"https:\/\/www.save.chasseurducentrevaldeloire.fr\/fdc41\/wp-json\/wp\/v2\/pages\/3055\/revisions\/6328"}],"wp:attachment":[{"href":"https:\/\/www.save.chasseurducentrevaldeloire.fr\/fdc41\/wp-json\/wp\/v2\/media?parent=3055"}],"curies":[{"name":"wp","href":"https:\/\/api.w.org\/{rel}","templated":true}]}}