{"id":3014,"date":"2018-06-05T11:10:45","date_gmt":"2018-06-05T09:10:45","guid":{"rendered":"http:\/\/www.chasseurducentrevaldeloire.fr\/fdc41\/?page_id=3014"},"modified":"2025-01-07T15:09:40","modified_gmt":"2025-01-07T14:09:40","slug":"lieutenants-de-louveterie","status":"publish","type":"page","link":"https:\/\/www.save.chasseurducentrevaldeloire.fr\/fdc41\/lieutenants-de-louveterie\/","title":{"rendered":"Lieutenants de louveterie"},"content":{"rendered":"<p>[vc_row][vc_column][vc_single_image image=\u00a0\u00bb6362&Prime; img_size=\u00a0\u00bbfull\u00a0\u00bb alignment=\u00a0\u00bbcenter\u00a0\u00bb onclick=\u00a0\u00bbimg_link_large\u00a0\u00bb img_link_target=\u00a0\u00bb_blank\u00a0\u00bb][\/vc_column][\/vc_row][vc_row][vc_column][vc_column_text]T\u00e9l\u00e9charger l&rsquo;<a href=\"https:\/\/www.chasseurducentrevaldeloire.fr\/fdc41\/wp-content\/uploads\/sites\/8\/2025\/01\/Arrete-du-06-janvier-2025-portant-nomination-des-lieutenants-de-louveterie.pdf\" target=\"_blank\" rel=\"noopener\"><span style=\"color: #2f5496\"><strong>Arr\u00eat\u00e9 du 6 janvier 2025 portant nomination des lieutenants de louveterie<\/strong><\/span><\/a>[\/vc_column_text][\/vc_column][\/vc_row]<\/p>\n","protected":false},"excerpt":{"rendered":"<p>[vc_row][vc_column][vc_single_image image=\u00a0\u00bb6362&Prime; img_size=\u00a0\u00bbfull\u00a0\u00bb alignment=\u00a0\u00bbcenter\u00a0\u00bb onclick=\u00a0\u00bbimg_link_large\u00a0\u00bb img_link_target=\u00a0\u00bb_blank\u00a0\u00bb][\/vc_column][\/vc_row][vc_row][vc_column][vc_column_text]T\u00e9l\u00e9charger l&rsquo;Arr\u00eat\u00e9 du 6 janvier 2025 portant nomination des lieutenants de louveterie[\/vc_column_text][\/vc_column][\/vc_row]<\/p>\n","protected":false},"author":2,"featured_media":0,"parent":0,"menu_order":0,"comment_status":"closed","ping_status":"closed","template":"","meta":{"_acf_changed":false,"inline_featured_image":false,"_exactmetrics_skip_tracking":false,"_exactmetrics_sitenote_active":false,"_exactmetrics_sitenote_note":"","_exactmetrics_sitenote_category":0,"footnotes":""},"class_list":["post-3014","page","type-page","status-publish","hentry"],"acf":[],"publishpress_future_action":{"enabled":false,"date":"2026-04-15 03:10:03","action":"change-status","newStatus":"draft","terms":[],"taxonomy":"","extraData":[]},"publishpress_future_workflow_manual_trigger":{"enabledWorkflows":[]},"_links":{"self":[{"href":"https:\/\/www.save.chasseurducentrevaldeloire.fr\/fdc41\/wp-json\/wp\/v2\/pages\/3014","targetHints":{"allow":["GET"]}}],"collection":[{"href":"https:\/\/www.save.chasseurducentrevaldeloire.fr\/fdc41\/wp-json\/wp\/v2\/pages"}],"about":[{"href":"https:\/\/www.save.chasseurducentrevaldeloire.fr\/fdc41\/wp-json\/wp\/v2\/types\/page"}],"author":[{"embeddable":true,"href":"https:\/\/www.save.chasseurducentrevaldeloire.fr\/fdc41\/wp-json\/wp\/v2\/users\/2"}],"replies":[{"embeddable":true,"href":"https:\/\/www.save.chasseurducentrevaldeloire.fr\/fdc41\/wp-json\/wp\/v2\/comments?post=3014"}],"version-history":[{"count":15,"href":"https:\/\/www.save.chasseurducentrevaldeloire.fr\/fdc41\/wp-json\/wp\/v2\/pages\/3014\/revisions"}],"predecessor-version":[{"id":6364,"href":"https:\/\/www.save.chasseurducentrevaldeloire.fr\/fdc41\/wp-json\/wp\/v2\/pages\/3014\/revisions\/6364"}],"wp:attachment":[{"href":"https:\/\/www.save.chasseurducentrevaldeloire.fr\/fdc41\/wp-json\/wp\/v2\/media?parent=3014"}],"curies":[{"name":"wp","href":"https:\/\/api.w.org\/{rel}","templated":true}]}}