{"id":3012,"date":"2018-06-05T11:07:38","date_gmt":"2018-06-05T09:07:38","guid":{"rendered":"http:\/\/www.chasseurducentrevaldeloire.fr\/fdc41\/?page_id=3012"},"modified":"2025-09-12T11:16:34","modified_gmt":"2025-09-12T09:16:34","slug":"conducteurs-de-chiens-de-sang","status":"publish","type":"page","link":"https:\/\/www.save.chasseurducentrevaldeloire.fr\/fdc41\/conducteurs-de-chiens-de-sang\/","title":{"rendered":"CONDUCTEURS DE CHIENS DE SANG"},"content":{"rendered":"<p>[vc_row][vc_column][vc_column_text]<\/p>\n<table width=\"499\">\n<tbody>\n<tr>\n<td style=\"text-align: center\" colspan=\"5\" width=\"499\"><strong>RECHERCHE DU GRAND GIBIER BLESSE<\/strong><\/p>\n<p>&nbsp;<\/td>\n<\/tr>\n<tr>\n<td colspan=\"5\" width=\"499\">\n<p style=\"text-align: center\"><strong>Conducteurs de chiens de sang agr\u00e9\u00e9s par l&rsquo;<span style=\"color: #9e0606\">UNUCR <\/span>ou l&rsquo;<span style=\"color: #008000\">ARGGB<\/span><\/strong><\/p>\n<p>&nbsp;<\/td>\n<\/tr>\n<tr>\n<td colspan=\"5\" width=\"499\">Par respect pour le grand gibier, faites contr\u00f4ler vos tirs et rechercher les animaux bless\u00e9s. <strong>Intervention b\u00e9n\u00e9vole <\/strong><\/td>\n<\/tr>\n<tr>\n<td width=\"168\"><span style=\"color: #9e0606\"><strong>BERT Beno\u00eet<\/strong><\/span><\/td>\n<td width=\"53\"><span style=\"color: #9e0606\">UNUCR<\/span><\/td>\n<td width=\"8\"><\/td>\n<td width=\"96\"><span style=\"color: #9e0606\">06 14 12 38 55<\/span><\/td>\n<td width=\"172\"><span style=\"color: #9e0606\">NOYERS s\/ CHER<\/span><\/td>\n<\/tr>\n<tr>\n<td width=\"168\"><span style=\"color: #9e0606\"><strong>BOTTREAU Nicolas<\/strong><\/span><\/td>\n<td width=\"53\"><span style=\"color: #9e0606\">UNUCR<\/span><\/td>\n<td width=\"8\"><\/td>\n<td width=\"96\"><span style=\"color: #9e0606\">06 88 01 70 35<\/span><\/td>\n<td width=\"172\"><span style=\"color: #9e0606\">NEUVY<\/span><\/td>\n<\/tr>\n<tr>\n<td width=\"168\"><span style=\"color: #9e0606\"><strong>BOURBON Thibault<\/strong><\/span><\/td>\n<td width=\"53\"><span style=\"color: #9e0606\">UNUCR<\/span><\/td>\n<td width=\"8\"><\/td>\n<td width=\"96\"><span style=\"color: #9e0606\">06 42 48 63 60<\/span><\/td>\n<td width=\"172\"><span style=\"color: #9e0606\">LA FERTE-IMBAULT<\/span><\/td>\n<\/tr>\n<tr>\n<td width=\"168\"><span style=\"color: #9e0606\"><strong>COLOMBIER Jean-Claude<\/strong><\/span><\/td>\n<td width=\"53\"><span style=\"color: #9e0606\">UNUCR<\/span><\/td>\n<td width=\"8\"><\/td>\n<td width=\"96\"><span style=\"color: #9e0606\">06 10 25 55 26<\/span><\/td>\n<td width=\"172\"><span style=\"color: #9e0606\">SUEVRES<\/span><\/td>\n<\/tr>\n<tr>\n<td width=\"168\"><span style=\"color: #008000\"><strong>COUDRAY Mathieu<\/strong><\/span><\/td>\n<td width=\"53\"><span style=\"color: #008000\">ARGGB<\/span><\/td>\n<td width=\"8\"><\/td>\n<td width=\"96\"><span style=\"color: #008000\">06 82 93 83 03<\/span><\/td>\n<td width=\"172\"><span style=\"color: #008000\">LA FERTE SAINT-CYR<\/span><\/td>\n<\/tr>\n<tr>\n<td width=\"168\"><span style=\"color: #9e0606\"><strong>COUTAN Dominique<\/strong><\/span><\/td>\n<td width=\"53\"><span style=\"color: #9e0606\">UNUCR<\/span><\/td>\n<td width=\"8\"><\/td>\n<td width=\"96\"><span style=\"color: #9e0606\">06 32 34 55 98<\/span><\/td>\n<td width=\"172\"><span style=\"color: #9e0606\">LA FERTE BEAUHARNAIS<\/span><\/td>\n<\/tr>\n<tr>\n<td width=\"168\"><span style=\"color: #9e0606\"><strong>DE BOVEE Jean-Fran\u00e7ois<\/strong><\/span><\/td>\n<td width=\"53\"><span style=\"color: #9e0606\">UNUCR<\/span><\/td>\n<td width=\"8\"><\/td>\n<td width=\"96\"><span style=\"color: #9e0606\">07 69 90 53 94<\/span><\/td>\n<td width=\"172\"><span style=\"color: #9e0606\">EPUISAY<\/span><\/td>\n<\/tr>\n<tr>\n<td width=\"168\"><span style=\"color: #9e0606\"><strong>DE BOVEE Pauline<\/strong><\/span><\/td>\n<td width=\"53\"><span style=\"color: #9e0606\">UNUCR<\/span><\/td>\n<td width=\"8\"><\/td>\n<td width=\"96\"><span style=\"color: #9e0606\">06 04 40 05 20<\/span><\/td>\n<td width=\"172\"><span style=\"color: #9e0606\">EPUISAY<\/span><\/td>\n<\/tr>\n<tr>\n<td width=\"168\"><span style=\"color: #9e0606\"><strong>DE GUILLEBON Beno\u00eet<\/strong><\/span><\/td>\n<td width=\"53\"><span style=\"color: #9e0606\">UNUCR<\/span><\/td>\n<td width=\"8\"><\/td>\n<td width=\"96\"><span style=\"color: #9e0606\">06 51 03 95 25<\/span><\/td>\n<td width=\"172\"><span style=\"color: #9e0606\">VOUZON<\/span><\/td>\n<\/tr>\n<tr>\n<td width=\"168\"><span style=\"color: #9e0606\"><strong>DE LA FERTE Herv\u00e9<\/strong><\/span><\/td>\n<td width=\"53\"><span style=\"color: #9e0606\">UNUCR<\/span><\/td>\n<td width=\"8\"><\/td>\n<td width=\"96\"><span style=\"color: #9e0606\">06 89 85 87 85<\/span><\/td>\n<td width=\"172\"><span style=\"color: #9e0606\">COUR-CHEVERNY<\/span><\/td>\n<\/tr>\n<tr>\n<td width=\"168\"><span style=\"color: #9e0606\"><strong>DESHAIES Daniel<\/strong><\/span><\/td>\n<td width=\"53\"><span style=\"color: #9e0606\">UNUCR<\/span><\/td>\n<td width=\"8\"><\/td>\n<td width=\"96\"><span style=\"color: #9e0606\">06 25 71 71 51<\/span><\/td>\n<td width=\"172\"><span style=\"color: #9e0606\">HERBAULT<\/span><\/td>\n<\/tr>\n<tr>\n<td width=\"168\"><span style=\"color: #9e0606\"><strong>DOYEN Marie<\/strong><\/span><\/td>\n<td width=\"53\"><span style=\"color: #9e0606\">UNUCR<\/span><\/td>\n<td width=\"8\"><\/td>\n<td width=\"96\"><span style=\"color: #9e0606\">06 81 66 56 09<\/span><\/td>\n<td width=\"172\"><span style=\"color: #9e0606\">MILLANCAY<\/span><\/td>\n<\/tr>\n<tr>\n<td width=\"168\"><span style=\"color: #9e0606\"><strong>GAMBIER Christian<\/strong><\/span><\/td>\n<td width=\"53\"><span style=\"color: #9e0606\">UNUCR<\/span><\/td>\n<td width=\"8\"><\/td>\n<td width=\"96\"><span style=\"color: #9e0606\">06 83 00 57 29<\/span><\/td>\n<td width=\"172\"><span style=\"color: #9e0606\">BAUZY<\/span><\/td>\n<\/tr>\n<tr>\n<td width=\"168\"><span style=\"color: #9e0606\"><strong>GERMOND Guy<\/strong><\/span><\/td>\n<td width=\"53\"><span style=\"color: #9e0606\">UNUCR<\/span><\/td>\n<td width=\"8\"><\/td>\n<td width=\"96\"><span style=\"color: #9e0606\">06 95 91 74 49<\/span><\/td>\n<td width=\"172\"><span style=\"color: #9e0606\">CH\u00c2TRES s\/ CHER<\/span><\/td>\n<\/tr>\n<tr>\n<td width=\"168\"><span style=\"color: #9e0606\"><strong>GIRARD Laurent<\/strong><\/span><\/td>\n<td width=\"53\"><span style=\"color: #9e0606\">UNUCR<\/span><\/td>\n<td width=\"8\"><\/td>\n<td width=\"96\"><span style=\"color: #9e0606\">06 82 41 20 01<\/span><\/td>\n<td width=\"172\"><span style=\"color: #9e0606\">ST-LOUP s\/ CHER<\/span><\/td>\n<\/tr>\n<tr>\n<td width=\"168\"><span style=\"color: #9e0606\"><strong>GRELET Yves<\/strong><\/span><\/td>\n<td width=\"53\"><span style=\"color: #9e0606\">UNUCR<\/span><\/td>\n<td width=\"8\"><\/td>\n<td width=\"96\"><span style=\"color: #9e0606\">06 75 02 62 49<\/span><\/td>\n<td width=\"172\"><span style=\"color: #9e0606\">POUILLE<\/span><\/td>\n<\/tr>\n<tr>\n<td width=\"168\"><span style=\"color: #9e0606\"><strong>JOLLY James<\/strong><\/span><\/td>\n<td width=\"53\"><span style=\"color: #9e0606\">UNUCR<\/span><\/td>\n<td width=\"8\"><\/td>\n<td width=\"96\"><span style=\"color: #9e0606\">06 84 93 56 06<\/span><\/td>\n<td width=\"172\"><span style=\"color: #9e0606\">CONAN<\/span><\/td>\n<\/tr>\n<tr>\n<td width=\"168\"><span style=\"color: #008000\"><strong>JOURNOUX Jean-Laurent<\/strong><\/span><\/td>\n<td width=\"53\"><span style=\"color: #008000\">ARGGB<\/span><\/td>\n<td width=\"8\"><\/td>\n<td width=\"96\"><span style=\"color: #008000\">06 23 30 58 15<\/span><\/td>\n<td width=\"172\"><span style=\"color: #008000\">LAMOTTE-BEUVRON<\/span><\/td>\n<\/tr>\n<tr>\n<td width=\"168\"><span style=\"color: #9e0606\"><strong>MASNEUF Georges<\/strong><\/span><\/td>\n<td width=\"53\"><span style=\"color: #9e0606\">UNUCR<\/span><\/td>\n<td width=\"8\"><\/td>\n<td width=\"96\"><span style=\"color: #9e0606\">06 80 14 75 20<\/span><\/td>\n<td width=\"172\"><span style=\"color: #9e0606\">SELLES ST-DENIS<\/span><\/td>\n<\/tr>\n<tr>\n<td width=\"168\"><span style=\"color: #9e0606\"><strong>MOYER Alexandre<\/strong><\/span><\/td>\n<td width=\"53\"><span style=\"color: #9e0606\">UNUCR<\/span><\/td>\n<td width=\"8\"><\/td>\n<td width=\"96\"><span style=\"color: #9e0606\">06 37 95 44 07<\/span><\/td>\n<td width=\"172\"><span style=\"color: #9e0606\">CH\u00c2TRES s\/ CHER<\/span><\/td>\n<\/tr>\n<tr>\n<td width=\"168\"><span style=\"color: #9e0606\"><strong>NEILZ Pierre<\/strong><\/span><\/td>\n<td width=\"53\"><span style=\"color: #9e0606\">UNUCR<\/span><\/td>\n<td width=\"8\"><\/td>\n<td width=\"96\"><span style=\"color: #9e0606\">06 87 79 77 13<\/span><\/td>\n<td width=\"172\"><span style=\"color: #9e0606\">VILLERABLE<\/span><\/td>\n<\/tr>\n<tr>\n<td width=\"168\"><span style=\"color: #9e0606\"><strong>OG\u00c9 Jean-Christophe<\/strong><\/span><\/td>\n<td width=\"53\"><span style=\"color: #9e0606\">UNUCR<\/span><\/td>\n<td width=\"8\"><\/td>\n<td width=\"96\"><span style=\"color: #9e0606\">06 80 08 42 03<\/span><\/td>\n<td width=\"172\"><span style=\"color: #9e0606\">NEUVY<\/span><\/td>\n<\/tr>\n<tr>\n<td width=\"168\"><span style=\"color: #9e0606\"><strong>PAVONE R\u00e9mi<\/strong><\/span><\/td>\n<td width=\"53\"><span style=\"color: #9e0606\">UNUCR<\/span><\/td>\n<td width=\"8\"><\/td>\n<td width=\"96\"><span style=\"color: #9e0606\">06 67 11 26 59<\/span><\/td>\n<td width=\"172\"><span style=\"color: #9e0606\">CONTRES<\/span><\/td>\n<\/tr>\n<tr>\n<td width=\"168\"><span style=\"color: #9e0606\"><strong>PETIT Didier<\/strong><\/span><\/td>\n<td width=\"53\"><span style=\"color: #9e0606\">UNUCR<\/span><\/td>\n<td width=\"8\"><\/td>\n<td width=\"96\"><span style=\"color: #9e0606\">06 82 03 13 18<\/span><\/td>\n<td width=\"172\"><span style=\"color: #9e0606\">LA FERTE-IMBAULT<\/span><\/td>\n<\/tr>\n<tr>\n<td width=\"168\"><span style=\"color: #9e0606\"><strong>PIETU J\u00e9r\u00f4me<\/strong><\/span><\/td>\n<td width=\"53\"><span style=\"color: #9e0606\">UNUCR<\/span><\/td>\n<td width=\"8\"><\/td>\n<td width=\"96\"><span style=\"color: #9e0606\">06 32 94 80 89<\/span><\/td>\n<td width=\"172\"><span style=\"color: #9e0606\">MUR DE SOLOGNE<\/span><\/td>\n<\/tr>\n<tr>\n<td width=\"168\"><span style=\"color: #9e0606\"><strong>RILLIET Henri<\/strong><\/span><\/td>\n<td width=\"53\"><span style=\"color: #9e0606\">UNUCR<\/span><\/td>\n<td width=\"8\"><\/td>\n<td width=\"96\"><span style=\"color: #9e0606\">06 82 74 16 73<\/span><\/td>\n<td width=\"172\"><span style=\"color: #9e0606\">VEND\u00d4ME<\/span><\/td>\n<\/tr>\n<tr>\n<td width=\"168\"><span style=\"color: #9e0606\"><strong>SICAULT David<\/strong><\/span><\/td>\n<td width=\"53\"><span style=\"color: #9e0606\">UNUCR<\/span><\/td>\n<td width=\"8\"><\/td>\n<td width=\"96\"><span style=\"color: #9e0606\">\u00a006 63 76 88 17<\/span><\/td>\n<td width=\"172\"><span style=\"color: #9e0606\">SASSAY<\/span><\/td>\n<\/tr>\n<tr>\n<td width=\"168\"><span style=\"color: #9e0606\"><strong>SUCHAUD Guy<\/strong><\/span><\/td>\n<td width=\"53\"><span style=\"color: #9e0606\">UNUCR<\/span><\/td>\n<td width=\"8\"><\/td>\n<td width=\"96\"><span style=\"color: #9e0606\">06 72 16 79 14<\/span><\/td>\n<td width=\"172\"><span style=\"color: #9e0606\">CHAON<\/span><\/td>\n<\/tr>\n<tr>\n<td width=\"168\"><\/td>\n<td width=\"53\"><\/td>\n<td width=\"8\"><\/td>\n<td width=\"96\"><\/td>\n<td width=\"172\"><\/td>\n<\/tr>\n<tr>\n<td colspan=\"5\" width=\"499\">\n<p style=\"text-align: center\"><em>Pensez \u00e0 signaler vos cerfs coiff\u00e9s retrouv\u00e9s \u00e0 l&rsquo;aide d&rsquo;un conducteur, lors de l&rsquo;exposition des troph\u00e9es. Merci !<\/em><\/p>\n<\/td>\n<\/tr>\n<\/tbody>\n<\/table>\n<p>[\/vc_column_text][\/vc_column][\/vc_row][vc_row][vc_column][vc_single_image image=\u00a0\u00bb6621&Prime; img_size=\u00a0\u00bbfull\u00a0\u00bb alignment=\u00a0\u00bbcenter\u00a0\u00bb][\/vc_column][\/vc_row][vc_row][vc_column][vc_column_text]T\u00e9l\u00e9charger la <a href=\"https:\/\/www.chasseurducentrevaldeloire.fr\/fdc41\/wp-content\/uploads\/sites\/8\/2025\/08\/Conducteurs_chiens_sang_agrees_202526_V2-scaled.png\" target=\"_blank\" rel=\"noopener\"><strong><span style=\"color: #2f5496\">carte des conducteurs<\/span><\/strong><\/a>[\/vc_column_text][\/vc_column][\/vc_row][vc_row][vc_column][vc_column_text][\/vc_column_text][\/vc_column][\/vc_row][vc_row][vc_column][\/vc_column][\/vc_row]<\/p>\n","protected":false},"excerpt":{"rendered":"<p>[vc_row][vc_column][vc_column_text] RECHERCHE DU GRAND GIBIER BLESSE &nbsp; Conducteurs de chiens de sang agr\u00e9\u00e9s par l&rsquo;UNUCR ou l&rsquo;ARGGB &nbsp; Par respect pour le grand gibier, faites contr\u00f4ler vos tirs et rechercher les animaux bless\u00e9s. Intervention b\u00e9n\u00e9vole BERT Beno\u00eet UNUCR 06 14 12 38 55 NOYERS s\/&#8230;<\/p>\n","protected":false},"author":2,"featured_media":0,"parent":0,"menu_order":0,"comment_status":"closed","ping_status":"closed","template":"","meta":{"_acf_changed":false,"inline_featured_image":false,"_exactmetrics_skip_tracking":false,"_exactmetrics_sitenote_active":false,"_exactmetrics_sitenote_note":"","_exactmetrics_sitenote_category":0,"footnotes":""},"class_list":["post-3012","page","type-page","status-publish","hentry"],"acf":[],"publishpress_future_action":{"enabled":false,"date":"2026-04-18 13:58:36","action":"change-status","newStatus":"draft","terms":[],"taxonomy":"","extraData":[]},"publishpress_future_workflow_manual_trigger":{"enabledWorkflows":[]},"_links":{"self":[{"href":"https:\/\/www.save.chasseurducentrevaldeloire.fr\/fdc41\/wp-json\/wp\/v2\/pages\/3012","targetHints":{"allow":["GET"]}}],"collection":[{"href":"https:\/\/www.save.chasseurducentrevaldeloire.fr\/fdc41\/wp-json\/wp\/v2\/pages"}],"about":[{"href":"https:\/\/www.save.chasseurducentrevaldeloire.fr\/fdc41\/wp-json\/wp\/v2\/types\/page"}],"author":[{"embeddable":true,"href":"https:\/\/www.save.chasseurducentrevaldeloire.fr\/fdc41\/wp-json\/wp\/v2\/users\/2"}],"replies":[{"embeddable":true,"href":"https:\/\/www.save.chasseurducentrevaldeloire.fr\/fdc41\/wp-json\/wp\/v2\/comments?post=3012"}],"version-history":[{"count":48,"href":"https:\/\/www.save.chasseurducentrevaldeloire.fr\/fdc41\/wp-json\/wp\/v2\/pages\/3012\/revisions"}],"predecessor-version":[{"id":6622,"href":"https:\/\/www.save.chasseurducentrevaldeloire.fr\/fdc41\/wp-json\/wp\/v2\/pages\/3012\/revisions\/6622"}],"wp:attachment":[{"href":"https:\/\/www.save.chasseurducentrevaldeloire.fr\/fdc41\/wp-json\/wp\/v2\/media?parent=3012"}],"curies":[{"name":"wp","href":"https:\/\/api.w.org\/{rel}","templated":true}]}}