{"id":3007,"date":"2018-06-05T10:52:26","date_gmt":"2018-06-05T08:52:26","guid":{"rendered":"http:\/\/www.chasseurducentrevaldeloire.fr\/fdc41\/?page_id=3007"},"modified":"2025-11-14T16:25:19","modified_gmt":"2025-11-14T15:25:19","slug":"associations","status":"publish","type":"page","link":"https:\/\/www.save.chasseurducentrevaldeloire.fr\/fdc41\/associations\/","title":{"rendered":"Associations"},"content":{"rendered":"<p>[vc_row][vc_column][vc_row_inner el_class=\u00a0\u00bbasso\u00a0\u00bb][vc_column_inner el_class=\u00a0\u00bbasso-text\u00a0\u00bb]<div class=\"qodef-accordion-holder clearfix qodef-accordion qodef-initial \">\n\t<h4 class=\"clearfix qodef-title-holder\" >\n\t<span class=\"qodef-accordion-mark qodef-left-mark\">\n\t\t<span class=\"qodef-accordion-mark-icon\">\n\t\t\t<span class=\"icon_plus\"><\/span>\n\t\t\t<span class=\"icon_minus-06\"><\/span>\n\t\t<\/span>\n\t<\/span>\n\t<span class=\"qodef-tab-title\">\n\t\t<span class=\"qodef-tab-title-inner\">\n\t\t\tAssociation D\u00e9partementale du Club des B\u00e9cassiers\t\t<\/span>\n\t<\/span>\n<\/h4>\n<div class=\"qodef-accordion-content\">\n\t<div class=\"qodef-accordion-content-inner\">\n\t\t[vc_column_text]<strong>Pr\u00e9sident<\/strong> : Arthur BERGER<\/p>\n<p><strong>Secr\u00e9taire<\/strong> : Bernard LEPARRE<\/p>\n<p><strong>Tr\u00e9sorier<\/strong> : Jean-Claude POUGET<\/p>\n<p>Contact :<span style=\"color: #2f5496\"><strong><a style=\"color: #2f5496\" href=\"mailto:arthurberger@gmail.com\" target=\"_blank\" rel=\"noopener\">arthurberger@gmail.com<\/a><\/strong><\/span><\/p>\n<p><a href=\"http:\/\/www.clubnationaldesbecassiers.net\/pw\/\"><strong><span style=\"color: #2f5496\">clubnationaldesbecassiers.net<\/span><\/strong><\/a>[\/vc_column_text]\t<\/div>\n<\/div>\n<h4 class=\"clearfix qodef-title-holder\" >\n\t<span class=\"qodef-accordion-mark qodef-left-mark\">\n\t\t<span class=\"qodef-accordion-mark-icon\">\n\t\t\t<span class=\"icon_plus\"><\/span>\n\t\t\t<span class=\"icon_minus-06\"><\/span>\n\t\t<\/span>\n\t<\/span>\n\t<span class=\"qodef-tab-title\">\n\t\t<span class=\"qodef-tab-title-inner\">\n\t\t\tD\u00e9l\u00e9gation R\u00e9gionale Centre et Ile de France de la Soci\u00e9t\u00e9 de V\u00e9nerie\t\t<\/span>\n\t<\/span>\n<\/h4>\n<div class=\"qodef-accordion-content\">\n\t<div class=\"qodef-accordion-content-inner\">\n\t\t[vc_column_text]D\u00e9l\u00e9gu\u00e9 D\u00e9partemental : Chantal Langlais<\/p>\n<p>37 rue de Sully &#8211; 41250 Bracieux<\/p>\n<p>06 83 86 96 85<\/p>\n<p><a href=\"mailto:chlanglais@gmail.com\">chlanglais@gmail.com<\/a>[\/vc_column_text]\t<\/div>\n<\/div>\n<h4 class=\"clearfix qodef-title-holder\" >\n\t<span class=\"qodef-accordion-mark qodef-left-mark\">\n\t\t<span class=\"qodef-accordion-mark-icon\">\n\t\t\t<span class=\"icon_plus\"><\/span>\n\t\t\t<span class=\"icon_minus-06\"><\/span>\n\t\t<\/span>\n\t<\/span>\n\t<span class=\"qodef-tab-title\">\n\t\t<span class=\"qodef-tab-title-inner\">\n\t\t\tChasse \u00e0 l\u2019Arc Beauce Sologne\t\t<\/span>\n\t<\/span>\n<\/h4>\n<div class=\"qodef-accordion-content\">\n\t<div class=\"qodef-accordion-content-inner\">\n\t\t[vc_column_text]<strong>Pr\u00e9siden<\/strong>t : <span data-olk-copy-source=\"MessageBody\">Matthieu Demigne<\/span><\/p>\n<p>&nbsp;<\/p>\n<p>FDC 41 &#8211; 36, Rue des Laudi\u00e8res\u00a0 &#8211;\u00a0 41353 Vineuil Cedex<\/p>\n<p>&nbsp;<\/p>\n<p>Site Internet : <u><a href=\"http:\/\/www.cabs41.com\"><span style=\"color: #2f5496\"><strong>www.cabs41.com<\/strong><\/span><\/a><\/u><\/p>\n<p><span style=\"color: #2f5496\"><strong><u><a style=\"color: #2f5496\" href=\"mailto:contact@cabs41.com\">contact@cabs41.com<\/a><\/u><\/strong><\/span>[\/vc_column_text]\t<\/div>\n<\/div>\n<h4 class=\"clearfix qodef-title-holder\" >\n\t<span class=\"qodef-accordion-mark qodef-left-mark\">\n\t\t<span class=\"qodef-accordion-mark-icon\">\n\t\t\t<span class=\"icon_plus\"><\/span>\n\t\t\t<span class=\"icon_minus-06\"><\/span>\n\t\t<\/span>\n\t<\/span>\n\t<span class=\"qodef-tab-title\">\n\t\t<span class=\"qodef-tab-title-inner\">\n\t\t\tAssociation Fran\u00e7aise pour l\u2019avenir de la chasse aux chiens courants 41\t\t<\/span>\n\t<\/span>\n<\/h4>\n<div class=\"qodef-accordion-content\">\n\t<div class=\"qodef-accordion-content-inner\">\n\t\t[vc_column_text]Pr\u00e9sident : Alain BERNARD<\/p>\n<p>Adresse mail\u00a0: <strong><a href=\"mailto:alain.bernard303@orange.fr\"><span style=\"color: #2f5496\">alain.bernard303@orange.fr<\/span><\/a><\/strong><\/p>\n<p>T\u00e9l : 06.75.28.86.86<\/p>\n<p>Mail\u00a0: <strong><a href=\"mailto:alain.bernard303@orange.fr\"><span style=\"color: #2f5496\">alain.bernard303@orange.fr<\/span><\/a><\/strong>[\/vc_column_text]\t<\/div>\n<\/div>\n<h4 class=\"clearfix qodef-title-holder\" >\n\t<span class=\"qodef-accordion-mark qodef-left-mark\">\n\t\t<span class=\"qodef-accordion-mark-icon\">\n\t\t\t<span class=\"icon_plus\"><\/span>\n\t\t\t<span class=\"icon_minus-06\"><\/span>\n\t\t<\/span>\n\t<\/span>\n\t<span class=\"qodef-tab-title\">\n\t\t<span class=\"qodef-tab-title-inner\">\n\t\t\tClub d\u2019utilisation sportif de chiens d\u2019arr\u00eat du Loir-et-Cher (CUSCA41)\t\t<\/span>\n\t<\/span>\n<\/h4>\n<div class=\"qodef-accordion-content\">\n\t<div class=\"qodef-accordion-content-inner\">\n\t\t[vc_column_text]Pr\u00e9sident : Alain Rabier<\/p>\n<p>13, Avenue de BLOIS<\/p>\n<p>41190 MOLINEUFVALENCISSE<\/p>\n<p>06 09 71 80 94<\/p>\n<p><a href=\"mailto:alainrabier@gmai.com\"><span style=\"color: #2f5496\"><strong>alainrabier@gmail.com<\/strong><\/span><\/a><\/p>\n<p>Secr\u00e9taire\u00a0: No\u00eblle Cherrier-Leveque[\/vc_column_text]\t<\/div>\n<\/div>\n<h4 class=\"clearfix qodef-title-holder\" >\n\t<span class=\"qodef-accordion-mark qodef-left-mark\">\n\t\t<span class=\"qodef-accordion-mark-icon\">\n\t\t\t<span class=\"icon_plus\"><\/span>\n\t\t\t<span class=\"icon_minus-06\"><\/span>\n\t\t<\/span>\n\t<\/span>\n\t<span class=\"qodef-tab-title\">\n\t\t<span class=\"qodef-tab-title-inner\">\n\t\t\tAssociation D\u00e9partementale des Chasseurs de Gibier d\u2019Eau (ADCGE41)\t\t<\/span>\n\t<\/span>\n<\/h4>\n<div class=\"qodef-accordion-content\">\n\t<div class=\"qodef-accordion-content-inner\">\n\t\t[vc_column_text]Pr\u00e9sident\u00a0:\u00a0<b>Thibaut GASC<\/b><\/p>\n<p>&nbsp;<\/p>\n<p>Secr\u00e9tariat ADCGE 41 : Alain MARCHAU<\/p>\n<p>&nbsp;<\/p>\n<p>101 route de Tournay\u00a0 \u00a0&#8211;\u00a0 \u00a041150 CHAUMONT SUR LOIRE<\/p>\n<p>&nbsp;<\/p>\n<p>t\u00e9l\u00e9phone: 06 41 91 48 06 \/ 02 54 33 92 29<\/p>\n<p>Mail : <span style=\"color: #2f5496\"><strong><u><a style=\"color: #2f5496\" href=\"mailto:secreta.adcge41@orange.fr\">secreta.adcge41@orange.fr<\/a><\/u><\/strong><\/span> \/ <u><a href=\"mailto:marchau.alain@orange.fr\"><strong><span style=\"color: #2f5496\">marchau.alain@orange.fr<\/span><\/strong><\/a><\/u>[\/vc_column_text]\t<\/div>\n<\/div>\n<h4 class=\"clearfix qodef-title-holder\" >\n\t<span class=\"qodef-accordion-mark qodef-left-mark\">\n\t\t<span class=\"qodef-accordion-mark-icon\">\n\t\t\t<span class=\"icon_plus\"><\/span>\n\t\t\t<span class=\"icon_minus-06\"><\/span>\n\t\t<\/span>\n\t<\/span>\n\t<span class=\"qodef-tab-title\">\n\t\t<span class=\"qodef-tab-title-inner\">\n\t\t\tAssociation D\u00e9partementale des Chasseurs de Grand Gibier\t\t<\/span>\n\t<\/span>\n<\/h4>\n<div class=\"qodef-accordion-content\">\n\t<div class=\"qodef-accordion-content-inner\">\n\t\t[vc_column_text]Pr\u00e9sident : <strong>Philippe LAVALLART<\/strong><\/p>\n<p>&nbsp;<\/p>\n<p>40, Grande Rue\u00a0 \u00a0&#8211;\u00a0 \u00a041500 LESTIOU<\/p>\n<p>&nbsp;<\/p>\n<p>T\u00e9l. : 06.08.10.10.24<br \/>\n<span style=\"color: #2f5496\"><strong><u><a style=\"color: #2f5496\" href=\"mailto:p.lavallart@agglopolys.fr\">p.lavallart@agglopolys.fr<\/a><\/u><\/strong><\/span><br \/>\n<span style=\"color: #2f5496\"><strong><u><a style=\"color: #2f5496\" href=\"http:\/\/www.ancgg.org\/ad41\/\">http:\/\/www.ancgg.org\/ad41\/<\/a><\/u><\/strong><\/span><\/p>\n<p>&nbsp;<\/p>\n<p><span style=\"color: #2f5496\"><strong><a style=\"color: #2f5496\" href=\"https:\/\/www.chasseurducentrevaldeloire.fr\/fdc41\/wp-content\/uploads\/sites\/8\/2020\/01\/formation_equilibreforetgibier2020.pdf\" target=\"_blank\" rel=\"noopener noreferrer\"><u>Formation sur l&rsquo;\u00e9quilibre for\u00eat-gibier<\/u><\/a><\/strong><\/span><\/p>\n<p>[\/vc_column_text]\t<\/div>\n<\/div>\n<h4 class=\"clearfix qodef-title-holder\" >\n\t<span class=\"qodef-accordion-mark qodef-left-mark\">\n\t\t<span class=\"qodef-accordion-mark-icon\">\n\t\t\t<span class=\"icon_plus\"><\/span>\n\t\t\t<span class=\"icon_minus-06\"><\/span>\n\t\t<\/span>\n\t<\/span>\n\t<span class=\"qodef-tab-title\">\n\t\t<span class=\"qodef-tab-title-inner\">\n\t\t\tAssociation D\u00e9partementale des Jeunes Chasseurs de Loir-et-Cher (AJC41)\t\t<\/span>\n\t<\/span>\n<\/h4>\n<div class=\"qodef-accordion-content\">\n\t<div class=\"qodef-accordion-content-inner\">\n\t\t[vc_column_text]Pr\u00e9sident : <span style=\"font-size: small\"> OUISSE Nicolas<\/span><\/p>\n<ul>\n<li><span style=\"font-size: small\">36 rue des Laudi\u00e8res 41353 VINEUIL<\/span><\/li>\n<li>t\u00e9l. : <span style=\"font-size: small\"><span class=\"_5yl5_oo_editor_Editor_0_sandBox \">06-16-47-09-40<\/span><\/span><\/li>\n<li>email : <a href=\"mailto:nicolas.ouisse1994@gmail.com\"><u><span style=\"font-size: small\"><strong><span style=\"color: #2f5496\">nicolas.ouisse1994@gmail.com<\/span><\/strong><\/span><\/u><\/a><\/li>\n<\/ul>\n<p>&nbsp;<\/p>\n<p>Vice Pr\u00e9sident et Secr\u00e9taire : <span style=\"font-size: small\">CAPLAN Mathis<\/span><\/p>\n<p>&nbsp;<\/p>\n<p>Tr\u00e9sorier : <span style=\"font-size: small\"><span class=\"_5yl5\">LEGRAND Baptiste <\/span><\/span><\/p>\n<p>Secr\u00e9taire :<\/p>\n<p>&nbsp;<\/p>\n<p>Administrateurs : <span style=\"font-size: small\"><span class=\"_5yl5\">Verret Helo\u00efse, Grandpierre Yann, Simon Maxence, Leroy Jordan, Dervault Mathias<\/span><\/span><\/p>\n<p>&nbsp;<\/p>\n<p>Interlocuteur FDC 41 : PELTIER Denis<\/p>\n<ul>\n<li>tel. : 06-82-87-94-46<\/li>\n<\/ul>\n<p>&nbsp;<\/p>\n<p><span style=\"color: #2f5496\"><strong><u><a style=\"color: #2f5496\" href=\"mailto:ajc41@live.fr\">ajc41@live.fr<\/a><\/u><\/strong><\/span><\/p>\n<p>&nbsp;<\/p>\n<p>Sites Internet : <strong><span style=\"color: #2f5496\"><u><a style=\"color: #2f5496\" href=\"http:\/\/www.jeuneschasseursdefrance.fr\">www.jeuneschasseursdefrance.fr<\/a><\/u> <\/span><\/strong>et <u><a href=\"http:\/\/www.jeunes-chasseurs-loiretcher.fr\"><span style=\"color: #2f5496\"><strong>jeunes-chasseurs-loiretcher.fr<\/strong><\/span><\/a><\/u><\/p>\n<p>[\/vc_column_text]\t<\/div>\n<\/div>\n<h4 class=\"clearfix qodef-title-holder\" >\n\t<span class=\"qodef-accordion-mark qodef-left-mark\">\n\t\t<span class=\"qodef-accordion-mark-icon\">\n\t\t\t<span class=\"icon_plus\"><\/span>\n\t\t\t<span class=\"icon_minus-06\"><\/span>\n\t\t<\/span>\n\t<\/span>\n\t<span class=\"qodef-tab-title\">\n\t\t<span class=\"qodef-tab-title-inner\">\n\t\t\tAssociation D\u00e9partementale des Lieutenants de Louveterie\t\t<\/span>\n\t<\/span>\n<\/h4>\n<div class=\"qodef-accordion-content\">\n\t<div class=\"qodef-accordion-content-inner\">\n\t\t[vc_column_text]Contact : Alexandre de Beaudignies<\/p>\n<p>Direction D\u00e9partementale des Territoires &#8211; 31 mail Pierre Charlot &#8211; 41000 Blois<\/p>\n<p><strong>06 58 58 75 89\u00a0<\/strong><\/p>\n<p><a href=\"mailto:adebeaudignies@hotmail.fr\"><strong>adebeaudignies@hotmail.fr<\/strong><\/a>[\/vc_column_text]\t<\/div>\n<\/div>\n<h4 class=\"clearfix qodef-title-holder\" >\n\t<span class=\"qodef-accordion-mark qodef-left-mark\">\n\t\t<span class=\"qodef-accordion-mark-icon\">\n\t\t\t<span class=\"icon_plus\"><\/span>\n\t\t\t<span class=\"icon_minus-06\"><\/span>\n\t\t<\/span>\n\t<\/span>\n\t<span class=\"qodef-tab-title\">\n\t\t<span class=\"qodef-tab-title-inner\">\n\t\t\tAssociation de Gestion et de R\u00e9gulation des Esp\u00e8ces Pr\u00e9datrices, D\u00e9pr\u00e9datrices et Envahissantes de Loir-et-Cher (AGREPDE41)\t\t<\/span>\n\t<\/span>\n<\/h4>\n<div class=\"qodef-accordion-content\">\n\t<div class=\"qodef-accordion-content-inner\">\n\t\t[vc_column_text]Pr\u00e9sident : <strong>Gilles PAJON<\/strong><\/p>\n<p>&nbsp;<\/p>\n<p>FDC 41 &#8211; 36 rue des Laudi\u00e8res\u00a0 &#8211;\u00a0 BP 30068\u00a0 &#8211;\u00a0 41353 VINEUIL CEDEX<\/p>\n<p>&nbsp;<\/p>\n<p>T\u00e9l. : 02.54.98.81.07 et 06.87.83.78.88<br \/>\n<u><a href=\"mailto:aplcgp@orange.fr\"><span style=\"color: #2f5496\"><strong>aplcgp@orange.fr<\/strong><\/span><\/a><\/u>[\/vc_column_text]\t<\/div>\n<\/div>\n<h4 class=\"clearfix qodef-title-holder\" >\n\t<span class=\"qodef-accordion-mark qodef-left-mark\">\n\t\t<span class=\"qodef-accordion-mark-icon\">\n\t\t\t<span class=\"icon_plus\"><\/span>\n\t\t\t<span class=\"icon_minus-06\"><\/span>\n\t\t<\/span>\n\t<\/span>\n\t<span class=\"qodef-tab-title\">\n\t\t<span class=\"qodef-tab-title-inner\">\n\t\t\tAssociation D\u00e9partementale des Soci\u00e9t\u00e9s Communales de Chasse\t\t<\/span>\n\t<\/span>\n<\/h4>\n<div class=\"qodef-accordion-content\">\n\t<div class=\"qodef-accordion-content-inner\">\n\t\t[vc_column_text]Pr\u00e9sident :\u00a0<strong>Pierre RENAULT<\/strong><\/p>\n<p>&nbsp;<\/p>\n<p>LA BILLARDIERE\u00a0 &#8211;\u00a0 41310 LANCE<\/p>\n<p>&nbsp;<\/p>\n<p>T\u00e9l. : 02.54.82.89.33 et 06.86.62.30.80<br \/>\n<u><a href=\"mailto:pn.renault@orange.fr\"><span style=\"color: #2f5496\"><strong>pn.renault@orange.fr<\/strong><\/span><\/a><\/u>[\/vc_column_text]\t<\/div>\n<\/div>\n<h4 class=\"clearfix qodef-title-holder\" >\n\t<span class=\"qodef-accordion-mark qodef-left-mark\">\n\t\t<span class=\"qodef-accordion-mark-icon\">\n\t\t\t<span class=\"icon_plus\"><\/span>\n\t\t\t<span class=\"icon_minus-06\"><\/span>\n\t\t<\/span>\n\t<\/span>\n\t<span class=\"qodef-tab-title\">\n\t\t<span class=\"qodef-tab-title-inner\">\n\t\t\tUDGGCFS \u2013 Union D\u00e9partementale de Gestion des Groupements de la Chasse et de la Faune Sauvage de Loir et Cher\t\t<\/span>\n\t<\/span>\n<\/h4>\n<div class=\"qodef-accordion-content\">\n\t<div class=\"qodef-accordion-content-inner\">\n\t\t[vc_column_text]Pr\u00e9sident :\u00a0<strong>Laurent Menon<\/strong><\/p>\n<p>50 rue de Chambord<\/p>\n<p>41350 MONTLIVAULT<\/p>\n<p>06.60.93.85.69<\/p>\n<p>Contact :\u00a0 <span style=\"color: #2f5496\"><strong><a style=\"color: #2f5496\" href=\"mailto:menon.laurent@wanadoo.fr\" target=\"_blank\" rel=\"noopener\">menon.laurent@wanadoo.fr<\/a><\/strong><\/span>[\/vc_column_text]\t<\/div>\n<\/div>\n<h4 class=\"clearfix qodef-title-holder\" >\n\t<span class=\"qodef-accordion-mark qodef-left-mark\">\n\t\t<span class=\"qodef-accordion-mark-icon\">\n\t\t\t<span class=\"icon_plus\"><\/span>\n\t\t\t<span class=\"icon_minus-06\"><\/span>\n\t\t<\/span>\n\t<\/span>\n\t<span class=\"qodef-tab-title\">\n\t\t<span class=\"qodef-tab-title-inner\">\n\t\t\tUnion Nationale des Utilisateurs de Chiens de Rouge (UNUCR)\t\t<\/span>\n\t<\/span>\n<\/h4>\n<div class=\"qodef-accordion-content\">\n\t<div class=\"qodef-accordion-content-inner\">\n\t\t[vc_column_text]D\u00e9l\u00e9gu\u00e9e d\u00e9partementale : <strong>Marie DOYEN<\/strong><\/p>\n<p>19 rue du Colombier \u2013 41200 MILLANCAY<\/p>\n<p>T\u00e9l. 06 81 66 56 09<\/p>\n<p><a href=\"mailto:maje.doyen@orange.fr\"><span style=\"color: #2f5496\"><strong>maje.doyen@orange.fr<\/strong><\/span><\/a>[\/vc_column_text]\t<\/div>\n<\/div>\n<h4 class=\"clearfix qodef-title-holder\" >\n\t<span class=\"qodef-accordion-mark qodef-left-mark\">\n\t\t<span class=\"qodef-accordion-mark-icon\">\n\t\t\t<span class=\"icon_plus\"><\/span>\n\t\t\t<span class=\"icon_minus-06\"><\/span>\n\t\t<\/span>\n\t<\/span>\n\t<span class=\"qodef-tab-title\">\n\t\t<span class=\"qodef-tab-title-inner\">\n\t\t\tAssociation D\u00e9partementale de la V\u00e8nerie sous terre\t\t<\/span>\n\t<\/span>\n<\/h4>\n<div class=\"qodef-accordion-content\">\n\t<div class=\"qodef-accordion-content-inner\">\n\t\t[vc_column_text]D\u00e9l\u00e9gu\u00e9 d\u00e9partemental : Jean-Luc BOURDON<\/p>\n<p>&nbsp;<\/p>\n<p>448 route Clos de la Peni\u00e8re<\/p>\n<p>41200 ROMORANTIN-LANTHENAY<\/p>\n<p>06.58.60.07.00<\/p>\n<p>&nbsp;<\/p>\n<p>Mail\u00a0: <u><a href=\"mailto:jlbourdon@outlook.fr\"><span style=\"color: #2f5496\"><strong>jlbourdon@outlook.fr<\/strong><\/span><\/a><\/u><\/p>\n<p>&nbsp;<\/p>\n<p><a href=\"https:\/\/www.chasseurducentrevaldeloire.fr\/fdc41\/wp-content\/uploads\/sites\/8\/2022\/06\/Equipages-Venerie-sous-terre.pdf\" target=\"_blank\" rel=\"noopener\"><u><span style=\"color: #2f5496\"><strong>Pr\u00e9sentation &#8211; liste des \u00e9quipages de Loir-et-Cher<\/strong><\/span><\/u><\/a>[\/vc_column_text]\t<\/div>\n<\/div>\n<h4 class=\"clearfix qodef-title-holder\" >\n\t<span class=\"qodef-accordion-mark qodef-left-mark\">\n\t\t<span class=\"qodef-accordion-mark-icon\">\n\t\t\t<span class=\"icon_plus\"><\/span>\n\t\t\t<span class=\"icon_minus-06\"><\/span>\n\t\t<\/span>\n\t<\/span>\n\t<span class=\"qodef-tab-title\">\n\t\t<span class=\"qodef-tab-title-inner\">\n\t\t\tChasseresses de France - D\u00e9l\u00e9gation Centre-Val de Loire\t\t<\/span>\n\t<\/span>\n<\/h4>\n<div class=\"qodef-accordion-content\">\n\t<div class=\"qodef-accordion-content-inner\">\n\t\t[vc_column_text]FDC 41\u00a0&#8211; 36 rue des Laudi\u00e8res &#8211; BP 30068 &#8211; 41353 VINEUIL CEDEX<\/p>\n<p>Page Facebook : https:\/\/www.facebook.com\/profile.php?id=100018768424221<\/p>\n<p><strong><a href=\"mailto:anlcfcentrevaldeloire@gmail.com\"><span style=\"color: #2f5496\">anlcfcentrevaldeloire@gmail.com<\/span><\/a><\/strong><\/p>\n<p>&nbsp;<\/p>\n<p>D\u00e9l\u00e9gu\u00e9es\u00a0:<\/p>\n<p>&nbsp;<\/p>\n<ul>\n<li><strong>C\u00e9line MICHOT\u00a0<\/strong><\/li>\n<\/ul>\n<p>06 61 17 26 10<\/p>\n<p><a href=\"mailto:m.celine41@gmail.com\"><span style=\"color: #2f5496\"><strong>m.celine41@gmail.com<\/strong><\/span><\/a><\/p>\n<p>&nbsp;<\/p>\n<ul>\n<li><strong>Charlotte GUILLAUMAT <\/strong><\/li>\n<\/ul>\n<p>06 18 70 32 80<\/p>\n<p><a href=\"mailto:julien.charlotte@outlook.fr\"><span style=\"color: #2f5496\"><strong>julien.charlotte@outlook.fr<\/strong><\/span><\/a>[\/vc_column_text]\t<\/div>\n<\/div>\n<\/div>[\/vc_column_inner][\/vc_row_inner][\/vc_column][\/vc_row]<\/p>\n","protected":false},"excerpt":{"rendered":"<p>[vc_row][vc_column][vc_row_inner el_class=\u00a0\u00bbasso\u00a0\u00bb][vc_column_inner el_class=\u00a0\u00bbasso-text\u00a0\u00bb][\/vc_column_inner][\/vc_row_inner][\/vc_column][\/vc_row]<\/p>\n","protected":false},"author":2,"featured_media":0,"parent":0,"menu_order":0,"comment_status":"closed","ping_status":"closed","template":"","meta":{"_acf_changed":false,"inline_featured_image":false,"_exactmetrics_skip_tracking":false,"_exactmetrics_sitenote_active":false,"_exactmetrics_sitenote_note":"","_exactmetrics_sitenote_category":0,"footnotes":""},"class_list":["post-3007","page","type-page","status-publish","hentry"],"acf":[],"publishpress_future_action":{"enabled":false,"date":"2026-04-18 12:23:31","action":"change-status","newStatus":"draft","terms":[],"taxonomy":"","extraData":[]},"publishpress_future_workflow_manual_trigger":{"enabledWorkflows":[]},"_links":{"self":[{"href":"https:\/\/www.save.chasseurducentrevaldeloire.fr\/fdc41\/wp-json\/wp\/v2\/pages\/3007","targetHints":{"allow":["GET"]}}],"collection":[{"href":"https:\/\/www.save.chasseurducentrevaldeloire.fr\/fdc41\/wp-json\/wp\/v2\/pages"}],"about":[{"href":"https:\/\/www.save.chasseurducentrevaldeloire.fr\/fdc41\/wp-json\/wp\/v2\/types\/page"}],"author":[{"embeddable":true,"href":"https:\/\/www.save.chasseurducentrevaldeloire.fr\/fdc41\/wp-json\/wp\/v2\/users\/2"}],"replies":[{"embeddable":true,"href":"https:\/\/www.save.chasseurducentrevaldeloire.fr\/fdc41\/wp-json\/wp\/v2\/comments?post=3007"}],"version-history":[{"count":43,"href":"https:\/\/www.save.chasseurducentrevaldeloire.fr\/fdc41\/wp-json\/wp\/v2\/pages\/3007\/revisions"}],"predecessor-version":[{"id":6733,"href":"https:\/\/www.save.chasseurducentrevaldeloire.fr\/fdc41\/wp-json\/wp\/v2\/pages\/3007\/revisions\/6733"}],"wp:attachment":[{"href":"https:\/\/www.save.chasseurducentrevaldeloire.fr\/fdc41\/wp-json\/wp\/v2\/media?parent=3007"}],"curies":[{"name":"wp","href":"https:\/\/api.w.org\/{rel}","templated":true}]}}