{"id":2999,"date":"2018-06-05T10:33:01","date_gmt":"2018-06-05T08:33:01","guid":{"rendered":"http:\/\/www.chasseurducentrevaldeloire.fr\/fdc41\/?page_id=2999"},"modified":"2025-07-29T14:07:23","modified_gmt":"2025-07-29T12:07:23","slug":"le-personnel","status":"publish","type":"page","link":"https:\/\/www.save.chasseurducentrevaldeloire.fr\/fdc41\/le-personnel\/","title":{"rendered":"Le personnel"},"content":{"rendered":"<p>[vc_row][vc_column][vc_column_text]<strong>T\u00e9l\u00e9charger la <u><a href=\"https:\/\/www.chasseurducentrevaldeloire.fr\/fdc41\/wp-content\/uploads\/sites\/8\/2025\/07\/Secteurs_techniciens_2025_commnoire-compresse.pdf\" target=\"_blank\" rel=\"noopener noreferrer\"><span style=\"color: #2f5496\">carte des secteurs<\/span><\/a><\/u><\/strong>[\/vc_column_text][vc_empty_space][vc_column_text]<\/p>\n<table width=\"534\">\n<thead>\n<tr>\n<td colspan=\"3\"><strong>DES TECHNICIENS CHARGES DE LA GESTION DES ESPECES ET DES ESPACES :<\/strong><\/td>\n<\/tr>\n<\/thead>\n<tbody>\n<tr>\n<td>Techniciens<\/td>\n<td>Tel<\/td>\n<td>Mail<\/td>\n<\/tr>\n<tr>\n<td>BOURDAIS Serge<\/td>\n<td>06.82.87.94.49<\/p>\n<p>&nbsp;<\/p>\n<p>02.54.50.27.91<\/td>\n<td><span style=\"color: #2f5496\"><strong><a style=\"color: #2f5496\" href=\"mailto:sbourdais@fdc41.com\">sbourdais@fdc41.com<\/a><\/strong><\/span><\/td>\n<\/tr>\n<tr>\n<td>CHANTECAILLE St\u00e9phane<\/td>\n<td>06.82.87.94.44<\/p>\n<p>&nbsp;<\/p>\n<p>02.54.50.27.93<\/td>\n<td><span style=\"color: #2f5496\"><strong><u><a style=\"color: #2f5496\" href=\"mailto:schantecaille@fdc41.com\" target=\"_blank\" rel=\"noopener\"><span style=\"font-size: small\">schantecaille@fdc41.com<\/span><\/a><\/u><\/strong><\/span><\/td>\n<\/tr>\n<tr>\n<td>DERVAULT Mathias<\/p>\n<p><span style=\"font-size: small\">Centre de formation de Montrieux-en-Sologne<\/span><\/td>\n<td>06.82.87.94.51<\/p>\n<p>&nbsp;<\/p>\n<p>02.54.83.77.27<\/td>\n<td><span style=\"color: #2f5496\"><strong><a style=\"color: #2f5496\" href=\"mailto:montrieux@fdc41.com\">montrieux@fdc41.com<\/a><\/strong><\/span><\/td>\n<\/tr>\n<tr>\n<td>DIQUELOU Nathalie<\/td>\n<td>06.73.88.49.39<\/p>\n<p>&nbsp;<\/p>\n<p><span data-olk-copy-source=\"MessageBody\">02.54.50.27.94<\/span><\/td>\n<td><span style=\"color: #2f5496\"><strong><a style=\"color: #2f5496\" href=\"mailto:ndiquelou@fdc41.com\"><span style=\"font-size: small\">ndiquelou@fdc41.com<\/span><\/a><\/strong><\/span><\/td>\n<\/tr>\n<tr>\n<td>DOYEN Marie<\/p>\n<p><span style=\"font-size: small\">Animatrice environnement<\/span><\/td>\n<td>06.81.66.56.09<\/p>\n<p>&nbsp;<\/p>\n<p>02.54.50.27.97<\/td>\n<td><span style=\"color: #2f5496\"><strong><u><a style=\"color: #2f5496\" href=\"mailto:animation@fdc41.com\"><span style=\"font-size: small\">animation@fdc41.com<\/span><\/a><\/u><\/strong><\/span><\/td>\n<\/tr>\n<tr>\n<td>LEROY Fr\u00e9d\u00e9rique<\/td>\n<td>06.42.61.08.27<\/p>\n<p>&nbsp;<\/p>\n<p><span data-olk-copy-source=\"MessageBody\">02.54.50.27.98<\/span><\/td>\n<td><span style=\"color: #2f5496\"><strong><a style=\"color: #2f5496\" href=\"mailto:fleroy@fdc41.com\">fleroy@fdc41.com<\/a><\/strong><\/span><\/td>\n<\/tr>\n<tr>\n<td>SAUTEREAU Laurent<\/td>\n<td>06.82.87.94.50<\/p>\n<p>&nbsp;<\/p>\n<p><span data-olk-copy-source=\"MessageBody\">02.54.50.27.94<\/span><\/td>\n<td><span style=\"color: #2f5496\"><strong><u><a style=\"color: #2f5496\" href=\"mailto:lsautereau@fdc41.com\" target=\"_blank\" rel=\"noopener\"><span style=\"font-size: small\">lsautereau@fdc41.com<\/span><\/a><\/u><\/strong><\/span><\/td>\n<\/tr>\n<tr>\n<td>PELTIER Denis<\/td>\n<td>06.82.87.94.46<\/p>\n<p>&nbsp;<\/p>\n<p>02.54.50.27.95<\/td>\n<td><span style=\"color: #2f5496\"><strong><a style=\"color: #2f5496\" href=\"mailto:dpeltier@fdc41.com\">dpeltier@fdc41.com<\/a><\/strong><\/span><\/td>\n<\/tr>\n<tr>\n<td><span data-olk-copy-source=\"MessageBody\">BOUFFETTE Benjamin<\/span><\/td>\n<td>06.82.87.94.47<\/p>\n<p>&nbsp;<\/p>\n<p>02.54.50.27.96<\/td>\n<td><a href=\"mailto:bboufette@fdc41.com\"><span data-olk-copy-source=\"MessageBody\"><span style=\"color: #2f5496\"><strong>bboufette@fdc41.com<\/strong><\/span><\/span><\/a><\/td>\n<\/tr>\n<tr>\n<td>PINDON Guy<\/td>\n<td>06.82.87.94.45<\/p>\n<p>&nbsp;<\/p>\n<p>02.54.50.27.95<\/td>\n<td><span style=\"color: #2f5496\"><strong><u><a style=\"color: #2f5496\" href=\"mailto:gpindon@orange.fr\">gpindon@orange.fr<\/a><\/u><\/strong><\/span><\/td>\n<\/tr>\n<tr>\n<td>THUILIER Yves<\/td>\n<td>06.82.87.94.48<\/p>\n<p>&nbsp;<\/p>\n<p>02.54.50.07.36<\/td>\n<td><span style=\"color: #2f5496\"><strong><u><a style=\"color: #2f5496\" href=\"mailto:ythuilier@fdc41.com\"><span style=\"font-size: small\">ythuilier@fdc41.com<\/span><\/a><\/u><\/strong><\/span><\/td>\n<\/tr>\n<tr>\n<td>VINCENT Jean-Michel<\/td>\n<td>06.74.75.84.82<\/p>\n<p>&nbsp;<\/p>\n<p>02.54.50.27.98<\/td>\n<td><span style=\"color: #2f5496\"><strong><a style=\"color: #2f5496\" href=\"mailto:jmvincent@fdc41.com\">jmvincent@fdc41.com<\/a><\/strong><\/span><\/td>\n<\/tr>\n<tr>\n<td>Elo\u00efse SAILLARD<\/p>\n<p>Charg\u00e9e de mission environnement et g\u00e9omatique<\/td>\n<td>07.89.05.58.44<\/p>\n<p>&nbsp;<\/p>\n<p>02.54.50.01.52<\/td>\n<td><span style=\"font-size: small\"><b><\/b><span style=\"color: #2f5496\"><strong><a style=\"color: #2f5496\" href=\"mailto:cartographie@fdc41.com\">cartographie@fdc41.com<\/a><\/strong><\/span><b><\/b><\/span><\/td>\n<\/tr>\n<\/tbody>\n<\/table>\n<p>[\/vc_column_text][vc_empty_space][vc_column_text]<\/p>\n<table border=\"0\" width=\"100%\" cellspacing=\"0\" cellpadding=\"2\">\n<colgroup>\n<col width=\"138*\" \/>\n<col width=\"118*\" \/> <\/colgroup>\n<tbody>\n<tr>\n<td colspan=\"2\" width=\"100%\">\n<p align=\"CENTER\"><strong>UN PERSONNEL ADMINISTRATIF A VOTRE SERVICE<\/strong><\/p>\n<p>&nbsp;<\/td>\n<\/tr>\n<tr>\n<td width=\"54%\">\n<p align=\"CENTER\">Maddie SCHMITT<br \/>\nSecr\u00e9taire, H\u00f4tesse d\u2019accueil<br \/>\nT\u00e9l.\u00a0: 02 54 50 01 60<br \/>\nContact\u00a0:\u00a0<a href=\"mailto:mschmitt@fdc41.com\"><span style=\"color: #2f5496\"><strong>mschmitt@fdc41.com<\/strong><\/span><\/a><\/p>\n<p align=\"CENTER\">\n<\/td>\n<td width=\"46%\">\n<p align=\"CENTER\">Denise BRETON<br \/>\nInformaticienne, responsable service administratif<br \/>\nT\u00e9l.\u00a0: 02 54 50 27 90 \/ 06 76 73 21 47<br \/>\nContact\u00a0: <a href=\"mailto:dbreton@fdc41.com\"><span style=\"color: #2f5496\"><strong>dbreton@fdc41.com<\/strong><\/span><\/a><\/p>\n<\/td>\n<\/tr>\n<tr>\n<td width=\"54%\">\n<p align=\"CENTER\">Catherine NAUDIN<br \/>\nSecr\u00e9taire, D\u00e9g\u00e2ts de gibier<br \/>\nT\u00e9l.\u00a0: 02 54 50 01 57<br \/>\nContact\u00a0:\u00a0 <a href=\"mailto:cnaudin@fdc41.com\"><span style=\"color: #2f5496\"><strong>cnaudin@fdc41.com<\/strong><\/span><\/a><\/p>\n<\/td>\n<td width=\"46%\">\n<p align=\"CENTER\">Florence THIBAULT<br \/>\nSecr\u00e9taire technique, plans de chasse<br \/>\nT\u00e9l.\u00a0: 02 54 50 07 12<br \/>\nContact : <a href=\"mailto:fthibault@fdc41.com\"><span style=\"color: #2f5496\"><strong>fthibault@fdc41.com<\/strong><\/span><\/a><\/p>\n<\/td>\n<\/tr>\n<tr>\n<td width=\"54%\">\n<p align=\"CENTER\">Val\u00e9rie RENARD<br \/>\nResponsable Comptable et Financier<br \/>\nT\u00e9l. : 02 54 50 2789<br \/>\nContact\u00a0: <a href=\"mailto:vrenard@fdc41.com\"><span style=\"color: #2f5496\"><strong> vrenard@fdc41.com<\/strong><\/span><\/a><\/p>\n<\/td>\n<td width=\"46%\">\n<p align=\"CENTER\"><span data-olk-copy-source=\"MessageBody\">Rose PIJOAN<\/span><br \/>\nSecr\u00e9taire, adh\u00e9rents, validations<br \/>\nT\u00e9l.\u00a0: 02 54 50 07 14<br \/>\nContacts : <span style=\"color: #2f5496\"><a style=\"color: #2f5496\" href=\"mailto:rpijoan@fdc41.com\"><strong>rpijoan@fdc41.com<\/strong><\/a><\/span><\/p>\n<\/td>\n<\/tr>\n<tr>\n<td width=\"54%\">\n<p style=\"text-align: center\">Louis COTTA<br \/>\nCharg\u00e9 de communication<br \/>\nT\u00e9l. : 06 44 14 10 67 et 02 54 50 01 52<br \/>\nContact : <span style=\"color: #2f5496\"><strong><a style=\"color: #2f5496\" href=\"mailto:communication@fdc41.com\">communication@fdc41.com<\/a><\/strong><\/span><\/p>\n<\/td>\n<td width=\"46%\">\n<p style=\"text-align: center\">\n<\/td>\n<\/tr>\n<\/tbody>\n<\/table>\n<p>[\/vc_column_text][\/vc_column][\/vc_row]<\/p>\n","protected":false},"excerpt":{"rendered":"<p>[vc_row][vc_column][vc_column_text]T\u00e9l\u00e9charger la carte des secteurs[\/vc_column_text][vc_empty_space][vc_column_text] DES TECHNICIENS CHARGES DE LA GESTION DES ESPECES ET DES ESPACES : Techniciens Tel Mail BOURDAIS Serge 06.82.87.94.49 &nbsp; 02.54.50.27.91 sbourdais@fdc41.com CHANTECAILLE St\u00e9phane 06.82.87.94.44 &nbsp; 02.54.50.27.93 schantecaille@fdc41.com DERVAULT Mathias Centre de formation de Montrieux-en-Sologne 06.82.87.94.51 &nbsp; 02.54.83.77.27 montrieux@fdc41.com DIQUELOU Nathalie&#8230;<\/p>\n","protected":false},"author":2,"featured_media":0,"parent":0,"menu_order":0,"comment_status":"closed","ping_status":"closed","template":"","meta":{"_acf_changed":false,"inline_featured_image":false,"_exactmetrics_skip_tracking":false,"_exactmetrics_sitenote_active":false,"_exactmetrics_sitenote_note":"","_exactmetrics_sitenote_category":0,"footnotes":""},"class_list":["post-2999","page","type-page","status-publish","hentry"],"acf":[],"publishpress_future_action":{"enabled":false,"date":"2026-04-18 12:24:42","action":"change-status","newStatus":"draft","terms":[],"taxonomy":"","extraData":[]},"publishpress_future_workflow_manual_trigger":{"enabledWorkflows":[]},"_links":{"self":[{"href":"https:\/\/www.save.chasseurducentrevaldeloire.fr\/fdc41\/wp-json\/wp\/v2\/pages\/2999","targetHints":{"allow":["GET"]}}],"collection":[{"href":"https:\/\/www.save.chasseurducentrevaldeloire.fr\/fdc41\/wp-json\/wp\/v2\/pages"}],"about":[{"href":"https:\/\/www.save.chasseurducentrevaldeloire.fr\/fdc41\/wp-json\/wp\/v2\/types\/page"}],"author":[{"embeddable":true,"href":"https:\/\/www.save.chasseurducentrevaldeloire.fr\/fdc41\/wp-json\/wp\/v2\/users\/2"}],"replies":[{"embeddable":true,"href":"https:\/\/www.save.chasseurducentrevaldeloire.fr\/fdc41\/wp-json\/wp\/v2\/comments?post=2999"}],"version-history":[{"count":40,"href":"https:\/\/www.save.chasseurducentrevaldeloire.fr\/fdc41\/wp-json\/wp\/v2\/pages\/2999\/revisions"}],"predecessor-version":[{"id":6566,"href":"https:\/\/www.save.chasseurducentrevaldeloire.fr\/fdc41\/wp-json\/wp\/v2\/pages\/2999\/revisions\/6566"}],"wp:attachment":[{"href":"https:\/\/www.save.chasseurducentrevaldeloire.fr\/fdc41\/wp-json\/wp\/v2\/media?parent=2999"}],"curies":[{"name":"wp","href":"https:\/\/api.w.org\/{rel}","templated":true}]}}