{"id":2996,"date":"2018-06-05T10:30:14","date_gmt":"2018-06-05T08:30:14","guid":{"rendered":"http:\/\/www.chasseurducentrevaldeloire.fr\/fdc41\/?page_id=2996"},"modified":"2022-06-02T13:41:35","modified_gmt":"2022-06-02T11:41:35","slug":"conseil-dadministration","status":"publish","type":"page","link":"https:\/\/www.save.chasseurducentrevaldeloire.fr\/fdc41\/conseil-dadministration\/","title":{"rendered":"Conseil d\u2019Administration"},"content":{"rendered":"<p>[vc_row][vc_column][vc_column_text]<\/p>\n<table width=\"367\">\n<tbody>\n<tr>\n<td colspan=\"3\" width=\"367\">\n<h3>Beauce &#8211; G\u00e2tine Tourangelle<\/h3>\n<\/td>\n<\/tr>\n<tr>\n<td><img loading=\"lazy\" decoding=\"async\" class=\"alignnone size-medium wp-image-5390\" src=\"https:\/\/www.chasseurducentrevaldeloire.fr\/fdc41\/wp-content\/uploads\/sites\/8\/2022\/06\/J.-BESNARD-300x225.jpg\" alt=\"\" width=\"300\" height=\"225\" srcset=\"https:\/\/www.save.chasseurducentrevaldeloire.fr\/fdc41\/wp-content\/uploads\/sites\/8\/2022\/06\/J.-BESNARD-300x225.jpg 300w, https:\/\/www.save.chasseurducentrevaldeloire.fr\/fdc41\/wp-content\/uploads\/sites\/8\/2022\/06\/J.-BESNARD.jpg 600w\" sizes=\"auto, (max-width: 300px) 100vw, 300px\" \/><\/td>\n<td>BESNARD Jo\u00ebl<\/td>\n<td>VICE-PRESIDENT<\/td>\n<\/tr>\n<tr>\n<td><img loading=\"lazy\" decoding=\"async\" class=\"alignnone size-medium wp-image-5395\" src=\"https:\/\/www.chasseurducentrevaldeloire.fr\/fdc41\/wp-content\/uploads\/sites\/8\/2022\/06\/P.-COCHONNEAU-300x224.jpg\" alt=\"\" width=\"300\" height=\"224\" srcset=\"https:\/\/www.save.chasseurducentrevaldeloire.fr\/fdc41\/wp-content\/uploads\/sites\/8\/2022\/06\/P.-COCHONNEAU-300x224.jpg 300w, https:\/\/www.save.chasseurducentrevaldeloire.fr\/fdc41\/wp-content\/uploads\/sites\/8\/2022\/06\/P.-COCHONNEAU.jpg 600w\" sizes=\"auto, (max-width: 300px) 100vw, 300px\" \/><\/td>\n<td>COCHONNEAU Patrick<\/td>\n<td><\/td>\n<\/tr>\n<tr>\n<td><img loading=\"lazy\" decoding=\"async\" class=\"alignnone size-medium wp-image-5384\" src=\"https:\/\/www.chasseurducentrevaldeloire.fr\/fdc41\/wp-content\/uploads\/sites\/8\/2022\/06\/C.-DESROCHES-300x225.jpg\" alt=\"\" width=\"300\" height=\"225\" srcset=\"https:\/\/www.save.chasseurducentrevaldeloire.fr\/fdc41\/wp-content\/uploads\/sites\/8\/2022\/06\/C.-DESROCHES-300x225.jpg 300w, https:\/\/www.save.chasseurducentrevaldeloire.fr\/fdc41\/wp-content\/uploads\/sites\/8\/2022\/06\/C.-DESROCHES.jpg 600w\" sizes=\"auto, (max-width: 300px) 100vw, 300px\" \/><\/td>\n<td>DESROCHES Christophe<\/td>\n<td><\/td>\n<\/tr>\n<tr>\n<td><img loading=\"lazy\" decoding=\"async\" class=\"alignnone size-medium wp-image-5396\" src=\"https:\/\/www.chasseurducentrevaldeloire.fr\/fdc41\/wp-content\/uploads\/sites\/8\/2022\/06\/P.-RENAULT-300x223.jpg\" alt=\"\" width=\"300\" height=\"223\" srcset=\"https:\/\/www.save.chasseurducentrevaldeloire.fr\/fdc41\/wp-content\/uploads\/sites\/8\/2022\/06\/P.-RENAULT-300x223.jpg 300w, https:\/\/www.save.chasseurducentrevaldeloire.fr\/fdc41\/wp-content\/uploads\/sites\/8\/2022\/06\/P.-RENAULT.jpg 600w\" sizes=\"auto, (max-width: 300px) 100vw, 300px\" \/><\/td>\n<td>RENAULT Pierre<\/td>\n<td><\/td>\n<\/tr>\n<tr>\n<td colspan=\"3\">\n<h3>Coteaux du Loir &#8211; Perche Vend\u00f4mois &#8211; Perche<\/h3>\n<\/td>\n<\/tr>\n<tr>\n<td><img loading=\"lazy\" decoding=\"async\" class=\"alignnone size-medium wp-image-5386\" src=\"https:\/\/www.chasseurducentrevaldeloire.fr\/fdc41\/wp-content\/uploads\/sites\/8\/2022\/06\/D.-BIZIEUX-300x225.jpg\" alt=\"\" width=\"300\" height=\"225\" srcset=\"https:\/\/www.save.chasseurducentrevaldeloire.fr\/fdc41\/wp-content\/uploads\/sites\/8\/2022\/06\/D.-BIZIEUX-300x225.jpg 300w, https:\/\/www.save.chasseurducentrevaldeloire.fr\/fdc41\/wp-content\/uploads\/sites\/8\/2022\/06\/D.-BIZIEUX.jpg 600w\" sizes=\"auto, (max-width: 300px) 100vw, 300px\" \/><\/td>\n<td>BIZIEUX Damien<\/td>\n<td><\/td>\n<\/tr>\n<tr>\n<td><img loading=\"lazy\" decoding=\"async\" class=\"alignnone size-medium wp-image-5392\" src=\"https:\/\/www.chasseurducentrevaldeloire.fr\/fdc41\/wp-content\/uploads\/sites\/8\/2022\/06\/L.-MENON-300x225.jpg\" alt=\"\" width=\"300\" height=\"225\" srcset=\"https:\/\/www.save.chasseurducentrevaldeloire.fr\/fdc41\/wp-content\/uploads\/sites\/8\/2022\/06\/L.-MENON-300x225.jpg 300w, https:\/\/www.save.chasseurducentrevaldeloire.fr\/fdc41\/wp-content\/uploads\/sites\/8\/2022\/06\/L.-MENON.jpg 600w\" sizes=\"auto, (max-width: 300px) 100vw, 300px\" \/><\/td>\n<td>MENON Laurent<\/td>\n<td>TRESORIER ADJOINT<\/td>\n<\/tr>\n<tr>\n<td><img loading=\"lazy\" decoding=\"async\" class=\"alignnone size-medium wp-image-5391\" src=\"https:\/\/www.chasseurducentrevaldeloire.fr\/fdc41\/wp-content\/uploads\/sites\/8\/2022\/06\/JM-POISSON-300x224.jpg\" alt=\"\" width=\"300\" height=\"224\" srcset=\"https:\/\/www.save.chasseurducentrevaldeloire.fr\/fdc41\/wp-content\/uploads\/sites\/8\/2022\/06\/JM-POISSON-300x224.jpg 300w, https:\/\/www.save.chasseurducentrevaldeloire.fr\/fdc41\/wp-content\/uploads\/sites\/8\/2022\/06\/JM-POISSON.jpg 600w\" sizes=\"auto, (max-width: 300px) 100vw, 300px\" \/><\/td>\n<td>POISSON Jean-Marc<\/td>\n<td>TRESORIER<\/td>\n<\/tr>\n<tr>\n<td colspan=\"3\">\n<h3>Sologne &#8211; Champagne Berrichonne<\/h3>\n<\/td>\n<\/tr>\n<tr>\n<td><img loading=\"lazy\" decoding=\"async\" class=\"alignnone size-medium wp-image-5394\" src=\"https:\/\/www.chasseurducentrevaldeloire.fr\/fdc41\/wp-content\/uploads\/sites\/8\/2022\/06\/O.-DENIAU-300x225.jpg\" alt=\"\" width=\"300\" height=\"225\" srcset=\"https:\/\/www.save.chasseurducentrevaldeloire.fr\/fdc41\/wp-content\/uploads\/sites\/8\/2022\/06\/O.-DENIAU-300x225.jpg 300w, https:\/\/www.save.chasseurducentrevaldeloire.fr\/fdc41\/wp-content\/uploads\/sites\/8\/2022\/06\/O.-DENIAU.jpg 600w\" sizes=\"auto, (max-width: 300px) 100vw, 300px\" \/><\/td>\n<td>DENIAU Olivier<\/td>\n<td><\/td>\n<\/tr>\n<tr>\n<td><img loading=\"lazy\" decoding=\"async\" class=\"alignnone size-medium wp-image-5385\" src=\"https:\/\/www.chasseurducentrevaldeloire.fr\/fdc41\/wp-content\/uploads\/sites\/8\/2022\/06\/C.-GUILLAUMAT-300x224.jpg\" alt=\"\" width=\"300\" height=\"224\" srcset=\"https:\/\/www.save.chasseurducentrevaldeloire.fr\/fdc41\/wp-content\/uploads\/sites\/8\/2022\/06\/C.-GUILLAUMAT-300x224.jpg 300w, https:\/\/www.save.chasseurducentrevaldeloire.fr\/fdc41\/wp-content\/uploads\/sites\/8\/2022\/06\/C.-GUILLAUMAT.jpg 600w\" sizes=\"auto, (max-width: 300px) 100vw, 300px\" \/><\/td>\n<td>GUILLAUMAT Charlotte<\/td>\n<td><\/td>\n<\/tr>\n<tr>\n<td><img loading=\"lazy\" decoding=\"async\" class=\"alignnone size-medium wp-image-5398\" src=\"https:\/\/www.chasseurducentrevaldeloire.fr\/fdc41\/wp-content\/uploads\/sites\/8\/2022\/06\/PH.-LAVALLART-300x225.jpg\" alt=\"\" width=\"300\" height=\"225\" srcset=\"https:\/\/www.save.chasseurducentrevaldeloire.fr\/fdc41\/wp-content\/uploads\/sites\/8\/2022\/06\/PH.-LAVALLART-300x225.jpg 300w, https:\/\/www.save.chasseurducentrevaldeloire.fr\/fdc41\/wp-content\/uploads\/sites\/8\/2022\/06\/PH.-LAVALLART.jpg 600w\" sizes=\"auto, (max-width: 300px) 100vw, 300px\" \/><\/td>\n<td>LAVALLART Philippe<\/td>\n<td>SECRETAIRE<\/td>\n<\/tr>\n<tr>\n<td><img loading=\"lazy\" decoding=\"async\" class=\"alignnone size-medium wp-image-5388\" src=\"https:\/\/www.chasseurducentrevaldeloire.fr\/fdc41\/wp-content\/uploads\/sites\/8\/2022\/06\/G.-PAJON-300x225.jpg\" alt=\"\" width=\"300\" height=\"225\" srcset=\"https:\/\/www.save.chasseurducentrevaldeloire.fr\/fdc41\/wp-content\/uploads\/sites\/8\/2022\/06\/G.-PAJON-300x225.jpg 300w, https:\/\/www.save.chasseurducentrevaldeloire.fr\/fdc41\/wp-content\/uploads\/sites\/8\/2022\/06\/G.-PAJON.jpg 600w\" sizes=\"auto, (max-width: 300px) 100vw, 300px\" \/><\/td>\n<td>PAJON Gilles<\/td>\n<td>VICE-PRESIDENT<\/td>\n<\/tr>\n<tr>\n<td><img loading=\"lazy\" decoding=\"async\" class=\"alignnone size-medium wp-image-5389\" src=\"https:\/\/www.chasseurducentrevaldeloire.fr\/fdc41\/wp-content\/uploads\/sites\/8\/2022\/06\/HLV-300x225.jpg\" alt=\"\" width=\"300\" height=\"225\" srcset=\"https:\/\/www.save.chasseurducentrevaldeloire.fr\/fdc41\/wp-content\/uploads\/sites\/8\/2022\/06\/HLV-300x225.jpg 300w, https:\/\/www.save.chasseurducentrevaldeloire.fr\/fdc41\/wp-content\/uploads\/sites\/8\/2022\/06\/HLV.jpg 600w\" sizes=\"auto, (max-width: 300px) 100vw, 300px\" \/><\/td>\n<td>VUITTON Hubert-Louis<\/td>\n<td>PRESIDENT<\/td>\n<\/tr>\n<tr>\n<td colspan=\"3\">\n<h3>Sologne viticole &#8211; Plateaux bocagers &#8211; Vall\u00e9e de la Loire<\/h3>\n<\/td>\n<\/tr>\n<tr>\n<td><img loading=\"lazy\" decoding=\"async\" class=\"alignnone size-medium wp-image-5393\" src=\"https:\/\/www.chasseurducentrevaldeloire.fr\/fdc41\/wp-content\/uploads\/sites\/8\/2022\/06\/M.-GOUGEARD-300x225.jpg\" alt=\"\" width=\"300\" height=\"225\" srcset=\"https:\/\/www.save.chasseurducentrevaldeloire.fr\/fdc41\/wp-content\/uploads\/sites\/8\/2022\/06\/M.-GOUGEARD-300x225.jpg 300w, https:\/\/www.save.chasseurducentrevaldeloire.fr\/fdc41\/wp-content\/uploads\/sites\/8\/2022\/06\/M.-GOUGEARD.jpg 600w\" sizes=\"auto, (max-width: 300px) 100vw, 300px\" \/><\/td>\n<td>GOUGEARD Michel<\/td>\n<td><\/td>\n<\/tr>\n<tr>\n<td><img loading=\"lazy\" decoding=\"async\" class=\"alignnone size-medium wp-image-5387\" src=\"https:\/\/www.chasseurducentrevaldeloire.fr\/fdc41\/wp-content\/uploads\/sites\/8\/2022\/06\/G.-MOREAU-300x225.jpg\" alt=\"\" width=\"300\" height=\"225\" srcset=\"https:\/\/www.save.chasseurducentrevaldeloire.fr\/fdc41\/wp-content\/uploads\/sites\/8\/2022\/06\/G.-MOREAU-300x225.jpg 300w, https:\/\/www.save.chasseurducentrevaldeloire.fr\/fdc41\/wp-content\/uploads\/sites\/8\/2022\/06\/G.-MOREAU.jpg 600w\" sizes=\"auto, (max-width: 300px) 100vw, 300px\" \/><\/td>\n<td>MOREAU Georges<\/td>\n<td><\/td>\n<\/tr>\n<tr>\n<td colspan=\"3\">\n<h3>Sans affectation g\u00e9ographique<\/h3>\n<\/td>\n<\/tr>\n<tr>\n<td><img loading=\"lazy\" decoding=\"async\" class=\"alignnone size-medium wp-image-5397\" src=\"https:\/\/www.chasseurducentrevaldeloire.fr\/fdc41\/wp-content\/uploads\/sites\/8\/2022\/06\/PH.-JACQ-300x224.jpg\" alt=\"\" width=\"300\" height=\"224\" srcset=\"https:\/\/www.save.chasseurducentrevaldeloire.fr\/fdc41\/wp-content\/uploads\/sites\/8\/2022\/06\/PH.-JACQ-300x224.jpg 300w, https:\/\/www.save.chasseurducentrevaldeloire.fr\/fdc41\/wp-content\/uploads\/sites\/8\/2022\/06\/PH.-JACQ.jpg 600w\" sizes=\"auto, (max-width: 300px) 100vw, 300px\" \/><\/td>\n<td>JACQ Philippe<\/td>\n<td><\/td>\n<\/tr>\n<\/tbody>\n<\/table>\n<p>[\/vc_column_text][vc_empty_space][vc_single_image image=\u00a0\u00bb5399&Prime; img_size=\u00a0\u00bbfull\u00a0\u00bb alignment=\u00a0\u00bbcenter\u00a0\u00bb][vc_empty_space][vc_empty_space][\/vc_column][\/vc_row]<\/p>\n","protected":false},"excerpt":{"rendered":"<p>[vc_row][vc_column][vc_column_text] Beauce &#8211; G\u00e2tine Tourangelle BESNARD Jo\u00ebl VICE-PRESIDENT COCHONNEAU Patrick DESROCHES Christophe RENAULT Pierre Coteaux du Loir &#8211; Perche Vend\u00f4mois &#8211; Perche BIZIEUX Damien MENON Laurent TRESORIER ADJOINT POISSON Jean-Marc TRESORIER Sologne &#8211; Champagne Berrichonne DENIAU Olivier GUILLAUMAT Charlotte LAVALLART Philippe SECRETAIRE PAJON Gilles VICE-PRESIDENT&#8230;<\/p>\n","protected":false},"author":2,"featured_media":0,"parent":0,"menu_order":0,"comment_status":"closed","ping_status":"closed","template":"","meta":{"_acf_changed":false,"inline_featured_image":false,"_exactmetrics_skip_tracking":false,"_exactmetrics_sitenote_active":false,"_exactmetrics_sitenote_note":"","_exactmetrics_sitenote_category":0,"footnotes":""},"class_list":["post-2996","page","type-page","status-publish","hentry"],"acf":[],"publishpress_future_action":{"enabled":false,"date":"2026-04-18 12:24:40","action":"change-status","newStatus":"draft","terms":[],"taxonomy":"","extraData":[]},"publishpress_future_workflow_manual_trigger":{"enabledWorkflows":[]},"_links":{"self":[{"href":"https:\/\/www.save.chasseurducentrevaldeloire.fr\/fdc41\/wp-json\/wp\/v2\/pages\/2996","targetHints":{"allow":["GET"]}}],"collection":[{"href":"https:\/\/www.save.chasseurducentrevaldeloire.fr\/fdc41\/wp-json\/wp\/v2\/pages"}],"about":[{"href":"https:\/\/www.save.chasseurducentrevaldeloire.fr\/fdc41\/wp-json\/wp\/v2\/types\/page"}],"author":[{"embeddable":true,"href":"https:\/\/www.save.chasseurducentrevaldeloire.fr\/fdc41\/wp-json\/wp\/v2\/users\/2"}],"replies":[{"embeddable":true,"href":"https:\/\/www.save.chasseurducentrevaldeloire.fr\/fdc41\/wp-json\/wp\/v2\/comments?post=2996"}],"version-history":[{"count":12,"href":"https:\/\/www.save.chasseurducentrevaldeloire.fr\/fdc41\/wp-json\/wp\/v2\/pages\/2996\/revisions"}],"predecessor-version":[{"id":5404,"href":"https:\/\/www.save.chasseurducentrevaldeloire.fr\/fdc41\/wp-json\/wp\/v2\/pages\/2996\/revisions\/5404"}],"wp:attachment":[{"href":"https:\/\/www.save.chasseurducentrevaldeloire.fr\/fdc41\/wp-json\/wp\/v2\/media?parent=2996"}],"curies":[{"name":"wp","href":"https:\/\/api.w.org\/{rel}","templated":true}]}}