{"id":2993,"date":"2018-06-04T17:49:53","date_gmt":"2018-06-04T15:49:53","guid":{"rendered":"http:\/\/www.chasseurducentrevaldeloire.fr\/fdc41\/?page_id=2993"},"modified":"2018-12-10T13:29:56","modified_gmt":"2018-12-10T12:29:56","slug":"missions","status":"publish","type":"page","link":"https:\/\/www.save.chasseurducentrevaldeloire.fr\/fdc41\/missions\/","title":{"rendered":"Missions"},"content":{"rendered":"<p>[vc_row][vc_column][vc_column_text]La F\u00e9d\u00e9ration d\u00e9partementale des Chasseurs de Loir-et-Cher <strong>f\u00e9d\u00e8re<\/strong> les chasseurs du d\u00e9partement et <strong>participe \u00e0 la gestion des esp\u00e8ces et des espaces<\/strong>. Elle est l\u2019instance officielle de la chasse sur le plan d\u00e9partemental, et a pour objet de <strong>repr\u00e9senter les int\u00e9r\u00eats des chasseurs<\/strong> dans le d\u00e9partement y compris devant les diff\u00e9rentes juridictions, <strong>d\u2019aider<\/strong> tous ses adh\u00e9rents et de <strong>coordonner leurs efforts<\/strong> en vue d\u2019am\u00e9liorer la chasse dans l\u2019int\u00e9r\u00eat g\u00e9n\u00e9ral.<\/p>\n<p>&nbsp;<\/p>\n<p>Elle participe \u00e9galement \u00e0 la <strong>mise en valeur du patrimoine cyn\u00e9g\u00e9tique<\/strong> d\u00e9partemental et \u00e0 la pr<strong>otection de la faune sauvage et de ses habitats.<\/strong><\/p>\n<p>&nbsp;<\/p>\n<p><strong><u>Plusieurs missions\u00a0\u00e0 son actif\u00a0:<\/u><\/strong><\/p>\n<p>&nbsp;<\/p>\n<ul>\n<li><strong><em>Organisation et structuration de la chasse <\/em><\/strong><\/li>\n<\/ul>\n<p>&nbsp;<\/p>\n<p>Elle organise la gestion et l\u2019encadrement des pr\u00e9l\u00e8vements des esp\u00e8ces gibier et participe activement \u00e0 l\u2019am\u00e9nagement et \u00e0 la sauvegarde de leurs habitats.<\/p>\n<p>&nbsp;<\/p>\n<ul>\n<li><strong><em>Formation et information des chasseurs et du grand public<\/em><\/strong><\/li>\n<\/ul>\n<p>&nbsp;<\/p>\n<p>Elle organise la formation des candidats aux \u00e9preuves th\u00e9oriques et pratiques de l\u2019examen pour la d\u00e9livrance du permis de chasser. Elle intervient \u00e9galement pour diff\u00e9rentes formations telles que la formation pi\u00e9geage, hygi\u00e8ne &amp; venaison, chasse \u00e0 l\u2019arc ou encore s\u00e9curit\u00e9.<\/p>\n<p>&nbsp;<\/p>\n<p>Elle met en place des r\u00e9unions d\u2019information et de formations (conf\u00e9rences, films, expositions\u2026), et diffuse une revue cyn\u00e9g\u00e9tique \u00ab\u00a0Chasses en Loir-et-Cher\u00a0\u00bb plusieurs fois dans l\u2019ann\u00e9e, des newsletters et autres publications diverses sur la chasse, la faune sauvage et la nature.<\/p>\n<p>&nbsp;<\/p>\n<p>La FDC 41, par le biais d\u2019une animatrice environnement, m\u00e8ne \u00e9galement des actions p\u00e9dagogiques sur la connaissance de la faune sauvage :\u00a0animations diverses autour de l\u2019environnement,\u00a0encadrement de stages, et\u00a0animations scolaires.<\/p>\n<p>&nbsp;<\/p>\n<p><em>(Voir le 4<sup>e<\/sup> onglet du site, \u00ab \u00c9ducation \u00e0 la nature\u00a0\u00bb)<\/em><\/p>\n<p>&nbsp;<\/p>\n<ul>\n<li><strong><em>Agence technique au service de la faune sauvage <\/em><\/strong><\/li>\n<\/ul>\n<p>&nbsp;<\/p>\n<p>La F\u00e9d\u00e9ration r\u00e9alise des \u00e9tudes, collecte des observations et participe financi\u00e8rement \u00e0 des travaux de recherche scientifique pour la protection\u00a0de diff\u00e9rentes esp\u00e8ces. Elle subventionne \u00e9galement des am\u00e9nagements, cr\u00e9e et am\u00e9nage des r\u00e9serves (<em>comme la r\u00e9serve de Malzon\u00e9<\/em>),\u00a0collabore avec le monde agricole pour la sauvegarde et la cr\u00e9ation d\u2019habitats favorables \u00e0 la faune sauvage, ou sauve des zones humides menac\u00e9es.<\/p>\n<p>&nbsp;<\/p>\n<ul>\n<li><strong><em>Protection de la nature<\/em><\/strong><\/li>\n<\/ul>\n<p>&nbsp;<\/p>\n<p>La FDC 41 intervient dans toute modification ou atteinte \u00e0 l\u2019environnement\u00a0:\u00a0participation aux d\u00e9cisions en mati\u00e8re d\u2019am\u00e9nagement de l\u2019espace naturel,\u00a0participation \u00e0 des programmes de mise en valeur des jach\u00e8res en faveur de la faune sauvage, plantation de haies\u2026<\/p>\n<p>&nbsp;<\/p>\n<ul>\n<li><strong><em>Lutte contre le braconnage<\/em><\/strong><\/li>\n<\/ul>\n<p>&nbsp;<\/p>\n<p>Elle participe \u00e0 la lutte contre le braconnage et \u00e0 la surveillance des territoires conform\u00e9ment \u00e0 la loi. Cette mission est assur\u00e9e par des garderies de proximit\u00e9 (Gardes particuliers, Agents de FDC).<\/p>\n<p>&nbsp;<\/p>\n<ul>\n<li><strong><em>Participation \u00e0 des actions techniques d\u2019int\u00e9r\u00eat g\u00e9n\u00e9ral<\/em><\/strong><\/li>\n<\/ul>\n<p>&nbsp;<\/p>\n<p>Les techniciens de la FDC 41 participent \u00e0 de nombreuses actions techniques d\u2019int\u00e9r\u00eat g\u00e9n\u00e9ral telles que le recensement des effectifs d\u2019oiseaux s\u00e9dentaires et migrateurs,\u00a0 la surveillance sanitaire de la faune sauvage (SAGIR), ou encore la collecte des donn\u00e9es par exemple.<\/p>\n<p>&nbsp;<\/p>\n<ul>\n<li><strong><em>Soutien \u00e0 des missions de service public<\/em><\/strong><\/li>\n<\/ul>\n<p>&nbsp;<\/p>\n<p>Enfin, la F\u00e9d\u00e9ration d\u00e9partementale des chasseurs de Loir-et-Cher constate les d\u00e9g\u00e2ts commis par le grand gibier sur les diff\u00e9rentes cultures du d\u00e9partement. Elle conduit des actions de pr\u00e9vention et assure l\u2019indemnisation des d\u00e9g\u00e2ts de grand gibier dans les conditions pr\u00e9vues par les articles <em>L. 426-1 et L. 426-5 <\/em>du code de l\u2019environnement.<\/p>\n<p>&nbsp;<\/p>\n<p>[\/vc_column_text][\/vc_column][\/vc_row]<\/p>\n","protected":false},"excerpt":{"rendered":"<p>[vc_row][vc_column][vc_column_text]La F\u00e9d\u00e9ration d\u00e9partementale des Chasseurs de Loir-et-Cher f\u00e9d\u00e8re les chasseurs du d\u00e9partement et participe \u00e0 la gestion des esp\u00e8ces et des espaces. Elle est l\u2019instance officielle de la chasse sur le plan d\u00e9partemental, et a pour objet de repr\u00e9senter les int\u00e9r\u00eats des chasseurs dans le&#8230;<\/p>\n","protected":false},"author":2,"featured_media":0,"parent":0,"menu_order":0,"comment_status":"closed","ping_status":"closed","template":"","meta":{"_acf_changed":false,"inline_featured_image":false,"_exactmetrics_skip_tracking":false,"_exactmetrics_sitenote_active":false,"_exactmetrics_sitenote_note":"","_exactmetrics_sitenote_category":0,"footnotes":""},"class_list":["post-2993","page","type-page","status-publish","hentry"],"acf":[],"publishpress_future_action":{"enabled":false,"date":"2026-04-18 12:16:42","action":"change-status","newStatus":"draft","terms":[],"taxonomy":"","extraData":[]},"publishpress_future_workflow_manual_trigger":{"enabledWorkflows":[]},"_links":{"self":[{"href":"https:\/\/www.save.chasseurducentrevaldeloire.fr\/fdc41\/wp-json\/wp\/v2\/pages\/2993","targetHints":{"allow":["GET"]}}],"collection":[{"href":"https:\/\/www.save.chasseurducentrevaldeloire.fr\/fdc41\/wp-json\/wp\/v2\/pages"}],"about":[{"href":"https:\/\/www.save.chasseurducentrevaldeloire.fr\/fdc41\/wp-json\/wp\/v2\/types\/page"}],"author":[{"embeddable":true,"href":"https:\/\/www.save.chasseurducentrevaldeloire.fr\/fdc41\/wp-json\/wp\/v2\/users\/2"}],"replies":[{"embeddable":true,"href":"https:\/\/www.save.chasseurducentrevaldeloire.fr\/fdc41\/wp-json\/wp\/v2\/comments?post=2993"}],"version-history":[{"count":2,"href":"https:\/\/www.save.chasseurducentrevaldeloire.fr\/fdc41\/wp-json\/wp\/v2\/pages\/2993\/revisions"}],"predecessor-version":[{"id":3236,"href":"https:\/\/www.save.chasseurducentrevaldeloire.fr\/fdc41\/wp-json\/wp\/v2\/pages\/2993\/revisions\/3236"}],"wp:attachment":[{"href":"https:\/\/www.save.chasseurducentrevaldeloire.fr\/fdc41\/wp-json\/wp\/v2\/media?parent=2993"}],"curies":[{"name":"wp","href":"https:\/\/api.w.org\/{rel}","templated":true}]}}