{"id":2951,"date":"2018-05-22T17:32:00","date_gmt":"2018-05-22T15:32:00","guid":{"rendered":"http:\/\/www.chasseurducentrevaldeloire.fr\/fdc41\/?page_id=2951"},"modified":"2023-03-08T10:35:24","modified_gmt":"2023-03-08T09:35:24","slug":"securite","status":"publish","type":"page","link":"https:\/\/www.save.chasseurducentrevaldeloire.fr\/fdc41\/securite\/","title":{"rendered":"D\u00e9cennale \u00e0 la s\u00e9curit\u00e9"},"content":{"rendered":"<p>[vc_row][vc_column][vc_column_text]<img loading=\"lazy\" decoding=\"async\" class=\"size-medium wp-image-4902 aligncenter\" src=\"https:\/\/www.chasseurducentrevaldeloire.fr\/fdc41\/wp-content\/uploads\/sites\/8\/2021\/09\/secu-300x200.jpg\" alt=\"\" width=\"300\" height=\"200\" srcset=\"https:\/\/www.save.chasseurducentrevaldeloire.fr\/fdc41\/wp-content\/uploads\/sites\/8\/2021\/09\/secu-300x200.jpg 300w, https:\/\/www.save.chasseurducentrevaldeloire.fr\/fdc41\/wp-content\/uploads\/sites\/8\/2021\/09\/secu.jpg 656w\" sizes=\"auto, (max-width: 300px) 100vw, 300px\" \/><\/p>\n<p>&nbsp;<\/p>\n<p>&nbsp;<\/p>\n<p>L\u2019article L424-15 du Code de l\u2019environnement d\u00e9finit les r\u00e8gles garantissant la s\u00e9curit\u00e9 des chasseurs et des tiers dans le d\u00e9roulement de toute action de chasse ou de destruction d\u2019animaux d\u2019esp\u00e8ces non domestiques, particuli\u00e8rement lorsqu\u2019il est recouru au tir \u00e0 balles.<\/p>\n<p>Cet article pr\u00e9voit notamment une <strong>remise \u00e0 niveau d\u00e9cennale obligatoire <\/strong>portant sur les r\u00e8gles \u00e9l\u00e9mentaires de s\u00e9curit\u00e9 pour les chasseurs.<\/p>\n<p>&nbsp;<\/p>\n<p>Dans ce cadre, la F\u00e9d\u00e9ration d\u00e9partementale des chasseurs de Loir-et-Cher propose <strong>\u00e0 ses adh\u00e9rents <\/strong><u>deux axes<\/u> de formation au choix, <strong>int\u00e9grant chacun le module de la formation d\u00e9cennale obligatoire <\/strong>:<\/p>\n<p>&nbsp;<\/p>\n<p><strong>Formation d\u2019une journ\u00e9e \u00e0 la s\u00e9curit\u00e9 \u00e0 la chasse (<em>de 8h30 \u00e0 17h30<\/em>) \u2013 s\u2019inscrire aupr\u00e8s de la FDC41 (cf. tableau r\u00e9capitulatif \u00a0ci-dessous)<\/strong><\/p>\n<ul>\n<li><strong>Formation d\u00e9cennale obligatoire en pr\u00e9sentiel (<em>2h environ<\/em>)<br \/>\n\u2013 s\u2019inscrire en ligne\u00a0: <\/strong><a href=\"https:\/\/fdc41-2.retriever-ea.fr\/html\/Connexion.aspx\" target=\"_blank\" rel=\"noopener\"><span style=\"color: #2f5496\"><strong>https:\/\/fdc41-2.retriever-ea.fr\/html\/Connexion.aspx<\/strong><\/span><\/a><\/li>\n<\/ul>\n<p>Identifiant : votre identifiant Guichet Unique de 14 caract\u00e8res not\u00e9 sur votre titre de validation du permis de chasser<\/p>\n<p>Mot de passe : votre date de naissance au format JJ\/MM\/AAAA (exemple : 12\/07\/1963)<\/p>\n<p>&nbsp;<\/p>\n<p><em><u>T\u00e9l\u00e9charger<\/u><\/em> le <a href=\"https:\/\/www.chasseurducentrevaldeloire.fr\/fdc41\/wp-content\/uploads\/sites\/8\/2023\/03\/CirculaireFormationsSecu.docx\" target=\"_blank\" rel=\"noopener\"><span style=\"color: #2f5496\"><strong>tableau r\u00e9capitulatif<\/strong><\/span><\/a> des deux formations (lieu, programme, tarif, date, inscription).<\/p>\n<p>&nbsp;<\/p>\n<p><em><strong><u>Intervenant\u00a0:<\/u><\/strong><\/em><\/p>\n<p><strong>Denis\u00a0PELTIER<\/strong>, Technicien de la FDC 41\u00a0: 06 82 87 94 46 \u2013 02 54 50 27 95[\/vc_column_text][\/vc_column][\/vc_row]<\/p>\n","protected":false},"excerpt":{"rendered":"<p>[vc_row][vc_column][vc_column_text] &nbsp; &nbsp; L\u2019article L424-15 du Code de l\u2019environnement d\u00e9finit les r\u00e8gles garantissant la s\u00e9curit\u00e9 des chasseurs et des tiers dans le d\u00e9roulement de toute action de chasse ou de destruction d\u2019animaux d\u2019esp\u00e8ces non domestiques, particuli\u00e8rement lorsqu\u2019il est recouru au tir \u00e0 balles. Cet article&#8230;<\/p>\n","protected":false},"author":2,"featured_media":0,"parent":0,"menu_order":0,"comment_status":"closed","ping_status":"closed","template":"","meta":{"_acf_changed":false,"inline_featured_image":false,"_exactmetrics_skip_tracking":false,"_exactmetrics_sitenote_active":false,"_exactmetrics_sitenote_note":"","_exactmetrics_sitenote_category":0,"footnotes":""},"class_list":["post-2951","page","type-page","status-publish","hentry"],"acf":[],"publishpress_future_action":{"enabled":false,"date":"2026-04-18 12:16:35","action":"change-status","newStatus":"draft","terms":[],"taxonomy":"","extraData":[]},"publishpress_future_workflow_manual_trigger":{"enabledWorkflows":[]},"_links":{"self":[{"href":"https:\/\/www.save.chasseurducentrevaldeloire.fr\/fdc41\/wp-json\/wp\/v2\/pages\/2951","targetHints":{"allow":["GET"]}}],"collection":[{"href":"https:\/\/www.save.chasseurducentrevaldeloire.fr\/fdc41\/wp-json\/wp\/v2\/pages"}],"about":[{"href":"https:\/\/www.save.chasseurducentrevaldeloire.fr\/fdc41\/wp-json\/wp\/v2\/types\/page"}],"author":[{"embeddable":true,"href":"https:\/\/www.save.chasseurducentrevaldeloire.fr\/fdc41\/wp-json\/wp\/v2\/users\/2"}],"replies":[{"embeddable":true,"href":"https:\/\/www.save.chasseurducentrevaldeloire.fr\/fdc41\/wp-json\/wp\/v2\/comments?post=2951"}],"version-history":[{"count":19,"href":"https:\/\/www.save.chasseurducentrevaldeloire.fr\/fdc41\/wp-json\/wp\/v2\/pages\/2951\/revisions"}],"predecessor-version":[{"id":5716,"href":"https:\/\/www.save.chasseurducentrevaldeloire.fr\/fdc41\/wp-json\/wp\/v2\/pages\/2951\/revisions\/5716"}],"wp:attachment":[{"href":"https:\/\/www.save.chasseurducentrevaldeloire.fr\/fdc41\/wp-json\/wp\/v2\/media?parent=2951"}],"curies":[{"name":"wp","href":"https:\/\/api.w.org\/{rel}","templated":true}]}}