{"id":2948,"date":"2018-05-22T17:28:31","date_gmt":"2018-05-22T15:28:31","guid":{"rendered":"http:\/\/www.chasseurducentrevaldeloire.fr\/fdc41\/?page_id=2948"},"modified":"2025-01-13T10:39:09","modified_gmt":"2025-01-13T09:39:09","slug":"piegeage","status":"publish","type":"page","link":"https:\/\/www.save.chasseurducentrevaldeloire.fr\/fdc41\/piegeage\/","title":{"rendered":"Pi\u00e9geage"},"content":{"rendered":"<p>[vc_row][vc_column width=\u00a0\u00bb2\/3&Prime;][vc_column_text]<strong>Agr\u00e9ment des pi\u00e9geurs<\/strong><\/p>\n<p>&nbsp;<\/p>\n<p>Le pi\u00e9geage est un mode de gestion \u00e0 part enti\u00e8re permettant de <strong>r\u00e9guler les esp\u00e8ces et de r\u00e9tablir un \u00e9quilibre<\/strong> souvent fragilis\u00e9 ou d\u00e9truit par l\u2019homme. Les techniques de pi\u00e9geage et l\u2019agr\u00e9ment de pi\u00e9geur s\u2019acqui\u00e8rent dans le cadre d\u2019un stage (ouvert \u00e0 tous \u00e0 partir de 16\u00a0ans) d\u2019une dur\u00e9e de <strong>16 heures<\/strong>.<\/p>\n<p>La validit\u00e9 de l\u2019agr\u00e9ment obtenu est perp\u00e9tuelle \u2013 sauf suspension en cas de faute grave \u2013 il est de plus valable sur <u>tout le territoire national.<\/u><\/p>\n<p>&nbsp;<\/p>\n<p><strong>Le stage intervient sur\u00a0: <\/strong><\/p>\n<ul>\n<li>Connaissance des esp\u00e8ces recherch\u00e9es et reconnaissance des empreintes<\/li>\n<li>Connaissance des diff\u00e9rents types de pi\u00e8ges et manipulation<\/li>\n<li>Tests de niveau de connaissance (\u00e9crit et oral) et de reconnaissance des empreintes<\/li>\n<\/ul>\n<p>&nbsp;<\/p>\n<p>&nbsp;<\/p>\n<p>* les mois de d\u00e9roulement des sessions ne sont donn\u00e9s qu\u2019\u00e0 titre indicatif et ne peuvent \u00eatre choisis par les candidats. Les personnes int\u00e9ress\u00e9es, s\u2019inscrivent sur liste d\u2019attente. Le nombre de candidats exc\u00e9dant souvent le nombre de places disponibles, les candidatures non satisfaites seront report\u00e9es sur une session ult\u00e9rieure.<\/p>\n<p>&nbsp;<\/p>\n<p><strong>Intervenants\u00a0: <\/strong><\/p>\n<ul>\n<li><strong>Fr\u00e9d\u00e9rique LEROY<\/strong>, technicienne de la FDC 41<\/li>\n<\/ul>\n<p>06 42 61 08 27 \u2013 02 54 50 27 98<\/p>\n<p><strong>\u00a0<\/strong><\/p>\n<ul>\n<li><strong>Laurent SAUTEREAU<\/strong>, technicien de la FDC 41<\/li>\n<\/ul>\n<p>06 82 87 94 50 \u2013 02 54 50 27 93[\/vc_column_text][\/vc_column][vc_column css_animation=\u00a0\u00bbfadeInRight\u00a0\u00bb width=\u00a0\u00bb1\/3&Prime;][vc_single_image image=\u00a0\u00bb2949&Prime; img_size=\u00a0\u00bbfull\u00a0\u00bb style=\u00a0\u00bbvc_box_shadow_border\u00a0\u00bb el_class=\u00a0\u00bbmirrorImg\u00a0\u00bb][\/vc_column][\/vc_row]<\/p>\n","protected":false},"excerpt":{"rendered":"<p>[vc_row][vc_column width=\u00a0\u00bb2\/3&Prime;][vc_column_text]Agr\u00e9ment des pi\u00e9geurs &nbsp; Le pi\u00e9geage est un mode de gestion \u00e0 part enti\u00e8re permettant de r\u00e9guler les esp\u00e8ces et de r\u00e9tablir un \u00e9quilibre souvent fragilis\u00e9 ou d\u00e9truit par l\u2019homme. Les techniques de pi\u00e9geage et l\u2019agr\u00e9ment de pi\u00e9geur s\u2019acqui\u00e8rent dans le cadre d\u2019un stage&#8230;<\/p>\n","protected":false},"author":2,"featured_media":0,"parent":0,"menu_order":0,"comment_status":"closed","ping_status":"closed","template":"","meta":{"_acf_changed":false,"inline_featured_image":false,"_exactmetrics_skip_tracking":false,"_exactmetrics_sitenote_active":false,"_exactmetrics_sitenote_note":"","_exactmetrics_sitenote_category":0,"footnotes":""},"class_list":["post-2948","page","type-page","status-publish","hentry"],"acf":[],"publishpress_future_action":{"enabled":false,"date":"2026-04-18 12:24:41","action":"change-status","newStatus":"draft","terms":[],"taxonomy":"","extraData":[]},"publishpress_future_workflow_manual_trigger":{"enabledWorkflows":[]},"_links":{"self":[{"href":"https:\/\/www.save.chasseurducentrevaldeloire.fr\/fdc41\/wp-json\/wp\/v2\/pages\/2948","targetHints":{"allow":["GET"]}}],"collection":[{"href":"https:\/\/www.save.chasseurducentrevaldeloire.fr\/fdc41\/wp-json\/wp\/v2\/pages"}],"about":[{"href":"https:\/\/www.save.chasseurducentrevaldeloire.fr\/fdc41\/wp-json\/wp\/v2\/types\/page"}],"author":[{"embeddable":true,"href":"https:\/\/www.save.chasseurducentrevaldeloire.fr\/fdc41\/wp-json\/wp\/v2\/users\/2"}],"replies":[{"embeddable":true,"href":"https:\/\/www.save.chasseurducentrevaldeloire.fr\/fdc41\/wp-json\/wp\/v2\/comments?post=2948"}],"version-history":[{"count":8,"href":"https:\/\/www.save.chasseurducentrevaldeloire.fr\/fdc41\/wp-json\/wp\/v2\/pages\/2948\/revisions"}],"predecessor-version":[{"id":6387,"href":"https:\/\/www.save.chasseurducentrevaldeloire.fr\/fdc41\/wp-json\/wp\/v2\/pages\/2948\/revisions\/6387"}],"wp:attachment":[{"href":"https:\/\/www.save.chasseurducentrevaldeloire.fr\/fdc41\/wp-json\/wp\/v2\/media?parent=2948"}],"curies":[{"name":"wp","href":"https:\/\/api.w.org\/{rel}","templated":true}]}}