{"id":2944,"date":"2018-05-22T17:26:48","date_gmt":"2018-05-22T15:26:48","guid":{"rendered":"http:\/\/www.chasseurducentrevaldeloire.fr\/fdc41\/?page_id=2944"},"modified":"2025-10-15T10:06:36","modified_gmt":"2025-10-15T08:06:36","slug":"permis-de-chasser-et-chasse-accompagnee","status":"publish","type":"page","link":"https:\/\/www.save.chasseurducentrevaldeloire.fr\/fdc41\/permis-de-chasser-et-chasse-accompagnee\/","title":{"rendered":"Chasse accompagn\u00e9e"},"content":{"rendered":"<p>[vc_row][vc_column][vc_column_text]<img loading=\"lazy\" decoding=\"async\" class=\"alignnone size-medium wp-image-4263\" src=\"https:\/\/www.chasseurducentrevaldeloire.fr\/fdc41\/wp-content\/uploads\/sites\/8\/2020\/11\/ChasseAcc-294x300.jpg\" alt=\"\" width=\"294\" height=\"300\" srcset=\"https:\/\/www.save.chasseurducentrevaldeloire.fr\/fdc41\/wp-content\/uploads\/sites\/8\/2020\/11\/ChasseAcc-294x300.jpg 294w, https:\/\/www.save.chasseurducentrevaldeloire.fr\/fdc41\/wp-content\/uploads\/sites\/8\/2020\/11\/ChasseAcc.jpg 303w\" sizes=\"auto, (max-width: 294px) 100vw, 294px\" \/><\/p>\n<p>La chasse accompagn\u00e9e vous permet, si vous souhaitez d\u00e9couvrir la chasse ou chasser avant d\u2019obtenir votre permis (\u00e0 partir de l\u2019\u00e2ge de 16 ans), de chasser, d\u00e8s l\u2019\u00e2ge de 15 ans, accompagn\u00e9 d\u2019un \u00ab\u00a0parrain\u00a0\u00bb.<\/p>\n<p>C\u2019est aussi la possibilit\u00e9, pour des adultes, de d\u00e9couvrir la chasse, car il n\u2019y a pas d\u2019\u00e2ge limite pour chasser accompagn\u00e9. Il faut simplement avoir suivi au pr\u00e9alable une formation pratique \u00e9l\u00e9mentaire obligatoire aupr\u00e8s de votre F\u00e9d\u00e9ration.<\/p>\n<p><strong>La Chasse accompagn\u00e9e est autoris\u00e9e \u00e0 toute personne \u00e2g\u00e9e de plus de 15 ans.<\/strong><\/p>\n<p>Une distinction doit \u00eatre op\u00e9r\u00e9e entre la formation pratique \u00e9l\u00e9mentaire obligatoire pour pratiquer la chasse accompagn\u00e9e qui elle, peut \u00eatre suivie d\u00e8s l\u2019\u00e2ge de 14 ans et demi ; et la d\u00e9livrance de <em>l\u2019autorisation de chasser accompagn\u00e9<\/em> qui elle, ne peut \u00eatre d\u00e9livr\u00e9e qu\u2019\u00e0 partir de l\u2019\u00e2ge de 15 ans (date anniversaire).<\/p>\n<p>&nbsp;<\/p>\n<ul>\n<li><strong>Le chasseur accompagn\u00e9 et l\u2019accompagnateur \u00ab\u00a0parrain\u00a0\u00bb<\/strong><\/li>\n<\/ul>\n<p>Il peut avoir plusieurs accompagnateurs \u00ab parrains \u00bb. La validation du parrain permet au chasseur accompagn\u00e9 de b\u00e9n\u00e9ficier des caract\u00e9ristiques de cette validation (d\u00e9partementale, bi-d\u00e9partementale, nationale, etc.) qui vaut \u00e9galement pour le filleul.<\/p>\n<ul>\n<li>Un parrain accompagnateur peut avoir plusieurs filleuls<\/li>\n<li>Le parrain doit d\u00e9tenir un permis de chasser depuis plus de 5 ans<\/li>\n<li>Le ou les accompagnateurs devront obligatoirement suivre une formation adapt\u00e9e \u00e0 leur responsabilit\u00e9 d\u2019accompagnateur dont le programme est fix\u00e9 par l\u2019arr\u00eat\u00e9 du 25 juin 2020. Cette formation est valable 10 ans.<\/li>\n<li>Seul le parrain doit souscrire une assurance chasse qui doit couvrir la responsabilit\u00e9 civile du chasseur accompagn\u00e9.<\/li>\n<\/ul>\n<p>&nbsp;<\/p>\n<ul>\n<li><strong>La formation du parrain <\/strong><\/li>\n<\/ul>\n<p>L\u2019accompagnateur doit :<\/p>\n<p>1\u00b0) Assister aux deux premiers exercices de la formation pratique des candidats \u00e0 l\u2019autorisation de chasser accompagn\u00e9 (\u00e9volution sur un parcours de chasse simul\u00e9 avec tir \u00e0 blanc et positionnement sur une ligne de battue au grand gibier), \u00e9tant entendu que lors de ces deux premiers exercices, il pourra observer, soit le candidat \u00e0 l\u2019autorisation de chasser qu\u2019il a vocation \u00e0 accompagner, soit tout autre candidat \u00e0 cette autorisation.<\/p>\n<p>2\u00b0) Participer en tant qu\u2019accompagnateur au troisi\u00e8me exercice de cette formation (positionnement aux c\u00f4t\u00e9s d\u2019un compagnon de chasse), \u00e9tant entendu que lors de ce troisi\u00e8me exercice, le r\u00f4le de la personne accompagn\u00e9e pourra \u00eatre assur\u00e9, soit par le candidat \u00e0 l\u2019autorisation de chasser, soit par un formateur de la f\u00e9d\u00e9ration d\u00e9partementale ou interd\u00e9partementale des chasseurs dispensant ladite formation.<\/p>\n<ul>\n<li><strong>L\u2019attestation de suivi de la formation <\/strong><\/li>\n<\/ul>\n<p>Le suivi de la formation sp\u00e9cifique par l\u2019accompagnateur, est attest\u00e9 par la d\u00e9livrance d\u2019une attestation par votre F\u00e9d\u00e9ration. Cette attestation est valable 10 ans.<\/p>\n<p>L\u2019accompagnateur disposant de cette attestation avec un premier candidat n\u2019aura pas \u00e0 la suivre de nouveau pour accompagner tout autre titulaire d\u2019une autorisation de chasser.<\/p>\n<ul>\n<li><strong>Dur\u00e9e de validit\u00e9 de l\u2019autorisation de chasser accompagn\u00e9<\/strong><\/li>\n<\/ul>\n<p>L\u2019autorisation de chasser accompagn\u00e9 est valable un an \u00e0 compter de sa date de d\u00e9livrance, de date \u00e0 date.<\/p>\n<p>Elle n\u2019est pas renouvelable et ne peut \u00eatre d\u00e9livr\u00e9e qu\u2019une seule fois par personne.<\/p>\n<p>En action de chasse, en cas de contr\u00f4le, vous devez toujours avoir sur vous votre autorisation de chasser accompagn\u00e9.<\/p>\n<p>&nbsp;<\/p>\n<p><strong>\u00a0<\/strong><\/p>\n<p><strong>A t\u00e9l\u00e9charger <\/strong><\/p>\n<ul>\n<li><a href=\"https:\/\/www.chasseurducentrevaldeloire.fr\/fdc18\/wp-content\/uploads\/sites\/5\/2025\/10\/Demande-autorisation-chasser-accompagne-V-2025.pdf\" target=\"_blank\" rel=\"noopener noreferrer\"><span style=\"color: #2f5496\"><strong>Demande d&rsquo;autorisation de chasser accompagn\u00e9<\/strong> <\/span><\/a><\/li>\n<\/ul>\n<p>[\/vc_column_text][\/vc_column][\/vc_row]<\/p>\n","protected":false},"excerpt":{"rendered":"<p>[vc_row][vc_column][vc_column_text] La chasse accompagn\u00e9e vous permet, si vous souhaitez d\u00e9couvrir la chasse ou chasser avant d\u2019obtenir votre permis (\u00e0 partir de l\u2019\u00e2ge de 16 ans), de chasser, d\u00e8s l\u2019\u00e2ge de 15 ans, accompagn\u00e9 d\u2019un \u00ab\u00a0parrain\u00a0\u00bb. C\u2019est aussi la possibilit\u00e9, pour des adultes, de d\u00e9couvrir la&#8230;<\/p>\n","protected":false},"author":2,"featured_media":0,"parent":0,"menu_order":0,"comment_status":"closed","ping_status":"closed","template":"","meta":{"_acf_changed":false,"inline_featured_image":false,"_exactmetrics_skip_tracking":false,"_exactmetrics_sitenote_active":false,"_exactmetrics_sitenote_note":"","_exactmetrics_sitenote_category":0,"footnotes":""},"class_list":["post-2944","page","type-page","status-publish","hentry"],"acf":[],"publishpress_future_action":{"enabled":false,"date":"2026-04-18 12:24:42","action":"change-status","newStatus":"draft","terms":[],"taxonomy":"","extraData":[]},"publishpress_future_workflow_manual_trigger":{"enabledWorkflows":[]},"_links":{"self":[{"href":"https:\/\/www.save.chasseurducentrevaldeloire.fr\/fdc41\/wp-json\/wp\/v2\/pages\/2944","targetHints":{"allow":["GET"]}}],"collection":[{"href":"https:\/\/www.save.chasseurducentrevaldeloire.fr\/fdc41\/wp-json\/wp\/v2\/pages"}],"about":[{"href":"https:\/\/www.save.chasseurducentrevaldeloire.fr\/fdc41\/wp-json\/wp\/v2\/types\/page"}],"author":[{"embeddable":true,"href":"https:\/\/www.save.chasseurducentrevaldeloire.fr\/fdc41\/wp-json\/wp\/v2\/users\/2"}],"replies":[{"embeddable":true,"href":"https:\/\/www.save.chasseurducentrevaldeloire.fr\/fdc41\/wp-json\/wp\/v2\/comments?post=2944"}],"version-history":[{"count":11,"href":"https:\/\/www.save.chasseurducentrevaldeloire.fr\/fdc41\/wp-json\/wp\/v2\/pages\/2944\/revisions"}],"predecessor-version":[{"id":6654,"href":"https:\/\/www.save.chasseurducentrevaldeloire.fr\/fdc41\/wp-json\/wp\/v2\/pages\/2944\/revisions\/6654"}],"wp:attachment":[{"href":"https:\/\/www.save.chasseurducentrevaldeloire.fr\/fdc41\/wp-json\/wp\/v2\/media?parent=2944"}],"curies":[{"name":"wp","href":"https:\/\/api.w.org\/{rel}","templated":true}]}}