{"id":2940,"date":"2018-05-22T17:20:38","date_gmt":"2018-05-22T15:20:38","guid":{"rendered":"http:\/\/www.chasseurducentrevaldeloire.fr\/fdc41\/?page_id=2940"},"modified":"2020-11-18T12:31:31","modified_gmt":"2020-11-18T11:31:31","slug":"hygiene-et-venaison","status":"publish","type":"page","link":"https:\/\/www.save.chasseurducentrevaldeloire.fr\/fdc41\/hygiene-et-venaison\/","title":{"rendered":"Hygi\u00e8ne et venaison"},"content":{"rendered":"<p>[vc_row][vc_column][vc_column_text]<\/p>\n<h2 style=\"text-align: center\"><strong>Hygi\u00e8ne et s\u00e9curit\u00e9 alimentaire<\/strong><\/h2>\n<p>&nbsp;<\/p>\n<p><img loading=\"lazy\" decoding=\"async\" class=\"size-medium wp-image-4267 aligncenter\" src=\"https:\/\/www.chasseurducentrevaldeloire.fr\/fdc41\/wp-content\/uploads\/sites\/8\/2020\/11\/examen-initial1-238x300.jpg\" alt=\"\" width=\"238\" height=\"300\" srcset=\"https:\/\/www.save.chasseurducentrevaldeloire.fr\/fdc41\/wp-content\/uploads\/sites\/8\/2020\/11\/examen-initial1-238x300.jpg 238w, https:\/\/www.save.chasseurducentrevaldeloire.fr\/fdc41\/wp-content\/uploads\/sites\/8\/2020\/11\/examen-initial1-813x1024.jpg 813w, https:\/\/www.save.chasseurducentrevaldeloire.fr\/fdc41\/wp-content\/uploads\/sites\/8\/2020\/11\/examen-initial1-768x967.jpg 768w, https:\/\/www.save.chasseurducentrevaldeloire.fr\/fdc41\/wp-content\/uploads\/sites\/8\/2020\/11\/examen-initial1.jpg 878w\" sizes=\"auto, (max-width: 238px) 100vw, 238px\" \/><\/p>\n<p>Dans le cadre de la nouvelle r\u00e9glementation europ\u00e9enne n\u00b0\u00a0853\/2004, concernant les r\u00e8gles sp\u00e9cifiques d\u2019hygi\u00e8ne aux denr\u00e9es alimentaires d\u2019origine animale et particuli\u00e8rement du gibier, la F\u00e9d\u00e9ration d\u00e9partementale des Chasseurs de Loir-et-Cher organise une formation \u00e0 la\u00a0<strong>r\u00e9alisation de l\u2019examen initial du gibier<\/strong>.<\/p>\n<p><strong>\u00a0<\/strong><\/p>\n<p><strong>Objectifs<\/strong>\u00a0:<\/p>\n<ul>\n<li>Donner aux chasseurs une formation destin\u00e9e \u00e0 identifier les risques sanitaires par un examen visuel initial<\/li>\n<li>Am\u00e9liorer certaines pratiques de manipulation\u00a0: \u00e9visc\u00e9ration, pr\u00e9l\u00e8vements pour la recherche de larves de trichine\u2026<\/li>\n<\/ul>\n<p><strong>\u00a0<\/strong><\/p>\n<p><strong>Ordre du jour<\/strong>\u00a0:<\/p>\n<ul>\n<li>Rappels r\u00e9glementaires,<\/li>\n<li>Notions sur l\u2019anatomie et les maladies,<\/li>\n<li>Gestes \u00e0 conna\u00eetre,<\/li>\n<li>Conduites \u00e0 tenir lors d\u2019anomalies.<\/li>\n<\/ul>\n<p>&nbsp;<\/p>\n<p>&nbsp;<\/p>\n<p><strong>Intervenant<\/strong>\u00a0:<\/p>\n<ul>\n<li><strong>St\u00e9phane CHANTECAILLE<\/strong>, technicien de la FDC 41<\/li>\n<\/ul>\n<p>06 82 87 94 44 \u2013 02 54 50 27 94<\/p>\n<p><strong>\u00a0<\/strong><\/p>\n<p><strong>Support remis \u00e0 l\u2019issue du stage<\/strong>\u00a0:<\/p>\n<ul>\n<li>Aide-m\u00e9moire pour les personnes form\u00e9es<\/li>\n<\/ul>\n<p><strong>\u00a0<\/strong>[\/vc_column_text][\/vc_column][\/vc_row]<\/p>\n","protected":false},"excerpt":{"rendered":"<p>[vc_row][vc_column][vc_column_text] Hygi\u00e8ne et s\u00e9curit\u00e9 alimentaire &nbsp; Dans le cadre de la nouvelle r\u00e9glementation europ\u00e9enne n\u00b0\u00a0853\/2004, concernant les r\u00e8gles sp\u00e9cifiques d\u2019hygi\u00e8ne aux denr\u00e9es alimentaires d\u2019origine animale et particuli\u00e8rement du gibier, la F\u00e9d\u00e9ration d\u00e9partementale des Chasseurs de Loir-et-Cher organise une formation \u00e0 la\u00a0r\u00e9alisation de l\u2019examen initial du&#8230;<\/p>\n","protected":false},"author":2,"featured_media":0,"parent":0,"menu_order":0,"comment_status":"closed","ping_status":"closed","template":"","meta":{"_acf_changed":false,"inline_featured_image":false,"_exactmetrics_skip_tracking":false,"_exactmetrics_sitenote_active":false,"_exactmetrics_sitenote_note":"","_exactmetrics_sitenote_category":0,"footnotes":""},"class_list":["post-2940","page","type-page","status-publish","hentry"],"acf":[],"publishpress_future_action":{"enabled":false,"date":"2026-04-15 03:05:40","action":"change-status","newStatus":"draft","terms":[],"taxonomy":"","extraData":[]},"publishpress_future_workflow_manual_trigger":{"enabledWorkflows":[]},"_links":{"self":[{"href":"https:\/\/www.save.chasseurducentrevaldeloire.fr\/fdc41\/wp-json\/wp\/v2\/pages\/2940","targetHints":{"allow":["GET"]}}],"collection":[{"href":"https:\/\/www.save.chasseurducentrevaldeloire.fr\/fdc41\/wp-json\/wp\/v2\/pages"}],"about":[{"href":"https:\/\/www.save.chasseurducentrevaldeloire.fr\/fdc41\/wp-json\/wp\/v2\/types\/page"}],"author":[{"embeddable":true,"href":"https:\/\/www.save.chasseurducentrevaldeloire.fr\/fdc41\/wp-json\/wp\/v2\/users\/2"}],"replies":[{"embeddable":true,"href":"https:\/\/www.save.chasseurducentrevaldeloire.fr\/fdc41\/wp-json\/wp\/v2\/comments?post=2940"}],"version-history":[{"count":10,"href":"https:\/\/www.save.chasseurducentrevaldeloire.fr\/fdc41\/wp-json\/wp\/v2\/pages\/2940\/revisions"}],"predecessor-version":[{"id":4268,"href":"https:\/\/www.save.chasseurducentrevaldeloire.fr\/fdc41\/wp-json\/wp\/v2\/pages\/2940\/revisions\/4268"}],"wp:attachment":[{"href":"https:\/\/www.save.chasseurducentrevaldeloire.fr\/fdc41\/wp-json\/wp\/v2\/media?parent=2940"}],"curies":[{"name":"wp","href":"https:\/\/api.w.org\/{rel}","templated":true}]}}