{"id":2934,"date":"2018-05-22T17:18:12","date_gmt":"2018-05-22T15:18:12","guid":{"rendered":"http:\/\/www.chasseurducentrevaldeloire.fr\/fdc41\/?page_id=2934"},"modified":"2022-06-23T15:28:59","modified_gmt":"2022-06-23T13:28:59","slug":"chasse-a-larc","status":"publish","type":"page","link":"https:\/\/www.save.chasseurducentrevaldeloire.fr\/fdc41\/chasse-a-larc\/","title":{"rendered":"Chasse \u00e0 l&rsquo;arc"},"content":{"rendered":"<p>[vc_row][vc_column width=\u00a0\u00bb2\/3&Prime;][vc_column_text]La pratique de la chasse \u00e0 l\u2019arc n\u00e9cessite d\u2019\u00eatre titulaire de l\u2019examen du permis de chasser et d\u2019avoir suivi la formation obligatoire (article R-427-18 du Code de l\u2019Environnement et arr\u00eat\u00e9 de 1995).<\/p>\n<p>La chasse \u00e0 l\u2019arc se pratique sur tous types de territoires. Les dates d\u2019ouverture de la chasse \u00e0 tir et de la destruction des esp\u00e8ces nuisibles sont applicables pour la chasse par armes \u00e0 feu ou avec un arc.<\/p>\n<p>La formation se d\u00e9compose en\u00a0:<\/p>\n<ul>\n<li><strong>Une partie th\u00e9orique et r\u00e9glementaire <\/strong>(mat\u00e9riel, chasse, s\u00e9curit\u00e9, l\u00e9gislation\u2026)<\/li>\n<li><strong>Une partie pratique<\/strong> avec mise en situation et d\u00e9couverte des diff\u00e9rents types d\u2019arcs autoris\u00e9s pour la chasse<\/li>\n<\/ul>\n<p>A l\u2019issue de cette formation, une attestation vous sera adress\u00e9e et vous permettra de chasser librement.<\/p>\n<p>Pour vous inscrire, vous devez remplir l\u2019imprim\u00e9 <span style=\"color: #2f5496\"><strong><a style=\"color: #2f5496\" href=\"https:\/\/www.chasseurducentrevaldeloire.fr\/fdc41\/wp-content\/uploads\/sites\/8\/2018\/05\/formation-chasse-arc-2.pdf\" target=\"_blank\" rel=\"noopener noreferrer\">Cerfa<\/a> <\/strong><\/span>et le renvoyer \u00e0 la F\u00e9d\u00e9ration des Chasseurs.<\/p>\n<p><strong><u>Intervenants\u00a0: <\/u><\/strong><\/p>\n<ul>\n<li><strong>Jean-Michel Vincent<\/strong>, technicien de la FDC 41<\/li>\n<\/ul>\n<p><strong>\u00a0<\/strong>06.74.75.84.82 \/ 02.54.50.27.98<\/p>\n<ul>\n<li><strong>Nathalie Diquelou<\/strong>, technicienne de la FDC 41<\/li>\n<\/ul>\n<ul>\n<li>06.73.88.49.39 \/ 02.54.50.01.60<\/li>\n<\/ul>\n<p>[\/vc_column_text][\/vc_column][vc_column css_animation=\u00a0\u00bbfadeInRight\u00a0\u00bb width=\u00a0\u00bb1\/3&Prime;][vc_single_image image=\u00a0\u00bb2936&Prime; img_size=\u00a0\u00bbfull\u00a0\u00bb style=\u00a0\u00bbvc_box_shadow_border\u00a0\u00bb el_class=\u00a0\u00bbmirrorImg\u00a0\u00bb][\/vc_column][\/vc_row]<\/p>\n","protected":false},"excerpt":{"rendered":"<p>[vc_row][vc_column width=\u00a0\u00bb2\/3&Prime;][vc_column_text]La pratique de la chasse \u00e0 l\u2019arc n\u00e9cessite d\u2019\u00eatre titulaire de l\u2019examen du permis de chasser et d\u2019avoir suivi la formation obligatoire (article R-427-18 du Code de l\u2019Environnement et arr\u00eat\u00e9 de 1995). La chasse \u00e0 l\u2019arc se pratique sur tous types de territoires. Les&#8230;<\/p>\n","protected":false},"author":2,"featured_media":0,"parent":0,"menu_order":0,"comment_status":"closed","ping_status":"closed","template":"","meta":{"_acf_changed":false,"inline_featured_image":false,"_exactmetrics_skip_tracking":false,"_exactmetrics_sitenote_active":false,"_exactmetrics_sitenote_note":"","_exactmetrics_sitenote_category":0,"footnotes":""},"class_list":["post-2934","page","type-page","status-publish","hentry"],"acf":[],"publishpress_future_action":{"enabled":false,"date":"2026-04-18 12:24:40","action":"change-status","newStatus":"draft","terms":[],"taxonomy":"","extraData":[]},"publishpress_future_workflow_manual_trigger":{"enabledWorkflows":[]},"_links":{"self":[{"href":"https:\/\/www.save.chasseurducentrevaldeloire.fr\/fdc41\/wp-json\/wp\/v2\/pages\/2934","targetHints":{"allow":["GET"]}}],"collection":[{"href":"https:\/\/www.save.chasseurducentrevaldeloire.fr\/fdc41\/wp-json\/wp\/v2\/pages"}],"about":[{"href":"https:\/\/www.save.chasseurducentrevaldeloire.fr\/fdc41\/wp-json\/wp\/v2\/types\/page"}],"author":[{"embeddable":true,"href":"https:\/\/www.save.chasseurducentrevaldeloire.fr\/fdc41\/wp-json\/wp\/v2\/users\/2"}],"replies":[{"embeddable":true,"href":"https:\/\/www.save.chasseurducentrevaldeloire.fr\/fdc41\/wp-json\/wp\/v2\/comments?post=2934"}],"version-history":[{"count":13,"href":"https:\/\/www.save.chasseurducentrevaldeloire.fr\/fdc41\/wp-json\/wp\/v2\/pages\/2934\/revisions"}],"predecessor-version":[{"id":5439,"href":"https:\/\/www.save.chasseurducentrevaldeloire.fr\/fdc41\/wp-json\/wp\/v2\/pages\/2934\/revisions\/5439"}],"wp:attachment":[{"href":"https:\/\/www.save.chasseurducentrevaldeloire.fr\/fdc41\/wp-json\/wp\/v2\/media?parent=2934"}],"curies":[{"name":"wp","href":"https:\/\/api.w.org\/{rel}","templated":true}]}}