{"id":2931,"date":"2018-05-22T17:16:20","date_gmt":"2018-05-22T15:16:20","guid":{"rendered":"http:\/\/www.chasseurducentrevaldeloire.fr\/fdc41\/?page_id=2931"},"modified":"2022-06-23T15:39:39","modified_gmt":"2022-06-23T13:39:39","slug":"ekolien","status":"publish","type":"page","link":"https:\/\/www.save.chasseurducentrevaldeloire.fr\/fdc41\/ekolien\/","title":{"rendered":"Ekolien"},"content":{"rendered":"<p>[vc_row][vc_column][vc_single_image image=\u00a0\u00bb4440&Prime; img_size=\u00a0\u00bbfull\u00a0\u00bb alignment=\u00a0\u00bbcenter\u00a0\u00bb][vc_empty_space][vc_column_text]L\u2019\u00e9ducation \u00e0 la nature est l\u2019un des instruments au service du d\u00e9veloppement durable et des grands objectifs nationaux en mati\u00e8re de changements climatiques, de pr\u00e9servation de la biodiversit\u00e9 et du d\u00e9veloppement de l\u2019\u00e9cocitoyennet\u00e9.<\/p>\n<p><strong>Ekolien<\/strong> (outil d\u2019\u00c9ducation \u00e0 la nature) est un site collaboratif mis gratuitement \u00e0 votre disposition pour vous permettre de <strong>trouver les informations, les photographies, ou les vid\u00e9os<\/strong>, dont vous avez besoin, mais aussi, pour vous renseigner et pour construire une intervention ou un expos\u00e9 sur une esp\u00e8ce animale sauvage ou un milieu naturel particulier.<\/p>\n<p>[\/vc_column_text][vc_empty_space][vc_single_image image=\u00a0\u00bb4441&Prime; img_size=\u00a0\u00bbfull\u00a0\u00bb alignment=\u00a0\u00bbcenter\u00a0\u00bb][vc_empty_space][vc_column_text]Chaque ann\u00e9e, <strong>plus de 70 000 \u00e9l\u00e8ves<\/strong>, dans un cadre scolaire ou p\u00e9riscolaire, b\u00e9n\u00e9ficient des interventions d\u2019animateurs nature. Sous le contr\u00f4le des enseignants et \u00e0 leur demande, des s\u00e9quences p\u00e9dagogiques de d\u00e9couverte de la faune sauvage et des milieux naturels de votre territoire, vous sont propos\u00e9es.[\/vc_column_text][vc_empty_space][vc_single_image image=\u00a0\u00bb4442&Prime; img_size=\u00a0\u00bbmedium\u00a0\u00bb alignment=\u00a0\u00bbcenter\u00a0\u00bb][vc_empty_space][vc_single_image image=\u00a0\u00bb4443&Prime; img_size=\u00a0\u00bbmedium\u00a0\u00bb alignment=\u00a0\u00bbcenter\u00a0\u00bb][vc_empty_space][vc_column_text]N\u2019h\u00e9sitez pas \u00e0 contacter votre correspondant d\u00e9partemental\u00a0afin de solliciter son <strong>intervention<\/strong> pour une animation en classe, sur le terrain, dans un cadre scolaire ou p\u00e9riscolaire\u00a0:<\/p>\n<p>&nbsp;<\/p>\n<p><strong>Marie Schricke-Doyen\u00a0: Educatrice \u00e0 l\u2019environnement<\/strong><br \/>\nF\u00e9d\u00e9ration des Chasseurs de Loir-et-Cher<br \/>\n36 rue des Laudi\u00e8res \u2013 BP 30068<br \/>\n41353 Vineuil Cedex<br \/>\nPort. 06 81 66 56 09 &#8211;\u00a0 <a href=\"mailto:animation@fdc41.com\"><span style=\"color: #2f5496\"><strong>animation@fdc41.com<\/strong><\/span><\/a><\/p>\n<p>&nbsp;<\/p>\n<p>Rendez-vous sur : <span style=\"color: #2f5496\"><strong><a style=\"color: #2f5496\" href=\"http:\/\/www.ekolien.fr\/\" target=\"_blank\" rel=\"noopener noreferrer\">http:\/\/www.ekolien.fr\/<\/a><\/strong><\/span>[\/vc_column_text][\/vc_column][\/vc_row]<\/p>\n","protected":false},"excerpt":{"rendered":"<p>[vc_row][vc_column][vc_single_image image=\u00a0\u00bb4440&Prime; img_size=\u00a0\u00bbfull\u00a0\u00bb alignment=\u00a0\u00bbcenter\u00a0\u00bb][vc_empty_space][vc_column_text]L\u2019\u00e9ducation \u00e0 la nature est l\u2019un des instruments au service du d\u00e9veloppement durable et des grands objectifs nationaux en mati\u00e8re de changements climatiques, de pr\u00e9servation de la biodiversit\u00e9 et du d\u00e9veloppement de l\u2019\u00e9cocitoyennet\u00e9. Ekolien (outil d\u2019\u00c9ducation \u00e0 la nature) est un site&#8230;<\/p>\n","protected":false},"author":2,"featured_media":0,"parent":0,"menu_order":0,"comment_status":"closed","ping_status":"closed","template":"","meta":{"_acf_changed":false,"inline_featured_image":false,"_exactmetrics_skip_tracking":false,"_exactmetrics_sitenote_active":false,"_exactmetrics_sitenote_note":"","_exactmetrics_sitenote_category":0,"footnotes":""},"class_list":["post-2931","page","type-page","status-publish","hentry"],"acf":[],"publishpress_future_action":{"enabled":false,"date":"2026-04-18 12:16:39","action":"change-status","newStatus":"draft","terms":[],"taxonomy":"","extraData":[]},"publishpress_future_workflow_manual_trigger":{"enabledWorkflows":[]},"_links":{"self":[{"href":"https:\/\/www.save.chasseurducentrevaldeloire.fr\/fdc41\/wp-json\/wp\/v2\/pages\/2931","targetHints":{"allow":["GET"]}}],"collection":[{"href":"https:\/\/www.save.chasseurducentrevaldeloire.fr\/fdc41\/wp-json\/wp\/v2\/pages"}],"about":[{"href":"https:\/\/www.save.chasseurducentrevaldeloire.fr\/fdc41\/wp-json\/wp\/v2\/types\/page"}],"author":[{"embeddable":true,"href":"https:\/\/www.save.chasseurducentrevaldeloire.fr\/fdc41\/wp-json\/wp\/v2\/users\/2"}],"replies":[{"embeddable":true,"href":"https:\/\/www.save.chasseurducentrevaldeloire.fr\/fdc41\/wp-json\/wp\/v2\/comments?post=2931"}],"version-history":[{"count":6,"href":"https:\/\/www.save.chasseurducentrevaldeloire.fr\/fdc41\/wp-json\/wp\/v2\/pages\/2931\/revisions"}],"predecessor-version":[{"id":5447,"href":"https:\/\/www.save.chasseurducentrevaldeloire.fr\/fdc41\/wp-json\/wp\/v2\/pages\/2931\/revisions\/5447"}],"wp:attachment":[{"href":"https:\/\/www.save.chasseurducentrevaldeloire.fr\/fdc41\/wp-json\/wp\/v2\/media?parent=2931"}],"curies":[{"name":"wp","href":"https:\/\/api.w.org\/{rel}","templated":true}]}}