{"id":4417,"date":"2022-02-14T15:33:13","date_gmt":"2022-02-14T14:33:13","guid":{"rendered":"https:\/\/www.chasseurducentrevaldeloire.fr\/fdc37\/?page_id=4417"},"modified":"2022-06-28T15:15:58","modified_gmt":"2022-06-28T13:15:58","slug":"sia","status":"publish","type":"page","link":"https:\/\/www.save.chasseurducentrevaldeloire.fr\/fdc37\/sia\/","title":{"rendered":"SIA : Syst\u00e8me fran\u00e7ais d\u2019informations sur les armes"},"content":{"rendered":"<p>Le nouveau syst\u00e8me fran\u00e7ais d\u2019informations sur les armes (SIA) annonc\u00e9 depuis plusieurs mois est op\u00e9rationnel depuis le 8 f\u00e9vrier 2022 pour les chasseurs. Chaque d\u00e9tenteur d\u2019armes de chasse doit alors se cr\u00e9er un compte personnel afin de pouvoir acc\u00e9der \u00e0 son r\u00e2telier num\u00e9rique et y renseigner les armes dont il dispose par le biais du site internet <a href=\"https:\/\/sia.detenteurs.interieur.gouv.fr\" target=\"_blank\" rel=\"noopener\"><span style=\"color: #a04696\"><strong>https:\/\/sia.detenteurs.interieur.gouv.fr<\/strong><\/span><\/a> ou par une application t\u00e9l\u00e9phonique.<\/p>\n<p>&nbsp;<\/p>\n<p>Retrouvez le <span style=\"color: #a04696\"><a style=\"color: #a04696\" href=\"https:\/\/fr.calameo.com\/read\/00448070112774e4cc8c5\" target=\"_blank\" rel=\"noopener\"><strong>guide utilisateur<\/strong><\/a><\/span><\/p>\n","protected":false},"excerpt":{"rendered":"<p>Le nouveau syst\u00e8me fran\u00e7ais d\u2019informations sur les armes (SIA) annonc\u00e9 depuis plusieurs mois est op\u00e9rationnel depuis le 8 f\u00e9vrier 2022 pour les chasseurs. Chaque d\u00e9tenteur d\u2019armes de chasse doit alors se cr\u00e9er un compte personnel afin de pouvoir acc\u00e9der \u00e0 son r\u00e2telier num\u00e9rique et y&#8230;<\/p>\n","protected":false},"author":6,"featured_media":0,"parent":0,"menu_order":0,"comment_status":"closed","ping_status":"closed","template":"","meta":{"_acf_changed":false,"inline_featured_image":false,"_exactmetrics_skip_tracking":false,"_exactmetrics_sitenote_active":false,"_exactmetrics_sitenote_note":"","_exactmetrics_sitenote_category":0,"footnotes":""},"class_list":["post-4417","page","type-page","status-publish","hentry"],"acf":[],"publishpress_future_action":{"enabled":false,"date":"2026-04-15 03:02:32","action":"change-status","newStatus":"draft","terms":[],"taxonomy":"","extraData":[]},"publishpress_future_workflow_manual_trigger":{"enabledWorkflows":[]},"_links":{"self":[{"href":"https:\/\/www.save.chasseurducentrevaldeloire.fr\/fdc37\/wp-json\/wp\/v2\/pages\/4417","targetHints":{"allow":["GET"]}}],"collection":[{"href":"https:\/\/www.save.chasseurducentrevaldeloire.fr\/fdc37\/wp-json\/wp\/v2\/pages"}],"about":[{"href":"https:\/\/www.save.chasseurducentrevaldeloire.fr\/fdc37\/wp-json\/wp\/v2\/types\/page"}],"author":[{"embeddable":true,"href":"https:\/\/www.save.chasseurducentrevaldeloire.fr\/fdc37\/wp-json\/wp\/v2\/users\/6"}],"replies":[{"embeddable":true,"href":"https:\/\/www.save.chasseurducentrevaldeloire.fr\/fdc37\/wp-json\/wp\/v2\/comments?post=4417"}],"version-history":[{"count":3,"href":"https:\/\/www.save.chasseurducentrevaldeloire.fr\/fdc37\/wp-json\/wp\/v2\/pages\/4417\/revisions"}],"predecessor-version":[{"id":4574,"href":"https:\/\/www.save.chasseurducentrevaldeloire.fr\/fdc37\/wp-json\/wp\/v2\/pages\/4417\/revisions\/4574"}],"wp:attachment":[{"href":"https:\/\/www.save.chasseurducentrevaldeloire.fr\/fdc37\/wp-json\/wp\/v2\/media?parent=4417"}],"curies":[{"name":"wp","href":"https:\/\/api.w.org\/{rel}","templated":true}]}}